{"id":726,"date":"2025-03-25T10:23:16","date_gmt":"2025-03-25T15:23:16","guid":{"rendered":"https:\/\/asynelectric.com\/?post_type=product&#038;p=726"},"modified":"2026-02-27T15:31:55","modified_gmt":"2026-02-27T20:31:55","slug":"rele-logico-programable-opta-advanced-8a-04-9-024-8320-finder","status":"publish","type":"product","link":"https:\/\/asynelectric.com\/index.php\/product\/rele-logico-programable-opta-advanced-8a-04-9-024-8320-finder\/","title":{"rendered":"REL\u00c9 LOGICO PROGRAMABLE OPTA ADVANCED\u25028A.04.9.024.8320\u2502FINDER"},"content":{"rendered":"<p>El\u00a0<span class=\"T286Pc\" data-sfc-cp=\"\" data-complete=\"true\" data-processed=\"true\">Finder OPTA Advanced<\/span>\u00a0es un rel\u00e9 l\u00f3gico programable de \u00faltima generaci\u00f3n que combina la fiabilidad industrial de Finder con el ecosistema abierto de\u00a0Arduino. Esta variante\u00a0Advanced\u00a0destaca por ofrecer la m\u00e1xima conectividad de la serie, integrando puertos Ethernet y RS485 junto con m\u00f3dulos inal\u00e1mbricos\u00a0Wi-Fi y Bluetooth, lo que facilita la creaci\u00f3n de tableros inteligentes e integraciones\u00a0IIoT. Cuenta con\u00a08 entradas vers\u00e1tiles\u00a0que pueden actuar como digitales o anal\u00f3gicas (0-10V) y\u00a04 salidas de rel\u00e9 de 10A\u00a0para maniobra directa de cargas. Su potente procesador de doble n\u00facleo permite gestionar procesos en tiempo real y funciones de mantenimiento predictivo, todo bajo un entorno de programaci\u00f3n flexible que soporta tanto el\u00a0IDE de Arduino\u00a0como los lenguajes industriales est\u00e1ndar de la\u00a0IEC 61131-3.<\/p>\n","protected":false},"excerpt":{"rendered":"<div class=\"Y3BBE\" data-sfc-cp=\"\" data-hveid=\"CAEIBBAA\" data-complete=\"true\" data-processed=\"true\">Rel\u00e9 l\u00f3gico programable\u00a0OPTA Advanced\u00a0con\u00a08 entradas\u00a0digitales\/anal\u00f3gicas,\u00a04 salidas de rel\u00e9 (10A)\u00a0y conectividad total:\u00a0Ethernet, RS485 Modbus RTU, Wi-Fi y Bluetooth (BLE).<span class=\"uJ19be notranslate\" data-wiz-uids=\"mzCfHe_v,mzCfHe_w\" data-complete=\"true\" data-processed=\"true\"><span class=\"vKEkVd\" data-animation-atomic=\"\" data-wiz-attrbind=\"class=mzCfHe_u\/TKHnVd\" data-sae=\"\"><span aria-hidden=\"true\">\u00a0<\/span><\/span><\/span><\/div>\n<div class=\"Fsg96\" data-sfc-cp=\"\" data-complete=\"true\" data-processed=\"true\"><\/div>\n","protected":false},"featured_media":2857,"template":"","meta":[],"product_brand":[53],"product_cat":[80],"product_tag":[],"class_list":{"0":"post-726","1":"product","2":"type-product","3":"status-publish","4":"has-post-thumbnail","6":"product_brand-finder","7":"product_cat-controladores-programables","9":"first","10":"instock","11":"taxable","12":"shipping-taxable","13":"product-type-simple"},"yoast_head":"<!-- This site is optimized with the Yoast SEO plugin v27.5 - https:\/\/yoast.com\/product\/yoast-seo-wordpress\/ -->\n<title>REL\u00c9 LOGICO PROGRAMABLE OPTA ADVANCED\u25028A.04.9.024.8320\u2502FINDER - Asyn Electric<\/title>\n<meta name=\"robots\" content=\"noindex, follow\" \/>\n<meta property=\"og:locale\" content=\"es_ES\" \/>\n<meta property=\"og:type\" content=\"article\" \/>\n<meta property=\"og:title\" content=\"REL\u00c9 LOGICO PROGRAMABLE OPTA ADVANCED\u25028A.04.9.024.8320\u2502FINDER - Asyn Electric\" \/>\n<meta property=\"og:description\" content=\"Rel\u00e9 l\u00f3gico programable\u00a0OPTA Advanced\u00a0con\u00a08 entradas\u00a0digitales\/anal\u00f3gicas,\u00a04 salidas de rel\u00e9 (10A)\u00a0y conectividad total:\u00a0Ethernet, RS485 Modbus RTU, Wi-Fi y Bluetooth (BLE).\u00a0\" \/>\n<meta property=\"og:url\" content=\"https:\/\/asynelectric.com\/index.php\/product\/rele-logico-programable-opta-advanced-8a-04-9-024-8320-finder\/\" \/>\n<meta property=\"og:site_name\" content=\"Asyn Electric\" \/>\n<meta property=\"article:publisher\" content=\"https:\/\/www.facebook.com\/ASYNELECTRIC\" \/>\n<meta property=\"article:modified_time\" content=\"2026-02-27T20:31:55+00:00\" \/>\n<meta property=\"og:image\" content=\"https:\/\/asynelectric.com\/wp-content\/uploads\/2026\/02\/59.png\" \/>\n\t<meta property=\"og:image:width\" content=\"2000\" \/>\n\t<meta property=\"og:image:height\" content=\"2000\" \/>\n\t<meta property=\"og:image:type\" content=\"image\/png\" \/>\n<meta name=\"twitter:card\" content=\"summary_large_image\" \/>\n<meta name=\"twitter:label1\" content=\"Tiempo de lectura\" \/>\n\t<meta name=\"twitter:data1\" content=\"1 minuto\" \/>\n<script type=\"application\/ld+json\" class=\"yoast-schema-graph\">{\"@context\":\"https:\\\/\\\/schema.org\",\"@graph\":[{\"@type\":\"WebPage\",\"@id\":\"https:\\\/\\\/asynelectric.com\\\/index.php\\\/product\\\/rele-logico-programable-opta-advanced-8a-04-9-024-8320-finder\\\/\",\"url\":\"https:\\\/\\\/asynelectric.com\\\/index.php\\\/product\\\/rele-logico-programable-opta-advanced-8a-04-9-024-8320-finder\\\/\",\"name\":\"REL\u00c9 LOGICO PROGRAMABLE OPTA ADVANCED\u25028A.04.9.024.8320\u2502FINDER - Asyn Electric\",\"isPartOf\":{\"@id\":\"https:\\\/\\\/asynelectric.com\\\/#website\"},\"primaryImageOfPage\":{\"@id\":\"https:\\\/\\\/asynelectric.com\\\/index.php\\\/product\\\/rele-logico-programable-opta-advanced-8a-04-9-024-8320-finder\\\/#primaryimage\"},\"image\":{\"@id\":\"https:\\\/\\\/asynelectric.com\\\/index.php\\\/product\\\/rele-logico-programable-opta-advanced-8a-04-9-024-8320-finder\\\/#primaryimage\"},\"thumbnailUrl\":\"https:\\\/\\\/asynelectric.com\\\/wp-content\\\/uploads\\\/2026\\\/02\\\/59.png\",\"datePublished\":\"2025-03-25T15:23:16+00:00\",\"dateModified\":\"2026-02-27T20:31:55+00:00\",\"breadcrumb\":{\"@id\":\"https:\\\/\\\/asynelectric.com\\\/index.php\\\/product\\\/rele-logico-programable-opta-advanced-8a-04-9-024-8320-finder\\\/#breadcrumb\"},\"inLanguage\":\"es\",\"potentialAction\":[{\"@type\":\"ReadAction\",\"target\":[\"https:\\\/\\\/asynelectric.com\\\/index.php\\\/product\\\/rele-logico-programable-opta-advanced-8a-04-9-024-8320-finder\\\/\"]}]},{\"@type\":\"ImageObject\",\"inLanguage\":\"es\",\"@id\":\"https:\\\/\\\/asynelectric.com\\\/index.php\\\/product\\\/rele-logico-programable-opta-advanced-8a-04-9-024-8320-finder\\\/#primaryimage\",\"url\":\"https:\\\/\\\/asynelectric.com\\\/wp-content\\\/uploads\\\/2026\\\/02\\\/59.png\",\"contentUrl\":\"https:\\\/\\\/asynelectric.com\\\/wp-content\\\/uploads\\\/2026\\\/02\\\/59.png\",\"width\":2000,\"height\":2000},{\"@type\":\"BreadcrumbList\",\"@id\":\"https:\\\/\\\/asynelectric.com\\\/index.php\\\/product\\\/rele-logico-programable-opta-advanced-8a-04-9-024-8320-finder\\\/#breadcrumb\",\"itemListElement\":[{\"@type\":\"ListItem\",\"position\":1,\"name\":\"Portada\",\"item\":\"https:\\\/\\\/asynelectric.com\\\/\"},{\"@type\":\"ListItem\",\"position\":2,\"name\":\"Productos\",\"item\":\"https:\\\/\\\/asynelectric.com\\\/index.php\\\/products\\\/\"},{\"@type\":\"ListItem\",\"position\":3,\"name\":\"REL\u00c9 LOGICO PROGRAMABLE OPTA ADVANCED\u25028A.04.9.024.8320\u2502FINDER\"}]},{\"@type\":\"WebSite\",\"@id\":\"https:\\\/\\\/asynelectric.com\\\/#website\",\"url\":\"https:\\\/\\\/asynelectric.com\\\/\",\"name\":\"Asyn Electric\",\"description\":\"Venta de productos electricos, automatizacion y domotica\",\"publisher\":{\"@id\":\"https:\\\/\\\/asynelectric.com\\\/#organization\"},\"potentialAction\":[{\"@type\":\"SearchAction\",\"target\":{\"@type\":\"EntryPoint\",\"urlTemplate\":\"https:\\\/\\\/asynelectric.com\\\/?s={search_term_string}\"},\"query-input\":{\"@type\":\"PropertyValueSpecification\",\"valueRequired\":true,\"valueName\":\"search_term_string\"}}],\"inLanguage\":\"es\"},{\"@type\":\"Organization\",\"@id\":\"https:\\\/\\\/asynelectric.com\\\/#organization\",\"name\":\"Asyn Electric\",\"url\":\"https:\\\/\\\/asynelectric.com\\\/\",\"logo\":{\"@type\":\"ImageObject\",\"inLanguage\":\"es\",\"@id\":\"https:\\\/\\\/asynelectric.com\\\/#\\\/schema\\\/logo\\\/image\\\/\",\"url\":\"https:\\\/\\\/asynelectric.com\\\/wp-content\\\/uploads\\\/2025\\\/05\\\/ABB-1.png\",\"contentUrl\":\"https:\\\/\\\/asynelectric.com\\\/wp-content\\\/uploads\\\/2025\\\/05\\\/ABB-1.png\",\"width\":2000,\"height\":2000,\"caption\":\"Asyn Electric\"},\"image\":{\"@id\":\"https:\\\/\\\/asynelectric.com\\\/#\\\/schema\\\/logo\\\/image\\\/\"},\"sameAs\":[\"https:\\\/\\\/www.facebook.com\\\/ASYNELECTRIC\",\"https:\\\/\\\/www.instagram.com\\\/asynelectric.pe\\\/\"]}]}<\/script>\n<!-- \/ Yoast SEO plugin. -->","yoast_head_json":{"title":"REL\u00c9 LOGICO PROGRAMABLE OPTA ADVANCED\u25028A.04.9.024.8320\u2502FINDER - Asyn Electric","robots":{"index":"noindex","follow":"follow"},"og_locale":"es_ES","og_type":"article","og_title":"REL\u00c9 LOGICO PROGRAMABLE OPTA ADVANCED\u25028A.04.9.024.8320\u2502FINDER - Asyn Electric","og_description":"Rel\u00e9 l\u00f3gico programable\u00a0OPTA Advanced\u00a0con\u00a08 entradas\u00a0digitales\/anal\u00f3gicas,\u00a04 salidas de rel\u00e9 (10A)\u00a0y conectividad total:\u00a0Ethernet, RS485 Modbus RTU, Wi-Fi y Bluetooth (BLE).\u00a0","og_url":"https:\/\/asynelectric.com\/index.php\/product\/rele-logico-programable-opta-advanced-8a-04-9-024-8320-finder\/","og_site_name":"Asyn Electric","article_publisher":"https:\/\/www.facebook.com\/ASYNELECTRIC","article_modified_time":"2026-02-27T20:31:55+00:00","og_image":[{"width":2000,"height":2000,"url":"https:\/\/asynelectric.com\/wp-content\/uploads\/2026\/02\/59.png","type":"image\/png"}],"twitter_card":"summary_large_image","twitter_misc":{"Tiempo de lectura":"1 minuto"},"schema":{"@context":"https:\/\/schema.org","@graph":[{"@type":"WebPage","@id":"https:\/\/asynelectric.com\/index.php\/product\/rele-logico-programable-opta-advanced-8a-04-9-024-8320-finder\/","url":"https:\/\/asynelectric.com\/index.php\/product\/rele-logico-programable-opta-advanced-8a-04-9-024-8320-finder\/","name":"REL\u00c9 LOGICO PROGRAMABLE OPTA ADVANCED\u25028A.04.9.024.8320\u2502FINDER - Asyn Electric","isPartOf":{"@id":"https:\/\/asynelectric.com\/#website"},"primaryImageOfPage":{"@id":"https:\/\/asynelectric.com\/index.php\/product\/rele-logico-programable-opta-advanced-8a-04-9-024-8320-finder\/#primaryimage"},"image":{"@id":"https:\/\/asynelectric.com\/index.php\/product\/rele-logico-programable-opta-advanced-8a-04-9-024-8320-finder\/#primaryimage"},"thumbnailUrl":"https:\/\/asynelectric.com\/wp-content\/uploads\/2026\/02\/59.png","datePublished":"2025-03-25T15:23:16+00:00","dateModified":"2026-02-27T20:31:55+00:00","breadcrumb":{"@id":"https:\/\/asynelectric.com\/index.php\/product\/rele-logico-programable-opta-advanced-8a-04-9-024-8320-finder\/#breadcrumb"},"inLanguage":"es","potentialAction":[{"@type":"ReadAction","target":["https:\/\/asynelectric.com\/index.php\/product\/rele-logico-programable-opta-advanced-8a-04-9-024-8320-finder\/"]}]},{"@type":"ImageObject","inLanguage":"es","@id":"https:\/\/asynelectric.com\/index.php\/product\/rele-logico-programable-opta-advanced-8a-04-9-024-8320-finder\/#primaryimage","url":"https:\/\/asynelectric.com\/wp-content\/uploads\/2026\/02\/59.png","contentUrl":"https:\/\/asynelectric.com\/wp-content\/uploads\/2026\/02\/59.png","width":2000,"height":2000},{"@type":"BreadcrumbList","@id":"https:\/\/asynelectric.com\/index.php\/product\/rele-logico-programable-opta-advanced-8a-04-9-024-8320-finder\/#breadcrumb","itemListElement":[{"@type":"ListItem","position":1,"name":"Portada","item":"https:\/\/asynelectric.com\/"},{"@type":"ListItem","position":2,"name":"Productos","item":"https:\/\/asynelectric.com\/index.php\/products\/"},{"@type":"ListItem","position":3,"name":"REL\u00c9 LOGICO PROGRAMABLE OPTA ADVANCED\u25028A.04.9.024.8320\u2502FINDER"}]},{"@type":"WebSite","@id":"https:\/\/asynelectric.com\/#website","url":"https:\/\/asynelectric.com\/","name":"Asyn Electric","description":"Venta de productos electricos, automatizacion y domotica","publisher":{"@id":"https:\/\/asynelectric.com\/#organization"},"potentialAction":[{"@type":"SearchAction","target":{"@type":"EntryPoint","urlTemplate":"https:\/\/asynelectric.com\/?s={search_term_string}"},"query-input":{"@type":"PropertyValueSpecification","valueRequired":true,"valueName":"search_term_string"}}],"inLanguage":"es"},{"@type":"Organization","@id":"https:\/\/asynelectric.com\/#organization","name":"Asyn Electric","url":"https:\/\/asynelectric.com\/","logo":{"@type":"ImageObject","inLanguage":"es","@id":"https:\/\/asynelectric.com\/#\/schema\/logo\/image\/","url":"https:\/\/asynelectric.com\/wp-content\/uploads\/2025\/05\/ABB-1.png","contentUrl":"https:\/\/asynelectric.com\/wp-content\/uploads\/2025\/05\/ABB-1.png","width":2000,"height":2000,"caption":"Asyn Electric"},"image":{"@id":"https:\/\/asynelectric.com\/#\/schema\/logo\/image\/"},"sameAs":["https:\/\/www.facebook.com\/ASYNELECTRIC","https:\/\/www.instagram.com\/asynelectric.pe\/"]}]}},"_links":{"self":[{"href":"https:\/\/asynelectric.com\/index.php\/wp-json\/wp\/v2\/product\/726","targetHints":{"allow":["GET"]}}],"collection":[{"href":"https:\/\/asynelectric.com\/index.php\/wp-json\/wp\/v2\/product"}],"about":[{"href":"https:\/\/asynelectric.com\/index.php\/wp-json\/wp\/v2\/types\/product"}],"wp:featuredmedia":[{"embeddable":true,"href":"https:\/\/asynelectric.com\/index.php\/wp-json\/wp\/v2\/media\/2857"}],"wp:attachment":[{"href":"https:\/\/asynelectric.com\/index.php\/wp-json\/wp\/v2\/media?parent=726"}],"wp:term":[{"taxonomy":"product_brand","embeddable":true,"href":"https:\/\/asynelectric.com\/index.php\/wp-json\/wp\/v2\/product_brand?post=726"},{"taxonomy":"product_cat","embeddable":true,"href":"https:\/\/asynelectric.com\/index.php\/wp-json\/wp\/v2\/product_cat?post=726"},{"taxonomy":"product_tag","embeddable":true,"href":"https:\/\/asynelectric.com\/index.php\/wp-json\/wp\/v2\/product_tag?post=726"}],"curies":[{"name":"wp","href":"https:\/\/api.w.org\/{rel}","templated":true}]}}