{"id":2949,"date":"2026-03-20T11:19:38","date_gmt":"2026-03-20T16:19:38","guid":{"rendered":"https:\/\/asynelectric.com\/?post_type=product&#038;p=2949"},"modified":"2026-03-20T11:19:39","modified_gmt":"2026-03-20T16:19:39","slug":"termostato-de-panel-1nc-0-60-c-7t-81-0-000-2403-finder","status":"publish","type":"product","link":"https:\/\/asynelectric.com\/index.php\/product\/termostato-de-panel-1nc-0-60-c-7t-81-0-000-2403-finder\/","title":{"rendered":"TERMOSTATO DE PANEL 1NC 10A 0-60\u00b0C\u25027T.81.0.000.2403\u2502FINDER"},"content":{"rendered":"<p>Dispositivo de control t\u00e9rmico anal\u00f3gico de la Serie 7T de Finder, dise\u00f1ado para la prevenci\u00f3n de condensaci\u00f3n y mantenimiento de temperatura m\u00ednima en envolventes industriales. Utiliza un sensor bimet\u00e1lico para la conmutaci\u00f3n de un contacto seco Normalmente Cerrado (11-12), el cual se abre al alcanzar la temperatura de consigna. Este modelo est\u00e1 optimizado para la gesti\u00f3n de resistencias calefactoras, asegurando que el equipo interno se mantenga por encima del punto de roc\u00edo o dentro de los l\u00edmites operativos en ambientes fr\u00edos, operando sin necesidad de alimentaci\u00f3n auxiliar.<\/p>\n","protected":false},"excerpt":{"rendered":"<p>Termostato industrial, contacto 1 NC 10A, montaje en Riel DIN, rango de operaci\u00f3n 0 a +60\u00b0C para control de calefacci\u00f3n.<\/p>\n","protected":false},"featured_media":2846,"template":"","meta":[],"product_brand":[53],"product_cat":[91],"product_tag":[],"class_list":{"0":"post-2949","1":"product","2":"type-product","3":"status-publish","4":"has-post-thumbnail","6":"product_brand-finder","7":"product_cat-climatizacion","9":"first","10":"instock","11":"taxable","12":"shipping-taxable","13":"product-type-simple"},"yoast_head":"<!-- This site is optimized with the Yoast SEO plugin v27.5 - https:\/\/yoast.com\/product\/yoast-seo-wordpress\/ -->\n<title>TERMOSTATO DE PANEL 1NC 10A 0-60\u00b0C\u25027T.81.0.000.2403\u2502FINDER - Asyn Electric<\/title>\n<meta name=\"robots\" content=\"noindex, follow\" \/>\n<meta property=\"og:locale\" content=\"es_ES\" \/>\n<meta property=\"og:type\" content=\"article\" \/>\n<meta property=\"og:title\" content=\"TERMOSTATO DE PANEL 1NC 10A 0-60\u00b0C\u25027T.81.0.000.2403\u2502FINDER - Asyn Electric\" \/>\n<meta property=\"og:description\" content=\"Termostato industrial, contacto 1 NC 10A, montaje en Riel DIN, rango de operaci\u00f3n 0 a +60\u00b0C para control de calefacci\u00f3n.\" \/>\n<meta property=\"og:url\" content=\"https:\/\/asynelectric.com\/index.php\/product\/termostato-de-panel-1nc-0-60-c-7t-81-0-000-2403-finder\/\" \/>\n<meta property=\"og:site_name\" content=\"Asyn Electric\" \/>\n<meta property=\"article:publisher\" content=\"https:\/\/www.facebook.com\/ASYNELECTRIC\" \/>\n<meta property=\"article:modified_time\" content=\"2026-03-20T16:19:39+00:00\" \/>\n<meta property=\"og:image\" content=\"https:\/\/asynelectric.com\/wp-content\/uploads\/2026\/02\/66.png\" \/>\n\t<meta property=\"og:image:width\" content=\"2000\" \/>\n\t<meta property=\"og:image:height\" content=\"2000\" \/>\n\t<meta property=\"og:image:type\" content=\"image\/png\" \/>\n<meta name=\"twitter:card\" content=\"summary_large_image\" \/>\n<meta name=\"twitter:label1\" content=\"Tiempo de lectura\" \/>\n\t<meta name=\"twitter:data1\" content=\"1 minuto\" \/>\n<script type=\"application\/ld+json\" class=\"yoast-schema-graph\">{\"@context\":\"https:\\\/\\\/schema.org\",\"@graph\":[{\"@type\":\"WebPage\",\"@id\":\"https:\\\/\\\/asynelectric.com\\\/index.php\\\/product\\\/termostato-de-panel-1nc-0-60-c-7t-81-0-000-2403-finder\\\/\",\"url\":\"https:\\\/\\\/asynelectric.com\\\/index.php\\\/product\\\/termostato-de-panel-1nc-0-60-c-7t-81-0-000-2403-finder\\\/\",\"name\":\"TERMOSTATO DE PANEL 1NC 10A 0-60\u00b0C\u25027T.81.0.000.2403\u2502FINDER - Asyn Electric\",\"isPartOf\":{\"@id\":\"https:\\\/\\\/asynelectric.com\\\/#website\"},\"primaryImageOfPage\":{\"@id\":\"https:\\\/\\\/asynelectric.com\\\/index.php\\\/product\\\/termostato-de-panel-1nc-0-60-c-7t-81-0-000-2403-finder\\\/#primaryimage\"},\"image\":{\"@id\":\"https:\\\/\\\/asynelectric.com\\\/index.php\\\/product\\\/termostato-de-panel-1nc-0-60-c-7t-81-0-000-2403-finder\\\/#primaryimage\"},\"thumbnailUrl\":\"https:\\\/\\\/asynelectric.com\\\/wp-content\\\/uploads\\\/2026\\\/02\\\/66.png\",\"datePublished\":\"2026-03-20T16:19:38+00:00\",\"dateModified\":\"2026-03-20T16:19:39+00:00\",\"breadcrumb\":{\"@id\":\"https:\\\/\\\/asynelectric.com\\\/index.php\\\/product\\\/termostato-de-panel-1nc-0-60-c-7t-81-0-000-2403-finder\\\/#breadcrumb\"},\"inLanguage\":\"es\",\"potentialAction\":[{\"@type\":\"ReadAction\",\"target\":[\"https:\\\/\\\/asynelectric.com\\\/index.php\\\/product\\\/termostato-de-panel-1nc-0-60-c-7t-81-0-000-2403-finder\\\/\"]}]},{\"@type\":\"ImageObject\",\"inLanguage\":\"es\",\"@id\":\"https:\\\/\\\/asynelectric.com\\\/index.php\\\/product\\\/termostato-de-panel-1nc-0-60-c-7t-81-0-000-2403-finder\\\/#primaryimage\",\"url\":\"https:\\\/\\\/asynelectric.com\\\/wp-content\\\/uploads\\\/2026\\\/02\\\/66.png\",\"contentUrl\":\"https:\\\/\\\/asynelectric.com\\\/wp-content\\\/uploads\\\/2026\\\/02\\\/66.png\",\"width\":2000,\"height\":2000},{\"@type\":\"BreadcrumbList\",\"@id\":\"https:\\\/\\\/asynelectric.com\\\/index.php\\\/product\\\/termostato-de-panel-1nc-0-60-c-7t-81-0-000-2403-finder\\\/#breadcrumb\",\"itemListElement\":[{\"@type\":\"ListItem\",\"position\":1,\"name\":\"Portada\",\"item\":\"https:\\\/\\\/asynelectric.com\\\/\"},{\"@type\":\"ListItem\",\"position\":2,\"name\":\"Productos\",\"item\":\"https:\\\/\\\/asynelectric.com\\\/index.php\\\/products\\\/\"},{\"@type\":\"ListItem\",\"position\":3,\"name\":\"TERMOSTATO DE PANEL 1NC 10A 0-60\u00b0C\u25027T.81.0.000.2403\u2502FINDER\"}]},{\"@type\":\"WebSite\",\"@id\":\"https:\\\/\\\/asynelectric.com\\\/#website\",\"url\":\"https:\\\/\\\/asynelectric.com\\\/\",\"name\":\"Asyn Electric\",\"description\":\"Venta de productos electricos, automatizacion y domotica\",\"publisher\":{\"@id\":\"https:\\\/\\\/asynelectric.com\\\/#organization\"},\"potentialAction\":[{\"@type\":\"SearchAction\",\"target\":{\"@type\":\"EntryPoint\",\"urlTemplate\":\"https:\\\/\\\/asynelectric.com\\\/?s={search_term_string}\"},\"query-input\":{\"@type\":\"PropertyValueSpecification\",\"valueRequired\":true,\"valueName\":\"search_term_string\"}}],\"inLanguage\":\"es\"},{\"@type\":\"Organization\",\"@id\":\"https:\\\/\\\/asynelectric.com\\\/#organization\",\"name\":\"Asyn Electric\",\"url\":\"https:\\\/\\\/asynelectric.com\\\/\",\"logo\":{\"@type\":\"ImageObject\",\"inLanguage\":\"es\",\"@id\":\"https:\\\/\\\/asynelectric.com\\\/#\\\/schema\\\/logo\\\/image\\\/\",\"url\":\"https:\\\/\\\/asynelectric.com\\\/wp-content\\\/uploads\\\/2025\\\/05\\\/ABB-1.png\",\"contentUrl\":\"https:\\\/\\\/asynelectric.com\\\/wp-content\\\/uploads\\\/2025\\\/05\\\/ABB-1.png\",\"width\":2000,\"height\":2000,\"caption\":\"Asyn Electric\"},\"image\":{\"@id\":\"https:\\\/\\\/asynelectric.com\\\/#\\\/schema\\\/logo\\\/image\\\/\"},\"sameAs\":[\"https:\\\/\\\/www.facebook.com\\\/ASYNELECTRIC\",\"https:\\\/\\\/www.instagram.com\\\/asynelectric.pe\\\/\"]}]}<\/script>\n<!-- \/ Yoast SEO plugin. -->","yoast_head_json":{"title":"TERMOSTATO DE PANEL 1NC 10A 0-60\u00b0C\u25027T.81.0.000.2403\u2502FINDER - Asyn Electric","robots":{"index":"noindex","follow":"follow"},"og_locale":"es_ES","og_type":"article","og_title":"TERMOSTATO DE PANEL 1NC 10A 0-60\u00b0C\u25027T.81.0.000.2403\u2502FINDER - Asyn Electric","og_description":"Termostato industrial, contacto 1 NC 10A, montaje en Riel DIN, rango de operaci\u00f3n 0 a +60\u00b0C para control de calefacci\u00f3n.","og_url":"https:\/\/asynelectric.com\/index.php\/product\/termostato-de-panel-1nc-0-60-c-7t-81-0-000-2403-finder\/","og_site_name":"Asyn Electric","article_publisher":"https:\/\/www.facebook.com\/ASYNELECTRIC","article_modified_time":"2026-03-20T16:19:39+00:00","og_image":[{"width":2000,"height":2000,"url":"https:\/\/asynelectric.com\/wp-content\/uploads\/2026\/02\/66.png","type":"image\/png"}],"twitter_card":"summary_large_image","twitter_misc":{"Tiempo de lectura":"1 minuto"},"schema":{"@context":"https:\/\/schema.org","@graph":[{"@type":"WebPage","@id":"https:\/\/asynelectric.com\/index.php\/product\/termostato-de-panel-1nc-0-60-c-7t-81-0-000-2403-finder\/","url":"https:\/\/asynelectric.com\/index.php\/product\/termostato-de-panel-1nc-0-60-c-7t-81-0-000-2403-finder\/","name":"TERMOSTATO DE PANEL 1NC 10A 0-60\u00b0C\u25027T.81.0.000.2403\u2502FINDER - Asyn Electric","isPartOf":{"@id":"https:\/\/asynelectric.com\/#website"},"primaryImageOfPage":{"@id":"https:\/\/asynelectric.com\/index.php\/product\/termostato-de-panel-1nc-0-60-c-7t-81-0-000-2403-finder\/#primaryimage"},"image":{"@id":"https:\/\/asynelectric.com\/index.php\/product\/termostato-de-panel-1nc-0-60-c-7t-81-0-000-2403-finder\/#primaryimage"},"thumbnailUrl":"https:\/\/asynelectric.com\/wp-content\/uploads\/2026\/02\/66.png","datePublished":"2026-03-20T16:19:38+00:00","dateModified":"2026-03-20T16:19:39+00:00","breadcrumb":{"@id":"https:\/\/asynelectric.com\/index.php\/product\/termostato-de-panel-1nc-0-60-c-7t-81-0-000-2403-finder\/#breadcrumb"},"inLanguage":"es","potentialAction":[{"@type":"ReadAction","target":["https:\/\/asynelectric.com\/index.php\/product\/termostato-de-panel-1nc-0-60-c-7t-81-0-000-2403-finder\/"]}]},{"@type":"ImageObject","inLanguage":"es","@id":"https:\/\/asynelectric.com\/index.php\/product\/termostato-de-panel-1nc-0-60-c-7t-81-0-000-2403-finder\/#primaryimage","url":"https:\/\/asynelectric.com\/wp-content\/uploads\/2026\/02\/66.png","contentUrl":"https:\/\/asynelectric.com\/wp-content\/uploads\/2026\/02\/66.png","width":2000,"height":2000},{"@type":"BreadcrumbList","@id":"https:\/\/asynelectric.com\/index.php\/product\/termostato-de-panel-1nc-0-60-c-7t-81-0-000-2403-finder\/#breadcrumb","itemListElement":[{"@type":"ListItem","position":1,"name":"Portada","item":"https:\/\/asynelectric.com\/"},{"@type":"ListItem","position":2,"name":"Productos","item":"https:\/\/asynelectric.com\/index.php\/products\/"},{"@type":"ListItem","position":3,"name":"TERMOSTATO DE PANEL 1NC 10A 0-60\u00b0C\u25027T.81.0.000.2403\u2502FINDER"}]},{"@type":"WebSite","@id":"https:\/\/asynelectric.com\/#website","url":"https:\/\/asynelectric.com\/","name":"Asyn Electric","description":"Venta de productos electricos, automatizacion y domotica","publisher":{"@id":"https:\/\/asynelectric.com\/#organization"},"potentialAction":[{"@type":"SearchAction","target":{"@type":"EntryPoint","urlTemplate":"https:\/\/asynelectric.com\/?s={search_term_string}"},"query-input":{"@type":"PropertyValueSpecification","valueRequired":true,"valueName":"search_term_string"}}],"inLanguage":"es"},{"@type":"Organization","@id":"https:\/\/asynelectric.com\/#organization","name":"Asyn Electric","url":"https:\/\/asynelectric.com\/","logo":{"@type":"ImageObject","inLanguage":"es","@id":"https:\/\/asynelectric.com\/#\/schema\/logo\/image\/","url":"https:\/\/asynelectric.com\/wp-content\/uploads\/2025\/05\/ABB-1.png","contentUrl":"https:\/\/asynelectric.com\/wp-content\/uploads\/2025\/05\/ABB-1.png","width":2000,"height":2000,"caption":"Asyn Electric"},"image":{"@id":"https:\/\/asynelectric.com\/#\/schema\/logo\/image\/"},"sameAs":["https:\/\/www.facebook.com\/ASYNELECTRIC","https:\/\/www.instagram.com\/asynelectric.pe\/"]}]}},"_links":{"self":[{"href":"https:\/\/asynelectric.com\/index.php\/wp-json\/wp\/v2\/product\/2949","targetHints":{"allow":["GET"]}}],"collection":[{"href":"https:\/\/asynelectric.com\/index.php\/wp-json\/wp\/v2\/product"}],"about":[{"href":"https:\/\/asynelectric.com\/index.php\/wp-json\/wp\/v2\/types\/product"}],"wp:featuredmedia":[{"embeddable":true,"href":"https:\/\/asynelectric.com\/index.php\/wp-json\/wp\/v2\/media\/2846"}],"wp:attachment":[{"href":"https:\/\/asynelectric.com\/index.php\/wp-json\/wp\/v2\/media?parent=2949"}],"wp:term":[{"taxonomy":"product_brand","embeddable":true,"href":"https:\/\/asynelectric.com\/index.php\/wp-json\/wp\/v2\/product_brand?post=2949"},{"taxonomy":"product_cat","embeddable":true,"href":"https:\/\/asynelectric.com\/index.php\/wp-json\/wp\/v2\/product_cat?post=2949"},{"taxonomy":"product_tag","embeddable":true,"href":"https:\/\/asynelectric.com\/index.php\/wp-json\/wp\/v2\/product_tag?post=2949"}],"curies":[{"name":"wp","href":"https:\/\/api.w.org\/{rel}","templated":true}]}}