{"id":2946,"date":"2026-03-17T17:11:12","date_gmt":"2026-03-17T22:11:12","guid":{"rendered":"https:\/\/asynelectric.com\/?post_type=product&#038;p=2946"},"modified":"2026-03-17T17:21:50","modified_gmt":"2026-03-17T22:21:50","slug":"contador-de-energia-monofasico-230vac-80a-dm50sa-c-drakko","status":"publish","type":"product","link":"https:\/\/asynelectric.com\/index.php\/product\/contador-de-energia-monofasico-230vac-80a-dm50sa-c-drakko\/","title":{"rendered":"CONTADOR DE ENERGIA MONOFASICO 230VAC 80A\u2502DM50SA-C\u2502DRAKKO"},"content":{"rendered":"<p>Este dispositivo de medici\u00f3n activa (kWh) destaca por su dise\u00f1o ultra compacto de un solo m\u00f3dulo (18mm), ideal para tableros con espacio reducido. Utiliza tecnolog\u00eda de procesamiento digital para ofrecer una Clase de Precisi\u00f3n 1.0, asegurando lecturas confiables en entornos residenciales o comerciales. Su pantalla LCD de f\u00e1cil lectura y su salida de pulsos integrada permiten tanto el monitoreo visual directo como la integraci\u00f3n en sistemas de gesti\u00f3n energ\u00e9tica remota.<\/p>\n","protected":false},"excerpt":{"rendered":"<p>Medidor digital de riel DIN para control de consumo el\u00e9ctrico en redes monof\u00e1sicas de hasta 80A.<\/p>\n","protected":false},"featured_media":2942,"template":"","meta":[],"product_brand":[136],"product_cat":[81],"product_tag":[],"class_list":{"0":"post-2946","1":"product","2":"type-product","3":"status-publish","4":"has-post-thumbnail","6":"product_brand-drakko","7":"product_cat-medidores","9":"first","10":"instock","11":"taxable","12":"shipping-taxable","13":"product-type-simple"},"yoast_head":"<!-- This site is optimized with the Yoast SEO plugin v27.5 - https:\/\/yoast.com\/product\/yoast-seo-wordpress\/ -->\n<title>CONTADOR DE ENERGIA MONOFASICO 230VAC 80A\u2502DM50SA-C\u2502DRAKKO - Asyn Electric<\/title>\n<meta name=\"robots\" content=\"noindex, follow\" \/>\n<meta property=\"og:locale\" content=\"es_ES\" \/>\n<meta property=\"og:type\" content=\"article\" \/>\n<meta property=\"og:title\" content=\"CONTADOR DE ENERGIA MONOFASICO 230VAC 80A\u2502DM50SA-C\u2502DRAKKO - Asyn Electric\" \/>\n<meta property=\"og:description\" content=\"Medidor digital de riel DIN para control de consumo el\u00e9ctrico en redes monof\u00e1sicas de hasta 80A.\" \/>\n<meta property=\"og:url\" content=\"https:\/\/asynelectric.com\/index.php\/product\/contador-de-energia-monofasico-230vac-80a-dm50sa-c-drakko\/\" \/>\n<meta property=\"og:site_name\" content=\"Asyn Electric\" \/>\n<meta property=\"article:publisher\" content=\"https:\/\/www.facebook.com\/ASYNELECTRIC\" \/>\n<meta property=\"article:modified_time\" content=\"2026-03-17T22:21:50+00:00\" \/>\n<meta property=\"og:image\" content=\"https:\/\/asynelectric.com\/wp-content\/uploads\/2026\/03\/5.png\" \/>\n\t<meta property=\"og:image:width\" content=\"2000\" \/>\n\t<meta property=\"og:image:height\" content=\"2000\" \/>\n\t<meta property=\"og:image:type\" content=\"image\/png\" \/>\n<meta name=\"twitter:card\" content=\"summary_large_image\" \/>\n<meta name=\"twitter:label1\" content=\"Tiempo de lectura\" \/>\n\t<meta name=\"twitter:data1\" content=\"1 minuto\" \/>\n<script type=\"application\/ld+json\" class=\"yoast-schema-graph\">{\"@context\":\"https:\\\/\\\/schema.org\",\"@graph\":[{\"@type\":\"WebPage\",\"@id\":\"https:\\\/\\\/asynelectric.com\\\/index.php\\\/product\\\/contador-de-energia-monofasico-230vac-80a-dm50sa-c-drakko\\\/\",\"url\":\"https:\\\/\\\/asynelectric.com\\\/index.php\\\/product\\\/contador-de-energia-monofasico-230vac-80a-dm50sa-c-drakko\\\/\",\"name\":\"CONTADOR DE ENERGIA MONOFASICO 230VAC 80A\u2502DM50SA-C\u2502DRAKKO - Asyn Electric\",\"isPartOf\":{\"@id\":\"https:\\\/\\\/asynelectric.com\\\/#website\"},\"primaryImageOfPage\":{\"@id\":\"https:\\\/\\\/asynelectric.com\\\/index.php\\\/product\\\/contador-de-energia-monofasico-230vac-80a-dm50sa-c-drakko\\\/#primaryimage\"},\"image\":{\"@id\":\"https:\\\/\\\/asynelectric.com\\\/index.php\\\/product\\\/contador-de-energia-monofasico-230vac-80a-dm50sa-c-drakko\\\/#primaryimage\"},\"thumbnailUrl\":\"https:\\\/\\\/asynelectric.com\\\/wp-content\\\/uploads\\\/2026\\\/03\\\/5.png\",\"datePublished\":\"2026-03-17T22:11:12+00:00\",\"dateModified\":\"2026-03-17T22:21:50+00:00\",\"breadcrumb\":{\"@id\":\"https:\\\/\\\/asynelectric.com\\\/index.php\\\/product\\\/contador-de-energia-monofasico-230vac-80a-dm50sa-c-drakko\\\/#breadcrumb\"},\"inLanguage\":\"es\",\"potentialAction\":[{\"@type\":\"ReadAction\",\"target\":[\"https:\\\/\\\/asynelectric.com\\\/index.php\\\/product\\\/contador-de-energia-monofasico-230vac-80a-dm50sa-c-drakko\\\/\"]}]},{\"@type\":\"ImageObject\",\"inLanguage\":\"es\",\"@id\":\"https:\\\/\\\/asynelectric.com\\\/index.php\\\/product\\\/contador-de-energia-monofasico-230vac-80a-dm50sa-c-drakko\\\/#primaryimage\",\"url\":\"https:\\\/\\\/asynelectric.com\\\/wp-content\\\/uploads\\\/2026\\\/03\\\/5.png\",\"contentUrl\":\"https:\\\/\\\/asynelectric.com\\\/wp-content\\\/uploads\\\/2026\\\/03\\\/5.png\",\"width\":2000,\"height\":2000},{\"@type\":\"BreadcrumbList\",\"@id\":\"https:\\\/\\\/asynelectric.com\\\/index.php\\\/product\\\/contador-de-energia-monofasico-230vac-80a-dm50sa-c-drakko\\\/#breadcrumb\",\"itemListElement\":[{\"@type\":\"ListItem\",\"position\":1,\"name\":\"Portada\",\"item\":\"https:\\\/\\\/asynelectric.com\\\/\"},{\"@type\":\"ListItem\",\"position\":2,\"name\":\"Productos\",\"item\":\"https:\\\/\\\/asynelectric.com\\\/index.php\\\/products\\\/\"},{\"@type\":\"ListItem\",\"position\":3,\"name\":\"CONTADOR DE ENERGIA MONOFASICO 230VAC 80A\u2502DM50SA-C\u2502DRAKKO\"}]},{\"@type\":\"WebSite\",\"@id\":\"https:\\\/\\\/asynelectric.com\\\/#website\",\"url\":\"https:\\\/\\\/asynelectric.com\\\/\",\"name\":\"Asyn Electric\",\"description\":\"Venta de productos electricos, automatizacion y domotica\",\"publisher\":{\"@id\":\"https:\\\/\\\/asynelectric.com\\\/#organization\"},\"potentialAction\":[{\"@type\":\"SearchAction\",\"target\":{\"@type\":\"EntryPoint\",\"urlTemplate\":\"https:\\\/\\\/asynelectric.com\\\/?s={search_term_string}\"},\"query-input\":{\"@type\":\"PropertyValueSpecification\",\"valueRequired\":true,\"valueName\":\"search_term_string\"}}],\"inLanguage\":\"es\"},{\"@type\":\"Organization\",\"@id\":\"https:\\\/\\\/asynelectric.com\\\/#organization\",\"name\":\"Asyn Electric\",\"url\":\"https:\\\/\\\/asynelectric.com\\\/\",\"logo\":{\"@type\":\"ImageObject\",\"inLanguage\":\"es\",\"@id\":\"https:\\\/\\\/asynelectric.com\\\/#\\\/schema\\\/logo\\\/image\\\/\",\"url\":\"https:\\\/\\\/asynelectric.com\\\/wp-content\\\/uploads\\\/2025\\\/05\\\/ABB-1.png\",\"contentUrl\":\"https:\\\/\\\/asynelectric.com\\\/wp-content\\\/uploads\\\/2025\\\/05\\\/ABB-1.png\",\"width\":2000,\"height\":2000,\"caption\":\"Asyn Electric\"},\"image\":{\"@id\":\"https:\\\/\\\/asynelectric.com\\\/#\\\/schema\\\/logo\\\/image\\\/\"},\"sameAs\":[\"https:\\\/\\\/www.facebook.com\\\/ASYNELECTRIC\",\"https:\\\/\\\/www.instagram.com\\\/asynelectric.pe\\\/\"]}]}<\/script>\n<!-- \/ Yoast SEO plugin. -->","yoast_head_json":{"title":"CONTADOR DE ENERGIA MONOFASICO 230VAC 80A\u2502DM50SA-C\u2502DRAKKO - Asyn Electric","robots":{"index":"noindex","follow":"follow"},"og_locale":"es_ES","og_type":"article","og_title":"CONTADOR DE ENERGIA MONOFASICO 230VAC 80A\u2502DM50SA-C\u2502DRAKKO - Asyn Electric","og_description":"Medidor digital de riel DIN para control de consumo el\u00e9ctrico en redes monof\u00e1sicas de hasta 80A.","og_url":"https:\/\/asynelectric.com\/index.php\/product\/contador-de-energia-monofasico-230vac-80a-dm50sa-c-drakko\/","og_site_name":"Asyn Electric","article_publisher":"https:\/\/www.facebook.com\/ASYNELECTRIC","article_modified_time":"2026-03-17T22:21:50+00:00","og_image":[{"width":2000,"height":2000,"url":"https:\/\/asynelectric.com\/wp-content\/uploads\/2026\/03\/5.png","type":"image\/png"}],"twitter_card":"summary_large_image","twitter_misc":{"Tiempo de lectura":"1 minuto"},"schema":{"@context":"https:\/\/schema.org","@graph":[{"@type":"WebPage","@id":"https:\/\/asynelectric.com\/index.php\/product\/contador-de-energia-monofasico-230vac-80a-dm50sa-c-drakko\/","url":"https:\/\/asynelectric.com\/index.php\/product\/contador-de-energia-monofasico-230vac-80a-dm50sa-c-drakko\/","name":"CONTADOR DE ENERGIA MONOFASICO 230VAC 80A\u2502DM50SA-C\u2502DRAKKO - Asyn Electric","isPartOf":{"@id":"https:\/\/asynelectric.com\/#website"},"primaryImageOfPage":{"@id":"https:\/\/asynelectric.com\/index.php\/product\/contador-de-energia-monofasico-230vac-80a-dm50sa-c-drakko\/#primaryimage"},"image":{"@id":"https:\/\/asynelectric.com\/index.php\/product\/contador-de-energia-monofasico-230vac-80a-dm50sa-c-drakko\/#primaryimage"},"thumbnailUrl":"https:\/\/asynelectric.com\/wp-content\/uploads\/2026\/03\/5.png","datePublished":"2026-03-17T22:11:12+00:00","dateModified":"2026-03-17T22:21:50+00:00","breadcrumb":{"@id":"https:\/\/asynelectric.com\/index.php\/product\/contador-de-energia-monofasico-230vac-80a-dm50sa-c-drakko\/#breadcrumb"},"inLanguage":"es","potentialAction":[{"@type":"ReadAction","target":["https:\/\/asynelectric.com\/index.php\/product\/contador-de-energia-monofasico-230vac-80a-dm50sa-c-drakko\/"]}]},{"@type":"ImageObject","inLanguage":"es","@id":"https:\/\/asynelectric.com\/index.php\/product\/contador-de-energia-monofasico-230vac-80a-dm50sa-c-drakko\/#primaryimage","url":"https:\/\/asynelectric.com\/wp-content\/uploads\/2026\/03\/5.png","contentUrl":"https:\/\/asynelectric.com\/wp-content\/uploads\/2026\/03\/5.png","width":2000,"height":2000},{"@type":"BreadcrumbList","@id":"https:\/\/asynelectric.com\/index.php\/product\/contador-de-energia-monofasico-230vac-80a-dm50sa-c-drakko\/#breadcrumb","itemListElement":[{"@type":"ListItem","position":1,"name":"Portada","item":"https:\/\/asynelectric.com\/"},{"@type":"ListItem","position":2,"name":"Productos","item":"https:\/\/asynelectric.com\/index.php\/products\/"},{"@type":"ListItem","position":3,"name":"CONTADOR DE ENERGIA MONOFASICO 230VAC 80A\u2502DM50SA-C\u2502DRAKKO"}]},{"@type":"WebSite","@id":"https:\/\/asynelectric.com\/#website","url":"https:\/\/asynelectric.com\/","name":"Asyn Electric","description":"Venta de productos electricos, automatizacion y domotica","publisher":{"@id":"https:\/\/asynelectric.com\/#organization"},"potentialAction":[{"@type":"SearchAction","target":{"@type":"EntryPoint","urlTemplate":"https:\/\/asynelectric.com\/?s={search_term_string}"},"query-input":{"@type":"PropertyValueSpecification","valueRequired":true,"valueName":"search_term_string"}}],"inLanguage":"es"},{"@type":"Organization","@id":"https:\/\/asynelectric.com\/#organization","name":"Asyn Electric","url":"https:\/\/asynelectric.com\/","logo":{"@type":"ImageObject","inLanguage":"es","@id":"https:\/\/asynelectric.com\/#\/schema\/logo\/image\/","url":"https:\/\/asynelectric.com\/wp-content\/uploads\/2025\/05\/ABB-1.png","contentUrl":"https:\/\/asynelectric.com\/wp-content\/uploads\/2025\/05\/ABB-1.png","width":2000,"height":2000,"caption":"Asyn Electric"},"image":{"@id":"https:\/\/asynelectric.com\/#\/schema\/logo\/image\/"},"sameAs":["https:\/\/www.facebook.com\/ASYNELECTRIC","https:\/\/www.instagram.com\/asynelectric.pe\/"]}]}},"_links":{"self":[{"href":"https:\/\/asynelectric.com\/index.php\/wp-json\/wp\/v2\/product\/2946","targetHints":{"allow":["GET"]}}],"collection":[{"href":"https:\/\/asynelectric.com\/index.php\/wp-json\/wp\/v2\/product"}],"about":[{"href":"https:\/\/asynelectric.com\/index.php\/wp-json\/wp\/v2\/types\/product"}],"wp:featuredmedia":[{"embeddable":true,"href":"https:\/\/asynelectric.com\/index.php\/wp-json\/wp\/v2\/media\/2942"}],"wp:attachment":[{"href":"https:\/\/asynelectric.com\/index.php\/wp-json\/wp\/v2\/media?parent=2946"}],"wp:term":[{"taxonomy":"product_brand","embeddable":true,"href":"https:\/\/asynelectric.com\/index.php\/wp-json\/wp\/v2\/product_brand?post=2946"},{"taxonomy":"product_cat","embeddable":true,"href":"https:\/\/asynelectric.com\/index.php\/wp-json\/wp\/v2\/product_cat?post=2946"},{"taxonomy":"product_tag","embeddable":true,"href":"https:\/\/asynelectric.com\/index.php\/wp-json\/wp\/v2\/product_tag?post=2946"}],"curies":[{"name":"wp","href":"https:\/\/api.w.org\/{rel}","templated":true}]}}