{"id":2943,"date":"2026-03-17T16:55:45","date_gmt":"2026-03-17T21:55:45","guid":{"rendered":"https:\/\/asynelectric.com\/?post_type=product&#038;p=2943"},"modified":"2026-03-17T17:06:48","modified_gmt":"2026-03-17T22:06:48","slug":"interruptor-horario-digital-diario-semanal-1-cc-20a-220v-ac-dhc20a-drakko","status":"publish","type":"product","link":"https:\/\/asynelectric.com\/index.php\/product\/interruptor-horario-digital-diario-semanal-1-cc-20a-220v-ac-dhc20a-drakko\/","title":{"rendered":"INTERRUPTOR HORARIO DIGITAL DIARIO SEMANAL 1 CC 20A 220V AC\u2502DHC20A\u2502DRAKKO"},"content":{"rendered":"<p data-path-to-node=\"6\">Este dispositivo es una soluci\u00f3n avanzada de control temporal para sistemas el\u00e9ctricos industriales y dom\u00e9sticos. Equipado con una pantalla LCD de alta visibilidad, el DHC20A permite configurar hasta 16 programas de encendido y apagado, con la flexibilidad de repetir configuraciones en d\u00edas espec\u00edficos o bloques de la semana.<\/p>\n<p data-path-to-node=\"7\">Cuenta con una bater\u00eda de litio interna que garantiza la retenci\u00f3n de la programaci\u00f3n y la hora actual hasta por 3 a\u00f1os en caso de fallas en el suministro el\u00e9ctrico. Su dise\u00f1o compacto ocupa el espacio de dos m\u00f3dulos est\u00e1ndar en un tablero el\u00e9ctrico, y su salida de rel\u00e9 de alta capacidad lo hace ideal para controlar contactores, luminarias o peque\u00f1os motores de forma aut\u00f3noma.<\/p>\n","protected":false},"excerpt":{"rendered":"<p>El DHC20A es un interruptor horario digital programable dise\u00f1ado para el montaje en riel DIN. Permite automatizar el encendido y apagado de circuitos el\u00e9ctricos con una precisi\u00f3n de un minuto, soportando m\u00faltiples programas diarios y semanales.<\/p>\n","protected":false},"featured_media":2940,"template":"","meta":[],"product_brand":[136],"product_cat":[94],"product_tag":[],"class_list":{"0":"post-2943","1":"product","2":"type-product","3":"status-publish","4":"has-post-thumbnail","6":"product_brand-drakko","7":"product_cat-temporizadores","9":"first","10":"instock","11":"taxable","12":"shipping-taxable","13":"product-type-simple"},"yoast_head":"<!-- This site is optimized with the Yoast SEO plugin v27.5 - https:\/\/yoast.com\/product\/yoast-seo-wordpress\/ -->\n<title>INTERRUPTOR HORARIO DIGITAL DIARIO SEMANAL 1 CC 20A 220V AC\u2502DHC20A\u2502DRAKKO - Asyn Electric<\/title>\n<meta name=\"robots\" content=\"noindex, follow\" \/>\n<meta property=\"og:locale\" content=\"es_ES\" \/>\n<meta property=\"og:type\" content=\"article\" \/>\n<meta property=\"og:title\" content=\"INTERRUPTOR HORARIO DIGITAL DIARIO SEMANAL 1 CC 20A 220V AC\u2502DHC20A\u2502DRAKKO - Asyn Electric\" \/>\n<meta property=\"og:description\" content=\"El DHC20A es un interruptor horario digital programable dise\u00f1ado para el montaje en riel DIN. Permite automatizar el encendido y apagado de circuitos el\u00e9ctricos con una precisi\u00f3n de un minuto, soportando m\u00faltiples programas diarios y semanales.\" \/>\n<meta property=\"og:url\" content=\"https:\/\/asynelectric.com\/index.php\/product\/interruptor-horario-digital-diario-semanal-1-cc-20a-220v-ac-dhc20a-drakko\/\" \/>\n<meta property=\"og:site_name\" content=\"Asyn Electric\" \/>\n<meta property=\"article:publisher\" content=\"https:\/\/www.facebook.com\/ASYNELECTRIC\" \/>\n<meta property=\"article:modified_time\" content=\"2026-03-17T22:06:48+00:00\" \/>\n<meta property=\"og:image\" content=\"https:\/\/asynelectric.com\/wp-content\/uploads\/2026\/03\/3.png\" \/>\n\t<meta property=\"og:image:width\" content=\"2000\" \/>\n\t<meta property=\"og:image:height\" content=\"2000\" \/>\n\t<meta property=\"og:image:type\" content=\"image\/png\" \/>\n<meta name=\"twitter:card\" content=\"summary_large_image\" \/>\n<meta name=\"twitter:label1\" content=\"Tiempo de lectura\" \/>\n\t<meta name=\"twitter:data1\" content=\"1 minuto\" \/>\n<script type=\"application\/ld+json\" class=\"yoast-schema-graph\">{\"@context\":\"https:\\\/\\\/schema.org\",\"@graph\":[{\"@type\":\"WebPage\",\"@id\":\"https:\\\/\\\/asynelectric.com\\\/index.php\\\/product\\\/interruptor-horario-digital-diario-semanal-1-cc-20a-220v-ac-dhc20a-drakko\\\/\",\"url\":\"https:\\\/\\\/asynelectric.com\\\/index.php\\\/product\\\/interruptor-horario-digital-diario-semanal-1-cc-20a-220v-ac-dhc20a-drakko\\\/\",\"name\":\"INTERRUPTOR HORARIO DIGITAL DIARIO SEMANAL 1 CC 20A 220V AC\u2502DHC20A\u2502DRAKKO - Asyn Electric\",\"isPartOf\":{\"@id\":\"https:\\\/\\\/asynelectric.com\\\/#website\"},\"primaryImageOfPage\":{\"@id\":\"https:\\\/\\\/asynelectric.com\\\/index.php\\\/product\\\/interruptor-horario-digital-diario-semanal-1-cc-20a-220v-ac-dhc20a-drakko\\\/#primaryimage\"},\"image\":{\"@id\":\"https:\\\/\\\/asynelectric.com\\\/index.php\\\/product\\\/interruptor-horario-digital-diario-semanal-1-cc-20a-220v-ac-dhc20a-drakko\\\/#primaryimage\"},\"thumbnailUrl\":\"https:\\\/\\\/asynelectric.com\\\/wp-content\\\/uploads\\\/2026\\\/03\\\/3.png\",\"datePublished\":\"2026-03-17T21:55:45+00:00\",\"dateModified\":\"2026-03-17T22:06:48+00:00\",\"breadcrumb\":{\"@id\":\"https:\\\/\\\/asynelectric.com\\\/index.php\\\/product\\\/interruptor-horario-digital-diario-semanal-1-cc-20a-220v-ac-dhc20a-drakko\\\/#breadcrumb\"},\"inLanguage\":\"es\",\"potentialAction\":[{\"@type\":\"ReadAction\",\"target\":[\"https:\\\/\\\/asynelectric.com\\\/index.php\\\/product\\\/interruptor-horario-digital-diario-semanal-1-cc-20a-220v-ac-dhc20a-drakko\\\/\"]}]},{\"@type\":\"ImageObject\",\"inLanguage\":\"es\",\"@id\":\"https:\\\/\\\/asynelectric.com\\\/index.php\\\/product\\\/interruptor-horario-digital-diario-semanal-1-cc-20a-220v-ac-dhc20a-drakko\\\/#primaryimage\",\"url\":\"https:\\\/\\\/asynelectric.com\\\/wp-content\\\/uploads\\\/2026\\\/03\\\/3.png\",\"contentUrl\":\"https:\\\/\\\/asynelectric.com\\\/wp-content\\\/uploads\\\/2026\\\/03\\\/3.png\",\"width\":2000,\"height\":2000},{\"@type\":\"BreadcrumbList\",\"@id\":\"https:\\\/\\\/asynelectric.com\\\/index.php\\\/product\\\/interruptor-horario-digital-diario-semanal-1-cc-20a-220v-ac-dhc20a-drakko\\\/#breadcrumb\",\"itemListElement\":[{\"@type\":\"ListItem\",\"position\":1,\"name\":\"Portada\",\"item\":\"https:\\\/\\\/asynelectric.com\\\/\"},{\"@type\":\"ListItem\",\"position\":2,\"name\":\"Productos\",\"item\":\"https:\\\/\\\/asynelectric.com\\\/index.php\\\/products\\\/\"},{\"@type\":\"ListItem\",\"position\":3,\"name\":\"INTERRUPTOR HORARIO DIGITAL DIARIO SEMANAL 1 CC 20A 220V AC\u2502DHC20A\u2502DRAKKO\"}]},{\"@type\":\"WebSite\",\"@id\":\"https:\\\/\\\/asynelectric.com\\\/#website\",\"url\":\"https:\\\/\\\/asynelectric.com\\\/\",\"name\":\"Asyn Electric\",\"description\":\"Venta de productos electricos, automatizacion y domotica\",\"publisher\":{\"@id\":\"https:\\\/\\\/asynelectric.com\\\/#organization\"},\"potentialAction\":[{\"@type\":\"SearchAction\",\"target\":{\"@type\":\"EntryPoint\",\"urlTemplate\":\"https:\\\/\\\/asynelectric.com\\\/?s={search_term_string}\"},\"query-input\":{\"@type\":\"PropertyValueSpecification\",\"valueRequired\":true,\"valueName\":\"search_term_string\"}}],\"inLanguage\":\"es\"},{\"@type\":\"Organization\",\"@id\":\"https:\\\/\\\/asynelectric.com\\\/#organization\",\"name\":\"Asyn Electric\",\"url\":\"https:\\\/\\\/asynelectric.com\\\/\",\"logo\":{\"@type\":\"ImageObject\",\"inLanguage\":\"es\",\"@id\":\"https:\\\/\\\/asynelectric.com\\\/#\\\/schema\\\/logo\\\/image\\\/\",\"url\":\"https:\\\/\\\/asynelectric.com\\\/wp-content\\\/uploads\\\/2025\\\/05\\\/ABB-1.png\",\"contentUrl\":\"https:\\\/\\\/asynelectric.com\\\/wp-content\\\/uploads\\\/2025\\\/05\\\/ABB-1.png\",\"width\":2000,\"height\":2000,\"caption\":\"Asyn Electric\"},\"image\":{\"@id\":\"https:\\\/\\\/asynelectric.com\\\/#\\\/schema\\\/logo\\\/image\\\/\"},\"sameAs\":[\"https:\\\/\\\/www.facebook.com\\\/ASYNELECTRIC\",\"https:\\\/\\\/www.instagram.com\\\/asynelectric.pe\\\/\"]}]}<\/script>\n<!-- \/ Yoast SEO plugin. -->","yoast_head_json":{"title":"INTERRUPTOR HORARIO DIGITAL DIARIO SEMANAL 1 CC 20A 220V AC\u2502DHC20A\u2502DRAKKO - Asyn Electric","robots":{"index":"noindex","follow":"follow"},"og_locale":"es_ES","og_type":"article","og_title":"INTERRUPTOR HORARIO DIGITAL DIARIO SEMANAL 1 CC 20A 220V AC\u2502DHC20A\u2502DRAKKO - Asyn Electric","og_description":"El DHC20A es un interruptor horario digital programable dise\u00f1ado para el montaje en riel DIN. Permite automatizar el encendido y apagado de circuitos el\u00e9ctricos con una precisi\u00f3n de un minuto, soportando m\u00faltiples programas diarios y semanales.","og_url":"https:\/\/asynelectric.com\/index.php\/product\/interruptor-horario-digital-diario-semanal-1-cc-20a-220v-ac-dhc20a-drakko\/","og_site_name":"Asyn Electric","article_publisher":"https:\/\/www.facebook.com\/ASYNELECTRIC","article_modified_time":"2026-03-17T22:06:48+00:00","og_image":[{"width":2000,"height":2000,"url":"https:\/\/asynelectric.com\/wp-content\/uploads\/2026\/03\/3.png","type":"image\/png"}],"twitter_card":"summary_large_image","twitter_misc":{"Tiempo de lectura":"1 minuto"},"schema":{"@context":"https:\/\/schema.org","@graph":[{"@type":"WebPage","@id":"https:\/\/asynelectric.com\/index.php\/product\/interruptor-horario-digital-diario-semanal-1-cc-20a-220v-ac-dhc20a-drakko\/","url":"https:\/\/asynelectric.com\/index.php\/product\/interruptor-horario-digital-diario-semanal-1-cc-20a-220v-ac-dhc20a-drakko\/","name":"INTERRUPTOR HORARIO DIGITAL DIARIO SEMANAL 1 CC 20A 220V AC\u2502DHC20A\u2502DRAKKO - Asyn Electric","isPartOf":{"@id":"https:\/\/asynelectric.com\/#website"},"primaryImageOfPage":{"@id":"https:\/\/asynelectric.com\/index.php\/product\/interruptor-horario-digital-diario-semanal-1-cc-20a-220v-ac-dhc20a-drakko\/#primaryimage"},"image":{"@id":"https:\/\/asynelectric.com\/index.php\/product\/interruptor-horario-digital-diario-semanal-1-cc-20a-220v-ac-dhc20a-drakko\/#primaryimage"},"thumbnailUrl":"https:\/\/asynelectric.com\/wp-content\/uploads\/2026\/03\/3.png","datePublished":"2026-03-17T21:55:45+00:00","dateModified":"2026-03-17T22:06:48+00:00","breadcrumb":{"@id":"https:\/\/asynelectric.com\/index.php\/product\/interruptor-horario-digital-diario-semanal-1-cc-20a-220v-ac-dhc20a-drakko\/#breadcrumb"},"inLanguage":"es","potentialAction":[{"@type":"ReadAction","target":["https:\/\/asynelectric.com\/index.php\/product\/interruptor-horario-digital-diario-semanal-1-cc-20a-220v-ac-dhc20a-drakko\/"]}]},{"@type":"ImageObject","inLanguage":"es","@id":"https:\/\/asynelectric.com\/index.php\/product\/interruptor-horario-digital-diario-semanal-1-cc-20a-220v-ac-dhc20a-drakko\/#primaryimage","url":"https:\/\/asynelectric.com\/wp-content\/uploads\/2026\/03\/3.png","contentUrl":"https:\/\/asynelectric.com\/wp-content\/uploads\/2026\/03\/3.png","width":2000,"height":2000},{"@type":"BreadcrumbList","@id":"https:\/\/asynelectric.com\/index.php\/product\/interruptor-horario-digital-diario-semanal-1-cc-20a-220v-ac-dhc20a-drakko\/#breadcrumb","itemListElement":[{"@type":"ListItem","position":1,"name":"Portada","item":"https:\/\/asynelectric.com\/"},{"@type":"ListItem","position":2,"name":"Productos","item":"https:\/\/asynelectric.com\/index.php\/products\/"},{"@type":"ListItem","position":3,"name":"INTERRUPTOR HORARIO DIGITAL DIARIO SEMANAL 1 CC 20A 220V AC\u2502DHC20A\u2502DRAKKO"}]},{"@type":"WebSite","@id":"https:\/\/asynelectric.com\/#website","url":"https:\/\/asynelectric.com\/","name":"Asyn Electric","description":"Venta de productos electricos, automatizacion y domotica","publisher":{"@id":"https:\/\/asynelectric.com\/#organization"},"potentialAction":[{"@type":"SearchAction","target":{"@type":"EntryPoint","urlTemplate":"https:\/\/asynelectric.com\/?s={search_term_string}"},"query-input":{"@type":"PropertyValueSpecification","valueRequired":true,"valueName":"search_term_string"}}],"inLanguage":"es"},{"@type":"Organization","@id":"https:\/\/asynelectric.com\/#organization","name":"Asyn Electric","url":"https:\/\/asynelectric.com\/","logo":{"@type":"ImageObject","inLanguage":"es","@id":"https:\/\/asynelectric.com\/#\/schema\/logo\/image\/","url":"https:\/\/asynelectric.com\/wp-content\/uploads\/2025\/05\/ABB-1.png","contentUrl":"https:\/\/asynelectric.com\/wp-content\/uploads\/2025\/05\/ABB-1.png","width":2000,"height":2000,"caption":"Asyn Electric"},"image":{"@id":"https:\/\/asynelectric.com\/#\/schema\/logo\/image\/"},"sameAs":["https:\/\/www.facebook.com\/ASYNELECTRIC","https:\/\/www.instagram.com\/asynelectric.pe\/"]}]}},"_links":{"self":[{"href":"https:\/\/asynelectric.com\/index.php\/wp-json\/wp\/v2\/product\/2943","targetHints":{"allow":["GET"]}}],"collection":[{"href":"https:\/\/asynelectric.com\/index.php\/wp-json\/wp\/v2\/product"}],"about":[{"href":"https:\/\/asynelectric.com\/index.php\/wp-json\/wp\/v2\/types\/product"}],"wp:featuredmedia":[{"embeddable":true,"href":"https:\/\/asynelectric.com\/index.php\/wp-json\/wp\/v2\/media\/2940"}],"wp:attachment":[{"href":"https:\/\/asynelectric.com\/index.php\/wp-json\/wp\/v2\/media?parent=2943"}],"wp:term":[{"taxonomy":"product_brand","embeddable":true,"href":"https:\/\/asynelectric.com\/index.php\/wp-json\/wp\/v2\/product_brand?post=2943"},{"taxonomy":"product_cat","embeddable":true,"href":"https:\/\/asynelectric.com\/index.php\/wp-json\/wp\/v2\/product_cat?post=2943"},{"taxonomy":"product_tag","embeddable":true,"href":"https:\/\/asynelectric.com\/index.php\/wp-json\/wp\/v2\/product_tag?post=2943"}],"curies":[{"name":"wp","href":"https:\/\/api.w.org\/{rel}","templated":true}]}}