{"id":2922,"date":"2026-03-11T17:28:16","date_gmt":"2026-03-11T22:28:16","guid":{"rendered":"https:\/\/asynelectric.com\/?post_type=product&#038;p=2922"},"modified":"2026-03-12T10:35:52","modified_gmt":"2026-03-12T15:35:52","slug":"rele-industrial-de-14-pines-4cc-7a-230v-ac-55-34-8-230-0040-finder","status":"publish","type":"product","link":"https:\/\/asynelectric.com\/index.php\/product\/rele-industrial-de-14-pines-4cc-7a-230v-ac-55-34-8-230-0040-finder\/","title":{"rendered":"REL\u00c9 INDUSTRIAL DE 14 PINES 4CC 7A 230V AC\u250255.34.8.230.0040\u2502FINDER"},"content":{"rendered":"<div class=\"Y3BBE\" data-sfc-cp=\"\" data-sfc-cb=\"\" data-hveid=\"CAEICRAA\" data-complete=\"true\" data-processed=\"true\">Dise\u00f1ado para maximizar la densidad de control en cuadros el\u00e9ctricos de potencia, este componente de\u00a0Finder\u00a0destaca por su capacidad de gestionar hasta cuatro circuitos independientes de forma simult\u00e1nea. Gracias a su configuraci\u00f3n de\u00a0cuatro contactos conmutados de 7A\u00a0y una bobina optimizada para\u00a0230V AC, permite simplificar la l\u00f3gica de mando en infraestructuras industriales complejas sin sacrificar espacio en el riel DIN. Su arquitectura integra un\u00a0mecanismo de prueba bloqueable\u00a0y un visualizador de posici\u00f3n, elementos que facilitan las tareas de mantenimiento preventivo al permitir verificaciones de estado sin necesidad de alimentaci\u00f3n el\u00e9ctrica. Fabricado bajo est\u00e1ndares de alta durabilidad con materiales de\u00a0plata-n\u00edquel, este relevador asegura una transferencia de carga estable y una resistencia superior ante arcos el\u00e9ctricos, convirti\u00e9ndose en el est\u00e1ndar de confianza para sistemas de climatizaci\u00f3n, bombeo y procesos automatizados de uso intensivo.<\/div>\n<div class=\"Fsg96\" data-sfc-cp=\"\" data-sfc-cb=\"\" data-complete=\"true\" data-processed=\"true\"><\/div>\n","protected":false},"excerpt":{"rendered":"<p>Rel\u00e9 industrial enchufable de\u00a014 pines\u00a0con\u00a04 contactos conmutados (7A), bobina de\u00a0230V AC, pulsador de prueba bloqueable e indicador mec\u00e1nico de estado.<\/p>\n","protected":false},"featured_media":2820,"template":"","meta":[],"product_brand":[53],"product_cat":[86],"product_tag":[],"class_list":{"0":"post-2922","1":"product","2":"type-product","3":"status-publish","4":"has-post-thumbnail","6":"product_brand-finder","7":"product_cat-reles-mecanicos","9":"first","10":"instock","11":"taxable","12":"shipping-taxable","13":"product-type-simple"},"yoast_head":"<!-- This site is optimized with the Yoast SEO plugin v27.5 - https:\/\/yoast.com\/product\/yoast-seo-wordpress\/ -->\n<title>REL\u00c9 INDUSTRIAL DE 14 PINES 4CC 7A 230V AC\u250255.34.8.230.0040\u2502FINDER - Asyn Electric<\/title>\n<meta name=\"robots\" content=\"noindex, follow\" \/>\n<meta property=\"og:locale\" content=\"es_ES\" \/>\n<meta property=\"og:type\" content=\"article\" \/>\n<meta property=\"og:title\" content=\"REL\u00c9 INDUSTRIAL DE 14 PINES 4CC 7A 230V AC\u250255.34.8.230.0040\u2502FINDER - Asyn Electric\" \/>\n<meta property=\"og:description\" content=\"Rel\u00e9 industrial enchufable de\u00a014 pines\u00a0con\u00a04 contactos conmutados (7A), bobina de\u00a0230V AC, pulsador de prueba bloqueable e indicador mec\u00e1nico de estado.\" \/>\n<meta property=\"og:url\" content=\"https:\/\/asynelectric.com\/index.php\/product\/rele-industrial-de-14-pines-4cc-7a-230v-ac-55-34-8-230-0040-finder\/\" \/>\n<meta property=\"og:site_name\" content=\"Asyn Electric\" \/>\n<meta property=\"article:publisher\" content=\"https:\/\/www.facebook.com\/ASYNELECTRIC\" \/>\n<meta property=\"article:modified_time\" content=\"2026-03-12T15:35:52+00:00\" \/>\n<meta property=\"og:image\" content=\"https:\/\/asynelectric.com\/wp-content\/uploads\/2026\/02\/35.png\" \/>\n\t<meta property=\"og:image:width\" content=\"2000\" \/>\n\t<meta property=\"og:image:height\" content=\"2000\" \/>\n\t<meta property=\"og:image:type\" content=\"image\/png\" \/>\n<meta name=\"twitter:card\" content=\"summary_large_image\" \/>\n<meta name=\"twitter:label1\" content=\"Tiempo de lectura\" \/>\n\t<meta name=\"twitter:data1\" content=\"1 minuto\" \/>\n<script type=\"application\/ld+json\" class=\"yoast-schema-graph\">{\"@context\":\"https:\\\/\\\/schema.org\",\"@graph\":[{\"@type\":\"WebPage\",\"@id\":\"https:\\\/\\\/asynelectric.com\\\/index.php\\\/product\\\/rele-industrial-de-14-pines-4cc-7a-230v-ac-55-34-8-230-0040-finder\\\/\",\"url\":\"https:\\\/\\\/asynelectric.com\\\/index.php\\\/product\\\/rele-industrial-de-14-pines-4cc-7a-230v-ac-55-34-8-230-0040-finder\\\/\",\"name\":\"REL\u00c9 INDUSTRIAL DE 14 PINES 4CC 7A 230V AC\u250255.34.8.230.0040\u2502FINDER - Asyn Electric\",\"isPartOf\":{\"@id\":\"https:\\\/\\\/asynelectric.com\\\/#website\"},\"primaryImageOfPage\":{\"@id\":\"https:\\\/\\\/asynelectric.com\\\/index.php\\\/product\\\/rele-industrial-de-14-pines-4cc-7a-230v-ac-55-34-8-230-0040-finder\\\/#primaryimage\"},\"image\":{\"@id\":\"https:\\\/\\\/asynelectric.com\\\/index.php\\\/product\\\/rele-industrial-de-14-pines-4cc-7a-230v-ac-55-34-8-230-0040-finder\\\/#primaryimage\"},\"thumbnailUrl\":\"https:\\\/\\\/asynelectric.com\\\/wp-content\\\/uploads\\\/2026\\\/02\\\/35.png\",\"datePublished\":\"2026-03-11T22:28:16+00:00\",\"dateModified\":\"2026-03-12T15:35:52+00:00\",\"breadcrumb\":{\"@id\":\"https:\\\/\\\/asynelectric.com\\\/index.php\\\/product\\\/rele-industrial-de-14-pines-4cc-7a-230v-ac-55-34-8-230-0040-finder\\\/#breadcrumb\"},\"inLanguage\":\"es\",\"potentialAction\":[{\"@type\":\"ReadAction\",\"target\":[\"https:\\\/\\\/asynelectric.com\\\/index.php\\\/product\\\/rele-industrial-de-14-pines-4cc-7a-230v-ac-55-34-8-230-0040-finder\\\/\"]}]},{\"@type\":\"ImageObject\",\"inLanguage\":\"es\",\"@id\":\"https:\\\/\\\/asynelectric.com\\\/index.php\\\/product\\\/rele-industrial-de-14-pines-4cc-7a-230v-ac-55-34-8-230-0040-finder\\\/#primaryimage\",\"url\":\"https:\\\/\\\/asynelectric.com\\\/wp-content\\\/uploads\\\/2026\\\/02\\\/35.png\",\"contentUrl\":\"https:\\\/\\\/asynelectric.com\\\/wp-content\\\/uploads\\\/2026\\\/02\\\/35.png\",\"width\":2000,\"height\":2000},{\"@type\":\"BreadcrumbList\",\"@id\":\"https:\\\/\\\/asynelectric.com\\\/index.php\\\/product\\\/rele-industrial-de-14-pines-4cc-7a-230v-ac-55-34-8-230-0040-finder\\\/#breadcrumb\",\"itemListElement\":[{\"@type\":\"ListItem\",\"position\":1,\"name\":\"Portada\",\"item\":\"https:\\\/\\\/asynelectric.com\\\/\"},{\"@type\":\"ListItem\",\"position\":2,\"name\":\"Productos\",\"item\":\"https:\\\/\\\/asynelectric.com\\\/index.php\\\/products\\\/\"},{\"@type\":\"ListItem\",\"position\":3,\"name\":\"REL\u00c9 INDUSTRIAL DE 14 PINES 4CC 7A 230V AC\u250255.34.8.230.0040\u2502FINDER\"}]},{\"@type\":\"WebSite\",\"@id\":\"https:\\\/\\\/asynelectric.com\\\/#website\",\"url\":\"https:\\\/\\\/asynelectric.com\\\/\",\"name\":\"Asyn Electric\",\"description\":\"Venta de productos electricos, automatizacion y domotica\",\"publisher\":{\"@id\":\"https:\\\/\\\/asynelectric.com\\\/#organization\"},\"potentialAction\":[{\"@type\":\"SearchAction\",\"target\":{\"@type\":\"EntryPoint\",\"urlTemplate\":\"https:\\\/\\\/asynelectric.com\\\/?s={search_term_string}\"},\"query-input\":{\"@type\":\"PropertyValueSpecification\",\"valueRequired\":true,\"valueName\":\"search_term_string\"}}],\"inLanguage\":\"es\"},{\"@type\":\"Organization\",\"@id\":\"https:\\\/\\\/asynelectric.com\\\/#organization\",\"name\":\"Asyn Electric\",\"url\":\"https:\\\/\\\/asynelectric.com\\\/\",\"logo\":{\"@type\":\"ImageObject\",\"inLanguage\":\"es\",\"@id\":\"https:\\\/\\\/asynelectric.com\\\/#\\\/schema\\\/logo\\\/image\\\/\",\"url\":\"https:\\\/\\\/asynelectric.com\\\/wp-content\\\/uploads\\\/2025\\\/05\\\/ABB-1.png\",\"contentUrl\":\"https:\\\/\\\/asynelectric.com\\\/wp-content\\\/uploads\\\/2025\\\/05\\\/ABB-1.png\",\"width\":2000,\"height\":2000,\"caption\":\"Asyn Electric\"},\"image\":{\"@id\":\"https:\\\/\\\/asynelectric.com\\\/#\\\/schema\\\/logo\\\/image\\\/\"},\"sameAs\":[\"https:\\\/\\\/www.facebook.com\\\/ASYNELECTRIC\",\"https:\\\/\\\/www.instagram.com\\\/asynelectric.pe\\\/\"]}]}<\/script>\n<!-- \/ Yoast SEO plugin. -->","yoast_head_json":{"title":"REL\u00c9 INDUSTRIAL DE 14 PINES 4CC 7A 230V AC\u250255.34.8.230.0040\u2502FINDER - Asyn Electric","robots":{"index":"noindex","follow":"follow"},"og_locale":"es_ES","og_type":"article","og_title":"REL\u00c9 INDUSTRIAL DE 14 PINES 4CC 7A 230V AC\u250255.34.8.230.0040\u2502FINDER - Asyn Electric","og_description":"Rel\u00e9 industrial enchufable de\u00a014 pines\u00a0con\u00a04 contactos conmutados (7A), bobina de\u00a0230V AC, pulsador de prueba bloqueable e indicador mec\u00e1nico de estado.","og_url":"https:\/\/asynelectric.com\/index.php\/product\/rele-industrial-de-14-pines-4cc-7a-230v-ac-55-34-8-230-0040-finder\/","og_site_name":"Asyn Electric","article_publisher":"https:\/\/www.facebook.com\/ASYNELECTRIC","article_modified_time":"2026-03-12T15:35:52+00:00","og_image":[{"width":2000,"height":2000,"url":"https:\/\/asynelectric.com\/wp-content\/uploads\/2026\/02\/35.png","type":"image\/png"}],"twitter_card":"summary_large_image","twitter_misc":{"Tiempo de lectura":"1 minuto"},"schema":{"@context":"https:\/\/schema.org","@graph":[{"@type":"WebPage","@id":"https:\/\/asynelectric.com\/index.php\/product\/rele-industrial-de-14-pines-4cc-7a-230v-ac-55-34-8-230-0040-finder\/","url":"https:\/\/asynelectric.com\/index.php\/product\/rele-industrial-de-14-pines-4cc-7a-230v-ac-55-34-8-230-0040-finder\/","name":"REL\u00c9 INDUSTRIAL DE 14 PINES 4CC 7A 230V AC\u250255.34.8.230.0040\u2502FINDER - Asyn Electric","isPartOf":{"@id":"https:\/\/asynelectric.com\/#website"},"primaryImageOfPage":{"@id":"https:\/\/asynelectric.com\/index.php\/product\/rele-industrial-de-14-pines-4cc-7a-230v-ac-55-34-8-230-0040-finder\/#primaryimage"},"image":{"@id":"https:\/\/asynelectric.com\/index.php\/product\/rele-industrial-de-14-pines-4cc-7a-230v-ac-55-34-8-230-0040-finder\/#primaryimage"},"thumbnailUrl":"https:\/\/asynelectric.com\/wp-content\/uploads\/2026\/02\/35.png","datePublished":"2026-03-11T22:28:16+00:00","dateModified":"2026-03-12T15:35:52+00:00","breadcrumb":{"@id":"https:\/\/asynelectric.com\/index.php\/product\/rele-industrial-de-14-pines-4cc-7a-230v-ac-55-34-8-230-0040-finder\/#breadcrumb"},"inLanguage":"es","potentialAction":[{"@type":"ReadAction","target":["https:\/\/asynelectric.com\/index.php\/product\/rele-industrial-de-14-pines-4cc-7a-230v-ac-55-34-8-230-0040-finder\/"]}]},{"@type":"ImageObject","inLanguage":"es","@id":"https:\/\/asynelectric.com\/index.php\/product\/rele-industrial-de-14-pines-4cc-7a-230v-ac-55-34-8-230-0040-finder\/#primaryimage","url":"https:\/\/asynelectric.com\/wp-content\/uploads\/2026\/02\/35.png","contentUrl":"https:\/\/asynelectric.com\/wp-content\/uploads\/2026\/02\/35.png","width":2000,"height":2000},{"@type":"BreadcrumbList","@id":"https:\/\/asynelectric.com\/index.php\/product\/rele-industrial-de-14-pines-4cc-7a-230v-ac-55-34-8-230-0040-finder\/#breadcrumb","itemListElement":[{"@type":"ListItem","position":1,"name":"Portada","item":"https:\/\/asynelectric.com\/"},{"@type":"ListItem","position":2,"name":"Productos","item":"https:\/\/asynelectric.com\/index.php\/products\/"},{"@type":"ListItem","position":3,"name":"REL\u00c9 INDUSTRIAL DE 14 PINES 4CC 7A 230V AC\u250255.34.8.230.0040\u2502FINDER"}]},{"@type":"WebSite","@id":"https:\/\/asynelectric.com\/#website","url":"https:\/\/asynelectric.com\/","name":"Asyn Electric","description":"Venta de productos electricos, automatizacion y domotica","publisher":{"@id":"https:\/\/asynelectric.com\/#organization"},"potentialAction":[{"@type":"SearchAction","target":{"@type":"EntryPoint","urlTemplate":"https:\/\/asynelectric.com\/?s={search_term_string}"},"query-input":{"@type":"PropertyValueSpecification","valueRequired":true,"valueName":"search_term_string"}}],"inLanguage":"es"},{"@type":"Organization","@id":"https:\/\/asynelectric.com\/#organization","name":"Asyn Electric","url":"https:\/\/asynelectric.com\/","logo":{"@type":"ImageObject","inLanguage":"es","@id":"https:\/\/asynelectric.com\/#\/schema\/logo\/image\/","url":"https:\/\/asynelectric.com\/wp-content\/uploads\/2025\/05\/ABB-1.png","contentUrl":"https:\/\/asynelectric.com\/wp-content\/uploads\/2025\/05\/ABB-1.png","width":2000,"height":2000,"caption":"Asyn Electric"},"image":{"@id":"https:\/\/asynelectric.com\/#\/schema\/logo\/image\/"},"sameAs":["https:\/\/www.facebook.com\/ASYNELECTRIC","https:\/\/www.instagram.com\/asynelectric.pe\/"]}]}},"_links":{"self":[{"href":"https:\/\/asynelectric.com\/index.php\/wp-json\/wp\/v2\/product\/2922","targetHints":{"allow":["GET"]}}],"collection":[{"href":"https:\/\/asynelectric.com\/index.php\/wp-json\/wp\/v2\/product"}],"about":[{"href":"https:\/\/asynelectric.com\/index.php\/wp-json\/wp\/v2\/types\/product"}],"wp:featuredmedia":[{"embeddable":true,"href":"https:\/\/asynelectric.com\/index.php\/wp-json\/wp\/v2\/media\/2820"}],"wp:attachment":[{"href":"https:\/\/asynelectric.com\/index.php\/wp-json\/wp\/v2\/media?parent=2922"}],"wp:term":[{"taxonomy":"product_brand","embeddable":true,"href":"https:\/\/asynelectric.com\/index.php\/wp-json\/wp\/v2\/product_brand?post=2922"},{"taxonomy":"product_cat","embeddable":true,"href":"https:\/\/asynelectric.com\/index.php\/wp-json\/wp\/v2\/product_cat?post=2922"},{"taxonomy":"product_tag","embeddable":true,"href":"https:\/\/asynelectric.com\/index.php\/wp-json\/wp\/v2\/product_tag?post=2922"}],"curies":[{"name":"wp","href":"https:\/\/api.w.org\/{rel}","templated":true}]}}