{"id":2880,"date":"2026-03-10T14:40:36","date_gmt":"2026-03-10T19:40:36","guid":{"rendered":"https:\/\/asynelectric.com\/?post_type=product&#038;p=2880"},"modified":"2026-03-10T14:40:37","modified_gmt":"2026-03-10T19:40:37","slug":"interfaz-de-relevador-modular-master-plus-1cc-6a-230v-ac-39-31-8-230-0060-finder","status":"publish","type":"product","link":"https:\/\/asynelectric.com\/index.php\/product\/interfaz-de-relevador-modular-master-plus-1cc-6a-230v-ac-39-31-8-230-0060-finder\/","title":{"rendered":"INTERFAZ DE RELEVADOR MODULAR MASTER PLUS 1CC 6A 230V AC\u250239.31.8.230.0060\u2502FINDER"},"content":{"rendered":"<p>Maximice la seguridad y eficiencia de sus tableros de control con la\u00a0interfaz modular Finder 39.31.8.230.0060, un componente avanzado de la l\u00ednea\u00a0MasterPLUS\u00a0dise\u00f1ado para integrarse directamente en redes de\u00a0230V AC. Este relevador de acoplamiento ultra compacto de solo\u00a06.2 mm\u00a0destaca por su capacidad \u00fanica de albergar un\u00a0m\u00f3dulo portafusible (opcional), permitiendo la protecci\u00f3n individual de cada salida de carga directamente en el riel DIN. Equipado con un contacto conmutado de\u00a06A\u00a0y un sistema de supresi\u00f3n de corrientes residuales en la bobina, garantiza una conmutaci\u00f3n fiable y evita disparos falsos en sistemas de automatizaci\u00f3n industrial con cableados extensos. Su dise\u00f1o robusto incluye terminales de tornillo, un\u00a0LED de se\u00f1alizaci\u00f3n\u00a0para diagn\u00f3stico visual inmediato y una palanca de extracci\u00f3n segura, consolid\u00e1ndose como la soluci\u00f3n de interfaz m\u00e1s vers\u00e1til y segura para entornos industriales que operan a tensiones de red est\u00e1ndar.<\/p>\n","protected":false},"excerpt":{"rendered":"<p>Interfaz modular\u00a0ultra delgada (6.2 mm)\u00a0con z\u00f3calo para\u00a0portafusible opcional, relevador conmutado (1CC) de\u00a06A\u00a0y alimentaci\u00f3n de\u00a0230V AC.<\/p>\n","protected":false},"featured_media":2778,"template":"","meta":[],"product_brand":[53],"product_cat":[89],"product_tag":[],"class_list":{"0":"post-2880","1":"product","2":"type-product","3":"status-publish","4":"has-post-thumbnail","6":"product_brand-finder","7":"product_cat-interfaces-modulares","9":"first","10":"instock","11":"taxable","12":"shipping-taxable","13":"product-type-simple"},"yoast_head":"<!-- This site is optimized with the Yoast SEO plugin v27.5 - https:\/\/yoast.com\/product\/yoast-seo-wordpress\/ -->\n<title>INTERFAZ DE RELEVADOR MODULAR MASTER PLUS 1CC 6A 230V AC\u250239.31.8.230.0060\u2502FINDER - Asyn Electric<\/title>\n<meta name=\"robots\" content=\"noindex, follow\" \/>\n<meta property=\"og:locale\" content=\"es_ES\" \/>\n<meta property=\"og:type\" content=\"article\" \/>\n<meta property=\"og:title\" content=\"INTERFAZ DE RELEVADOR MODULAR MASTER PLUS 1CC 6A 230V AC\u250239.31.8.230.0060\u2502FINDER - Asyn Electric\" \/>\n<meta property=\"og:description\" content=\"Interfaz modular\u00a0ultra delgada (6.2 mm)\u00a0con z\u00f3calo para\u00a0portafusible opcional, relevador conmutado (1CC) de\u00a06A\u00a0y alimentaci\u00f3n de\u00a0230V AC.\" \/>\n<meta property=\"og:url\" content=\"https:\/\/asynelectric.com\/index.php\/product\/interfaz-de-relevador-modular-master-plus-1cc-6a-230v-ac-39-31-8-230-0060-finder\/\" \/>\n<meta property=\"og:site_name\" content=\"Asyn Electric\" \/>\n<meta property=\"article:publisher\" content=\"https:\/\/www.facebook.com\/ASYNELECTRIC\" \/>\n<meta property=\"article:modified_time\" content=\"2026-03-10T19:40:37+00:00\" \/>\n<meta property=\"og:image\" content=\"https:\/\/asynelectric.com\/wp-content\/uploads\/2026\/02\/8.png\" \/>\n\t<meta property=\"og:image:width\" content=\"2000\" \/>\n\t<meta property=\"og:image:height\" content=\"2000\" \/>\n\t<meta property=\"og:image:type\" content=\"image\/png\" \/>\n<meta name=\"twitter:card\" content=\"summary_large_image\" \/>\n<meta name=\"twitter:label1\" content=\"Tiempo de lectura\" \/>\n\t<meta name=\"twitter:data1\" content=\"1 minuto\" \/>\n<script type=\"application\/ld+json\" class=\"yoast-schema-graph\">{\"@context\":\"https:\\\/\\\/schema.org\",\"@graph\":[{\"@type\":\"WebPage\",\"@id\":\"https:\\\/\\\/asynelectric.com\\\/index.php\\\/product\\\/interfaz-de-relevador-modular-master-plus-1cc-6a-230v-ac-39-31-8-230-0060-finder\\\/\",\"url\":\"https:\\\/\\\/asynelectric.com\\\/index.php\\\/product\\\/interfaz-de-relevador-modular-master-plus-1cc-6a-230v-ac-39-31-8-230-0060-finder\\\/\",\"name\":\"INTERFAZ DE RELEVADOR MODULAR MASTER PLUS 1CC 6A 230V AC\u250239.31.8.230.0060\u2502FINDER - Asyn Electric\",\"isPartOf\":{\"@id\":\"https:\\\/\\\/asynelectric.com\\\/#website\"},\"primaryImageOfPage\":{\"@id\":\"https:\\\/\\\/asynelectric.com\\\/index.php\\\/product\\\/interfaz-de-relevador-modular-master-plus-1cc-6a-230v-ac-39-31-8-230-0060-finder\\\/#primaryimage\"},\"image\":{\"@id\":\"https:\\\/\\\/asynelectric.com\\\/index.php\\\/product\\\/interfaz-de-relevador-modular-master-plus-1cc-6a-230v-ac-39-31-8-230-0060-finder\\\/#primaryimage\"},\"thumbnailUrl\":\"https:\\\/\\\/asynelectric.com\\\/wp-content\\\/uploads\\\/2026\\\/02\\\/8.png\",\"datePublished\":\"2026-03-10T19:40:36+00:00\",\"dateModified\":\"2026-03-10T19:40:37+00:00\",\"breadcrumb\":{\"@id\":\"https:\\\/\\\/asynelectric.com\\\/index.php\\\/product\\\/interfaz-de-relevador-modular-master-plus-1cc-6a-230v-ac-39-31-8-230-0060-finder\\\/#breadcrumb\"},\"inLanguage\":\"es\",\"potentialAction\":[{\"@type\":\"ReadAction\",\"target\":[\"https:\\\/\\\/asynelectric.com\\\/index.php\\\/product\\\/interfaz-de-relevador-modular-master-plus-1cc-6a-230v-ac-39-31-8-230-0060-finder\\\/\"]}]},{\"@type\":\"ImageObject\",\"inLanguage\":\"es\",\"@id\":\"https:\\\/\\\/asynelectric.com\\\/index.php\\\/product\\\/interfaz-de-relevador-modular-master-plus-1cc-6a-230v-ac-39-31-8-230-0060-finder\\\/#primaryimage\",\"url\":\"https:\\\/\\\/asynelectric.com\\\/wp-content\\\/uploads\\\/2026\\\/02\\\/8.png\",\"contentUrl\":\"https:\\\/\\\/asynelectric.com\\\/wp-content\\\/uploads\\\/2026\\\/02\\\/8.png\",\"width\":2000,\"height\":2000},{\"@type\":\"BreadcrumbList\",\"@id\":\"https:\\\/\\\/asynelectric.com\\\/index.php\\\/product\\\/interfaz-de-relevador-modular-master-plus-1cc-6a-230v-ac-39-31-8-230-0060-finder\\\/#breadcrumb\",\"itemListElement\":[{\"@type\":\"ListItem\",\"position\":1,\"name\":\"Portada\",\"item\":\"https:\\\/\\\/asynelectric.com\\\/\"},{\"@type\":\"ListItem\",\"position\":2,\"name\":\"Productos\",\"item\":\"https:\\\/\\\/asynelectric.com\\\/index.php\\\/products\\\/\"},{\"@type\":\"ListItem\",\"position\":3,\"name\":\"INTERFAZ DE RELEVADOR MODULAR MASTER PLUS 1CC 6A 230V AC\u250239.31.8.230.0060\u2502FINDER\"}]},{\"@type\":\"WebSite\",\"@id\":\"https:\\\/\\\/asynelectric.com\\\/#website\",\"url\":\"https:\\\/\\\/asynelectric.com\\\/\",\"name\":\"Asyn Electric\",\"description\":\"Venta de productos electricos, automatizacion y domotica\",\"publisher\":{\"@id\":\"https:\\\/\\\/asynelectric.com\\\/#organization\"},\"potentialAction\":[{\"@type\":\"SearchAction\",\"target\":{\"@type\":\"EntryPoint\",\"urlTemplate\":\"https:\\\/\\\/asynelectric.com\\\/?s={search_term_string}\"},\"query-input\":{\"@type\":\"PropertyValueSpecification\",\"valueRequired\":true,\"valueName\":\"search_term_string\"}}],\"inLanguage\":\"es\"},{\"@type\":\"Organization\",\"@id\":\"https:\\\/\\\/asynelectric.com\\\/#organization\",\"name\":\"Asyn Electric\",\"url\":\"https:\\\/\\\/asynelectric.com\\\/\",\"logo\":{\"@type\":\"ImageObject\",\"inLanguage\":\"es\",\"@id\":\"https:\\\/\\\/asynelectric.com\\\/#\\\/schema\\\/logo\\\/image\\\/\",\"url\":\"https:\\\/\\\/asynelectric.com\\\/wp-content\\\/uploads\\\/2025\\\/05\\\/ABB-1.png\",\"contentUrl\":\"https:\\\/\\\/asynelectric.com\\\/wp-content\\\/uploads\\\/2025\\\/05\\\/ABB-1.png\",\"width\":2000,\"height\":2000,\"caption\":\"Asyn Electric\"},\"image\":{\"@id\":\"https:\\\/\\\/asynelectric.com\\\/#\\\/schema\\\/logo\\\/image\\\/\"},\"sameAs\":[\"https:\\\/\\\/www.facebook.com\\\/ASYNELECTRIC\",\"https:\\\/\\\/www.instagram.com\\\/asynelectric.pe\\\/\"]}]}<\/script>\n<!-- \/ Yoast SEO plugin. -->","yoast_head_json":{"title":"INTERFAZ DE RELEVADOR MODULAR MASTER PLUS 1CC 6A 230V AC\u250239.31.8.230.0060\u2502FINDER - Asyn Electric","robots":{"index":"noindex","follow":"follow"},"og_locale":"es_ES","og_type":"article","og_title":"INTERFAZ DE RELEVADOR MODULAR MASTER PLUS 1CC 6A 230V AC\u250239.31.8.230.0060\u2502FINDER - Asyn Electric","og_description":"Interfaz modular\u00a0ultra delgada (6.2 mm)\u00a0con z\u00f3calo para\u00a0portafusible opcional, relevador conmutado (1CC) de\u00a06A\u00a0y alimentaci\u00f3n de\u00a0230V AC.","og_url":"https:\/\/asynelectric.com\/index.php\/product\/interfaz-de-relevador-modular-master-plus-1cc-6a-230v-ac-39-31-8-230-0060-finder\/","og_site_name":"Asyn Electric","article_publisher":"https:\/\/www.facebook.com\/ASYNELECTRIC","article_modified_time":"2026-03-10T19:40:37+00:00","og_image":[{"width":2000,"height":2000,"url":"https:\/\/asynelectric.com\/wp-content\/uploads\/2026\/02\/8.png","type":"image\/png"}],"twitter_card":"summary_large_image","twitter_misc":{"Tiempo de lectura":"1 minuto"},"schema":{"@context":"https:\/\/schema.org","@graph":[{"@type":"WebPage","@id":"https:\/\/asynelectric.com\/index.php\/product\/interfaz-de-relevador-modular-master-plus-1cc-6a-230v-ac-39-31-8-230-0060-finder\/","url":"https:\/\/asynelectric.com\/index.php\/product\/interfaz-de-relevador-modular-master-plus-1cc-6a-230v-ac-39-31-8-230-0060-finder\/","name":"INTERFAZ DE RELEVADOR MODULAR MASTER PLUS 1CC 6A 230V AC\u250239.31.8.230.0060\u2502FINDER - Asyn Electric","isPartOf":{"@id":"https:\/\/asynelectric.com\/#website"},"primaryImageOfPage":{"@id":"https:\/\/asynelectric.com\/index.php\/product\/interfaz-de-relevador-modular-master-plus-1cc-6a-230v-ac-39-31-8-230-0060-finder\/#primaryimage"},"image":{"@id":"https:\/\/asynelectric.com\/index.php\/product\/interfaz-de-relevador-modular-master-plus-1cc-6a-230v-ac-39-31-8-230-0060-finder\/#primaryimage"},"thumbnailUrl":"https:\/\/asynelectric.com\/wp-content\/uploads\/2026\/02\/8.png","datePublished":"2026-03-10T19:40:36+00:00","dateModified":"2026-03-10T19:40:37+00:00","breadcrumb":{"@id":"https:\/\/asynelectric.com\/index.php\/product\/interfaz-de-relevador-modular-master-plus-1cc-6a-230v-ac-39-31-8-230-0060-finder\/#breadcrumb"},"inLanguage":"es","potentialAction":[{"@type":"ReadAction","target":["https:\/\/asynelectric.com\/index.php\/product\/interfaz-de-relevador-modular-master-plus-1cc-6a-230v-ac-39-31-8-230-0060-finder\/"]}]},{"@type":"ImageObject","inLanguage":"es","@id":"https:\/\/asynelectric.com\/index.php\/product\/interfaz-de-relevador-modular-master-plus-1cc-6a-230v-ac-39-31-8-230-0060-finder\/#primaryimage","url":"https:\/\/asynelectric.com\/wp-content\/uploads\/2026\/02\/8.png","contentUrl":"https:\/\/asynelectric.com\/wp-content\/uploads\/2026\/02\/8.png","width":2000,"height":2000},{"@type":"BreadcrumbList","@id":"https:\/\/asynelectric.com\/index.php\/product\/interfaz-de-relevador-modular-master-plus-1cc-6a-230v-ac-39-31-8-230-0060-finder\/#breadcrumb","itemListElement":[{"@type":"ListItem","position":1,"name":"Portada","item":"https:\/\/asynelectric.com\/"},{"@type":"ListItem","position":2,"name":"Productos","item":"https:\/\/asynelectric.com\/index.php\/products\/"},{"@type":"ListItem","position":3,"name":"INTERFAZ DE RELEVADOR MODULAR MASTER PLUS 1CC 6A 230V AC\u250239.31.8.230.0060\u2502FINDER"}]},{"@type":"WebSite","@id":"https:\/\/asynelectric.com\/#website","url":"https:\/\/asynelectric.com\/","name":"Asyn Electric","description":"Venta de productos electricos, automatizacion y domotica","publisher":{"@id":"https:\/\/asynelectric.com\/#organization"},"potentialAction":[{"@type":"SearchAction","target":{"@type":"EntryPoint","urlTemplate":"https:\/\/asynelectric.com\/?s={search_term_string}"},"query-input":{"@type":"PropertyValueSpecification","valueRequired":true,"valueName":"search_term_string"}}],"inLanguage":"es"},{"@type":"Organization","@id":"https:\/\/asynelectric.com\/#organization","name":"Asyn Electric","url":"https:\/\/asynelectric.com\/","logo":{"@type":"ImageObject","inLanguage":"es","@id":"https:\/\/asynelectric.com\/#\/schema\/logo\/image\/","url":"https:\/\/asynelectric.com\/wp-content\/uploads\/2025\/05\/ABB-1.png","contentUrl":"https:\/\/asynelectric.com\/wp-content\/uploads\/2025\/05\/ABB-1.png","width":2000,"height":2000,"caption":"Asyn Electric"},"image":{"@id":"https:\/\/asynelectric.com\/#\/schema\/logo\/image\/"},"sameAs":["https:\/\/www.facebook.com\/ASYNELECTRIC","https:\/\/www.instagram.com\/asynelectric.pe\/"]}]}},"_links":{"self":[{"href":"https:\/\/asynelectric.com\/index.php\/wp-json\/wp\/v2\/product\/2880","targetHints":{"allow":["GET"]}}],"collection":[{"href":"https:\/\/asynelectric.com\/index.php\/wp-json\/wp\/v2\/product"}],"about":[{"href":"https:\/\/asynelectric.com\/index.php\/wp-json\/wp\/v2\/types\/product"}],"wp:featuredmedia":[{"embeddable":true,"href":"https:\/\/asynelectric.com\/index.php\/wp-json\/wp\/v2\/media\/2778"}],"wp:attachment":[{"href":"https:\/\/asynelectric.com\/index.php\/wp-json\/wp\/v2\/media?parent=2880"}],"wp:term":[{"taxonomy":"product_brand","embeddable":true,"href":"https:\/\/asynelectric.com\/index.php\/wp-json\/wp\/v2\/product_brand?post=2880"},{"taxonomy":"product_cat","embeddable":true,"href":"https:\/\/asynelectric.com\/index.php\/wp-json\/wp\/v2\/product_cat?post=2880"},{"taxonomy":"product_tag","embeddable":true,"href":"https:\/\/asynelectric.com\/index.php\/wp-json\/wp\/v2\/product_tag?post=2880"}],"curies":[{"name":"wp","href":"https:\/\/api.w.org\/{rel}","templated":true}]}}