{"id":2876,"date":"2026-03-10T14:18:26","date_gmt":"2026-03-10T19:18:26","guid":{"rendered":"https:\/\/asynelectric.com\/?post_type=product&#038;p=2876"},"modified":"2026-03-10T14:19:17","modified_gmt":"2026-03-10T19:19:17","slug":"interfaz-de-relevador-modular-master-basic-1cc-6a-24v-ac-dc-39-11-0-024-0060-finder","status":"publish","type":"product","link":"https:\/\/asynelectric.com\/index.php\/product\/interfaz-de-relevador-modular-master-basic-1cc-6a-24v-ac-dc-39-11-0-024-0060-finder\/","title":{"rendered":"INTERFAZ DE RELEVADOR MODULAR MASTER BASIC 1CC 6A 24V AC\/DC\u250239.11.0.024.0060\u2502FINDER"},"content":{"rendered":"<p>Optimice el espacio en sus tableros de control con la\u00a0<span class=\"T286Pc\" data-sfc-cp=\"\" data-sfc-cb=\"\" data-complete=\"true\" data-processed=\"true\">interfaz modular Finder 39.11.0.024.0060<\/span>, una soluci\u00f3n de acoplamiento ultra delgada de tan solo\u00a06.2 mm\u00a0de ancho. Este dispositivo de la familia\u00a0MasterBasic\u00a0integra un relevador electromec\u00e1nico con un contacto conmutado de\u00a06A, dise\u00f1ado para operar de manera eficiente con una alimentaci\u00f3n vers\u00e1til de\u00a024V AC\/DC. Su estructura compacta para carril DIN facilita una instalaci\u00f3n densa en armarios el\u00e9ctricos, incorporando un\u00a0LED de se\u00f1alizaci\u00f3n\u00a0frontal para diagn\u00f3stico r\u00e1pido y un circuito de protecci\u00f3n para la bobina. Gracias a sus terminales de tornillo robustos y su facilidad para el intercambio del relevador mediante una palanca de retenci\u00f3n y extracci\u00f3n pl\u00e1stica, esta interfaz asegura una conmutaci\u00f3n fiable y un mantenimiento simplificado en sistemas de automatizaci\u00f3n industrial y PLC.<\/p>\n","protected":false},"excerpt":{"rendered":"<p>Interfaz modular de\u00a06.2 mm\u00a0de ancho para riel DIN, con relevador conmutado (1CC) de\u00a06A\u00a0y alimentaci\u00f3n universal de\u00a024V AC\/DC.<\/p>\n","protected":false},"featured_media":2780,"template":"","meta":[],"product_brand":[53],"product_cat":[89],"product_tag":[],"class_list":{"0":"post-2876","1":"product","2":"type-product","3":"status-publish","4":"has-post-thumbnail","6":"product_brand-finder","7":"product_cat-interfaces-modulares","9":"first","10":"instock","11":"taxable","12":"shipping-taxable","13":"product-type-simple"},"yoast_head":"<!-- This site is optimized with the Yoast SEO plugin v27.5 - https:\/\/yoast.com\/product\/yoast-seo-wordpress\/ -->\n<title>INTERFAZ DE RELEVADOR MODULAR MASTER BASIC 1CC 6A 24V AC\/DC\u250239.11.0.024.0060\u2502FINDER - Asyn Electric<\/title>\n<meta name=\"robots\" content=\"noindex, follow\" \/>\n<meta property=\"og:locale\" content=\"es_ES\" \/>\n<meta property=\"og:type\" content=\"article\" \/>\n<meta property=\"og:title\" content=\"INTERFAZ DE RELEVADOR MODULAR MASTER BASIC 1CC 6A 24V AC\/DC\u250239.11.0.024.0060\u2502FINDER - Asyn Electric\" \/>\n<meta property=\"og:description\" content=\"Interfaz modular de\u00a06.2 mm\u00a0de ancho para riel DIN, con relevador conmutado (1CC) de\u00a06A\u00a0y alimentaci\u00f3n universal de\u00a024V AC\/DC.\" \/>\n<meta property=\"og:url\" content=\"https:\/\/asynelectric.com\/index.php\/product\/interfaz-de-relevador-modular-master-basic-1cc-6a-24v-ac-dc-39-11-0-024-0060-finder\/\" \/>\n<meta property=\"og:site_name\" content=\"Asyn Electric\" \/>\n<meta property=\"article:publisher\" content=\"https:\/\/www.facebook.com\/ASYNELECTRIC\" \/>\n<meta property=\"article:modified_time\" content=\"2026-03-10T19:19:17+00:00\" \/>\n<meta property=\"og:image\" content=\"https:\/\/asynelectric.com\/wp-content\/uploads\/2026\/02\/10.png\" \/>\n\t<meta property=\"og:image:width\" content=\"2000\" \/>\n\t<meta property=\"og:image:height\" content=\"2000\" \/>\n\t<meta property=\"og:image:type\" content=\"image\/png\" \/>\n<meta name=\"twitter:card\" content=\"summary_large_image\" \/>\n<meta name=\"twitter:label1\" content=\"Tiempo de lectura\" \/>\n\t<meta name=\"twitter:data1\" content=\"1 minuto\" \/>\n<script type=\"application\/ld+json\" class=\"yoast-schema-graph\">{\"@context\":\"https:\\\/\\\/schema.org\",\"@graph\":[{\"@type\":\"WebPage\",\"@id\":\"https:\\\/\\\/asynelectric.com\\\/index.php\\\/product\\\/interfaz-de-relevador-modular-master-basic-1cc-6a-24v-ac-dc-39-11-0-024-0060-finder\\\/\",\"url\":\"https:\\\/\\\/asynelectric.com\\\/index.php\\\/product\\\/interfaz-de-relevador-modular-master-basic-1cc-6a-24v-ac-dc-39-11-0-024-0060-finder\\\/\",\"name\":\"INTERFAZ DE RELEVADOR MODULAR MASTER BASIC 1CC 6A 24V AC\\\/DC\u250239.11.0.024.0060\u2502FINDER - Asyn Electric\",\"isPartOf\":{\"@id\":\"https:\\\/\\\/asynelectric.com\\\/#website\"},\"primaryImageOfPage\":{\"@id\":\"https:\\\/\\\/asynelectric.com\\\/index.php\\\/product\\\/interfaz-de-relevador-modular-master-basic-1cc-6a-24v-ac-dc-39-11-0-024-0060-finder\\\/#primaryimage\"},\"image\":{\"@id\":\"https:\\\/\\\/asynelectric.com\\\/index.php\\\/product\\\/interfaz-de-relevador-modular-master-basic-1cc-6a-24v-ac-dc-39-11-0-024-0060-finder\\\/#primaryimage\"},\"thumbnailUrl\":\"https:\\\/\\\/asynelectric.com\\\/wp-content\\\/uploads\\\/2026\\\/02\\\/10.png\",\"datePublished\":\"2026-03-10T19:18:26+00:00\",\"dateModified\":\"2026-03-10T19:19:17+00:00\",\"breadcrumb\":{\"@id\":\"https:\\\/\\\/asynelectric.com\\\/index.php\\\/product\\\/interfaz-de-relevador-modular-master-basic-1cc-6a-24v-ac-dc-39-11-0-024-0060-finder\\\/#breadcrumb\"},\"inLanguage\":\"es\",\"potentialAction\":[{\"@type\":\"ReadAction\",\"target\":[\"https:\\\/\\\/asynelectric.com\\\/index.php\\\/product\\\/interfaz-de-relevador-modular-master-basic-1cc-6a-24v-ac-dc-39-11-0-024-0060-finder\\\/\"]}]},{\"@type\":\"ImageObject\",\"inLanguage\":\"es\",\"@id\":\"https:\\\/\\\/asynelectric.com\\\/index.php\\\/product\\\/interfaz-de-relevador-modular-master-basic-1cc-6a-24v-ac-dc-39-11-0-024-0060-finder\\\/#primaryimage\",\"url\":\"https:\\\/\\\/asynelectric.com\\\/wp-content\\\/uploads\\\/2026\\\/02\\\/10.png\",\"contentUrl\":\"https:\\\/\\\/asynelectric.com\\\/wp-content\\\/uploads\\\/2026\\\/02\\\/10.png\",\"width\":2000,\"height\":2000},{\"@type\":\"BreadcrumbList\",\"@id\":\"https:\\\/\\\/asynelectric.com\\\/index.php\\\/product\\\/interfaz-de-relevador-modular-master-basic-1cc-6a-24v-ac-dc-39-11-0-024-0060-finder\\\/#breadcrumb\",\"itemListElement\":[{\"@type\":\"ListItem\",\"position\":1,\"name\":\"Portada\",\"item\":\"https:\\\/\\\/asynelectric.com\\\/\"},{\"@type\":\"ListItem\",\"position\":2,\"name\":\"Productos\",\"item\":\"https:\\\/\\\/asynelectric.com\\\/index.php\\\/products\\\/\"},{\"@type\":\"ListItem\",\"position\":3,\"name\":\"INTERFAZ DE RELEVADOR MODULAR MASTER BASIC 1CC 6A 24V AC\\\/DC\u250239.11.0.024.0060\u2502FINDER\"}]},{\"@type\":\"WebSite\",\"@id\":\"https:\\\/\\\/asynelectric.com\\\/#website\",\"url\":\"https:\\\/\\\/asynelectric.com\\\/\",\"name\":\"Asyn Electric\",\"description\":\"Venta de productos electricos, automatizacion y domotica\",\"publisher\":{\"@id\":\"https:\\\/\\\/asynelectric.com\\\/#organization\"},\"potentialAction\":[{\"@type\":\"SearchAction\",\"target\":{\"@type\":\"EntryPoint\",\"urlTemplate\":\"https:\\\/\\\/asynelectric.com\\\/?s={search_term_string}\"},\"query-input\":{\"@type\":\"PropertyValueSpecification\",\"valueRequired\":true,\"valueName\":\"search_term_string\"}}],\"inLanguage\":\"es\"},{\"@type\":\"Organization\",\"@id\":\"https:\\\/\\\/asynelectric.com\\\/#organization\",\"name\":\"Asyn Electric\",\"url\":\"https:\\\/\\\/asynelectric.com\\\/\",\"logo\":{\"@type\":\"ImageObject\",\"inLanguage\":\"es\",\"@id\":\"https:\\\/\\\/asynelectric.com\\\/#\\\/schema\\\/logo\\\/image\\\/\",\"url\":\"https:\\\/\\\/asynelectric.com\\\/wp-content\\\/uploads\\\/2025\\\/05\\\/ABB-1.png\",\"contentUrl\":\"https:\\\/\\\/asynelectric.com\\\/wp-content\\\/uploads\\\/2025\\\/05\\\/ABB-1.png\",\"width\":2000,\"height\":2000,\"caption\":\"Asyn Electric\"},\"image\":{\"@id\":\"https:\\\/\\\/asynelectric.com\\\/#\\\/schema\\\/logo\\\/image\\\/\"},\"sameAs\":[\"https:\\\/\\\/www.facebook.com\\\/ASYNELECTRIC\",\"https:\\\/\\\/www.instagram.com\\\/asynelectric.pe\\\/\"]}]}<\/script>\n<!-- \/ Yoast SEO plugin. -->","yoast_head_json":{"title":"INTERFAZ DE RELEVADOR MODULAR MASTER BASIC 1CC 6A 24V AC\/DC\u250239.11.0.024.0060\u2502FINDER - Asyn Electric","robots":{"index":"noindex","follow":"follow"},"og_locale":"es_ES","og_type":"article","og_title":"INTERFAZ DE RELEVADOR MODULAR MASTER BASIC 1CC 6A 24V AC\/DC\u250239.11.0.024.0060\u2502FINDER - Asyn Electric","og_description":"Interfaz modular de\u00a06.2 mm\u00a0de ancho para riel DIN, con relevador conmutado (1CC) de\u00a06A\u00a0y alimentaci\u00f3n universal de\u00a024V AC\/DC.","og_url":"https:\/\/asynelectric.com\/index.php\/product\/interfaz-de-relevador-modular-master-basic-1cc-6a-24v-ac-dc-39-11-0-024-0060-finder\/","og_site_name":"Asyn Electric","article_publisher":"https:\/\/www.facebook.com\/ASYNELECTRIC","article_modified_time":"2026-03-10T19:19:17+00:00","og_image":[{"width":2000,"height":2000,"url":"https:\/\/asynelectric.com\/wp-content\/uploads\/2026\/02\/10.png","type":"image\/png"}],"twitter_card":"summary_large_image","twitter_misc":{"Tiempo de lectura":"1 minuto"},"schema":{"@context":"https:\/\/schema.org","@graph":[{"@type":"WebPage","@id":"https:\/\/asynelectric.com\/index.php\/product\/interfaz-de-relevador-modular-master-basic-1cc-6a-24v-ac-dc-39-11-0-024-0060-finder\/","url":"https:\/\/asynelectric.com\/index.php\/product\/interfaz-de-relevador-modular-master-basic-1cc-6a-24v-ac-dc-39-11-0-024-0060-finder\/","name":"INTERFAZ DE RELEVADOR MODULAR MASTER BASIC 1CC 6A 24V AC\/DC\u250239.11.0.024.0060\u2502FINDER - Asyn Electric","isPartOf":{"@id":"https:\/\/asynelectric.com\/#website"},"primaryImageOfPage":{"@id":"https:\/\/asynelectric.com\/index.php\/product\/interfaz-de-relevador-modular-master-basic-1cc-6a-24v-ac-dc-39-11-0-024-0060-finder\/#primaryimage"},"image":{"@id":"https:\/\/asynelectric.com\/index.php\/product\/interfaz-de-relevador-modular-master-basic-1cc-6a-24v-ac-dc-39-11-0-024-0060-finder\/#primaryimage"},"thumbnailUrl":"https:\/\/asynelectric.com\/wp-content\/uploads\/2026\/02\/10.png","datePublished":"2026-03-10T19:18:26+00:00","dateModified":"2026-03-10T19:19:17+00:00","breadcrumb":{"@id":"https:\/\/asynelectric.com\/index.php\/product\/interfaz-de-relevador-modular-master-basic-1cc-6a-24v-ac-dc-39-11-0-024-0060-finder\/#breadcrumb"},"inLanguage":"es","potentialAction":[{"@type":"ReadAction","target":["https:\/\/asynelectric.com\/index.php\/product\/interfaz-de-relevador-modular-master-basic-1cc-6a-24v-ac-dc-39-11-0-024-0060-finder\/"]}]},{"@type":"ImageObject","inLanguage":"es","@id":"https:\/\/asynelectric.com\/index.php\/product\/interfaz-de-relevador-modular-master-basic-1cc-6a-24v-ac-dc-39-11-0-024-0060-finder\/#primaryimage","url":"https:\/\/asynelectric.com\/wp-content\/uploads\/2026\/02\/10.png","contentUrl":"https:\/\/asynelectric.com\/wp-content\/uploads\/2026\/02\/10.png","width":2000,"height":2000},{"@type":"BreadcrumbList","@id":"https:\/\/asynelectric.com\/index.php\/product\/interfaz-de-relevador-modular-master-basic-1cc-6a-24v-ac-dc-39-11-0-024-0060-finder\/#breadcrumb","itemListElement":[{"@type":"ListItem","position":1,"name":"Portada","item":"https:\/\/asynelectric.com\/"},{"@type":"ListItem","position":2,"name":"Productos","item":"https:\/\/asynelectric.com\/index.php\/products\/"},{"@type":"ListItem","position":3,"name":"INTERFAZ DE RELEVADOR MODULAR MASTER BASIC 1CC 6A 24V AC\/DC\u250239.11.0.024.0060\u2502FINDER"}]},{"@type":"WebSite","@id":"https:\/\/asynelectric.com\/#website","url":"https:\/\/asynelectric.com\/","name":"Asyn Electric","description":"Venta de productos electricos, automatizacion y domotica","publisher":{"@id":"https:\/\/asynelectric.com\/#organization"},"potentialAction":[{"@type":"SearchAction","target":{"@type":"EntryPoint","urlTemplate":"https:\/\/asynelectric.com\/?s={search_term_string}"},"query-input":{"@type":"PropertyValueSpecification","valueRequired":true,"valueName":"search_term_string"}}],"inLanguage":"es"},{"@type":"Organization","@id":"https:\/\/asynelectric.com\/#organization","name":"Asyn Electric","url":"https:\/\/asynelectric.com\/","logo":{"@type":"ImageObject","inLanguage":"es","@id":"https:\/\/asynelectric.com\/#\/schema\/logo\/image\/","url":"https:\/\/asynelectric.com\/wp-content\/uploads\/2025\/05\/ABB-1.png","contentUrl":"https:\/\/asynelectric.com\/wp-content\/uploads\/2025\/05\/ABB-1.png","width":2000,"height":2000,"caption":"Asyn Electric"},"image":{"@id":"https:\/\/asynelectric.com\/#\/schema\/logo\/image\/"},"sameAs":["https:\/\/www.facebook.com\/ASYNELECTRIC","https:\/\/www.instagram.com\/asynelectric.pe\/"]}]}},"_links":{"self":[{"href":"https:\/\/asynelectric.com\/index.php\/wp-json\/wp\/v2\/product\/2876","targetHints":{"allow":["GET"]}}],"collection":[{"href":"https:\/\/asynelectric.com\/index.php\/wp-json\/wp\/v2\/product"}],"about":[{"href":"https:\/\/asynelectric.com\/index.php\/wp-json\/wp\/v2\/types\/product"}],"wp:featuredmedia":[{"embeddable":true,"href":"https:\/\/asynelectric.com\/index.php\/wp-json\/wp\/v2\/media\/2780"}],"wp:attachment":[{"href":"https:\/\/asynelectric.com\/index.php\/wp-json\/wp\/v2\/media?parent=2876"}],"wp:term":[{"taxonomy":"product_brand","embeddable":true,"href":"https:\/\/asynelectric.com\/index.php\/wp-json\/wp\/v2\/product_brand?post=2876"},{"taxonomy":"product_cat","embeddable":true,"href":"https:\/\/asynelectric.com\/index.php\/wp-json\/wp\/v2\/product_cat?post=2876"},{"taxonomy":"product_tag","embeddable":true,"href":"https:\/\/asynelectric.com\/index.php\/wp-json\/wp\/v2\/product_tag?post=2876"}],"curies":[{"name":"wp","href":"https:\/\/api.w.org\/{rel}","templated":true}]}}