{"id":2868,"date":"2026-03-10T12:59:06","date_gmt":"2026-03-10T17:59:06","guid":{"rendered":"https:\/\/asynelectric.com\/?post_type=product&#038;p=2868"},"modified":"2026-03-10T12:59:07","modified_gmt":"2026-03-10T17:59:07","slug":"telerruptor-monoestable-1na1nc-16a-24v-ac-20-23-8-024-4000-finder","status":"publish","type":"product","link":"https:\/\/asynelectric.com\/index.php\/product\/telerruptor-monoestable-1na1nc-16a-24v-ac-20-23-8-024-4000-finder\/","title":{"rendered":"TELERRUPTOR MONOESTABLE 1NA+1NC 16A 24V AC\u250220.23.8.024.4000\u2502FINDER"},"content":{"rendered":"<p>Optimice el control de iluminaci\u00f3n y cargas industriales con el\u00a0telerruptor Finder 20.23.8.024.4000, un rel\u00e9 de impulsos de alto rendimiento dise\u00f1ado para montaje en carril DIN. Este dispositivo destaca por su configuraci\u00f3n de\u00a01 contacto NA y 1 contacto NC, permitiendo maniobras combinadas de hasta\u00a016A\u00a0mediante una bobina de\u00a024V AC. Su dise\u00f1o incorpora un pr\u00e1ctico bot\u00f3n de prueba frontal que permite el accionamiento manual y la visualizaci\u00f3n mec\u00e1nica del estado de los contactos, facilitando las tareas de puesta en marcha y mantenimiento. Fabricado con contactos de\u00a0AgSnO2, est\u00e1 especialmente preparado para soportar las corrientes de pico de la iluminaci\u00f3n LED moderna y cargas reactivas, asegurando una conmutaci\u00f3n silenciosa y una prolongada vida \u00fatil. Su ancho compacto de un solo m\u00f3dulo lo convierte en la soluci\u00f3n ideal para automatizar pasillos, salas y tableros de control donde se requiere eficiencia operativa y ahorro de espacio.<\/p>\n","protected":false},"excerpt":{"rendered":"<div class=\"Y3BBE\" data-sfc-cp=\"\" data-sfc-cb=\"\" data-hveid=\"CAEIBRAA\" data-complete=\"true\" data-processed=\"true\">Rel\u00e9 de impulsos de\u00a016A\u00a0para riel DIN, con bobina de\u00a024V AC, configuraci\u00f3n de contactos\u00a01NA + 1NC\u00a0y bot\u00f3n de prueba con indicador mec\u00e1nico.\u00a0<span class=\"T286Pc\" data-sfc-cp=\"\" data-sfc-cb=\"\" data-complete=\"true\" data-processed=\"true\">Wiautomation<\/span>.<\/div>\n<div class=\"Fsg96\" data-sfc-cp=\"\" data-sfc-cb=\"\" data-complete=\"true\" data-processed=\"true\"><\/div>\n","protected":false},"featured_media":2773,"template":"","meta":[],"product_brand":[53],"product_cat":[134],"product_tag":[],"class_list":{"0":"post-2868","1":"product","2":"type-product","3":"status-publish","4":"has-post-thumbnail","6":"product_brand-finder","7":"product_cat-telerruptores","9":"first","10":"instock","11":"taxable","12":"shipping-taxable","13":"product-type-simple"},"yoast_head":"<!-- This site is optimized with the Yoast SEO plugin v27.5 - https:\/\/yoast.com\/product\/yoast-seo-wordpress\/ -->\n<title>TELERRUPTOR MONOESTABLE 1NA+1NC 16A 24V AC\u250220.23.8.024.4000\u2502FINDER - Asyn Electric<\/title>\n<meta name=\"robots\" content=\"noindex, follow\" \/>\n<meta property=\"og:locale\" content=\"es_ES\" \/>\n<meta property=\"og:type\" content=\"article\" \/>\n<meta property=\"og:title\" content=\"TELERRUPTOR MONOESTABLE 1NA+1NC 16A 24V AC\u250220.23.8.024.4000\u2502FINDER - Asyn Electric\" \/>\n<meta property=\"og:description\" content=\"Rel\u00e9 de impulsos de\u00a016A\u00a0para riel DIN, con bobina de\u00a024V AC, configuraci\u00f3n de contactos\u00a01NA + 1NC\u00a0y bot\u00f3n de prueba con indicador mec\u00e1nico.\u00a0Wiautomation.\" \/>\n<meta property=\"og:url\" content=\"https:\/\/asynelectric.com\/index.php\/product\/telerruptor-monoestable-1na1nc-16a-24v-ac-20-23-8-024-4000-finder\/\" \/>\n<meta property=\"og:site_name\" content=\"Asyn Electric\" \/>\n<meta property=\"article:publisher\" content=\"https:\/\/www.facebook.com\/ASYNELECTRIC\" \/>\n<meta property=\"article:modified_time\" content=\"2026-03-10T17:59:07+00:00\" \/>\n<meta property=\"og:image\" content=\"https:\/\/asynelectric.com\/wp-content\/uploads\/2026\/02\/3.png\" \/>\n\t<meta property=\"og:image:width\" content=\"2000\" \/>\n\t<meta property=\"og:image:height\" content=\"2000\" \/>\n\t<meta property=\"og:image:type\" content=\"image\/png\" \/>\n<meta name=\"twitter:card\" content=\"summary_large_image\" \/>\n<meta name=\"twitter:label1\" content=\"Tiempo de lectura\" \/>\n\t<meta name=\"twitter:data1\" content=\"1 minuto\" \/>\n<script type=\"application\/ld+json\" class=\"yoast-schema-graph\">{\"@context\":\"https:\\\/\\\/schema.org\",\"@graph\":[{\"@type\":\"WebPage\",\"@id\":\"https:\\\/\\\/asynelectric.com\\\/index.php\\\/product\\\/telerruptor-monoestable-1na1nc-16a-24v-ac-20-23-8-024-4000-finder\\\/\",\"url\":\"https:\\\/\\\/asynelectric.com\\\/index.php\\\/product\\\/telerruptor-monoestable-1na1nc-16a-24v-ac-20-23-8-024-4000-finder\\\/\",\"name\":\"TELERRUPTOR MONOESTABLE 1NA+1NC 16A 24V AC\u250220.23.8.024.4000\u2502FINDER - Asyn Electric\",\"isPartOf\":{\"@id\":\"https:\\\/\\\/asynelectric.com\\\/#website\"},\"primaryImageOfPage\":{\"@id\":\"https:\\\/\\\/asynelectric.com\\\/index.php\\\/product\\\/telerruptor-monoestable-1na1nc-16a-24v-ac-20-23-8-024-4000-finder\\\/#primaryimage\"},\"image\":{\"@id\":\"https:\\\/\\\/asynelectric.com\\\/index.php\\\/product\\\/telerruptor-monoestable-1na1nc-16a-24v-ac-20-23-8-024-4000-finder\\\/#primaryimage\"},\"thumbnailUrl\":\"https:\\\/\\\/asynelectric.com\\\/wp-content\\\/uploads\\\/2026\\\/02\\\/3.png\",\"datePublished\":\"2026-03-10T17:59:06+00:00\",\"dateModified\":\"2026-03-10T17:59:07+00:00\",\"breadcrumb\":{\"@id\":\"https:\\\/\\\/asynelectric.com\\\/index.php\\\/product\\\/telerruptor-monoestable-1na1nc-16a-24v-ac-20-23-8-024-4000-finder\\\/#breadcrumb\"},\"inLanguage\":\"es\",\"potentialAction\":[{\"@type\":\"ReadAction\",\"target\":[\"https:\\\/\\\/asynelectric.com\\\/index.php\\\/product\\\/telerruptor-monoestable-1na1nc-16a-24v-ac-20-23-8-024-4000-finder\\\/\"]}]},{\"@type\":\"ImageObject\",\"inLanguage\":\"es\",\"@id\":\"https:\\\/\\\/asynelectric.com\\\/index.php\\\/product\\\/telerruptor-monoestable-1na1nc-16a-24v-ac-20-23-8-024-4000-finder\\\/#primaryimage\",\"url\":\"https:\\\/\\\/asynelectric.com\\\/wp-content\\\/uploads\\\/2026\\\/02\\\/3.png\",\"contentUrl\":\"https:\\\/\\\/asynelectric.com\\\/wp-content\\\/uploads\\\/2026\\\/02\\\/3.png\",\"width\":2000,\"height\":2000},{\"@type\":\"BreadcrumbList\",\"@id\":\"https:\\\/\\\/asynelectric.com\\\/index.php\\\/product\\\/telerruptor-monoestable-1na1nc-16a-24v-ac-20-23-8-024-4000-finder\\\/#breadcrumb\",\"itemListElement\":[{\"@type\":\"ListItem\",\"position\":1,\"name\":\"Portada\",\"item\":\"https:\\\/\\\/asynelectric.com\\\/\"},{\"@type\":\"ListItem\",\"position\":2,\"name\":\"Productos\",\"item\":\"https:\\\/\\\/asynelectric.com\\\/index.php\\\/products\\\/\"},{\"@type\":\"ListItem\",\"position\":3,\"name\":\"TELERRUPTOR MONOESTABLE 1NA+1NC 16A 24V AC\u250220.23.8.024.4000\u2502FINDER\"}]},{\"@type\":\"WebSite\",\"@id\":\"https:\\\/\\\/asynelectric.com\\\/#website\",\"url\":\"https:\\\/\\\/asynelectric.com\\\/\",\"name\":\"Asyn Electric\",\"description\":\"Venta de productos electricos, automatizacion y domotica\",\"publisher\":{\"@id\":\"https:\\\/\\\/asynelectric.com\\\/#organization\"},\"potentialAction\":[{\"@type\":\"SearchAction\",\"target\":{\"@type\":\"EntryPoint\",\"urlTemplate\":\"https:\\\/\\\/asynelectric.com\\\/?s={search_term_string}\"},\"query-input\":{\"@type\":\"PropertyValueSpecification\",\"valueRequired\":true,\"valueName\":\"search_term_string\"}}],\"inLanguage\":\"es\"},{\"@type\":\"Organization\",\"@id\":\"https:\\\/\\\/asynelectric.com\\\/#organization\",\"name\":\"Asyn Electric\",\"url\":\"https:\\\/\\\/asynelectric.com\\\/\",\"logo\":{\"@type\":\"ImageObject\",\"inLanguage\":\"es\",\"@id\":\"https:\\\/\\\/asynelectric.com\\\/#\\\/schema\\\/logo\\\/image\\\/\",\"url\":\"https:\\\/\\\/asynelectric.com\\\/wp-content\\\/uploads\\\/2025\\\/05\\\/ABB-1.png\",\"contentUrl\":\"https:\\\/\\\/asynelectric.com\\\/wp-content\\\/uploads\\\/2025\\\/05\\\/ABB-1.png\",\"width\":2000,\"height\":2000,\"caption\":\"Asyn Electric\"},\"image\":{\"@id\":\"https:\\\/\\\/asynelectric.com\\\/#\\\/schema\\\/logo\\\/image\\\/\"},\"sameAs\":[\"https:\\\/\\\/www.facebook.com\\\/ASYNELECTRIC\",\"https:\\\/\\\/www.instagram.com\\\/asynelectric.pe\\\/\"]}]}<\/script>\n<!-- \/ Yoast SEO plugin. -->","yoast_head_json":{"title":"TELERRUPTOR MONOESTABLE 1NA+1NC 16A 24V AC\u250220.23.8.024.4000\u2502FINDER - Asyn Electric","robots":{"index":"noindex","follow":"follow"},"og_locale":"es_ES","og_type":"article","og_title":"TELERRUPTOR MONOESTABLE 1NA+1NC 16A 24V AC\u250220.23.8.024.4000\u2502FINDER - Asyn Electric","og_description":"Rel\u00e9 de impulsos de\u00a016A\u00a0para riel DIN, con bobina de\u00a024V AC, configuraci\u00f3n de contactos\u00a01NA + 1NC\u00a0y bot\u00f3n de prueba con indicador mec\u00e1nico.\u00a0Wiautomation.","og_url":"https:\/\/asynelectric.com\/index.php\/product\/telerruptor-monoestable-1na1nc-16a-24v-ac-20-23-8-024-4000-finder\/","og_site_name":"Asyn Electric","article_publisher":"https:\/\/www.facebook.com\/ASYNELECTRIC","article_modified_time":"2026-03-10T17:59:07+00:00","og_image":[{"width":2000,"height":2000,"url":"https:\/\/asynelectric.com\/wp-content\/uploads\/2026\/02\/3.png","type":"image\/png"}],"twitter_card":"summary_large_image","twitter_misc":{"Tiempo de lectura":"1 minuto"},"schema":{"@context":"https:\/\/schema.org","@graph":[{"@type":"WebPage","@id":"https:\/\/asynelectric.com\/index.php\/product\/telerruptor-monoestable-1na1nc-16a-24v-ac-20-23-8-024-4000-finder\/","url":"https:\/\/asynelectric.com\/index.php\/product\/telerruptor-monoestable-1na1nc-16a-24v-ac-20-23-8-024-4000-finder\/","name":"TELERRUPTOR MONOESTABLE 1NA+1NC 16A 24V AC\u250220.23.8.024.4000\u2502FINDER - Asyn Electric","isPartOf":{"@id":"https:\/\/asynelectric.com\/#website"},"primaryImageOfPage":{"@id":"https:\/\/asynelectric.com\/index.php\/product\/telerruptor-monoestable-1na1nc-16a-24v-ac-20-23-8-024-4000-finder\/#primaryimage"},"image":{"@id":"https:\/\/asynelectric.com\/index.php\/product\/telerruptor-monoestable-1na1nc-16a-24v-ac-20-23-8-024-4000-finder\/#primaryimage"},"thumbnailUrl":"https:\/\/asynelectric.com\/wp-content\/uploads\/2026\/02\/3.png","datePublished":"2026-03-10T17:59:06+00:00","dateModified":"2026-03-10T17:59:07+00:00","breadcrumb":{"@id":"https:\/\/asynelectric.com\/index.php\/product\/telerruptor-monoestable-1na1nc-16a-24v-ac-20-23-8-024-4000-finder\/#breadcrumb"},"inLanguage":"es","potentialAction":[{"@type":"ReadAction","target":["https:\/\/asynelectric.com\/index.php\/product\/telerruptor-monoestable-1na1nc-16a-24v-ac-20-23-8-024-4000-finder\/"]}]},{"@type":"ImageObject","inLanguage":"es","@id":"https:\/\/asynelectric.com\/index.php\/product\/telerruptor-monoestable-1na1nc-16a-24v-ac-20-23-8-024-4000-finder\/#primaryimage","url":"https:\/\/asynelectric.com\/wp-content\/uploads\/2026\/02\/3.png","contentUrl":"https:\/\/asynelectric.com\/wp-content\/uploads\/2026\/02\/3.png","width":2000,"height":2000},{"@type":"BreadcrumbList","@id":"https:\/\/asynelectric.com\/index.php\/product\/telerruptor-monoestable-1na1nc-16a-24v-ac-20-23-8-024-4000-finder\/#breadcrumb","itemListElement":[{"@type":"ListItem","position":1,"name":"Portada","item":"https:\/\/asynelectric.com\/"},{"@type":"ListItem","position":2,"name":"Productos","item":"https:\/\/asynelectric.com\/index.php\/products\/"},{"@type":"ListItem","position":3,"name":"TELERRUPTOR MONOESTABLE 1NA+1NC 16A 24V AC\u250220.23.8.024.4000\u2502FINDER"}]},{"@type":"WebSite","@id":"https:\/\/asynelectric.com\/#website","url":"https:\/\/asynelectric.com\/","name":"Asyn Electric","description":"Venta de productos electricos, automatizacion y domotica","publisher":{"@id":"https:\/\/asynelectric.com\/#organization"},"potentialAction":[{"@type":"SearchAction","target":{"@type":"EntryPoint","urlTemplate":"https:\/\/asynelectric.com\/?s={search_term_string}"},"query-input":{"@type":"PropertyValueSpecification","valueRequired":true,"valueName":"search_term_string"}}],"inLanguage":"es"},{"@type":"Organization","@id":"https:\/\/asynelectric.com\/#organization","name":"Asyn Electric","url":"https:\/\/asynelectric.com\/","logo":{"@type":"ImageObject","inLanguage":"es","@id":"https:\/\/asynelectric.com\/#\/schema\/logo\/image\/","url":"https:\/\/asynelectric.com\/wp-content\/uploads\/2025\/05\/ABB-1.png","contentUrl":"https:\/\/asynelectric.com\/wp-content\/uploads\/2025\/05\/ABB-1.png","width":2000,"height":2000,"caption":"Asyn Electric"},"image":{"@id":"https:\/\/asynelectric.com\/#\/schema\/logo\/image\/"},"sameAs":["https:\/\/www.facebook.com\/ASYNELECTRIC","https:\/\/www.instagram.com\/asynelectric.pe\/"]}]}},"_links":{"self":[{"href":"https:\/\/asynelectric.com\/index.php\/wp-json\/wp\/v2\/product\/2868","targetHints":{"allow":["GET"]}}],"collection":[{"href":"https:\/\/asynelectric.com\/index.php\/wp-json\/wp\/v2\/product"}],"about":[{"href":"https:\/\/asynelectric.com\/index.php\/wp-json\/wp\/v2\/types\/product"}],"wp:featuredmedia":[{"embeddable":true,"href":"https:\/\/asynelectric.com\/index.php\/wp-json\/wp\/v2\/media\/2773"}],"wp:attachment":[{"href":"https:\/\/asynelectric.com\/index.php\/wp-json\/wp\/v2\/media?parent=2868"}],"wp:term":[{"taxonomy":"product_brand","embeddable":true,"href":"https:\/\/asynelectric.com\/index.php\/wp-json\/wp\/v2\/product_brand?post=2868"},{"taxonomy":"product_cat","embeddable":true,"href":"https:\/\/asynelectric.com\/index.php\/wp-json\/wp\/v2\/product_cat?post=2868"},{"taxonomy":"product_tag","embeddable":true,"href":"https:\/\/asynelectric.com\/index.php\/wp-json\/wp\/v2\/product_tag?post=2868"}],"curies":[{"name":"wp","href":"https:\/\/api.w.org\/{rel}","templated":true}]}}