{"id":2755,"date":"2026-02-18T10:03:35","date_gmt":"2026-02-18T15:03:35","guid":{"rendered":"https:\/\/asynelectric.com\/?post_type=product&#038;p=2755"},"modified":"2026-02-20T15:57:37","modified_gmt":"2026-02-20T20:57:37","slug":"modulo-de-senalizacion-y-proteccion-led-110-240v-ac-dc-99-02-0-230-59-finder","status":"publish","type":"product","link":"https:\/\/asynelectric.com\/index.php\/product\/modulo-de-senalizacion-y-proteccion-led-110-240v-ac-dc-99-02-0-230-59-finder\/","title":{"rendered":"MODULO DE SE\u00d1ALIZACION Y PROTECCION LED 110-240V AC\/DC\u250299.02.0.230.59\u2502FINDER"},"content":{"rendered":"<p>Este accesorio esencial para bases de relevadores industriales proporciona una indicaci\u00f3n visual clara mediante un LED verde de alta visibilidad. Dise\u00f1ado para operar en un rango de 110 a 240V AC\/DC, permite monitorear el estado de la bobina de forma inmediata, facilitando el diagn\u00f3stico y mantenimiento en tableros de control. Su instalaci\u00f3n es directa y compatible con las bases de las series 90, 92, 94, 95, 96 y 97 de Finder, garantizando una integraci\u00f3n r\u00e1pida y segura en cualquier sistema de automatizaci\u00f3n seg\u00fan las especificaciones de <span class=\"T286Pc\" data-sfc-cp=\"\" data-complete=\"true\" aria-owns=\"action-menu-parent-container\">Finder.<\/span><\/p>\n","protected":false},"excerpt":{"rendered":"<p>Indicador visual verde de 110-240V AC\/DC para bases de relevador.<\/p>\n","protected":false},"featured_media":2788,"template":"","meta":[],"product_brand":[53],"product_cat":[87],"product_tag":[],"class_list":{"0":"post-2755","1":"product","2":"type-product","3":"status-publish","4":"has-post-thumbnail","6":"product_brand-finder","7":"product_cat-accesorios-para-rele","9":"first","10":"instock","11":"taxable","12":"shipping-taxable","13":"product-type-simple"},"yoast_head":"<!-- This site is optimized with the Yoast SEO plugin v27.5 - https:\/\/yoast.com\/product\/yoast-seo-wordpress\/ -->\n<title>MODULO DE SE\u00d1ALIZACION Y PROTECCION LED 110-240V AC\/DC\u250299.02.0.230.59\u2502FINDER - Asyn Electric<\/title>\n<meta name=\"robots\" content=\"noindex, follow\" \/>\n<meta property=\"og:locale\" content=\"es_ES\" \/>\n<meta property=\"og:type\" content=\"article\" \/>\n<meta property=\"og:title\" content=\"MODULO DE SE\u00d1ALIZACION Y PROTECCION LED 110-240V AC\/DC\u250299.02.0.230.59\u2502FINDER - Asyn Electric\" \/>\n<meta property=\"og:description\" content=\"Indicador visual verde de 110-240V AC\/DC para bases de relevador.\" \/>\n<meta property=\"og:url\" content=\"https:\/\/asynelectric.com\/index.php\/product\/modulo-de-senalizacion-y-proteccion-led-110-240v-ac-dc-99-02-0-230-59-finder\/\" \/>\n<meta property=\"og:site_name\" content=\"Asyn Electric\" \/>\n<meta property=\"article:publisher\" content=\"https:\/\/www.facebook.com\/ASYNELECTRIC\" \/>\n<meta property=\"article:modified_time\" content=\"2026-02-20T20:57:37+00:00\" \/>\n<meta property=\"og:image\" content=\"https:\/\/asynelectric.com\/wp-content\/uploads\/2026\/02\/53.png\" \/>\n\t<meta property=\"og:image:width\" content=\"2000\" \/>\n\t<meta property=\"og:image:height\" content=\"2000\" \/>\n\t<meta property=\"og:image:type\" content=\"image\/png\" \/>\n<meta name=\"twitter:card\" content=\"summary_large_image\" \/>\n<meta name=\"twitter:label1\" content=\"Tiempo de lectura\" \/>\n\t<meta name=\"twitter:data1\" content=\"1 minuto\" \/>\n<script type=\"application\/ld+json\" class=\"yoast-schema-graph\">{\"@context\":\"https:\\\/\\\/schema.org\",\"@graph\":[{\"@type\":\"WebPage\",\"@id\":\"https:\\\/\\\/asynelectric.com\\\/index.php\\\/product\\\/modulo-de-senalizacion-y-proteccion-led-110-240v-ac-dc-99-02-0-230-59-finder\\\/\",\"url\":\"https:\\\/\\\/asynelectric.com\\\/index.php\\\/product\\\/modulo-de-senalizacion-y-proteccion-led-110-240v-ac-dc-99-02-0-230-59-finder\\\/\",\"name\":\"MODULO DE SE\u00d1ALIZACION Y PROTECCION LED 110-240V AC\\\/DC\u250299.02.0.230.59\u2502FINDER - Asyn Electric\",\"isPartOf\":{\"@id\":\"https:\\\/\\\/asynelectric.com\\\/#website\"},\"primaryImageOfPage\":{\"@id\":\"https:\\\/\\\/asynelectric.com\\\/index.php\\\/product\\\/modulo-de-senalizacion-y-proteccion-led-110-240v-ac-dc-99-02-0-230-59-finder\\\/#primaryimage\"},\"image\":{\"@id\":\"https:\\\/\\\/asynelectric.com\\\/index.php\\\/product\\\/modulo-de-senalizacion-y-proteccion-led-110-240v-ac-dc-99-02-0-230-59-finder\\\/#primaryimage\"},\"thumbnailUrl\":\"https:\\\/\\\/asynelectric.com\\\/wp-content\\\/uploads\\\/2026\\\/02\\\/53.png\",\"datePublished\":\"2026-02-18T15:03:35+00:00\",\"dateModified\":\"2026-02-20T20:57:37+00:00\",\"breadcrumb\":{\"@id\":\"https:\\\/\\\/asynelectric.com\\\/index.php\\\/product\\\/modulo-de-senalizacion-y-proteccion-led-110-240v-ac-dc-99-02-0-230-59-finder\\\/#breadcrumb\"},\"inLanguage\":\"es\",\"potentialAction\":[{\"@type\":\"ReadAction\",\"target\":[\"https:\\\/\\\/asynelectric.com\\\/index.php\\\/product\\\/modulo-de-senalizacion-y-proteccion-led-110-240v-ac-dc-99-02-0-230-59-finder\\\/\"]}]},{\"@type\":\"ImageObject\",\"inLanguage\":\"es\",\"@id\":\"https:\\\/\\\/asynelectric.com\\\/index.php\\\/product\\\/modulo-de-senalizacion-y-proteccion-led-110-240v-ac-dc-99-02-0-230-59-finder\\\/#primaryimage\",\"url\":\"https:\\\/\\\/asynelectric.com\\\/wp-content\\\/uploads\\\/2026\\\/02\\\/53.png\",\"contentUrl\":\"https:\\\/\\\/asynelectric.com\\\/wp-content\\\/uploads\\\/2026\\\/02\\\/53.png\",\"width\":2000,\"height\":2000},{\"@type\":\"BreadcrumbList\",\"@id\":\"https:\\\/\\\/asynelectric.com\\\/index.php\\\/product\\\/modulo-de-senalizacion-y-proteccion-led-110-240v-ac-dc-99-02-0-230-59-finder\\\/#breadcrumb\",\"itemListElement\":[{\"@type\":\"ListItem\",\"position\":1,\"name\":\"Portada\",\"item\":\"https:\\\/\\\/asynelectric.com\\\/\"},{\"@type\":\"ListItem\",\"position\":2,\"name\":\"Productos\",\"item\":\"https:\\\/\\\/asynelectric.com\\\/index.php\\\/products\\\/\"},{\"@type\":\"ListItem\",\"position\":3,\"name\":\"MODULO DE SE\u00d1ALIZACION Y PROTECCION LED 110-240V AC\\\/DC\u250299.02.0.230.59\u2502FINDER\"}]},{\"@type\":\"WebSite\",\"@id\":\"https:\\\/\\\/asynelectric.com\\\/#website\",\"url\":\"https:\\\/\\\/asynelectric.com\\\/\",\"name\":\"Asyn Electric\",\"description\":\"Venta de productos electricos, automatizacion y domotica\",\"publisher\":{\"@id\":\"https:\\\/\\\/asynelectric.com\\\/#organization\"},\"potentialAction\":[{\"@type\":\"SearchAction\",\"target\":{\"@type\":\"EntryPoint\",\"urlTemplate\":\"https:\\\/\\\/asynelectric.com\\\/?s={search_term_string}\"},\"query-input\":{\"@type\":\"PropertyValueSpecification\",\"valueRequired\":true,\"valueName\":\"search_term_string\"}}],\"inLanguage\":\"es\"},{\"@type\":\"Organization\",\"@id\":\"https:\\\/\\\/asynelectric.com\\\/#organization\",\"name\":\"Asyn Electric\",\"url\":\"https:\\\/\\\/asynelectric.com\\\/\",\"logo\":{\"@type\":\"ImageObject\",\"inLanguage\":\"es\",\"@id\":\"https:\\\/\\\/asynelectric.com\\\/#\\\/schema\\\/logo\\\/image\\\/\",\"url\":\"https:\\\/\\\/asynelectric.com\\\/wp-content\\\/uploads\\\/2025\\\/05\\\/ABB-1.png\",\"contentUrl\":\"https:\\\/\\\/asynelectric.com\\\/wp-content\\\/uploads\\\/2025\\\/05\\\/ABB-1.png\",\"width\":2000,\"height\":2000,\"caption\":\"Asyn Electric\"},\"image\":{\"@id\":\"https:\\\/\\\/asynelectric.com\\\/#\\\/schema\\\/logo\\\/image\\\/\"},\"sameAs\":[\"https:\\\/\\\/www.facebook.com\\\/ASYNELECTRIC\",\"https:\\\/\\\/www.instagram.com\\\/asynelectric.pe\\\/\"]}]}<\/script>\n<!-- \/ Yoast SEO plugin. -->","yoast_head_json":{"title":"MODULO DE SE\u00d1ALIZACION Y PROTECCION LED 110-240V AC\/DC\u250299.02.0.230.59\u2502FINDER - Asyn Electric","robots":{"index":"noindex","follow":"follow"},"og_locale":"es_ES","og_type":"article","og_title":"MODULO DE SE\u00d1ALIZACION Y PROTECCION LED 110-240V AC\/DC\u250299.02.0.230.59\u2502FINDER - Asyn Electric","og_description":"Indicador visual verde de 110-240V AC\/DC para bases de relevador.","og_url":"https:\/\/asynelectric.com\/index.php\/product\/modulo-de-senalizacion-y-proteccion-led-110-240v-ac-dc-99-02-0-230-59-finder\/","og_site_name":"Asyn Electric","article_publisher":"https:\/\/www.facebook.com\/ASYNELECTRIC","article_modified_time":"2026-02-20T20:57:37+00:00","og_image":[{"width":2000,"height":2000,"url":"https:\/\/asynelectric.com\/wp-content\/uploads\/2026\/02\/53.png","type":"image\/png"}],"twitter_card":"summary_large_image","twitter_misc":{"Tiempo de lectura":"1 minuto"},"schema":{"@context":"https:\/\/schema.org","@graph":[{"@type":"WebPage","@id":"https:\/\/asynelectric.com\/index.php\/product\/modulo-de-senalizacion-y-proteccion-led-110-240v-ac-dc-99-02-0-230-59-finder\/","url":"https:\/\/asynelectric.com\/index.php\/product\/modulo-de-senalizacion-y-proteccion-led-110-240v-ac-dc-99-02-0-230-59-finder\/","name":"MODULO DE SE\u00d1ALIZACION Y PROTECCION LED 110-240V AC\/DC\u250299.02.0.230.59\u2502FINDER - Asyn Electric","isPartOf":{"@id":"https:\/\/asynelectric.com\/#website"},"primaryImageOfPage":{"@id":"https:\/\/asynelectric.com\/index.php\/product\/modulo-de-senalizacion-y-proteccion-led-110-240v-ac-dc-99-02-0-230-59-finder\/#primaryimage"},"image":{"@id":"https:\/\/asynelectric.com\/index.php\/product\/modulo-de-senalizacion-y-proteccion-led-110-240v-ac-dc-99-02-0-230-59-finder\/#primaryimage"},"thumbnailUrl":"https:\/\/asynelectric.com\/wp-content\/uploads\/2026\/02\/53.png","datePublished":"2026-02-18T15:03:35+00:00","dateModified":"2026-02-20T20:57:37+00:00","breadcrumb":{"@id":"https:\/\/asynelectric.com\/index.php\/product\/modulo-de-senalizacion-y-proteccion-led-110-240v-ac-dc-99-02-0-230-59-finder\/#breadcrumb"},"inLanguage":"es","potentialAction":[{"@type":"ReadAction","target":["https:\/\/asynelectric.com\/index.php\/product\/modulo-de-senalizacion-y-proteccion-led-110-240v-ac-dc-99-02-0-230-59-finder\/"]}]},{"@type":"ImageObject","inLanguage":"es","@id":"https:\/\/asynelectric.com\/index.php\/product\/modulo-de-senalizacion-y-proteccion-led-110-240v-ac-dc-99-02-0-230-59-finder\/#primaryimage","url":"https:\/\/asynelectric.com\/wp-content\/uploads\/2026\/02\/53.png","contentUrl":"https:\/\/asynelectric.com\/wp-content\/uploads\/2026\/02\/53.png","width":2000,"height":2000},{"@type":"BreadcrumbList","@id":"https:\/\/asynelectric.com\/index.php\/product\/modulo-de-senalizacion-y-proteccion-led-110-240v-ac-dc-99-02-0-230-59-finder\/#breadcrumb","itemListElement":[{"@type":"ListItem","position":1,"name":"Portada","item":"https:\/\/asynelectric.com\/"},{"@type":"ListItem","position":2,"name":"Productos","item":"https:\/\/asynelectric.com\/index.php\/products\/"},{"@type":"ListItem","position":3,"name":"MODULO DE SE\u00d1ALIZACION Y PROTECCION LED 110-240V AC\/DC\u250299.02.0.230.59\u2502FINDER"}]},{"@type":"WebSite","@id":"https:\/\/asynelectric.com\/#website","url":"https:\/\/asynelectric.com\/","name":"Asyn Electric","description":"Venta de productos electricos, automatizacion y domotica","publisher":{"@id":"https:\/\/asynelectric.com\/#organization"},"potentialAction":[{"@type":"SearchAction","target":{"@type":"EntryPoint","urlTemplate":"https:\/\/asynelectric.com\/?s={search_term_string}"},"query-input":{"@type":"PropertyValueSpecification","valueRequired":true,"valueName":"search_term_string"}}],"inLanguage":"es"},{"@type":"Organization","@id":"https:\/\/asynelectric.com\/#organization","name":"Asyn Electric","url":"https:\/\/asynelectric.com\/","logo":{"@type":"ImageObject","inLanguage":"es","@id":"https:\/\/asynelectric.com\/#\/schema\/logo\/image\/","url":"https:\/\/asynelectric.com\/wp-content\/uploads\/2025\/05\/ABB-1.png","contentUrl":"https:\/\/asynelectric.com\/wp-content\/uploads\/2025\/05\/ABB-1.png","width":2000,"height":2000,"caption":"Asyn Electric"},"image":{"@id":"https:\/\/asynelectric.com\/#\/schema\/logo\/image\/"},"sameAs":["https:\/\/www.facebook.com\/ASYNELECTRIC","https:\/\/www.instagram.com\/asynelectric.pe\/"]}]}},"_links":{"self":[{"href":"https:\/\/asynelectric.com\/index.php\/wp-json\/wp\/v2\/product\/2755","targetHints":{"allow":["GET"]}}],"collection":[{"href":"https:\/\/asynelectric.com\/index.php\/wp-json\/wp\/v2\/product"}],"about":[{"href":"https:\/\/asynelectric.com\/index.php\/wp-json\/wp\/v2\/types\/product"}],"wp:featuredmedia":[{"embeddable":true,"href":"https:\/\/asynelectric.com\/index.php\/wp-json\/wp\/v2\/media\/2788"}],"wp:attachment":[{"href":"https:\/\/asynelectric.com\/index.php\/wp-json\/wp\/v2\/media?parent=2755"}],"wp:term":[{"taxonomy":"product_brand","embeddable":true,"href":"https:\/\/asynelectric.com\/index.php\/wp-json\/wp\/v2\/product_brand?post=2755"},{"taxonomy":"product_cat","embeddable":true,"href":"https:\/\/asynelectric.com\/index.php\/wp-json\/wp\/v2\/product_cat?post=2755"},{"taxonomy":"product_tag","embeddable":true,"href":"https:\/\/asynelectric.com\/index.php\/wp-json\/wp\/v2\/product_tag?post=2755"}],"curies":[{"name":"wp","href":"https:\/\/api.w.org\/{rel}","templated":true}]}}