{"id":2747,"date":"2026-02-17T15:02:24","date_gmt":"2026-02-17T20:02:24","guid":{"rendered":"https:\/\/asynelectric.com\/?post_type=product&#038;p=2747"},"modified":"2026-02-20T16:01:38","modified_gmt":"2026-02-20T21:01:38","slug":"calefactor-de-cuadro-100w-120-240v-ac-dc-7h-51-0-230-0100-finder","status":"publish","type":"product","link":"https:\/\/asynelectric.com\/index.php\/product\/calefactor-de-cuadro-100w-120-240v-ac-dc-7h-51-0-230-0100-finder\/","title":{"rendered":"CALEFACTOR DE CUADRO 100W 120-240V AC\/DC\u25027H.51.0.230.0100\u2502FINDER"},"content":{"rendered":"<p data-start=\"440\" data-end=\"712\">La resistencia calefactora para gabinetes Finder 7H.51.0.230.0100 est\u00e1 dise\u00f1ada para mantener una temperatura m\u00ednima constante dentro de tableros el\u00e9ctricos, evitando la formaci\u00f3n de condensaci\u00f3n, corrosi\u00f3n y fallas prematuras en componentes el\u00e9ctricos y electr\u00f3nicos.<\/p>\n<p data-start=\"714\" data-end=\"1024\">Gracias a su elemento calefactor PTC autorregulable, proporciona un calentamiento seguro y eficiente, limitando autom\u00e1ticamente la temperatura de la superficie. Es apta para alimentaci\u00f3n en corriente alterna y continua (120\u2013240 VAC\/DC), lo que la hace altamente vers\u00e1til para aplicaciones industriales.<\/p>\n<p data-start=\"1026\" data-end=\"1257\">Su dise\u00f1o compacto permite una instalaci\u00f3n vertical en riel DIN, siendo ideal para tableros de automatizaci\u00f3n, control industrial, telecomunicaciones, energ\u00eda y aplicaciones en ambientes con alta humedad o variaciones t\u00e9rmicas.<\/p>\n","protected":false},"excerpt":{"rendered":"<p>Resistencia calefactora Finder 7H.51.0.230.0100 de 100 W, ideal para tableros de control y automatizaci\u00f3n industrial.<\/p>\n","protected":false},"featured_media":2792,"template":"","meta":[],"product_brand":[53],"product_cat":[91],"product_tag":[],"class_list":{"0":"post-2747","1":"product","2":"type-product","3":"status-publish","4":"has-post-thumbnail","6":"product_brand-finder","7":"product_cat-climatizacion","9":"first","10":"instock","11":"taxable","12":"shipping-taxable","13":"product-type-simple"},"yoast_head":"<!-- This site is optimized with the Yoast SEO plugin v27.5 - https:\/\/yoast.com\/product\/yoast-seo-wordpress\/ -->\n<title>CALEFACTOR DE CUADRO 100W 120-240V AC\/DC\u25027H.51.0.230.0100\u2502FINDER - Asyn Electric<\/title>\n<meta name=\"robots\" content=\"noindex, follow\" \/>\n<meta property=\"og:locale\" content=\"es_ES\" \/>\n<meta property=\"og:type\" content=\"article\" \/>\n<meta property=\"og:title\" content=\"CALEFACTOR DE CUADRO 100W 120-240V AC\/DC\u25027H.51.0.230.0100\u2502FINDER - Asyn Electric\" \/>\n<meta property=\"og:description\" content=\"Resistencia calefactora Finder 7H.51.0.230.0100 de 100 W, ideal para tableros de control y automatizaci\u00f3n industrial.\" \/>\n<meta property=\"og:url\" content=\"https:\/\/asynelectric.com\/index.php\/product\/calefactor-de-cuadro-100w-120-240v-ac-dc-7h-51-0-230-0100-finder\/\" \/>\n<meta property=\"og:site_name\" content=\"Asyn Electric\" \/>\n<meta property=\"article:publisher\" content=\"https:\/\/www.facebook.com\/ASYNELECTRIC\" \/>\n<meta property=\"article:modified_time\" content=\"2026-02-20T21:01:38+00:00\" \/>\n<meta property=\"og:image\" content=\"https:\/\/asynelectric.com\/wp-content\/uploads\/2026\/02\/72.png\" \/>\n\t<meta property=\"og:image:width\" content=\"2000\" \/>\n\t<meta property=\"og:image:height\" content=\"2000\" \/>\n\t<meta property=\"og:image:type\" content=\"image\/png\" \/>\n<meta name=\"twitter:card\" content=\"summary_large_image\" \/>\n<meta name=\"twitter:label1\" content=\"Tiempo de lectura\" \/>\n\t<meta name=\"twitter:data1\" content=\"1 minuto\" \/>\n<script type=\"application\/ld+json\" class=\"yoast-schema-graph\">{\"@context\":\"https:\\\/\\\/schema.org\",\"@graph\":[{\"@type\":\"WebPage\",\"@id\":\"https:\\\/\\\/asynelectric.com\\\/index.php\\\/product\\\/calefactor-de-cuadro-100w-120-240v-ac-dc-7h-51-0-230-0100-finder\\\/\",\"url\":\"https:\\\/\\\/asynelectric.com\\\/index.php\\\/product\\\/calefactor-de-cuadro-100w-120-240v-ac-dc-7h-51-0-230-0100-finder\\\/\",\"name\":\"CALEFACTOR DE CUADRO 100W 120-240V AC\\\/DC\u25027H.51.0.230.0100\u2502FINDER - Asyn Electric\",\"isPartOf\":{\"@id\":\"https:\\\/\\\/asynelectric.com\\\/#website\"},\"primaryImageOfPage\":{\"@id\":\"https:\\\/\\\/asynelectric.com\\\/index.php\\\/product\\\/calefactor-de-cuadro-100w-120-240v-ac-dc-7h-51-0-230-0100-finder\\\/#primaryimage\"},\"image\":{\"@id\":\"https:\\\/\\\/asynelectric.com\\\/index.php\\\/product\\\/calefactor-de-cuadro-100w-120-240v-ac-dc-7h-51-0-230-0100-finder\\\/#primaryimage\"},\"thumbnailUrl\":\"https:\\\/\\\/asynelectric.com\\\/wp-content\\\/uploads\\\/2026\\\/02\\\/72.png\",\"datePublished\":\"2026-02-17T20:02:24+00:00\",\"dateModified\":\"2026-02-20T21:01:38+00:00\",\"breadcrumb\":{\"@id\":\"https:\\\/\\\/asynelectric.com\\\/index.php\\\/product\\\/calefactor-de-cuadro-100w-120-240v-ac-dc-7h-51-0-230-0100-finder\\\/#breadcrumb\"},\"inLanguage\":\"es\",\"potentialAction\":[{\"@type\":\"ReadAction\",\"target\":[\"https:\\\/\\\/asynelectric.com\\\/index.php\\\/product\\\/calefactor-de-cuadro-100w-120-240v-ac-dc-7h-51-0-230-0100-finder\\\/\"]}]},{\"@type\":\"ImageObject\",\"inLanguage\":\"es\",\"@id\":\"https:\\\/\\\/asynelectric.com\\\/index.php\\\/product\\\/calefactor-de-cuadro-100w-120-240v-ac-dc-7h-51-0-230-0100-finder\\\/#primaryimage\",\"url\":\"https:\\\/\\\/asynelectric.com\\\/wp-content\\\/uploads\\\/2026\\\/02\\\/72.png\",\"contentUrl\":\"https:\\\/\\\/asynelectric.com\\\/wp-content\\\/uploads\\\/2026\\\/02\\\/72.png\",\"width\":2000,\"height\":2000},{\"@type\":\"BreadcrumbList\",\"@id\":\"https:\\\/\\\/asynelectric.com\\\/index.php\\\/product\\\/calefactor-de-cuadro-100w-120-240v-ac-dc-7h-51-0-230-0100-finder\\\/#breadcrumb\",\"itemListElement\":[{\"@type\":\"ListItem\",\"position\":1,\"name\":\"Portada\",\"item\":\"https:\\\/\\\/asynelectric.com\\\/\"},{\"@type\":\"ListItem\",\"position\":2,\"name\":\"Productos\",\"item\":\"https:\\\/\\\/asynelectric.com\\\/index.php\\\/products\\\/\"},{\"@type\":\"ListItem\",\"position\":3,\"name\":\"CALEFACTOR DE CUADRO 100W 120-240V AC\\\/DC\u25027H.51.0.230.0100\u2502FINDER\"}]},{\"@type\":\"WebSite\",\"@id\":\"https:\\\/\\\/asynelectric.com\\\/#website\",\"url\":\"https:\\\/\\\/asynelectric.com\\\/\",\"name\":\"Asyn Electric\",\"description\":\"Venta de productos electricos, automatizacion y domotica\",\"publisher\":{\"@id\":\"https:\\\/\\\/asynelectric.com\\\/#organization\"},\"potentialAction\":[{\"@type\":\"SearchAction\",\"target\":{\"@type\":\"EntryPoint\",\"urlTemplate\":\"https:\\\/\\\/asynelectric.com\\\/?s={search_term_string}\"},\"query-input\":{\"@type\":\"PropertyValueSpecification\",\"valueRequired\":true,\"valueName\":\"search_term_string\"}}],\"inLanguage\":\"es\"},{\"@type\":\"Organization\",\"@id\":\"https:\\\/\\\/asynelectric.com\\\/#organization\",\"name\":\"Asyn Electric\",\"url\":\"https:\\\/\\\/asynelectric.com\\\/\",\"logo\":{\"@type\":\"ImageObject\",\"inLanguage\":\"es\",\"@id\":\"https:\\\/\\\/asynelectric.com\\\/#\\\/schema\\\/logo\\\/image\\\/\",\"url\":\"https:\\\/\\\/asynelectric.com\\\/wp-content\\\/uploads\\\/2025\\\/05\\\/ABB-1.png\",\"contentUrl\":\"https:\\\/\\\/asynelectric.com\\\/wp-content\\\/uploads\\\/2025\\\/05\\\/ABB-1.png\",\"width\":2000,\"height\":2000,\"caption\":\"Asyn Electric\"},\"image\":{\"@id\":\"https:\\\/\\\/asynelectric.com\\\/#\\\/schema\\\/logo\\\/image\\\/\"},\"sameAs\":[\"https:\\\/\\\/www.facebook.com\\\/ASYNELECTRIC\",\"https:\\\/\\\/www.instagram.com\\\/asynelectric.pe\\\/\"]}]}<\/script>\n<!-- \/ Yoast SEO plugin. -->","yoast_head_json":{"title":"CALEFACTOR DE CUADRO 100W 120-240V AC\/DC\u25027H.51.0.230.0100\u2502FINDER - Asyn Electric","robots":{"index":"noindex","follow":"follow"},"og_locale":"es_ES","og_type":"article","og_title":"CALEFACTOR DE CUADRO 100W 120-240V AC\/DC\u25027H.51.0.230.0100\u2502FINDER - Asyn Electric","og_description":"Resistencia calefactora Finder 7H.51.0.230.0100 de 100 W, ideal para tableros de control y automatizaci\u00f3n industrial.","og_url":"https:\/\/asynelectric.com\/index.php\/product\/calefactor-de-cuadro-100w-120-240v-ac-dc-7h-51-0-230-0100-finder\/","og_site_name":"Asyn Electric","article_publisher":"https:\/\/www.facebook.com\/ASYNELECTRIC","article_modified_time":"2026-02-20T21:01:38+00:00","og_image":[{"width":2000,"height":2000,"url":"https:\/\/asynelectric.com\/wp-content\/uploads\/2026\/02\/72.png","type":"image\/png"}],"twitter_card":"summary_large_image","twitter_misc":{"Tiempo de lectura":"1 minuto"},"schema":{"@context":"https:\/\/schema.org","@graph":[{"@type":"WebPage","@id":"https:\/\/asynelectric.com\/index.php\/product\/calefactor-de-cuadro-100w-120-240v-ac-dc-7h-51-0-230-0100-finder\/","url":"https:\/\/asynelectric.com\/index.php\/product\/calefactor-de-cuadro-100w-120-240v-ac-dc-7h-51-0-230-0100-finder\/","name":"CALEFACTOR DE CUADRO 100W 120-240V AC\/DC\u25027H.51.0.230.0100\u2502FINDER - Asyn Electric","isPartOf":{"@id":"https:\/\/asynelectric.com\/#website"},"primaryImageOfPage":{"@id":"https:\/\/asynelectric.com\/index.php\/product\/calefactor-de-cuadro-100w-120-240v-ac-dc-7h-51-0-230-0100-finder\/#primaryimage"},"image":{"@id":"https:\/\/asynelectric.com\/index.php\/product\/calefactor-de-cuadro-100w-120-240v-ac-dc-7h-51-0-230-0100-finder\/#primaryimage"},"thumbnailUrl":"https:\/\/asynelectric.com\/wp-content\/uploads\/2026\/02\/72.png","datePublished":"2026-02-17T20:02:24+00:00","dateModified":"2026-02-20T21:01:38+00:00","breadcrumb":{"@id":"https:\/\/asynelectric.com\/index.php\/product\/calefactor-de-cuadro-100w-120-240v-ac-dc-7h-51-0-230-0100-finder\/#breadcrumb"},"inLanguage":"es","potentialAction":[{"@type":"ReadAction","target":["https:\/\/asynelectric.com\/index.php\/product\/calefactor-de-cuadro-100w-120-240v-ac-dc-7h-51-0-230-0100-finder\/"]}]},{"@type":"ImageObject","inLanguage":"es","@id":"https:\/\/asynelectric.com\/index.php\/product\/calefactor-de-cuadro-100w-120-240v-ac-dc-7h-51-0-230-0100-finder\/#primaryimage","url":"https:\/\/asynelectric.com\/wp-content\/uploads\/2026\/02\/72.png","contentUrl":"https:\/\/asynelectric.com\/wp-content\/uploads\/2026\/02\/72.png","width":2000,"height":2000},{"@type":"BreadcrumbList","@id":"https:\/\/asynelectric.com\/index.php\/product\/calefactor-de-cuadro-100w-120-240v-ac-dc-7h-51-0-230-0100-finder\/#breadcrumb","itemListElement":[{"@type":"ListItem","position":1,"name":"Portada","item":"https:\/\/asynelectric.com\/"},{"@type":"ListItem","position":2,"name":"Productos","item":"https:\/\/asynelectric.com\/index.php\/products\/"},{"@type":"ListItem","position":3,"name":"CALEFACTOR DE CUADRO 100W 120-240V AC\/DC\u25027H.51.0.230.0100\u2502FINDER"}]},{"@type":"WebSite","@id":"https:\/\/asynelectric.com\/#website","url":"https:\/\/asynelectric.com\/","name":"Asyn Electric","description":"Venta de productos electricos, automatizacion y domotica","publisher":{"@id":"https:\/\/asynelectric.com\/#organization"},"potentialAction":[{"@type":"SearchAction","target":{"@type":"EntryPoint","urlTemplate":"https:\/\/asynelectric.com\/?s={search_term_string}"},"query-input":{"@type":"PropertyValueSpecification","valueRequired":true,"valueName":"search_term_string"}}],"inLanguage":"es"},{"@type":"Organization","@id":"https:\/\/asynelectric.com\/#organization","name":"Asyn Electric","url":"https:\/\/asynelectric.com\/","logo":{"@type":"ImageObject","inLanguage":"es","@id":"https:\/\/asynelectric.com\/#\/schema\/logo\/image\/","url":"https:\/\/asynelectric.com\/wp-content\/uploads\/2025\/05\/ABB-1.png","contentUrl":"https:\/\/asynelectric.com\/wp-content\/uploads\/2025\/05\/ABB-1.png","width":2000,"height":2000,"caption":"Asyn Electric"},"image":{"@id":"https:\/\/asynelectric.com\/#\/schema\/logo\/image\/"},"sameAs":["https:\/\/www.facebook.com\/ASYNELECTRIC","https:\/\/www.instagram.com\/asynelectric.pe\/"]}]}},"_links":{"self":[{"href":"https:\/\/asynelectric.com\/index.php\/wp-json\/wp\/v2\/product\/2747","targetHints":{"allow":["GET"]}}],"collection":[{"href":"https:\/\/asynelectric.com\/index.php\/wp-json\/wp\/v2\/product"}],"about":[{"href":"https:\/\/asynelectric.com\/index.php\/wp-json\/wp\/v2\/types\/product"}],"wp:featuredmedia":[{"embeddable":true,"href":"https:\/\/asynelectric.com\/index.php\/wp-json\/wp\/v2\/media\/2792"}],"wp:attachment":[{"href":"https:\/\/asynelectric.com\/index.php\/wp-json\/wp\/v2\/media?parent=2747"}],"wp:term":[{"taxonomy":"product_brand","embeddable":true,"href":"https:\/\/asynelectric.com\/index.php\/wp-json\/wp\/v2\/product_brand?post=2747"},{"taxonomy":"product_cat","embeddable":true,"href":"https:\/\/asynelectric.com\/index.php\/wp-json\/wp\/v2\/product_cat?post=2747"},{"taxonomy":"product_tag","embeddable":true,"href":"https:\/\/asynelectric.com\/index.php\/wp-json\/wp\/v2\/product_tag?post=2747"}],"curies":[{"name":"wp","href":"https:\/\/api.w.org\/{rel}","templated":true}]}}