{"id":2636,"date":"2026-01-27T17:10:42","date_gmt":"2026-01-27T22:10:42","guid":{"rendered":"https:\/\/asynelectric.com\/?post_type=product&#038;p=2636"},"modified":"2026-02-12T16:50:28","modified_gmt":"2026-02-12T21:50:28","slug":"borne-de-conexion-tipo-palanca-5-vias-4mm2-32a-450v-221-415-wago","status":"publish","type":"product","link":"https:\/\/asynelectric.com\/index.php\/product\/borne-de-conexion-tipo-palanca-5-vias-4mm2-32a-450v-221-415-wago\/","title":{"rendered":"BORNE DE CONEXION TIPO PALANCA, 5 VIAS, 4MM\u00b2, 32A, 450V\u2502221-415\u2502WAGO"},"content":{"rendered":"<p data-start=\"129\" data-end=\"401\">El\u00a0<strong data-start=\"132\" data-end=\"179\">borne de conexi\u00f3n tipo palanca WAGO 221-415<\/strong>\u00a0es la soluci\u00f3n ideal para realizar conexiones el\u00e9ctricas r\u00e1pidas, seguras y sin complicaciones. Su sistema de palanca permite conectar y desconectar cables f\u00e1cilmente, sin herramientas, ahorrando tiempo en la instalaci\u00f3n.<\/p>\n<p data-start=\"403\" data-end=\"662\">Con <strong>5 v\u00edas<\/strong>, capacidad para conductores de hasta\u00a0<strong data-start=\"455\" data-end=\"464\">4 mm\u00b2<\/strong>,\u00a0<strong data-start=\"466\" data-end=\"474\">32 A<\/strong>\u00a0y\u00a0<strong data-start=\"477\" data-end=\"486\">450 V<\/strong>, ofrece un contacto firme y confiable, siendo perfecto para tableros el\u00e9ctricos, luminarias, automatizaci\u00f3n y aplicaciones donde se requiere eficiencia y orden en el cableado.<\/p>\n","protected":false},"excerpt":{"rendered":"<p>Borne de conexi\u00f3n tipo palanca\u00a0<strong data-start=\"142\" data-end=\"158\">WAGO 221-415<\/strong>, 5 v\u00edas, para conductores de 0.14mm\u00b2 hasta 4 mm\u00b2, ideal para empalmes seguros y r\u00e1pidos en instalaciones el\u00e9ctricas.<\/p>\n","protected":false},"featured_media":2628,"template":"","meta":[],"product_brand":[129],"product_cat":[130],"product_tag":[],"class_list":{"0":"post-2636","1":"product","2":"type-product","3":"status-publish","4":"has-post-thumbnail","6":"product_brand-wago","7":"product_cat-borneras-cage-clamp","9":"first","10":"instock","11":"taxable","12":"shipping-taxable","13":"purchasable","14":"product-type-simple"},"yoast_head":"<!-- This site is optimized with the Yoast SEO plugin v27.5 - https:\/\/yoast.com\/product\/yoast-seo-wordpress\/ -->\n<title>BORNE DE CONEXION TIPO PALANCA, 5 VIAS, 4MM\u00b2, 32A, 450V\u2502221-415\u2502WAGO - Asyn Electric<\/title>\n<meta name=\"robots\" content=\"noindex, follow\" \/>\n<meta property=\"og:locale\" content=\"es_ES\" \/>\n<meta property=\"og:type\" content=\"article\" \/>\n<meta property=\"og:title\" content=\"BORNE DE CONEXION TIPO PALANCA, 5 VIAS, 4MM\u00b2, 32A, 450V\u2502221-415\u2502WAGO - Asyn Electric\" \/>\n<meta property=\"og:description\" content=\"Borne de conexi\u00f3n tipo palanca\u00a0WAGO 221-415, 5 v\u00edas, para conductores de 0.14mm\u00b2 hasta 4 mm\u00b2, ideal para empalmes seguros y r\u00e1pidos en instalaciones el\u00e9ctricas.\" \/>\n<meta property=\"og:url\" content=\"https:\/\/asynelectric.com\/index.php\/product\/borne-de-conexion-tipo-palanca-5-vias-4mm2-32a-450v-221-415-wago\/\" \/>\n<meta property=\"og:site_name\" content=\"Asyn Electric\" \/>\n<meta property=\"article:publisher\" content=\"https:\/\/www.facebook.com\/ASYNELECTRIC\" \/>\n<meta property=\"article:modified_time\" content=\"2026-02-12T21:50:28+00:00\" \/>\n<meta property=\"og:image\" content=\"https:\/\/asynelectric.com\/wp-content\/uploads\/2026\/01\/13.1.png\" \/>\n\t<meta property=\"og:image:width\" content=\"2000\" \/>\n\t<meta property=\"og:image:height\" content=\"2000\" \/>\n\t<meta property=\"og:image:type\" content=\"image\/png\" \/>\n<meta name=\"twitter:card\" content=\"summary_large_image\" \/>\n<meta name=\"twitter:label1\" content=\"Tiempo de lectura\" \/>\n\t<meta name=\"twitter:data1\" content=\"1 minuto\" \/>\n<script type=\"application\/ld+json\" class=\"yoast-schema-graph\">{\"@context\":\"https:\\\/\\\/schema.org\",\"@graph\":[{\"@type\":\"WebPage\",\"@id\":\"https:\\\/\\\/asynelectric.com\\\/index.php\\\/product\\\/borne-de-conexion-tipo-palanca-5-vias-4mm2-32a-450v-221-415-wago\\\/\",\"url\":\"https:\\\/\\\/asynelectric.com\\\/index.php\\\/product\\\/borne-de-conexion-tipo-palanca-5-vias-4mm2-32a-450v-221-415-wago\\\/\",\"name\":\"BORNE DE CONEXION TIPO PALANCA, 5 VIAS, 4MM\u00b2, 32A, 450V\u2502221-415\u2502WAGO - Asyn Electric\",\"isPartOf\":{\"@id\":\"https:\\\/\\\/asynelectric.com\\\/#website\"},\"primaryImageOfPage\":{\"@id\":\"https:\\\/\\\/asynelectric.com\\\/index.php\\\/product\\\/borne-de-conexion-tipo-palanca-5-vias-4mm2-32a-450v-221-415-wago\\\/#primaryimage\"},\"image\":{\"@id\":\"https:\\\/\\\/asynelectric.com\\\/index.php\\\/product\\\/borne-de-conexion-tipo-palanca-5-vias-4mm2-32a-450v-221-415-wago\\\/#primaryimage\"},\"thumbnailUrl\":\"https:\\\/\\\/asynelectric.com\\\/wp-content\\\/uploads\\\/2026\\\/01\\\/13.1.png\",\"datePublished\":\"2026-01-27T22:10:42+00:00\",\"dateModified\":\"2026-02-12T21:50:28+00:00\",\"breadcrumb\":{\"@id\":\"https:\\\/\\\/asynelectric.com\\\/index.php\\\/product\\\/borne-de-conexion-tipo-palanca-5-vias-4mm2-32a-450v-221-415-wago\\\/#breadcrumb\"},\"inLanguage\":\"es\",\"potentialAction\":[{\"@type\":\"ReadAction\",\"target\":[\"https:\\\/\\\/asynelectric.com\\\/index.php\\\/product\\\/borne-de-conexion-tipo-palanca-5-vias-4mm2-32a-450v-221-415-wago\\\/\"]}]},{\"@type\":\"ImageObject\",\"inLanguage\":\"es\",\"@id\":\"https:\\\/\\\/asynelectric.com\\\/index.php\\\/product\\\/borne-de-conexion-tipo-palanca-5-vias-4mm2-32a-450v-221-415-wago\\\/#primaryimage\",\"url\":\"https:\\\/\\\/asynelectric.com\\\/wp-content\\\/uploads\\\/2026\\\/01\\\/13.1.png\",\"contentUrl\":\"https:\\\/\\\/asynelectric.com\\\/wp-content\\\/uploads\\\/2026\\\/01\\\/13.1.png\",\"width\":2000,\"height\":2000},{\"@type\":\"BreadcrumbList\",\"@id\":\"https:\\\/\\\/asynelectric.com\\\/index.php\\\/product\\\/borne-de-conexion-tipo-palanca-5-vias-4mm2-32a-450v-221-415-wago\\\/#breadcrumb\",\"itemListElement\":[{\"@type\":\"ListItem\",\"position\":1,\"name\":\"Portada\",\"item\":\"https:\\\/\\\/asynelectric.com\\\/\"},{\"@type\":\"ListItem\",\"position\":2,\"name\":\"Productos\",\"item\":\"https:\\\/\\\/asynelectric.com\\\/index.php\\\/products\\\/\"},{\"@type\":\"ListItem\",\"position\":3,\"name\":\"BORNE DE CONEXION TIPO PALANCA, 5 VIAS, 4MM\u00b2, 32A, 450V\u2502221-415\u2502WAGO\"}]},{\"@type\":\"WebSite\",\"@id\":\"https:\\\/\\\/asynelectric.com\\\/#website\",\"url\":\"https:\\\/\\\/asynelectric.com\\\/\",\"name\":\"Asyn Electric\",\"description\":\"Venta de productos electricos, automatizacion y domotica\",\"publisher\":{\"@id\":\"https:\\\/\\\/asynelectric.com\\\/#organization\"},\"potentialAction\":[{\"@type\":\"SearchAction\",\"target\":{\"@type\":\"EntryPoint\",\"urlTemplate\":\"https:\\\/\\\/asynelectric.com\\\/?s={search_term_string}\"},\"query-input\":{\"@type\":\"PropertyValueSpecification\",\"valueRequired\":true,\"valueName\":\"search_term_string\"}}],\"inLanguage\":\"es\"},{\"@type\":\"Organization\",\"@id\":\"https:\\\/\\\/asynelectric.com\\\/#organization\",\"name\":\"Asyn Electric\",\"url\":\"https:\\\/\\\/asynelectric.com\\\/\",\"logo\":{\"@type\":\"ImageObject\",\"inLanguage\":\"es\",\"@id\":\"https:\\\/\\\/asynelectric.com\\\/#\\\/schema\\\/logo\\\/image\\\/\",\"url\":\"https:\\\/\\\/asynelectric.com\\\/wp-content\\\/uploads\\\/2025\\\/05\\\/ABB-1.png\",\"contentUrl\":\"https:\\\/\\\/asynelectric.com\\\/wp-content\\\/uploads\\\/2025\\\/05\\\/ABB-1.png\",\"width\":2000,\"height\":2000,\"caption\":\"Asyn Electric\"},\"image\":{\"@id\":\"https:\\\/\\\/asynelectric.com\\\/#\\\/schema\\\/logo\\\/image\\\/\"},\"sameAs\":[\"https:\\\/\\\/www.facebook.com\\\/ASYNELECTRIC\",\"https:\\\/\\\/www.instagram.com\\\/asynelectric.pe\\\/\"]}]}<\/script>\n<!-- \/ Yoast SEO plugin. -->","yoast_head_json":{"title":"BORNE DE CONEXION TIPO PALANCA, 5 VIAS, 4MM\u00b2, 32A, 450V\u2502221-415\u2502WAGO - Asyn Electric","robots":{"index":"noindex","follow":"follow"},"og_locale":"es_ES","og_type":"article","og_title":"BORNE DE CONEXION TIPO PALANCA, 5 VIAS, 4MM\u00b2, 32A, 450V\u2502221-415\u2502WAGO - Asyn Electric","og_description":"Borne de conexi\u00f3n tipo palanca\u00a0WAGO 221-415, 5 v\u00edas, para conductores de 0.14mm\u00b2 hasta 4 mm\u00b2, ideal para empalmes seguros y r\u00e1pidos en instalaciones el\u00e9ctricas.","og_url":"https:\/\/asynelectric.com\/index.php\/product\/borne-de-conexion-tipo-palanca-5-vias-4mm2-32a-450v-221-415-wago\/","og_site_name":"Asyn Electric","article_publisher":"https:\/\/www.facebook.com\/ASYNELECTRIC","article_modified_time":"2026-02-12T21:50:28+00:00","og_image":[{"width":2000,"height":2000,"url":"https:\/\/asynelectric.com\/wp-content\/uploads\/2026\/01\/13.1.png","type":"image\/png"}],"twitter_card":"summary_large_image","twitter_misc":{"Tiempo de lectura":"1 minuto"},"schema":{"@context":"https:\/\/schema.org","@graph":[{"@type":"WebPage","@id":"https:\/\/asynelectric.com\/index.php\/product\/borne-de-conexion-tipo-palanca-5-vias-4mm2-32a-450v-221-415-wago\/","url":"https:\/\/asynelectric.com\/index.php\/product\/borne-de-conexion-tipo-palanca-5-vias-4mm2-32a-450v-221-415-wago\/","name":"BORNE DE CONEXION TIPO PALANCA, 5 VIAS, 4MM\u00b2, 32A, 450V\u2502221-415\u2502WAGO - Asyn Electric","isPartOf":{"@id":"https:\/\/asynelectric.com\/#website"},"primaryImageOfPage":{"@id":"https:\/\/asynelectric.com\/index.php\/product\/borne-de-conexion-tipo-palanca-5-vias-4mm2-32a-450v-221-415-wago\/#primaryimage"},"image":{"@id":"https:\/\/asynelectric.com\/index.php\/product\/borne-de-conexion-tipo-palanca-5-vias-4mm2-32a-450v-221-415-wago\/#primaryimage"},"thumbnailUrl":"https:\/\/asynelectric.com\/wp-content\/uploads\/2026\/01\/13.1.png","datePublished":"2026-01-27T22:10:42+00:00","dateModified":"2026-02-12T21:50:28+00:00","breadcrumb":{"@id":"https:\/\/asynelectric.com\/index.php\/product\/borne-de-conexion-tipo-palanca-5-vias-4mm2-32a-450v-221-415-wago\/#breadcrumb"},"inLanguage":"es","potentialAction":[{"@type":"ReadAction","target":["https:\/\/asynelectric.com\/index.php\/product\/borne-de-conexion-tipo-palanca-5-vias-4mm2-32a-450v-221-415-wago\/"]}]},{"@type":"ImageObject","inLanguage":"es","@id":"https:\/\/asynelectric.com\/index.php\/product\/borne-de-conexion-tipo-palanca-5-vias-4mm2-32a-450v-221-415-wago\/#primaryimage","url":"https:\/\/asynelectric.com\/wp-content\/uploads\/2026\/01\/13.1.png","contentUrl":"https:\/\/asynelectric.com\/wp-content\/uploads\/2026\/01\/13.1.png","width":2000,"height":2000},{"@type":"BreadcrumbList","@id":"https:\/\/asynelectric.com\/index.php\/product\/borne-de-conexion-tipo-palanca-5-vias-4mm2-32a-450v-221-415-wago\/#breadcrumb","itemListElement":[{"@type":"ListItem","position":1,"name":"Portada","item":"https:\/\/asynelectric.com\/"},{"@type":"ListItem","position":2,"name":"Productos","item":"https:\/\/asynelectric.com\/index.php\/products\/"},{"@type":"ListItem","position":3,"name":"BORNE DE CONEXION TIPO PALANCA, 5 VIAS, 4MM\u00b2, 32A, 450V\u2502221-415\u2502WAGO"}]},{"@type":"WebSite","@id":"https:\/\/asynelectric.com\/#website","url":"https:\/\/asynelectric.com\/","name":"Asyn Electric","description":"Venta de productos electricos, automatizacion y domotica","publisher":{"@id":"https:\/\/asynelectric.com\/#organization"},"potentialAction":[{"@type":"SearchAction","target":{"@type":"EntryPoint","urlTemplate":"https:\/\/asynelectric.com\/?s={search_term_string}"},"query-input":{"@type":"PropertyValueSpecification","valueRequired":true,"valueName":"search_term_string"}}],"inLanguage":"es"},{"@type":"Organization","@id":"https:\/\/asynelectric.com\/#organization","name":"Asyn Electric","url":"https:\/\/asynelectric.com\/","logo":{"@type":"ImageObject","inLanguage":"es","@id":"https:\/\/asynelectric.com\/#\/schema\/logo\/image\/","url":"https:\/\/asynelectric.com\/wp-content\/uploads\/2025\/05\/ABB-1.png","contentUrl":"https:\/\/asynelectric.com\/wp-content\/uploads\/2025\/05\/ABB-1.png","width":2000,"height":2000,"caption":"Asyn Electric"},"image":{"@id":"https:\/\/asynelectric.com\/#\/schema\/logo\/image\/"},"sameAs":["https:\/\/www.facebook.com\/ASYNELECTRIC","https:\/\/www.instagram.com\/asynelectric.pe\/"]}]}},"_links":{"self":[{"href":"https:\/\/asynelectric.com\/index.php\/wp-json\/wp\/v2\/product\/2636","targetHints":{"allow":["GET"]}}],"collection":[{"href":"https:\/\/asynelectric.com\/index.php\/wp-json\/wp\/v2\/product"}],"about":[{"href":"https:\/\/asynelectric.com\/index.php\/wp-json\/wp\/v2\/types\/product"}],"wp:featuredmedia":[{"embeddable":true,"href":"https:\/\/asynelectric.com\/index.php\/wp-json\/wp\/v2\/media\/2628"}],"wp:attachment":[{"href":"https:\/\/asynelectric.com\/index.php\/wp-json\/wp\/v2\/media?parent=2636"}],"wp:term":[{"taxonomy":"product_brand","embeddable":true,"href":"https:\/\/asynelectric.com\/index.php\/wp-json\/wp\/v2\/product_brand?post=2636"},{"taxonomy":"product_cat","embeddable":true,"href":"https:\/\/asynelectric.com\/index.php\/wp-json\/wp\/v2\/product_cat?post=2636"},{"taxonomy":"product_tag","embeddable":true,"href":"https:\/\/asynelectric.com\/index.php\/wp-json\/wp\/v2\/product_tag?post=2636"}],"curies":[{"name":"wp","href":"https:\/\/api.w.org\/{rel}","templated":true}]}}