{"id":2383,"date":"2025-10-27T16:00:50","date_gmt":"2025-10-27T21:00:50","guid":{"rendered":"https:\/\/asynelectric.com\/?post_type=product&#038;p=2383"},"modified":"2025-10-29T10:51:20","modified_gmt":"2025-10-29T15:51:20","slug":"marco-color-oro-3m-n0373-1-or-linea-origen-abb","status":"publish","type":"product","link":"https:\/\/asynelectric.com\/index.php\/product\/marco-color-oro-3m-n0373-1-or-linea-origen-abb\/","title":{"rendered":"MARCO COLOR ORO, 3M\u2502N0373.1 OR\u2502L\u00cdNEA ORIGEN\u2502ABB"},"content":{"rendered":"<p>El modelo N0373.1 OR pertenece a la l\u00ednea Origen de ABB, que destaca por combinar dise\u00f1o elegante, instalaci\u00f3n sencilla y una amplia variedad de acabados. <br data-start=\"601\" data-end=\"604\" \/>Este marco tiene formato de <strong data-start=\"632\" data-end=\"645\">3 m\u00f3dulos<\/strong>, acabado en color dorado (\u201cOR\u201d), y est\u00e1 preparado para instalarse en cajas est\u00e1ndar. El dise\u00f1o incluye una placa de montaje y torniller\u00eda para facilitar la instalaci\u00f3n. <br data-start=\"853\" data-end=\"856\" \/>Su uso est\u00e1 orientado a instalaciones residenciales o comerciales donde se busca una apariencia moderna y uniforme, integrando los mecanismos de la serie Origen con este marco de acabado m\u00e1s refinado.<\/p>\n","protected":false},"excerpt":{"rendered":"<p>Marco de 3 m\u00f3dulos (3 M) acabado dorado (\u201cOR\u201d) de la l\u00ednea Origen de ABB, pensado para alojar mecanismos el\u00e9ctricos (interruptores, tomas, etc.) con montaje empotrado.<\/p>\n","protected":false},"featured_media":2379,"template":"","meta":[],"product_brand":[49],"product_cat":[121],"product_tag":[],"class_list":{"0":"post-2383","1":"product","2":"type-product","3":"status-publish","4":"has-post-thumbnail","6":"product_brand-abb","7":"product_cat-marcos","9":"first","10":"instock","11":"taxable","12":"shipping-taxable","13":"product-type-simple"},"yoast_head":"<!-- This site is optimized with the Yoast SEO plugin v27.5 - https:\/\/yoast.com\/product\/yoast-seo-wordpress\/ -->\n<title>MARCO COLOR ORO, 3M\u2502N0373.1 OR\u2502L\u00cdNEA ORIGEN\u2502ABB - Asyn Electric<\/title>\n<meta name=\"robots\" content=\"noindex, follow\" \/>\n<meta property=\"og:locale\" content=\"es_ES\" \/>\n<meta property=\"og:type\" content=\"article\" \/>\n<meta property=\"og:title\" content=\"MARCO COLOR ORO, 3M\u2502N0373.1 OR\u2502L\u00cdNEA ORIGEN\u2502ABB - Asyn Electric\" \/>\n<meta property=\"og:description\" content=\"Marco de 3 m\u00f3dulos (3 M) acabado dorado (\u201cOR\u201d) de la l\u00ednea Origen de ABB, pensado para alojar mecanismos el\u00e9ctricos (interruptores, tomas, etc.) con montaje empotrado.\" \/>\n<meta property=\"og:url\" content=\"https:\/\/asynelectric.com\/index.php\/product\/marco-color-oro-3m-n0373-1-or-linea-origen-abb\/\" \/>\n<meta property=\"og:site_name\" content=\"Asyn Electric\" \/>\n<meta property=\"article:publisher\" content=\"https:\/\/www.facebook.com\/ASYNELECTRIC\" \/>\n<meta property=\"article:modified_time\" content=\"2025-10-29T15:51:20+00:00\" \/>\n<meta property=\"og:image\" content=\"https:\/\/asynelectric.com\/wp-content\/uploads\/2025\/10\/317.png\" \/>\n\t<meta property=\"og:image:width\" content=\"2000\" \/>\n\t<meta property=\"og:image:height\" content=\"2000\" \/>\n\t<meta property=\"og:image:type\" content=\"image\/png\" \/>\n<meta name=\"twitter:card\" content=\"summary_large_image\" \/>\n<meta name=\"twitter:label1\" content=\"Tiempo de lectura\" \/>\n\t<meta name=\"twitter:data1\" content=\"1 minuto\" \/>\n<script type=\"application\/ld+json\" class=\"yoast-schema-graph\">{\"@context\":\"https:\\\/\\\/schema.org\",\"@graph\":[{\"@type\":\"WebPage\",\"@id\":\"https:\\\/\\\/asynelectric.com\\\/index.php\\\/product\\\/marco-color-oro-3m-n0373-1-or-linea-origen-abb\\\/\",\"url\":\"https:\\\/\\\/asynelectric.com\\\/index.php\\\/product\\\/marco-color-oro-3m-n0373-1-or-linea-origen-abb\\\/\",\"name\":\"MARCO COLOR ORO, 3M\u2502N0373.1 OR\u2502L\u00cdNEA ORIGEN\u2502ABB - Asyn Electric\",\"isPartOf\":{\"@id\":\"https:\\\/\\\/asynelectric.com\\\/#website\"},\"primaryImageOfPage\":{\"@id\":\"https:\\\/\\\/asynelectric.com\\\/index.php\\\/product\\\/marco-color-oro-3m-n0373-1-or-linea-origen-abb\\\/#primaryimage\"},\"image\":{\"@id\":\"https:\\\/\\\/asynelectric.com\\\/index.php\\\/product\\\/marco-color-oro-3m-n0373-1-or-linea-origen-abb\\\/#primaryimage\"},\"thumbnailUrl\":\"https:\\\/\\\/asynelectric.com\\\/wp-content\\\/uploads\\\/2025\\\/10\\\/317.png\",\"datePublished\":\"2025-10-27T21:00:50+00:00\",\"dateModified\":\"2025-10-29T15:51:20+00:00\",\"breadcrumb\":{\"@id\":\"https:\\\/\\\/asynelectric.com\\\/index.php\\\/product\\\/marco-color-oro-3m-n0373-1-or-linea-origen-abb\\\/#breadcrumb\"},\"inLanguage\":\"es\",\"potentialAction\":[{\"@type\":\"ReadAction\",\"target\":[\"https:\\\/\\\/asynelectric.com\\\/index.php\\\/product\\\/marco-color-oro-3m-n0373-1-or-linea-origen-abb\\\/\"]}]},{\"@type\":\"ImageObject\",\"inLanguage\":\"es\",\"@id\":\"https:\\\/\\\/asynelectric.com\\\/index.php\\\/product\\\/marco-color-oro-3m-n0373-1-or-linea-origen-abb\\\/#primaryimage\",\"url\":\"https:\\\/\\\/asynelectric.com\\\/wp-content\\\/uploads\\\/2025\\\/10\\\/317.png\",\"contentUrl\":\"https:\\\/\\\/asynelectric.com\\\/wp-content\\\/uploads\\\/2025\\\/10\\\/317.png\",\"width\":2000,\"height\":2000},{\"@type\":\"BreadcrumbList\",\"@id\":\"https:\\\/\\\/asynelectric.com\\\/index.php\\\/product\\\/marco-color-oro-3m-n0373-1-or-linea-origen-abb\\\/#breadcrumb\",\"itemListElement\":[{\"@type\":\"ListItem\",\"position\":1,\"name\":\"Portada\",\"item\":\"https:\\\/\\\/asynelectric.com\\\/\"},{\"@type\":\"ListItem\",\"position\":2,\"name\":\"Productos\",\"item\":\"https:\\\/\\\/asynelectric.com\\\/index.php\\\/products\\\/\"},{\"@type\":\"ListItem\",\"position\":3,\"name\":\"MARCO COLOR ORO, 3M\u2502N0373.1 OR\u2502L\u00cdNEA ORIGEN\u2502ABB\"}]},{\"@type\":\"WebSite\",\"@id\":\"https:\\\/\\\/asynelectric.com\\\/#website\",\"url\":\"https:\\\/\\\/asynelectric.com\\\/\",\"name\":\"Asyn Electric\",\"description\":\"Venta de productos electricos, automatizacion y domotica\",\"publisher\":{\"@id\":\"https:\\\/\\\/asynelectric.com\\\/#organization\"},\"potentialAction\":[{\"@type\":\"SearchAction\",\"target\":{\"@type\":\"EntryPoint\",\"urlTemplate\":\"https:\\\/\\\/asynelectric.com\\\/?s={search_term_string}\"},\"query-input\":{\"@type\":\"PropertyValueSpecification\",\"valueRequired\":true,\"valueName\":\"search_term_string\"}}],\"inLanguage\":\"es\"},{\"@type\":\"Organization\",\"@id\":\"https:\\\/\\\/asynelectric.com\\\/#organization\",\"name\":\"Asyn Electric\",\"url\":\"https:\\\/\\\/asynelectric.com\\\/\",\"logo\":{\"@type\":\"ImageObject\",\"inLanguage\":\"es\",\"@id\":\"https:\\\/\\\/asynelectric.com\\\/#\\\/schema\\\/logo\\\/image\\\/\",\"url\":\"https:\\\/\\\/asynelectric.com\\\/wp-content\\\/uploads\\\/2025\\\/05\\\/ABB-1.png\",\"contentUrl\":\"https:\\\/\\\/asynelectric.com\\\/wp-content\\\/uploads\\\/2025\\\/05\\\/ABB-1.png\",\"width\":2000,\"height\":2000,\"caption\":\"Asyn Electric\"},\"image\":{\"@id\":\"https:\\\/\\\/asynelectric.com\\\/#\\\/schema\\\/logo\\\/image\\\/\"},\"sameAs\":[\"https:\\\/\\\/www.facebook.com\\\/ASYNELECTRIC\",\"https:\\\/\\\/www.instagram.com\\\/asynelectric.pe\\\/\"]}]}<\/script>\n<!-- \/ Yoast SEO plugin. -->","yoast_head_json":{"title":"MARCO COLOR ORO, 3M\u2502N0373.1 OR\u2502L\u00cdNEA ORIGEN\u2502ABB - Asyn Electric","robots":{"index":"noindex","follow":"follow"},"og_locale":"es_ES","og_type":"article","og_title":"MARCO COLOR ORO, 3M\u2502N0373.1 OR\u2502L\u00cdNEA ORIGEN\u2502ABB - Asyn Electric","og_description":"Marco de 3 m\u00f3dulos (3 M) acabado dorado (\u201cOR\u201d) de la l\u00ednea Origen de ABB, pensado para alojar mecanismos el\u00e9ctricos (interruptores, tomas, etc.) con montaje empotrado.","og_url":"https:\/\/asynelectric.com\/index.php\/product\/marco-color-oro-3m-n0373-1-or-linea-origen-abb\/","og_site_name":"Asyn Electric","article_publisher":"https:\/\/www.facebook.com\/ASYNELECTRIC","article_modified_time":"2025-10-29T15:51:20+00:00","og_image":[{"width":2000,"height":2000,"url":"https:\/\/asynelectric.com\/wp-content\/uploads\/2025\/10\/317.png","type":"image\/png"}],"twitter_card":"summary_large_image","twitter_misc":{"Tiempo de lectura":"1 minuto"},"schema":{"@context":"https:\/\/schema.org","@graph":[{"@type":"WebPage","@id":"https:\/\/asynelectric.com\/index.php\/product\/marco-color-oro-3m-n0373-1-or-linea-origen-abb\/","url":"https:\/\/asynelectric.com\/index.php\/product\/marco-color-oro-3m-n0373-1-or-linea-origen-abb\/","name":"MARCO COLOR ORO, 3M\u2502N0373.1 OR\u2502L\u00cdNEA ORIGEN\u2502ABB - Asyn Electric","isPartOf":{"@id":"https:\/\/asynelectric.com\/#website"},"primaryImageOfPage":{"@id":"https:\/\/asynelectric.com\/index.php\/product\/marco-color-oro-3m-n0373-1-or-linea-origen-abb\/#primaryimage"},"image":{"@id":"https:\/\/asynelectric.com\/index.php\/product\/marco-color-oro-3m-n0373-1-or-linea-origen-abb\/#primaryimage"},"thumbnailUrl":"https:\/\/asynelectric.com\/wp-content\/uploads\/2025\/10\/317.png","datePublished":"2025-10-27T21:00:50+00:00","dateModified":"2025-10-29T15:51:20+00:00","breadcrumb":{"@id":"https:\/\/asynelectric.com\/index.php\/product\/marco-color-oro-3m-n0373-1-or-linea-origen-abb\/#breadcrumb"},"inLanguage":"es","potentialAction":[{"@type":"ReadAction","target":["https:\/\/asynelectric.com\/index.php\/product\/marco-color-oro-3m-n0373-1-or-linea-origen-abb\/"]}]},{"@type":"ImageObject","inLanguage":"es","@id":"https:\/\/asynelectric.com\/index.php\/product\/marco-color-oro-3m-n0373-1-or-linea-origen-abb\/#primaryimage","url":"https:\/\/asynelectric.com\/wp-content\/uploads\/2025\/10\/317.png","contentUrl":"https:\/\/asynelectric.com\/wp-content\/uploads\/2025\/10\/317.png","width":2000,"height":2000},{"@type":"BreadcrumbList","@id":"https:\/\/asynelectric.com\/index.php\/product\/marco-color-oro-3m-n0373-1-or-linea-origen-abb\/#breadcrumb","itemListElement":[{"@type":"ListItem","position":1,"name":"Portada","item":"https:\/\/asynelectric.com\/"},{"@type":"ListItem","position":2,"name":"Productos","item":"https:\/\/asynelectric.com\/index.php\/products\/"},{"@type":"ListItem","position":3,"name":"MARCO COLOR ORO, 3M\u2502N0373.1 OR\u2502L\u00cdNEA ORIGEN\u2502ABB"}]},{"@type":"WebSite","@id":"https:\/\/asynelectric.com\/#website","url":"https:\/\/asynelectric.com\/","name":"Asyn Electric","description":"Venta de productos electricos, automatizacion y domotica","publisher":{"@id":"https:\/\/asynelectric.com\/#organization"},"potentialAction":[{"@type":"SearchAction","target":{"@type":"EntryPoint","urlTemplate":"https:\/\/asynelectric.com\/?s={search_term_string}"},"query-input":{"@type":"PropertyValueSpecification","valueRequired":true,"valueName":"search_term_string"}}],"inLanguage":"es"},{"@type":"Organization","@id":"https:\/\/asynelectric.com\/#organization","name":"Asyn Electric","url":"https:\/\/asynelectric.com\/","logo":{"@type":"ImageObject","inLanguage":"es","@id":"https:\/\/asynelectric.com\/#\/schema\/logo\/image\/","url":"https:\/\/asynelectric.com\/wp-content\/uploads\/2025\/05\/ABB-1.png","contentUrl":"https:\/\/asynelectric.com\/wp-content\/uploads\/2025\/05\/ABB-1.png","width":2000,"height":2000,"caption":"Asyn Electric"},"image":{"@id":"https:\/\/asynelectric.com\/#\/schema\/logo\/image\/"},"sameAs":["https:\/\/www.facebook.com\/ASYNELECTRIC","https:\/\/www.instagram.com\/asynelectric.pe\/"]}]}},"_links":{"self":[{"href":"https:\/\/asynelectric.com\/index.php\/wp-json\/wp\/v2\/product\/2383","targetHints":{"allow":["GET"]}}],"collection":[{"href":"https:\/\/asynelectric.com\/index.php\/wp-json\/wp\/v2\/product"}],"about":[{"href":"https:\/\/asynelectric.com\/index.php\/wp-json\/wp\/v2\/types\/product"}],"wp:featuredmedia":[{"embeddable":true,"href":"https:\/\/asynelectric.com\/index.php\/wp-json\/wp\/v2\/media\/2379"}],"wp:attachment":[{"href":"https:\/\/asynelectric.com\/index.php\/wp-json\/wp\/v2\/media?parent=2383"}],"wp:term":[{"taxonomy":"product_brand","embeddable":true,"href":"https:\/\/asynelectric.com\/index.php\/wp-json\/wp\/v2\/product_brand?post=2383"},{"taxonomy":"product_cat","embeddable":true,"href":"https:\/\/asynelectric.com\/index.php\/wp-json\/wp\/v2\/product_cat?post=2383"},{"taxonomy":"product_tag","embeddable":true,"href":"https:\/\/asynelectric.com\/index.php\/wp-json\/wp\/v2\/product_tag?post=2383"}],"curies":[{"name":"wp","href":"https:\/\/api.w.org\/{rel}","templated":true}]}}