{"id":2352,"date":"2025-10-20T16:41:07","date_gmt":"2025-10-20T21:41:07","guid":{"rendered":"https:\/\/asynelectric.com\/?post_type=product&#038;p=2352"},"modified":"2026-01-15T12:12:20","modified_gmt":"2026-01-15T17:12:20","slug":"interruptor-simple-16-ax-1m-n0501-ng-linea-origen-abb","status":"publish","type":"product","link":"https:\/\/asynelectric.com\/index.php\/product\/interruptor-simple-16-ax-1m-n0501-ng-linea-origen-abb\/","title":{"rendered":"INTERRUPTOR SIMPLE 16 AX, 1M\u2502N0501 NG\u2502L\u00cdNEA ORIGEN\u2502ABB"},"content":{"rendered":"<p data-start=\"613\" data-end=\"1026\">El <strong data-start=\"616\" data-end=\"632\">ABB N0501 NG<\/strong>\u00a0es un <strong data-start=\"639\" data-end=\"683\">interruptor simple de 1 m\u00f3dulo (1 v\u00eda)<\/strong> perteneciente a la l\u00ednea <strong data-start=\"709\" data-end=\"719\">Origen<\/strong>, reconocida por su dise\u00f1o funcional, materiales de alta calidad y est\u00e9tica moderna.<br data-start=\"803\" data-end=\"806\" \/>Fabricado en color negro<strong data-start=\"825\" data-end=\"840\">\u00a0(NG)<\/strong>, combina durabilidad y estilo, siendo ideal para proyectos residenciales, oficinas, locales comerciales y cualquier instalaci\u00f3n donde se requiera un control confiable de la iluminaci\u00f3n.<\/p>\n<p data-start=\"1028\" data-end=\"1318\">Su capacidad de conmutaci\u00f3n de <strong data-start=\"1059\" data-end=\"1077\">16 AX \/ 250 V~<\/strong> permite manejar sin problemas cargas de iluminaci\u00f3n o peque\u00f1os equipos el\u00e9ctricos. Adem\u00e1s, su dise\u00f1o modular facilita el montaje con los <strong data-start=\"1215\" data-end=\"1249\">marcos y mecanismos Origen ABB<\/strong>, asegurando una instalaci\u00f3n r\u00e1pida, segura y est\u00e9ticamente uniforme.<\/p>\n","protected":false},"excerpt":{"rendered":"<p>Interruptor simple de 1 m\u00f3dulo, 16 AX, color negro, de la l\u00ednea Origen de ABB. Dise\u00f1ado para instalaciones residenciales y comerciales, ofrece una operaci\u00f3n confiable y acabado moderno compatible con los marcos de la misma serie.<\/p>\n","protected":false},"featured_media":2540,"template":"","meta":[],"product_brand":[49],"product_cat":[122],"product_tag":[],"class_list":{"0":"post-2352","1":"product","2":"type-product","3":"status-publish","4":"has-post-thumbnail","6":"product_brand-abb","7":"product_cat-interruptores-y-conmutadores","9":"first","10":"instock","11":"taxable","12":"shipping-taxable","13":"product-type-simple"},"yoast_head":"<!-- This site is optimized with the Yoast SEO plugin v27.5 - https:\/\/yoast.com\/product\/yoast-seo-wordpress\/ -->\n<title>INTERRUPTOR SIMPLE 16 AX, 1M\u2502N0501 NG\u2502L\u00cdNEA ORIGEN\u2502ABB - Asyn Electric<\/title>\n<meta name=\"robots\" content=\"noindex, follow\" \/>\n<meta property=\"og:locale\" content=\"es_ES\" \/>\n<meta property=\"og:type\" content=\"article\" \/>\n<meta property=\"og:title\" content=\"INTERRUPTOR SIMPLE 16 AX, 1M\u2502N0501 NG\u2502L\u00cdNEA ORIGEN\u2502ABB - Asyn Electric\" \/>\n<meta property=\"og:description\" content=\"Interruptor simple de 1 m\u00f3dulo, 16 AX, color negro, de la l\u00ednea Origen de ABB. Dise\u00f1ado para instalaciones residenciales y comerciales, ofrece una operaci\u00f3n confiable y acabado moderno compatible con los marcos de la misma serie.\" \/>\n<meta property=\"og:url\" content=\"https:\/\/asynelectric.com\/index.php\/product\/interruptor-simple-16-ax-1m-n0501-ng-linea-origen-abb\/\" \/>\n<meta property=\"og:site_name\" content=\"Asyn Electric\" \/>\n<meta property=\"article:publisher\" content=\"https:\/\/www.facebook.com\/ASYNELECTRIC\" \/>\n<meta property=\"article:modified_time\" content=\"2026-01-15T17:12:20+00:00\" \/>\n<meta property=\"og:image\" content=\"https:\/\/asynelectric.com\/wp-content\/uploads\/2025\/10\/276-1.png\" \/>\n\t<meta property=\"og:image:width\" content=\"2000\" \/>\n\t<meta property=\"og:image:height\" content=\"2000\" \/>\n\t<meta property=\"og:image:type\" content=\"image\/png\" \/>\n<meta name=\"twitter:card\" content=\"summary_large_image\" \/>\n<meta name=\"twitter:label1\" content=\"Tiempo de lectura\" \/>\n\t<meta name=\"twitter:data1\" content=\"1 minuto\" \/>\n<script type=\"application\/ld+json\" class=\"yoast-schema-graph\">{\"@context\":\"https:\\\/\\\/schema.org\",\"@graph\":[{\"@type\":\"WebPage\",\"@id\":\"https:\\\/\\\/asynelectric.com\\\/index.php\\\/product\\\/interruptor-simple-16-ax-1m-n0501-ng-linea-origen-abb\\\/\",\"url\":\"https:\\\/\\\/asynelectric.com\\\/index.php\\\/product\\\/interruptor-simple-16-ax-1m-n0501-ng-linea-origen-abb\\\/\",\"name\":\"INTERRUPTOR SIMPLE 16 AX, 1M\u2502N0501 NG\u2502L\u00cdNEA ORIGEN\u2502ABB - Asyn Electric\",\"isPartOf\":{\"@id\":\"https:\\\/\\\/asynelectric.com\\\/#website\"},\"primaryImageOfPage\":{\"@id\":\"https:\\\/\\\/asynelectric.com\\\/index.php\\\/product\\\/interruptor-simple-16-ax-1m-n0501-ng-linea-origen-abb\\\/#primaryimage\"},\"image\":{\"@id\":\"https:\\\/\\\/asynelectric.com\\\/index.php\\\/product\\\/interruptor-simple-16-ax-1m-n0501-ng-linea-origen-abb\\\/#primaryimage\"},\"thumbnailUrl\":\"https:\\\/\\\/asynelectric.com\\\/wp-content\\\/uploads\\\/2025\\\/10\\\/276-1.png\",\"datePublished\":\"2025-10-20T21:41:07+00:00\",\"dateModified\":\"2026-01-15T17:12:20+00:00\",\"breadcrumb\":{\"@id\":\"https:\\\/\\\/asynelectric.com\\\/index.php\\\/product\\\/interruptor-simple-16-ax-1m-n0501-ng-linea-origen-abb\\\/#breadcrumb\"},\"inLanguage\":\"es\",\"potentialAction\":[{\"@type\":\"ReadAction\",\"target\":[\"https:\\\/\\\/asynelectric.com\\\/index.php\\\/product\\\/interruptor-simple-16-ax-1m-n0501-ng-linea-origen-abb\\\/\"]}]},{\"@type\":\"ImageObject\",\"inLanguage\":\"es\",\"@id\":\"https:\\\/\\\/asynelectric.com\\\/index.php\\\/product\\\/interruptor-simple-16-ax-1m-n0501-ng-linea-origen-abb\\\/#primaryimage\",\"url\":\"https:\\\/\\\/asynelectric.com\\\/wp-content\\\/uploads\\\/2025\\\/10\\\/276-1.png\",\"contentUrl\":\"https:\\\/\\\/asynelectric.com\\\/wp-content\\\/uploads\\\/2025\\\/10\\\/276-1.png\",\"width\":2000,\"height\":2000},{\"@type\":\"BreadcrumbList\",\"@id\":\"https:\\\/\\\/asynelectric.com\\\/index.php\\\/product\\\/interruptor-simple-16-ax-1m-n0501-ng-linea-origen-abb\\\/#breadcrumb\",\"itemListElement\":[{\"@type\":\"ListItem\",\"position\":1,\"name\":\"Portada\",\"item\":\"https:\\\/\\\/asynelectric.com\\\/\"},{\"@type\":\"ListItem\",\"position\":2,\"name\":\"Productos\",\"item\":\"https:\\\/\\\/asynelectric.com\\\/index.php\\\/products\\\/\"},{\"@type\":\"ListItem\",\"position\":3,\"name\":\"INTERRUPTOR SIMPLE 16 AX, 1M\u2502N0501 NG\u2502L\u00cdNEA ORIGEN\u2502ABB\"}]},{\"@type\":\"WebSite\",\"@id\":\"https:\\\/\\\/asynelectric.com\\\/#website\",\"url\":\"https:\\\/\\\/asynelectric.com\\\/\",\"name\":\"Asyn Electric\",\"description\":\"Venta de productos electricos, automatizacion y domotica\",\"publisher\":{\"@id\":\"https:\\\/\\\/asynelectric.com\\\/#organization\"},\"potentialAction\":[{\"@type\":\"SearchAction\",\"target\":{\"@type\":\"EntryPoint\",\"urlTemplate\":\"https:\\\/\\\/asynelectric.com\\\/?s={search_term_string}\"},\"query-input\":{\"@type\":\"PropertyValueSpecification\",\"valueRequired\":true,\"valueName\":\"search_term_string\"}}],\"inLanguage\":\"es\"},{\"@type\":\"Organization\",\"@id\":\"https:\\\/\\\/asynelectric.com\\\/#organization\",\"name\":\"Asyn Electric\",\"url\":\"https:\\\/\\\/asynelectric.com\\\/\",\"logo\":{\"@type\":\"ImageObject\",\"inLanguage\":\"es\",\"@id\":\"https:\\\/\\\/asynelectric.com\\\/#\\\/schema\\\/logo\\\/image\\\/\",\"url\":\"https:\\\/\\\/asynelectric.com\\\/wp-content\\\/uploads\\\/2025\\\/05\\\/ABB-1.png\",\"contentUrl\":\"https:\\\/\\\/asynelectric.com\\\/wp-content\\\/uploads\\\/2025\\\/05\\\/ABB-1.png\",\"width\":2000,\"height\":2000,\"caption\":\"Asyn Electric\"},\"image\":{\"@id\":\"https:\\\/\\\/asynelectric.com\\\/#\\\/schema\\\/logo\\\/image\\\/\"},\"sameAs\":[\"https:\\\/\\\/www.facebook.com\\\/ASYNELECTRIC\",\"https:\\\/\\\/www.instagram.com\\\/asynelectric.pe\\\/\"]}]}<\/script>\n<!-- \/ Yoast SEO plugin. -->","yoast_head_json":{"title":"INTERRUPTOR SIMPLE 16 AX, 1M\u2502N0501 NG\u2502L\u00cdNEA ORIGEN\u2502ABB - Asyn Electric","robots":{"index":"noindex","follow":"follow"},"og_locale":"es_ES","og_type":"article","og_title":"INTERRUPTOR SIMPLE 16 AX, 1M\u2502N0501 NG\u2502L\u00cdNEA ORIGEN\u2502ABB - Asyn Electric","og_description":"Interruptor simple de 1 m\u00f3dulo, 16 AX, color negro, de la l\u00ednea Origen de ABB. Dise\u00f1ado para instalaciones residenciales y comerciales, ofrece una operaci\u00f3n confiable y acabado moderno compatible con los marcos de la misma serie.","og_url":"https:\/\/asynelectric.com\/index.php\/product\/interruptor-simple-16-ax-1m-n0501-ng-linea-origen-abb\/","og_site_name":"Asyn Electric","article_publisher":"https:\/\/www.facebook.com\/ASYNELECTRIC","article_modified_time":"2026-01-15T17:12:20+00:00","og_image":[{"width":2000,"height":2000,"url":"https:\/\/asynelectric.com\/wp-content\/uploads\/2025\/10\/276-1.png","type":"image\/png"}],"twitter_card":"summary_large_image","twitter_misc":{"Tiempo de lectura":"1 minuto"},"schema":{"@context":"https:\/\/schema.org","@graph":[{"@type":"WebPage","@id":"https:\/\/asynelectric.com\/index.php\/product\/interruptor-simple-16-ax-1m-n0501-ng-linea-origen-abb\/","url":"https:\/\/asynelectric.com\/index.php\/product\/interruptor-simple-16-ax-1m-n0501-ng-linea-origen-abb\/","name":"INTERRUPTOR SIMPLE 16 AX, 1M\u2502N0501 NG\u2502L\u00cdNEA ORIGEN\u2502ABB - Asyn Electric","isPartOf":{"@id":"https:\/\/asynelectric.com\/#website"},"primaryImageOfPage":{"@id":"https:\/\/asynelectric.com\/index.php\/product\/interruptor-simple-16-ax-1m-n0501-ng-linea-origen-abb\/#primaryimage"},"image":{"@id":"https:\/\/asynelectric.com\/index.php\/product\/interruptor-simple-16-ax-1m-n0501-ng-linea-origen-abb\/#primaryimage"},"thumbnailUrl":"https:\/\/asynelectric.com\/wp-content\/uploads\/2025\/10\/276-1.png","datePublished":"2025-10-20T21:41:07+00:00","dateModified":"2026-01-15T17:12:20+00:00","breadcrumb":{"@id":"https:\/\/asynelectric.com\/index.php\/product\/interruptor-simple-16-ax-1m-n0501-ng-linea-origen-abb\/#breadcrumb"},"inLanguage":"es","potentialAction":[{"@type":"ReadAction","target":["https:\/\/asynelectric.com\/index.php\/product\/interruptor-simple-16-ax-1m-n0501-ng-linea-origen-abb\/"]}]},{"@type":"ImageObject","inLanguage":"es","@id":"https:\/\/asynelectric.com\/index.php\/product\/interruptor-simple-16-ax-1m-n0501-ng-linea-origen-abb\/#primaryimage","url":"https:\/\/asynelectric.com\/wp-content\/uploads\/2025\/10\/276-1.png","contentUrl":"https:\/\/asynelectric.com\/wp-content\/uploads\/2025\/10\/276-1.png","width":2000,"height":2000},{"@type":"BreadcrumbList","@id":"https:\/\/asynelectric.com\/index.php\/product\/interruptor-simple-16-ax-1m-n0501-ng-linea-origen-abb\/#breadcrumb","itemListElement":[{"@type":"ListItem","position":1,"name":"Portada","item":"https:\/\/asynelectric.com\/"},{"@type":"ListItem","position":2,"name":"Productos","item":"https:\/\/asynelectric.com\/index.php\/products\/"},{"@type":"ListItem","position":3,"name":"INTERRUPTOR SIMPLE 16 AX, 1M\u2502N0501 NG\u2502L\u00cdNEA ORIGEN\u2502ABB"}]},{"@type":"WebSite","@id":"https:\/\/asynelectric.com\/#website","url":"https:\/\/asynelectric.com\/","name":"Asyn Electric","description":"Venta de productos electricos, automatizacion y domotica","publisher":{"@id":"https:\/\/asynelectric.com\/#organization"},"potentialAction":[{"@type":"SearchAction","target":{"@type":"EntryPoint","urlTemplate":"https:\/\/asynelectric.com\/?s={search_term_string}"},"query-input":{"@type":"PropertyValueSpecification","valueRequired":true,"valueName":"search_term_string"}}],"inLanguage":"es"},{"@type":"Organization","@id":"https:\/\/asynelectric.com\/#organization","name":"Asyn Electric","url":"https:\/\/asynelectric.com\/","logo":{"@type":"ImageObject","inLanguage":"es","@id":"https:\/\/asynelectric.com\/#\/schema\/logo\/image\/","url":"https:\/\/asynelectric.com\/wp-content\/uploads\/2025\/05\/ABB-1.png","contentUrl":"https:\/\/asynelectric.com\/wp-content\/uploads\/2025\/05\/ABB-1.png","width":2000,"height":2000,"caption":"Asyn Electric"},"image":{"@id":"https:\/\/asynelectric.com\/#\/schema\/logo\/image\/"},"sameAs":["https:\/\/www.facebook.com\/ASYNELECTRIC","https:\/\/www.instagram.com\/asynelectric.pe\/"]}]}},"_links":{"self":[{"href":"https:\/\/asynelectric.com\/index.php\/wp-json\/wp\/v2\/product\/2352","targetHints":{"allow":["GET"]}}],"collection":[{"href":"https:\/\/asynelectric.com\/index.php\/wp-json\/wp\/v2\/product"}],"about":[{"href":"https:\/\/asynelectric.com\/index.php\/wp-json\/wp\/v2\/types\/product"}],"wp:featuredmedia":[{"embeddable":true,"href":"https:\/\/asynelectric.com\/index.php\/wp-json\/wp\/v2\/media\/2540"}],"wp:attachment":[{"href":"https:\/\/asynelectric.com\/index.php\/wp-json\/wp\/v2\/media?parent=2352"}],"wp:term":[{"taxonomy":"product_brand","embeddable":true,"href":"https:\/\/asynelectric.com\/index.php\/wp-json\/wp\/v2\/product_brand?post=2352"},{"taxonomy":"product_cat","embeddable":true,"href":"https:\/\/asynelectric.com\/index.php\/wp-json\/wp\/v2\/product_cat?post=2352"},{"taxonomy":"product_tag","embeddable":true,"href":"https:\/\/asynelectric.com\/index.php\/wp-json\/wp\/v2\/product_tag?post=2352"}],"curies":[{"name":"wp","href":"https:\/\/api.w.org\/{rel}","templated":true}]}}