{"id":2030,"date":"2025-06-23T12:56:42","date_gmt":"2025-06-23T17:56:42","guid":{"rendered":"https:\/\/asynelectric.com\/?post_type=product&#038;p=2030"},"modified":"2025-06-30T11:41:30","modified_gmt":"2025-06-30T16:41:30","slug":"variador-de-velocidad-trifasico-380-500v-de-0-75-a-630kw-modelo-acs880-serie-acs880-abb","status":"publish","type":"product","link":"https:\/\/asynelectric.com\/index.php\/product\/variador-de-velocidad-trifasico-380-500v-de-0-75-a-630kw-modelo-acs880-serie-acs880-abb\/","title":{"rendered":"VARIADOR DE VELOCIDAD TRIF\u00c1SICO 380\/500V DE 0.75 A 630kW\u2502MODELO ACS880\u2502SERIE ACS880\u2502ABB"},"content":{"rendered":"<p data-start=\"630\" data-end=\"888\">El variador <strong data-start=\"642\" data-end=\"656\">ABB ACS880<\/strong> est\u00e1 dise\u00f1ado para brindar el m\u00e1ximo rendimiento y flexibilidad en entornos industriales. Su exclusivo <strong data-start=\"760\" data-end=\"795\">control de torque directo (DTC)<\/strong> proporciona una respuesta de par precisa incluso a velocidad cero, sin necesidad de encoder.<\/p>\n<p data-start=\"890\" data-end=\"1256\">Est\u00e1 disponible en configuraci\u00f3n trif\u00e1sica <strong data-start=\"933\" data-end=\"946\">380\u2013500\u202fV<\/strong>, en versiones con envolvente <strong data-start=\"976\" data-end=\"984\">IP20<\/strong> para montaje en tablero (bastidores R1 al R9), y en versi\u00f3n <strong data-start=\"1045\" data-end=\"1053\">IP00<\/strong> para montaje en gabinete (R10 y R11). Ofrece compatibilidad con una amplia variedad de motores y es adaptable mediante m\u00f3dulos opcionales, interfaces de comunicaci\u00f3n y funciones de seguridad integradas.<\/p>\n<p data-start=\"1258\" data-end=\"1367\">Ideal para industrias como miner\u00eda, papel, petr\u00f3leo, metalurgia, energ\u00eda, alimentos y manufactura en general.<\/p>\n<ul>\n<li data-start=\"1258\" data-end=\"1367\">MODELOS DISPONIBLES TRIFASICO (380-500VAC\/IP20):<\/li>\n<\/ul>\n<table>\n<thead>\n<tr>\n<th>Potencia (kW)<\/th>\n<th>Corriente (A)<\/th>\n<th>C\u00f3digo ABB<\/th>\n<th>Bastidor<\/th>\n<\/tr>\n<\/thead>\n<tbody>\n<tr>\n<td style=\"text-align: center;\">0.75<\/td>\n<td style=\"text-align: center;\">2<\/td>\n<td style=\"text-align: center;\">ACS880-01-02A1-5<\/td>\n<td style=\"text-align: center;\">R1<\/td>\n<\/tr>\n<tr>\n<td style=\"text-align: center;\">1.1<\/td>\n<td style=\"text-align: center;\">2.8<\/td>\n<td style=\"text-align: center;\">ACS880-01-03A0-5<\/td>\n<td style=\"text-align: center;\">R1<\/td>\n<\/tr>\n<tr>\n<td style=\"text-align: center;\">1.5<\/td>\n<td style=\"text-align: center;\">3.2<\/td>\n<td style=\"text-align: center;\">ACS880-01-03A4-5<\/td>\n<td style=\"text-align: center;\">R1<\/td>\n<\/tr>\n<tr>\n<td style=\"text-align: center;\">2.2<\/td>\n<td style=\"text-align: center;\">4.6<\/td>\n<td style=\"text-align: center;\">ACS880-01-04A8-5<\/td>\n<td style=\"text-align: center;\">R1<\/td>\n<\/tr>\n<tr>\n<td style=\"text-align: center;\">3.0<\/td>\n<td style=\"text-align: center;\">4.9<\/td>\n<td style=\"text-align: center;\">ACS880-01-05A2-5<\/td>\n<td style=\"text-align: center;\">R1<\/td>\n<\/tr>\n<tr>\n<td style=\"text-align: center;\">4.0<\/td>\n<td style=\"text-align: center;\">7.2<\/td>\n<td style=\"text-align: center;\">ACS880-01-07A6-5<\/td>\n<td style=\"text-align: center;\">R1<\/td>\n<\/tr>\n<tr>\n<td style=\"text-align: center;\">5.5<\/td>\n<td style=\"text-align: center;\">10.4<\/td>\n<td style=\"text-align: center;\">ACS880-01-11A0-5<\/td>\n<td style=\"text-align: center;\">R2<\/td>\n<\/tr>\n<tr>\n<td style=\"text-align: center;\">7.5<\/td>\n<td style=\"text-align: center;\">13<\/td>\n<td style=\"text-align: center;\">ACS880-01-014A-5<\/td>\n<td style=\"text-align: center;\">R2<\/td>\n<\/tr>\n<tr>\n<td style=\"text-align: center;\">11.0<\/td>\n<td style=\"text-align: center;\">19<\/td>\n<td style=\"text-align: center;\">ACS880-01-021A-5<\/td>\n<td style=\"text-align: center;\">R3<\/td>\n<\/tr>\n<tr>\n<td style=\"text-align: center;\">15.0<\/td>\n<td style=\"text-align: center;\">26<\/td>\n<td style=\"text-align: center;\">ACS880-01-027A-5<\/td>\n<td style=\"text-align: center;\">R3<\/td>\n<\/tr>\n<tr>\n<td style=\"text-align: center;\">18.5<\/td>\n<td style=\"text-align: center;\">32<\/td>\n<td style=\"text-align: center;\">ACS880-01-034A-5<\/td>\n<td style=\"text-align: center;\">R3<\/td>\n<\/tr>\n<tr>\n<td style=\"text-align: center;\">22.0<\/td>\n<td style=\"text-align: center;\">38<\/td>\n<td style=\"text-align: center;\">ACS880-01-040A-5<\/td>\n<td style=\"text-align: center;\">R4<\/td>\n<\/tr>\n<tr>\n<td style=\"text-align: center;\">30.0<\/td>\n<td style=\"text-align: center;\">49<\/td>\n<td style=\"text-align: center;\">ACS880-01-052A-5<\/td>\n<td style=\"text-align: center;\">R4<\/td>\n<\/tr>\n<tr>\n<td style=\"text-align: center;\">37.0<\/td>\n<td style=\"text-align: center;\">62<\/td>\n<td style=\"text-align: center;\">ACS880-01-065A-5<\/td>\n<td style=\"text-align: center;\">R4<\/td>\n<\/tr>\n<tr>\n<td style=\"text-align: center;\">45.0<\/td>\n<td style=\"text-align: center;\">73<\/td>\n<td style=\"text-align: center;\">ACS880-01-077A-5<\/td>\n<td style=\"text-align: center;\">R5<\/td>\n<\/tr>\n<tr>\n<td style=\"text-align: center;\">55.0<\/td>\n<td style=\"text-align: center;\">91<\/td>\n<td style=\"text-align: center;\">ACS880-01-096A-5<\/td>\n<td style=\"text-align: center;\">R6<\/td>\n<\/tr>\n<tr>\n<td style=\"text-align: center;\">75.0<\/td>\n<td style=\"text-align: center;\">118<\/td>\n<td style=\"text-align: center;\">ACS880-01-124A-5<\/td>\n<td style=\"text-align: center;\">R6<\/td>\n<\/tr>\n<tr>\n<td style=\"text-align: center;\">90.0<\/td>\n<td style=\"text-align: center;\">148<\/td>\n<td style=\"text-align: center;\">ACS880-01-156A-5<\/td>\n<td style=\"text-align: center;\">R7<\/td>\n<\/tr>\n<tr>\n<td style=\"text-align: center;\">110.0<\/td>\n<td style=\"text-align: center;\">171<\/td>\n<td style=\"text-align: center;\">ACS880-01-180A-5<\/td>\n<td style=\"text-align: center;\">R7<\/td>\n<\/tr>\n<tr>\n<td style=\"text-align: center;\">132.0<\/td>\n<td style=\"text-align: center;\">228<\/td>\n<td style=\"text-align: center;\">ACS880-01-240A-5<\/td>\n<td style=\"text-align: center;\">R8<\/td>\n<\/tr>\n<tr>\n<td style=\"text-align: center;\">160.0<\/td>\n<td style=\"text-align: center;\">247<\/td>\n<td style=\"text-align: center;\">ACS880-01-260A-5<\/td>\n<td style=\"text-align: center;\">R8<\/td>\n<\/tr>\n<tr>\n<td style=\"text-align: center;\">200.0<\/td>\n<td style=\"text-align: center;\">343<\/td>\n<td style=\"text-align: center;\">ACS880-01-361A-5<\/td>\n<td style=\"text-align: center;\">R9<\/td>\n<\/tr>\n<tr>\n<td style=\"text-align: center;\">250.0<\/td>\n<td style=\"text-align: center;\">393<\/td>\n<td style=\"text-align: center;\">ACS880-01-414A-5<\/td>\n<td style=\"text-align: center;\">R9<\/td>\n<\/tr>\n<\/tbody>\n<\/table>\n<ul>\n<li>MODELOS DISPONIBLES TRIFASICO (380-500VAC\/IP00):<\/li>\n<\/ul>\n<table>\n<thead>\n<tr>\n<th>Potencia (kW)<\/th>\n<th>Corriente (A)<\/th>\n<th>C\u00f3digo ABB<\/th>\n<th>Bastidor<\/th>\n<\/tr>\n<\/thead>\n<tbody>\n<tr>\n<td style=\"text-align: center;\">315.0<\/td>\n<td style=\"text-align: center;\">460<\/td>\n<td style=\"text-align: center;\">ACS880-04-460A-5<\/td>\n<td style=\"text-align: center;\">R10<\/td>\n<\/tr>\n<tr>\n<td style=\"text-align: center;\">355.0<\/td>\n<td style=\"text-align: center;\">503<\/td>\n<td style=\"text-align: center;\">ACS880-04-503A-5<\/td>\n<td style=\"text-align: center;\">R10<\/td>\n<\/tr>\n<tr>\n<td style=\"text-align: center;\">400.0<\/td>\n<td style=\"text-align: center;\">583<\/td>\n<td style=\"text-align: center;\">ACS880-04-583A-5<\/td>\n<td style=\"text-align: center;\">R11<\/td>\n<\/tr>\n<tr>\n<td style=\"text-align: center;\">450.0<\/td>\n<td style=\"text-align: center;\">635<\/td>\n<td style=\"text-align: center;\">ACS880-04-635A-5<\/td>\n<td style=\"text-align: center;\">R11<\/td>\n<\/tr>\n<tr>\n<td style=\"text-align: center;\">500.0<\/td>\n<td style=\"text-align: center;\">715<\/td>\n<td style=\"text-align: center;\">ACS880-04-715A-5<\/td>\n<td style=\"text-align: center;\">R11<\/td>\n<\/tr>\n<tr>\n<td style=\"text-align: center;\">560.0<\/td>\n<td style=\"text-align: center;\">820<\/td>\n<td style=\"text-align: center;\">ACS880-04-820A-5<\/td>\n<td style=\"text-align: center;\">R11<\/td>\n<\/tr>\n<tr>\n<td style=\"text-align: center;\">630.0<\/td>\n<td style=\"text-align: center;\">880<\/td>\n<td style=\"text-align: center;\">ACS880-04-880A-5<\/td>\n<td style=\"text-align: center;\">R11<\/td>\n<\/tr>\n<\/tbody>\n<\/table>\n<ul>\n<li>DIMENSIONES POR TAMA\u00d1O DE BASTIDORES:<\/li>\n<\/ul>\n<table>\n<thead>\n<tr>\n<th align=\"center\">Bastidor<\/th>\n<th align=\"center\">Altura (mm)<\/th>\n<th align=\"center\">Ancho (mm)<\/th>\n<th align=\"center\">Profundidad (mm)<\/th>\n<th align=\"center\">Peso aprox. (kg)<\/th>\n<\/tr>\n<\/thead>\n<tbody>\n<tr>\n<td align=\"center\"><strong>R1<\/strong><\/td>\n<td align=\"center\">376<\/td>\n<td align=\"center\">155<\/td>\n<td align=\"center\">226<\/td>\n<td align=\"center\">6.1<\/td>\n<\/tr>\n<tr>\n<td align=\"center\"><strong>R2<\/strong><\/td>\n<td align=\"center\">376<\/td>\n<td align=\"center\">155<\/td>\n<td align=\"center\">249<\/td>\n<td align=\"center\">7.6<\/td>\n<\/tr>\n<tr>\n<td align=\"center\"><strong>R3<\/strong><\/td>\n<td align=\"center\">436<\/td>\n<td align=\"center\">173<\/td>\n<td align=\"center\">261<\/td>\n<td align=\"center\">9.9<\/td>\n<\/tr>\n<tr>\n<td align=\"center\"><strong>R4<\/strong><\/td>\n<td align=\"center\">563<\/td>\n<td align=\"center\">203<\/td>\n<td align=\"center\">274<\/td>\n<td align=\"center\">16.8<\/td>\n<\/tr>\n<tr>\n<td align=\"center\"><strong>R5<\/strong><\/td>\n<td align=\"center\">653<\/td>\n<td align=\"center\">203<\/td>\n<td align=\"center\">274<\/td>\n<td align=\"center\">20.2<\/td>\n<\/tr>\n<tr>\n<td align=\"center\"><strong>R6<\/strong><\/td>\n<td align=\"center\">593<\/td>\n<td align=\"center\">252<\/td>\n<td align=\"center\">357<\/td>\n<td align=\"center\">39.8<\/td>\n<\/tr>\n<tr>\n<td align=\"center\"><strong>R7<\/strong><\/td>\n<td align=\"center\">645<\/td>\n<td align=\"center\">284<\/td>\n<td align=\"center\">365<\/td>\n<td align=\"center\">48.6<\/td>\n<\/tr>\n<tr>\n<td align=\"center\"><strong>R8<\/strong><\/td>\n<td align=\"center\">724<\/td>\n<td align=\"center\">300<\/td>\n<td align=\"center\">386<\/td>\n<td align=\"center\">59.8<\/td>\n<\/tr>\n<tr>\n<td align=\"center\"><strong>R9<\/strong><\/td>\n<td align=\"center\">723<\/td>\n<td align=\"center\">380<\/td>\n<td align=\"center\">413<\/td>\n<td align=\"center\">86.6<\/td>\n<\/tr>\n<tr>\n<td align=\"center\"><strong>R10<\/strong><\/td>\n<td align=\"center\">1541<\/td>\n<td align=\"center\">350<\/td>\n<td align=\"center\">506<\/td>\n<td align=\"center\">161<\/td>\n<\/tr>\n<tr>\n<td align=\"center\"><strong>R11<\/strong><\/td>\n<td align=\"center\">1741<\/td>\n<td align=\"center\">350<\/td>\n<td align=\"center\">506<\/td>\n<td align=\"center\">199<\/td>\n<\/tr>\n<\/tbody>\n<\/table>\n","protected":false},"excerpt":{"rendered":"<p>Variador <strong>ABB ACS880<\/strong> trif\u00e1sico <strong>380\u2013500\u202fV<\/strong> con tecnolog\u00eda DTC, dise\u00f1ado para aplicaciones industriales exigentes. Disponible en versiones IP20 (hasta 250\u202fkW) e IP00 (hasta 630\u202fkW).<\/p>\n","protected":false},"featured_media":2031,"template":"","meta":[],"product_brand":[49],"product_cat":[111],"product_tag":[],"class_list":{"0":"post-2030","1":"product","2":"type-product","3":"status-publish","4":"has-post-thumbnail","6":"product_brand-abb","7":"product_cat-variadores-de-velocidad","9":"first","10":"instock","11":"taxable","12":"shipping-taxable","13":"product-type-simple"},"yoast_head":"<!-- This site is optimized with the Yoast SEO plugin v27.5 - https:\/\/yoast.com\/product\/yoast-seo-wordpress\/ -->\n<title>VARIADOR DE VELOCIDAD TRIF\u00c1SICO 380\/500V DE 0.75 A 630kW\u2502MODELO ACS880\u2502SERIE ACS880\u2502ABB - Asyn Electric<\/title>\n<meta name=\"robots\" content=\"noindex, follow\" \/>\n<meta property=\"og:locale\" content=\"es_ES\" \/>\n<meta property=\"og:type\" content=\"article\" \/>\n<meta property=\"og:title\" content=\"VARIADOR DE VELOCIDAD TRIF\u00c1SICO 380\/500V DE 0.75 A 630kW\u2502MODELO ACS880\u2502SERIE ACS880\u2502ABB - Asyn Electric\" \/>\n<meta property=\"og:description\" content=\"Variador ABB ACS880 trif\u00e1sico 380\u2013500\u202fV con tecnolog\u00eda DTC, dise\u00f1ado para aplicaciones industriales exigentes. Disponible en versiones IP20 (hasta 250\u202fkW) e IP00 (hasta 630\u202fkW).\" \/>\n<meta property=\"og:url\" content=\"https:\/\/asynelectric.com\/index.php\/product\/variador-de-velocidad-trifasico-380-500v-de-0-75-a-630kw-modelo-acs880-serie-acs880-abb\/\" \/>\n<meta property=\"og:site_name\" content=\"Asyn Electric\" \/>\n<meta property=\"article:publisher\" content=\"https:\/\/www.facebook.com\/ASYNELECTRIC\" \/>\n<meta property=\"article:modified_time\" content=\"2025-06-30T16:41:30+00:00\" \/>\n<meta property=\"og:image\" content=\"https:\/\/asynelectric.com\/wp-content\/uploads\/2025\/06\/215.png\" \/>\n\t<meta property=\"og:image:width\" content=\"2000\" \/>\n\t<meta property=\"og:image:height\" content=\"2000\" \/>\n\t<meta property=\"og:image:type\" content=\"image\/png\" \/>\n<meta name=\"twitter:card\" content=\"summary_large_image\" \/>\n<meta name=\"twitter:label1\" content=\"Tiempo de lectura\" \/>\n\t<meta name=\"twitter:data1\" content=\"2 minutos\" \/>\n<script type=\"application\/ld+json\" class=\"yoast-schema-graph\">{\"@context\":\"https:\\\/\\\/schema.org\",\"@graph\":[{\"@type\":\"WebPage\",\"@id\":\"https:\\\/\\\/asynelectric.com\\\/index.php\\\/product\\\/variador-de-velocidad-trifasico-380-500v-de-0-75-a-630kw-modelo-acs880-serie-acs880-abb\\\/\",\"url\":\"https:\\\/\\\/asynelectric.com\\\/index.php\\\/product\\\/variador-de-velocidad-trifasico-380-500v-de-0-75-a-630kw-modelo-acs880-serie-acs880-abb\\\/\",\"name\":\"VARIADOR DE VELOCIDAD TRIF\u00c1SICO 380\\\/500V DE 0.75 A 630kW\u2502MODELO ACS880\u2502SERIE ACS880\u2502ABB - Asyn Electric\",\"isPartOf\":{\"@id\":\"https:\\\/\\\/asynelectric.com\\\/#website\"},\"primaryImageOfPage\":{\"@id\":\"https:\\\/\\\/asynelectric.com\\\/index.php\\\/product\\\/variador-de-velocidad-trifasico-380-500v-de-0-75-a-630kw-modelo-acs880-serie-acs880-abb\\\/#primaryimage\"},\"image\":{\"@id\":\"https:\\\/\\\/asynelectric.com\\\/index.php\\\/product\\\/variador-de-velocidad-trifasico-380-500v-de-0-75-a-630kw-modelo-acs880-serie-acs880-abb\\\/#primaryimage\"},\"thumbnailUrl\":\"https:\\\/\\\/asynelectric.com\\\/wp-content\\\/uploads\\\/2025\\\/06\\\/215.png\",\"datePublished\":\"2025-06-23T17:56:42+00:00\",\"dateModified\":\"2025-06-30T16:41:30+00:00\",\"breadcrumb\":{\"@id\":\"https:\\\/\\\/asynelectric.com\\\/index.php\\\/product\\\/variador-de-velocidad-trifasico-380-500v-de-0-75-a-630kw-modelo-acs880-serie-acs880-abb\\\/#breadcrumb\"},\"inLanguage\":\"es\",\"potentialAction\":[{\"@type\":\"ReadAction\",\"target\":[\"https:\\\/\\\/asynelectric.com\\\/index.php\\\/product\\\/variador-de-velocidad-trifasico-380-500v-de-0-75-a-630kw-modelo-acs880-serie-acs880-abb\\\/\"]}]},{\"@type\":\"ImageObject\",\"inLanguage\":\"es\",\"@id\":\"https:\\\/\\\/asynelectric.com\\\/index.php\\\/product\\\/variador-de-velocidad-trifasico-380-500v-de-0-75-a-630kw-modelo-acs880-serie-acs880-abb\\\/#primaryimage\",\"url\":\"https:\\\/\\\/asynelectric.com\\\/wp-content\\\/uploads\\\/2025\\\/06\\\/215.png\",\"contentUrl\":\"https:\\\/\\\/asynelectric.com\\\/wp-content\\\/uploads\\\/2025\\\/06\\\/215.png\",\"width\":2000,\"height\":2000},{\"@type\":\"BreadcrumbList\",\"@id\":\"https:\\\/\\\/asynelectric.com\\\/index.php\\\/product\\\/variador-de-velocidad-trifasico-380-500v-de-0-75-a-630kw-modelo-acs880-serie-acs880-abb\\\/#breadcrumb\",\"itemListElement\":[{\"@type\":\"ListItem\",\"position\":1,\"name\":\"Portada\",\"item\":\"https:\\\/\\\/asynelectric.com\\\/\"},{\"@type\":\"ListItem\",\"position\":2,\"name\":\"Productos\",\"item\":\"https:\\\/\\\/asynelectric.com\\\/index.php\\\/products\\\/\"},{\"@type\":\"ListItem\",\"position\":3,\"name\":\"VARIADOR DE VELOCIDAD TRIF\u00c1SICO 380\\\/500V DE 0.75 A 630kW\u2502MODELO ACS880\u2502SERIE ACS880\u2502ABB\"}]},{\"@type\":\"WebSite\",\"@id\":\"https:\\\/\\\/asynelectric.com\\\/#website\",\"url\":\"https:\\\/\\\/asynelectric.com\\\/\",\"name\":\"Asyn Electric\",\"description\":\"Venta de productos electricos, automatizacion y domotica\",\"publisher\":{\"@id\":\"https:\\\/\\\/asynelectric.com\\\/#organization\"},\"potentialAction\":[{\"@type\":\"SearchAction\",\"target\":{\"@type\":\"EntryPoint\",\"urlTemplate\":\"https:\\\/\\\/asynelectric.com\\\/?s={search_term_string}\"},\"query-input\":{\"@type\":\"PropertyValueSpecification\",\"valueRequired\":true,\"valueName\":\"search_term_string\"}}],\"inLanguage\":\"es\"},{\"@type\":\"Organization\",\"@id\":\"https:\\\/\\\/asynelectric.com\\\/#organization\",\"name\":\"Asyn Electric\",\"url\":\"https:\\\/\\\/asynelectric.com\\\/\",\"logo\":{\"@type\":\"ImageObject\",\"inLanguage\":\"es\",\"@id\":\"https:\\\/\\\/asynelectric.com\\\/#\\\/schema\\\/logo\\\/image\\\/\",\"url\":\"https:\\\/\\\/asynelectric.com\\\/wp-content\\\/uploads\\\/2025\\\/05\\\/ABB-1.png\",\"contentUrl\":\"https:\\\/\\\/asynelectric.com\\\/wp-content\\\/uploads\\\/2025\\\/05\\\/ABB-1.png\",\"width\":2000,\"height\":2000,\"caption\":\"Asyn Electric\"},\"image\":{\"@id\":\"https:\\\/\\\/asynelectric.com\\\/#\\\/schema\\\/logo\\\/image\\\/\"},\"sameAs\":[\"https:\\\/\\\/www.facebook.com\\\/ASYNELECTRIC\",\"https:\\\/\\\/www.instagram.com\\\/asynelectric.pe\\\/\"]}]}<\/script>\n<!-- \/ Yoast SEO plugin. -->","yoast_head_json":{"title":"VARIADOR DE VELOCIDAD TRIF\u00c1SICO 380\/500V DE 0.75 A 630kW\u2502MODELO ACS880\u2502SERIE ACS880\u2502ABB - Asyn Electric","robots":{"index":"noindex","follow":"follow"},"og_locale":"es_ES","og_type":"article","og_title":"VARIADOR DE VELOCIDAD TRIF\u00c1SICO 380\/500V DE 0.75 A 630kW\u2502MODELO ACS880\u2502SERIE ACS880\u2502ABB - Asyn Electric","og_description":"Variador ABB ACS880 trif\u00e1sico 380\u2013500\u202fV con tecnolog\u00eda DTC, dise\u00f1ado para aplicaciones industriales exigentes. Disponible en versiones IP20 (hasta 250\u202fkW) e IP00 (hasta 630\u202fkW).","og_url":"https:\/\/asynelectric.com\/index.php\/product\/variador-de-velocidad-trifasico-380-500v-de-0-75-a-630kw-modelo-acs880-serie-acs880-abb\/","og_site_name":"Asyn Electric","article_publisher":"https:\/\/www.facebook.com\/ASYNELECTRIC","article_modified_time":"2025-06-30T16:41:30+00:00","og_image":[{"width":2000,"height":2000,"url":"https:\/\/asynelectric.com\/wp-content\/uploads\/2025\/06\/215.png","type":"image\/png"}],"twitter_card":"summary_large_image","twitter_misc":{"Tiempo de lectura":"2 minutos"},"schema":{"@context":"https:\/\/schema.org","@graph":[{"@type":"WebPage","@id":"https:\/\/asynelectric.com\/index.php\/product\/variador-de-velocidad-trifasico-380-500v-de-0-75-a-630kw-modelo-acs880-serie-acs880-abb\/","url":"https:\/\/asynelectric.com\/index.php\/product\/variador-de-velocidad-trifasico-380-500v-de-0-75-a-630kw-modelo-acs880-serie-acs880-abb\/","name":"VARIADOR DE VELOCIDAD TRIF\u00c1SICO 380\/500V DE 0.75 A 630kW\u2502MODELO ACS880\u2502SERIE ACS880\u2502ABB - Asyn Electric","isPartOf":{"@id":"https:\/\/asynelectric.com\/#website"},"primaryImageOfPage":{"@id":"https:\/\/asynelectric.com\/index.php\/product\/variador-de-velocidad-trifasico-380-500v-de-0-75-a-630kw-modelo-acs880-serie-acs880-abb\/#primaryimage"},"image":{"@id":"https:\/\/asynelectric.com\/index.php\/product\/variador-de-velocidad-trifasico-380-500v-de-0-75-a-630kw-modelo-acs880-serie-acs880-abb\/#primaryimage"},"thumbnailUrl":"https:\/\/asynelectric.com\/wp-content\/uploads\/2025\/06\/215.png","datePublished":"2025-06-23T17:56:42+00:00","dateModified":"2025-06-30T16:41:30+00:00","breadcrumb":{"@id":"https:\/\/asynelectric.com\/index.php\/product\/variador-de-velocidad-trifasico-380-500v-de-0-75-a-630kw-modelo-acs880-serie-acs880-abb\/#breadcrumb"},"inLanguage":"es","potentialAction":[{"@type":"ReadAction","target":["https:\/\/asynelectric.com\/index.php\/product\/variador-de-velocidad-trifasico-380-500v-de-0-75-a-630kw-modelo-acs880-serie-acs880-abb\/"]}]},{"@type":"ImageObject","inLanguage":"es","@id":"https:\/\/asynelectric.com\/index.php\/product\/variador-de-velocidad-trifasico-380-500v-de-0-75-a-630kw-modelo-acs880-serie-acs880-abb\/#primaryimage","url":"https:\/\/asynelectric.com\/wp-content\/uploads\/2025\/06\/215.png","contentUrl":"https:\/\/asynelectric.com\/wp-content\/uploads\/2025\/06\/215.png","width":2000,"height":2000},{"@type":"BreadcrumbList","@id":"https:\/\/asynelectric.com\/index.php\/product\/variador-de-velocidad-trifasico-380-500v-de-0-75-a-630kw-modelo-acs880-serie-acs880-abb\/#breadcrumb","itemListElement":[{"@type":"ListItem","position":1,"name":"Portada","item":"https:\/\/asynelectric.com\/"},{"@type":"ListItem","position":2,"name":"Productos","item":"https:\/\/asynelectric.com\/index.php\/products\/"},{"@type":"ListItem","position":3,"name":"VARIADOR DE VELOCIDAD TRIF\u00c1SICO 380\/500V DE 0.75 A 630kW\u2502MODELO ACS880\u2502SERIE ACS880\u2502ABB"}]},{"@type":"WebSite","@id":"https:\/\/asynelectric.com\/#website","url":"https:\/\/asynelectric.com\/","name":"Asyn Electric","description":"Venta de productos electricos, automatizacion y domotica","publisher":{"@id":"https:\/\/asynelectric.com\/#organization"},"potentialAction":[{"@type":"SearchAction","target":{"@type":"EntryPoint","urlTemplate":"https:\/\/asynelectric.com\/?s={search_term_string}"},"query-input":{"@type":"PropertyValueSpecification","valueRequired":true,"valueName":"search_term_string"}}],"inLanguage":"es"},{"@type":"Organization","@id":"https:\/\/asynelectric.com\/#organization","name":"Asyn Electric","url":"https:\/\/asynelectric.com\/","logo":{"@type":"ImageObject","inLanguage":"es","@id":"https:\/\/asynelectric.com\/#\/schema\/logo\/image\/","url":"https:\/\/asynelectric.com\/wp-content\/uploads\/2025\/05\/ABB-1.png","contentUrl":"https:\/\/asynelectric.com\/wp-content\/uploads\/2025\/05\/ABB-1.png","width":2000,"height":2000,"caption":"Asyn Electric"},"image":{"@id":"https:\/\/asynelectric.com\/#\/schema\/logo\/image\/"},"sameAs":["https:\/\/www.facebook.com\/ASYNELECTRIC","https:\/\/www.instagram.com\/asynelectric.pe\/"]}]}},"_links":{"self":[{"href":"https:\/\/asynelectric.com\/index.php\/wp-json\/wp\/v2\/product\/2030","targetHints":{"allow":["GET"]}}],"collection":[{"href":"https:\/\/asynelectric.com\/index.php\/wp-json\/wp\/v2\/product"}],"about":[{"href":"https:\/\/asynelectric.com\/index.php\/wp-json\/wp\/v2\/types\/product"}],"wp:featuredmedia":[{"embeddable":true,"href":"https:\/\/asynelectric.com\/index.php\/wp-json\/wp\/v2\/media\/2031"}],"wp:attachment":[{"href":"https:\/\/asynelectric.com\/index.php\/wp-json\/wp\/v2\/media?parent=2030"}],"wp:term":[{"taxonomy":"product_brand","embeddable":true,"href":"https:\/\/asynelectric.com\/index.php\/wp-json\/wp\/v2\/product_brand?post=2030"},{"taxonomy":"product_cat","embeddable":true,"href":"https:\/\/asynelectric.com\/index.php\/wp-json\/wp\/v2\/product_cat?post=2030"},{"taxonomy":"product_tag","embeddable":true,"href":"https:\/\/asynelectric.com\/index.php\/wp-json\/wp\/v2\/product_tag?post=2030"}],"curies":[{"name":"wp","href":"https:\/\/api.w.org\/{rel}","templated":true}]}}