{"id":1999,"date":"2025-06-16T16:47:46","date_gmt":"2025-06-16T21:47:46","guid":{"rendered":"https:\/\/asynelectric.com\/?post_type=product&#038;p=1999"},"modified":"2025-06-20T15:47:20","modified_gmt":"2025-06-20T20:47:20","slug":"variador-de-velocidad-trifasico-380-480v-de-0-75-a-22kw-modelo-acs480-serie-acs480-abb","status":"publish","type":"product","link":"https:\/\/asynelectric.com\/index.php\/product\/variador-de-velocidad-trifasico-380-480v-de-0-75-a-22kw-modelo-acs480-serie-acs480-abb\/","title":{"rendered":"VARIADOR DE VELOCIDAD TRIF\u00c1SICO 380\/480V de 0.75 a 22kW\u2502MODELO ACS480\u2502SERIE ACS480\u2502ABB"},"content":{"rendered":"<p>La serie <strong data-start=\"496\" data-end=\"510\">ABB ACS480<\/strong> ofrece una soluci\u00f3n robusta y compacta para el control de velocidad en motores trif\u00e1sicos. Dise\u00f1ada para aplicaciones industriales generales, combina facilidad de uso, seguridad y eficiencia energ\u00e9tica. Incorpora funciones integradas como <strong data-start=\"750\" data-end=\"775\">Safe Torque Off (STO)<\/strong>, <strong data-start=\"777\" data-end=\"794\">filtro EMC C2<\/strong>, <strong data-start=\"796\" data-end=\"825\">panel asistente removible<\/strong>, y <strong data-start=\"829\" data-end=\"856\">conectividad Modbus RTU<\/strong>. Su dise\u00f1o optimizado en IP20 lo hace ideal para instalarse dentro de gabinetes el\u00e9ctricos.<\/p>\n<ul>\n<li>MODELOS DISPONIBLES TRIFASICO IP20 (380-480V):<\/li>\n<\/ul>\n<table style=\"height: 680px;\" width=\"826\">\n<thead>\n<tr>\n<th>Potencia (kW)<\/th>\n<th>Corriente nominal (A)<\/th>\n<th>C\u00f3digo ABB<\/th>\n<th>Descripci\u00f3n<\/th>\n<th>Tama\u00f1o de bastidor<\/th>\n<\/tr>\n<\/thead>\n<tbody>\n<tr>\n<td style=\"text-align: center;\">0.75<\/td>\n<td style=\"text-align: center;\">2.6<\/td>\n<td style=\"text-align: center;\">ACS480-04_R<\/td>\n<td style=\"text-align: center;\">ACS480-04-02A7-4+J400<\/td>\n<td style=\"text-align: center;\">R1<\/td>\n<\/tr>\n<tr>\n<td style=\"text-align: center;\">1.1<\/td>\n<td style=\"text-align: center;\">3.3<\/td>\n<td style=\"text-align: center;\">ACS480-04_R2<\/td>\n<td style=\"text-align: center;\">ACS480-04-03A4-4+J400<\/td>\n<td style=\"text-align: center;\">R1<\/td>\n<\/tr>\n<tr>\n<td style=\"text-align: center;\">1.5<\/td>\n<td style=\"text-align: center;\">4<\/td>\n<td style=\"text-align: center;\">ACS480-04_R3<\/td>\n<td style=\"text-align: center;\">ACS480-04-04A1-4+J400<\/td>\n<td style=\"text-align: center;\">R1<\/td>\n<\/tr>\n<tr>\n<td style=\"text-align: center;\">2.2<\/td>\n<td style=\"text-align: center;\">5.6<\/td>\n<td style=\"text-align: center;\">ACS480-04_R4<\/td>\n<td style=\"text-align: center;\">ACS480-04-05A7-4+J400<\/td>\n<td style=\"text-align: center;\">R1<\/td>\n<\/tr>\n<tr>\n<td style=\"text-align: center;\">3<\/td>\n<td style=\"text-align: center;\">7.2<\/td>\n<td style=\"text-align: center;\">ACS480-04_R5<\/td>\n<td style=\"text-align: center;\">ACS480-04-07A3-4+J400<\/td>\n<td style=\"text-align: center;\">R1<\/td>\n<\/tr>\n<tr>\n<td style=\"text-align: center;\">4<\/td>\n<td style=\"text-align: center;\">9.4<\/td>\n<td style=\"text-align: center;\">ACS480-04_R6<\/td>\n<td style=\"text-align: center;\">ACS480-04-09A5-4+J400<\/td>\n<td style=\"text-align: center;\">R1<\/td>\n<\/tr>\n<tr>\n<td style=\"text-align: center;\">5.5<\/td>\n<td style=\"text-align: center;\">12.6<\/td>\n<td style=\"text-align: center;\">ACS480-04_R7<\/td>\n<td style=\"text-align: center;\">ACS480-04-12A7-4+J400<\/td>\n<td style=\"text-align: center;\">R2<\/td>\n<\/tr>\n<tr>\n<td style=\"text-align: center;\">7.5<\/td>\n<td style=\"text-align: center;\">17<\/td>\n<td style=\"text-align: center;\">ACS480-04_R8<\/td>\n<td style=\"text-align: center;\">ACS480-04-018A-4+J400<\/td>\n<td style=\"text-align: center;\">R3<\/td>\n<\/tr>\n<tr>\n<td style=\"text-align: center;\">11<\/td>\n<td style=\"text-align: center;\">25<\/td>\n<td style=\"text-align: center;\">ACS480-04_R9<\/td>\n<td style=\"text-align: center;\">ACS480-04-026A-4+J400<\/td>\n<td style=\"text-align: center;\">R3<\/td>\n<\/tr>\n<tr>\n<td style=\"text-align: center;\">15<\/td>\n<td style=\"text-align: center;\">32<\/td>\n<td style=\"text-align: center;\">ACS480-04_R10<\/td>\n<td style=\"text-align: center;\">ACS480-04-033A-4+J400<\/td>\n<td style=\"text-align: center;\">R4<\/td>\n<\/tr>\n<tr>\n<td style=\"text-align: center;\">18.5<\/td>\n<td style=\"text-align: center;\">38<\/td>\n<td style=\"text-align: center;\">ACS480-04_R11<\/td>\n<td style=\"text-align: center;\">ACS480-04-039A-4+J400<\/td>\n<td style=\"text-align: center;\">R4<\/td>\n<\/tr>\n<tr>\n<td style=\"text-align: center;\">22<\/td>\n<td style=\"text-align: center;\">45<\/td>\n<td style=\"text-align: center;\">ACS480-04_R12<\/td>\n<td style=\"text-align: center;\">ACS480-04-046A-4+J400<\/td>\n<td style=\"text-align: center;\">R4<\/td>\n<\/tr>\n<tr>\n<td style=\"text-align: center;\">22<\/td>\n<td style=\"text-align: center;\">50<\/td>\n<td style=\"text-align: center;\">ACS480-04_R13<\/td>\n<td style=\"text-align: center;\">ACS480-04-050A-4+J400<\/td>\n<td style=\"text-align: center;\">R4<\/td>\n<\/tr>\n<\/tbody>\n<\/table>\n<ul>\n<li>DIMENSIONES POR TAMA\u00d1O DE BASTIDOR:<\/li>\n<\/ul>\n<table>\n<thead>\n<tr>\n<th>Tama\u00f1o de bastidor<\/th>\n<th>Altura (mm)<\/th>\n<th>Ancho (mm)<\/th>\n<th>Profundidad (mm)<\/th>\n<th>Peso aprox. (kg)<\/th>\n<\/tr>\n<\/thead>\n<tbody>\n<tr>\n<td style=\"text-align: center;\"><strong>R1<\/strong><\/td>\n<td style=\"text-align: center;\">223<\/td>\n<td style=\"text-align: center;\">73<\/td>\n<td style=\"text-align: center;\">207.1<\/td>\n<td style=\"text-align: center;\">1.77<\/td>\n<\/tr>\n<tr>\n<td style=\"text-align: center;\"><strong>R2<\/strong><\/td>\n<td style=\"text-align: center;\">223<\/td>\n<td style=\"text-align: center;\">96.6<\/td>\n<td style=\"text-align: center;\">207.1<\/td>\n<td style=\"text-align: center;\">2.35<\/td>\n<\/tr>\n<tr>\n<td style=\"text-align: center;\"><strong>R3<\/strong><\/td>\n<td style=\"text-align: center;\">220<\/td>\n<td style=\"text-align: center;\">171.7<\/td>\n<td style=\"text-align: center;\">207.1<\/td>\n<td style=\"text-align: center;\">3.52<\/td>\n<\/tr>\n<tr>\n<td style=\"text-align: center;\"><strong>R4<\/strong><\/td>\n<td style=\"text-align: center;\">240<\/td>\n<td style=\"text-align: center;\">260<\/td>\n<td style=\"text-align: center;\">212.1<\/td>\n<td style=\"text-align: center;\">6.02<\/td>\n<\/tr>\n<\/tbody>\n<\/table>\n<p>&nbsp;<\/p>\n","protected":false},"excerpt":{"rendered":"<p>Variador de frecuencia compacto, trif\u00e1sico 380\/480\u202fV, de 0.75 a 22\u202fkW. Ideal para bombas, ventiladores y aplicaciones industriales b\u00e1sicas.<\/p>\n","protected":false},"featured_media":2001,"template":"","meta":[],"product_brand":[49],"product_cat":[111],"product_tag":[],"class_list":{"0":"post-1999","1":"product","2":"type-product","3":"status-publish","4":"has-post-thumbnail","6":"product_brand-abb","7":"product_cat-variadores-de-velocidad","9":"first","10":"instock","11":"taxable","12":"shipping-taxable","13":"product-type-simple"},"yoast_head":"<!-- This site is optimized with the Yoast SEO plugin v27.5 - https:\/\/yoast.com\/product\/yoast-seo-wordpress\/ -->\n<title>VARIADOR DE VELOCIDAD TRIF\u00c1SICO 380\/480V de 0.75 a 22kW\u2502MODELO ACS480\u2502SERIE ACS480\u2502ABB - Asyn Electric<\/title>\n<meta name=\"robots\" content=\"noindex, follow\" \/>\n<meta property=\"og:locale\" content=\"es_ES\" \/>\n<meta property=\"og:type\" content=\"article\" \/>\n<meta property=\"og:title\" content=\"VARIADOR DE VELOCIDAD TRIF\u00c1SICO 380\/480V de 0.75 a 22kW\u2502MODELO ACS480\u2502SERIE ACS480\u2502ABB - Asyn Electric\" \/>\n<meta property=\"og:description\" content=\"Variador de frecuencia compacto, trif\u00e1sico 380\/480\u202fV, de 0.75 a 22\u202fkW. Ideal para bombas, ventiladores y aplicaciones industriales b\u00e1sicas.\" \/>\n<meta property=\"og:url\" content=\"https:\/\/asynelectric.com\/index.php\/product\/variador-de-velocidad-trifasico-380-480v-de-0-75-a-22kw-modelo-acs480-serie-acs480-abb\/\" \/>\n<meta property=\"og:site_name\" content=\"Asyn Electric\" \/>\n<meta property=\"article:publisher\" content=\"https:\/\/www.facebook.com\/ASYNELECTRIC\" \/>\n<meta property=\"article:modified_time\" content=\"2025-06-20T20:47:20+00:00\" \/>\n<meta property=\"og:image\" content=\"https:\/\/asynelectric.com\/wp-content\/uploads\/2025\/06\/200.png\" \/>\n\t<meta property=\"og:image:width\" content=\"2000\" \/>\n\t<meta property=\"og:image:height\" content=\"2000\" \/>\n\t<meta property=\"og:image:type\" content=\"image\/png\" \/>\n<meta name=\"twitter:card\" content=\"summary_large_image\" \/>\n<meta name=\"twitter:label1\" content=\"Tiempo de lectura\" \/>\n\t<meta name=\"twitter:data1\" content=\"2 minutos\" \/>\n<script type=\"application\/ld+json\" class=\"yoast-schema-graph\">{\"@context\":\"https:\\\/\\\/schema.org\",\"@graph\":[{\"@type\":\"WebPage\",\"@id\":\"https:\\\/\\\/asynelectric.com\\\/index.php\\\/product\\\/variador-de-velocidad-trifasico-380-480v-de-0-75-a-22kw-modelo-acs480-serie-acs480-abb\\\/\",\"url\":\"https:\\\/\\\/asynelectric.com\\\/index.php\\\/product\\\/variador-de-velocidad-trifasico-380-480v-de-0-75-a-22kw-modelo-acs480-serie-acs480-abb\\\/\",\"name\":\"VARIADOR DE VELOCIDAD TRIF\u00c1SICO 380\\\/480V de 0.75 a 22kW\u2502MODELO ACS480\u2502SERIE ACS480\u2502ABB - Asyn Electric\",\"isPartOf\":{\"@id\":\"https:\\\/\\\/asynelectric.com\\\/#website\"},\"primaryImageOfPage\":{\"@id\":\"https:\\\/\\\/asynelectric.com\\\/index.php\\\/product\\\/variador-de-velocidad-trifasico-380-480v-de-0-75-a-22kw-modelo-acs480-serie-acs480-abb\\\/#primaryimage\"},\"image\":{\"@id\":\"https:\\\/\\\/asynelectric.com\\\/index.php\\\/product\\\/variador-de-velocidad-trifasico-380-480v-de-0-75-a-22kw-modelo-acs480-serie-acs480-abb\\\/#primaryimage\"},\"thumbnailUrl\":\"https:\\\/\\\/asynelectric.com\\\/wp-content\\\/uploads\\\/2025\\\/06\\\/200.png\",\"datePublished\":\"2025-06-16T21:47:46+00:00\",\"dateModified\":\"2025-06-20T20:47:20+00:00\",\"breadcrumb\":{\"@id\":\"https:\\\/\\\/asynelectric.com\\\/index.php\\\/product\\\/variador-de-velocidad-trifasico-380-480v-de-0-75-a-22kw-modelo-acs480-serie-acs480-abb\\\/#breadcrumb\"},\"inLanguage\":\"es\",\"potentialAction\":[{\"@type\":\"ReadAction\",\"target\":[\"https:\\\/\\\/asynelectric.com\\\/index.php\\\/product\\\/variador-de-velocidad-trifasico-380-480v-de-0-75-a-22kw-modelo-acs480-serie-acs480-abb\\\/\"]}]},{\"@type\":\"ImageObject\",\"inLanguage\":\"es\",\"@id\":\"https:\\\/\\\/asynelectric.com\\\/index.php\\\/product\\\/variador-de-velocidad-trifasico-380-480v-de-0-75-a-22kw-modelo-acs480-serie-acs480-abb\\\/#primaryimage\",\"url\":\"https:\\\/\\\/asynelectric.com\\\/wp-content\\\/uploads\\\/2025\\\/06\\\/200.png\",\"contentUrl\":\"https:\\\/\\\/asynelectric.com\\\/wp-content\\\/uploads\\\/2025\\\/06\\\/200.png\",\"width\":2000,\"height\":2000},{\"@type\":\"BreadcrumbList\",\"@id\":\"https:\\\/\\\/asynelectric.com\\\/index.php\\\/product\\\/variador-de-velocidad-trifasico-380-480v-de-0-75-a-22kw-modelo-acs480-serie-acs480-abb\\\/#breadcrumb\",\"itemListElement\":[{\"@type\":\"ListItem\",\"position\":1,\"name\":\"Portada\",\"item\":\"https:\\\/\\\/asynelectric.com\\\/\"},{\"@type\":\"ListItem\",\"position\":2,\"name\":\"Productos\",\"item\":\"https:\\\/\\\/asynelectric.com\\\/index.php\\\/products\\\/\"},{\"@type\":\"ListItem\",\"position\":3,\"name\":\"VARIADOR DE VELOCIDAD TRIF\u00c1SICO 380\\\/480V de 0.75 a 22kW\u2502MODELO ACS480\u2502SERIE ACS480\u2502ABB\"}]},{\"@type\":\"WebSite\",\"@id\":\"https:\\\/\\\/asynelectric.com\\\/#website\",\"url\":\"https:\\\/\\\/asynelectric.com\\\/\",\"name\":\"Asyn Electric\",\"description\":\"Venta de productos electricos, automatizacion y domotica\",\"publisher\":{\"@id\":\"https:\\\/\\\/asynelectric.com\\\/#organization\"},\"potentialAction\":[{\"@type\":\"SearchAction\",\"target\":{\"@type\":\"EntryPoint\",\"urlTemplate\":\"https:\\\/\\\/asynelectric.com\\\/?s={search_term_string}\"},\"query-input\":{\"@type\":\"PropertyValueSpecification\",\"valueRequired\":true,\"valueName\":\"search_term_string\"}}],\"inLanguage\":\"es\"},{\"@type\":\"Organization\",\"@id\":\"https:\\\/\\\/asynelectric.com\\\/#organization\",\"name\":\"Asyn Electric\",\"url\":\"https:\\\/\\\/asynelectric.com\\\/\",\"logo\":{\"@type\":\"ImageObject\",\"inLanguage\":\"es\",\"@id\":\"https:\\\/\\\/asynelectric.com\\\/#\\\/schema\\\/logo\\\/image\\\/\",\"url\":\"https:\\\/\\\/asynelectric.com\\\/wp-content\\\/uploads\\\/2025\\\/05\\\/ABB-1.png\",\"contentUrl\":\"https:\\\/\\\/asynelectric.com\\\/wp-content\\\/uploads\\\/2025\\\/05\\\/ABB-1.png\",\"width\":2000,\"height\":2000,\"caption\":\"Asyn Electric\"},\"image\":{\"@id\":\"https:\\\/\\\/asynelectric.com\\\/#\\\/schema\\\/logo\\\/image\\\/\"},\"sameAs\":[\"https:\\\/\\\/www.facebook.com\\\/ASYNELECTRIC\",\"https:\\\/\\\/www.instagram.com\\\/asynelectric.pe\\\/\"]}]}<\/script>\n<!-- \/ Yoast SEO plugin. -->","yoast_head_json":{"title":"VARIADOR DE VELOCIDAD TRIF\u00c1SICO 380\/480V de 0.75 a 22kW\u2502MODELO ACS480\u2502SERIE ACS480\u2502ABB - Asyn Electric","robots":{"index":"noindex","follow":"follow"},"og_locale":"es_ES","og_type":"article","og_title":"VARIADOR DE VELOCIDAD TRIF\u00c1SICO 380\/480V de 0.75 a 22kW\u2502MODELO ACS480\u2502SERIE ACS480\u2502ABB - Asyn Electric","og_description":"Variador de frecuencia compacto, trif\u00e1sico 380\/480\u202fV, de 0.75 a 22\u202fkW. Ideal para bombas, ventiladores y aplicaciones industriales b\u00e1sicas.","og_url":"https:\/\/asynelectric.com\/index.php\/product\/variador-de-velocidad-trifasico-380-480v-de-0-75-a-22kw-modelo-acs480-serie-acs480-abb\/","og_site_name":"Asyn Electric","article_publisher":"https:\/\/www.facebook.com\/ASYNELECTRIC","article_modified_time":"2025-06-20T20:47:20+00:00","og_image":[{"width":2000,"height":2000,"url":"https:\/\/asynelectric.com\/wp-content\/uploads\/2025\/06\/200.png","type":"image\/png"}],"twitter_card":"summary_large_image","twitter_misc":{"Tiempo de lectura":"2 minutos"},"schema":{"@context":"https:\/\/schema.org","@graph":[{"@type":"WebPage","@id":"https:\/\/asynelectric.com\/index.php\/product\/variador-de-velocidad-trifasico-380-480v-de-0-75-a-22kw-modelo-acs480-serie-acs480-abb\/","url":"https:\/\/asynelectric.com\/index.php\/product\/variador-de-velocidad-trifasico-380-480v-de-0-75-a-22kw-modelo-acs480-serie-acs480-abb\/","name":"VARIADOR DE VELOCIDAD TRIF\u00c1SICO 380\/480V de 0.75 a 22kW\u2502MODELO ACS480\u2502SERIE ACS480\u2502ABB - Asyn Electric","isPartOf":{"@id":"https:\/\/asynelectric.com\/#website"},"primaryImageOfPage":{"@id":"https:\/\/asynelectric.com\/index.php\/product\/variador-de-velocidad-trifasico-380-480v-de-0-75-a-22kw-modelo-acs480-serie-acs480-abb\/#primaryimage"},"image":{"@id":"https:\/\/asynelectric.com\/index.php\/product\/variador-de-velocidad-trifasico-380-480v-de-0-75-a-22kw-modelo-acs480-serie-acs480-abb\/#primaryimage"},"thumbnailUrl":"https:\/\/asynelectric.com\/wp-content\/uploads\/2025\/06\/200.png","datePublished":"2025-06-16T21:47:46+00:00","dateModified":"2025-06-20T20:47:20+00:00","breadcrumb":{"@id":"https:\/\/asynelectric.com\/index.php\/product\/variador-de-velocidad-trifasico-380-480v-de-0-75-a-22kw-modelo-acs480-serie-acs480-abb\/#breadcrumb"},"inLanguage":"es","potentialAction":[{"@type":"ReadAction","target":["https:\/\/asynelectric.com\/index.php\/product\/variador-de-velocidad-trifasico-380-480v-de-0-75-a-22kw-modelo-acs480-serie-acs480-abb\/"]}]},{"@type":"ImageObject","inLanguage":"es","@id":"https:\/\/asynelectric.com\/index.php\/product\/variador-de-velocidad-trifasico-380-480v-de-0-75-a-22kw-modelo-acs480-serie-acs480-abb\/#primaryimage","url":"https:\/\/asynelectric.com\/wp-content\/uploads\/2025\/06\/200.png","contentUrl":"https:\/\/asynelectric.com\/wp-content\/uploads\/2025\/06\/200.png","width":2000,"height":2000},{"@type":"BreadcrumbList","@id":"https:\/\/asynelectric.com\/index.php\/product\/variador-de-velocidad-trifasico-380-480v-de-0-75-a-22kw-modelo-acs480-serie-acs480-abb\/#breadcrumb","itemListElement":[{"@type":"ListItem","position":1,"name":"Portada","item":"https:\/\/asynelectric.com\/"},{"@type":"ListItem","position":2,"name":"Productos","item":"https:\/\/asynelectric.com\/index.php\/products\/"},{"@type":"ListItem","position":3,"name":"VARIADOR DE VELOCIDAD TRIF\u00c1SICO 380\/480V de 0.75 a 22kW\u2502MODELO ACS480\u2502SERIE ACS480\u2502ABB"}]},{"@type":"WebSite","@id":"https:\/\/asynelectric.com\/#website","url":"https:\/\/asynelectric.com\/","name":"Asyn Electric","description":"Venta de productos electricos, automatizacion y domotica","publisher":{"@id":"https:\/\/asynelectric.com\/#organization"},"potentialAction":[{"@type":"SearchAction","target":{"@type":"EntryPoint","urlTemplate":"https:\/\/asynelectric.com\/?s={search_term_string}"},"query-input":{"@type":"PropertyValueSpecification","valueRequired":true,"valueName":"search_term_string"}}],"inLanguage":"es"},{"@type":"Organization","@id":"https:\/\/asynelectric.com\/#organization","name":"Asyn Electric","url":"https:\/\/asynelectric.com\/","logo":{"@type":"ImageObject","inLanguage":"es","@id":"https:\/\/asynelectric.com\/#\/schema\/logo\/image\/","url":"https:\/\/asynelectric.com\/wp-content\/uploads\/2025\/05\/ABB-1.png","contentUrl":"https:\/\/asynelectric.com\/wp-content\/uploads\/2025\/05\/ABB-1.png","width":2000,"height":2000,"caption":"Asyn Electric"},"image":{"@id":"https:\/\/asynelectric.com\/#\/schema\/logo\/image\/"},"sameAs":["https:\/\/www.facebook.com\/ASYNELECTRIC","https:\/\/www.instagram.com\/asynelectric.pe\/"]}]}},"_links":{"self":[{"href":"https:\/\/asynelectric.com\/index.php\/wp-json\/wp\/v2\/product\/1999","targetHints":{"allow":["GET"]}}],"collection":[{"href":"https:\/\/asynelectric.com\/index.php\/wp-json\/wp\/v2\/product"}],"about":[{"href":"https:\/\/asynelectric.com\/index.php\/wp-json\/wp\/v2\/types\/product"}],"wp:featuredmedia":[{"embeddable":true,"href":"https:\/\/asynelectric.com\/index.php\/wp-json\/wp\/v2\/media\/2001"}],"wp:attachment":[{"href":"https:\/\/asynelectric.com\/index.php\/wp-json\/wp\/v2\/media?parent=1999"}],"wp:term":[{"taxonomy":"product_brand","embeddable":true,"href":"https:\/\/asynelectric.com\/index.php\/wp-json\/wp\/v2\/product_brand?post=1999"},{"taxonomy":"product_cat","embeddable":true,"href":"https:\/\/asynelectric.com\/index.php\/wp-json\/wp\/v2\/product_cat?post=1999"},{"taxonomy":"product_tag","embeddable":true,"href":"https:\/\/asynelectric.com\/index.php\/wp-json\/wp\/v2\/product_tag?post=1999"}],"curies":[{"name":"wp","href":"https:\/\/api.w.org\/{rel}","templated":true}]}}