{"id":1903,"date":"2025-05-23T16:46:03","date_gmt":"2025-05-23T21:46:03","guid":{"rendered":"https:\/\/asynelectric.com\/?post_type=product&#038;p=1903"},"modified":"2026-03-20T15:38:29","modified_gmt":"2026-03-20T20:38:29","slug":"transformador-de-corriente-750-5a-clase-0-5-ss6007500505-sigma-elektrik","status":"publish","type":"product","link":"https:\/\/asynelectric.com\/index.php\/product\/transformador-de-corriente-750-5a-clase-0-5-ss6007500505-sigma-elektrik\/","title":{"rendered":"TRANSFORMADOR DE CORRIENTE 750\/5A CLASE 0.5\u2502SS6007500505\u2502SIGMA ELEKTRIK"},"content":{"rendered":"<p>El modelo SS6007500505 de la serie S60, es un transformador de corriente de n\u00facleo pasante dise\u00f1ado para convertir corrientes primarias de 750A a corrientes secundarias de 5A con alta precisi\u00f3n. Su clase de precisi\u00f3n 0.5 lo hace adecuado para aplicaciones de medici\u00f3n donde se requiere exactitud. Este transformador es ideal para su uso en sistemas de distribuci\u00f3n el\u00e9ctrica de baja tensi\u00f3n, paneles de medici\u00f3n y equipos de monitoreo de energ\u00eda.<\/p>\n","protected":false},"excerpt":{"rendered":"<p>Transformador de corriente de n\u00facleo pasante, relaci\u00f3n 750\/5A, clase de precisi\u00f3n 0.5, ideal para aplicaciones de medici\u00f3n en sistemas de baja tensi\u00f3n.<\/p>\n","protected":false},"featured_media":1021,"template":"","meta":[],"product_brand":[50],"product_cat":[110],"product_tag":[],"class_list":{"0":"post-1903","1":"product","2":"type-product","3":"status-publish","4":"has-post-thumbnail","6":"product_brand-sigma","7":"product_cat-transformadores-de-corriente","9":"first","10":"instock","11":"taxable","12":"shipping-taxable","13":"product-type-simple"},"yoast_head":"<!-- This site is optimized with the Yoast SEO plugin v27.5 - https:\/\/yoast.com\/product\/yoast-seo-wordpress\/ -->\n<title>TRANSFORMADOR DE CORRIENTE 750\/5A CLASE 0.5\u2502SS6007500505\u2502SIGMA ELEKTRIK - Asyn Electric<\/title>\n<meta name=\"robots\" content=\"noindex, follow\" \/>\n<meta property=\"og:locale\" content=\"es_ES\" \/>\n<meta property=\"og:type\" content=\"article\" \/>\n<meta property=\"og:title\" content=\"TRANSFORMADOR DE CORRIENTE 750\/5A CLASE 0.5\u2502SS6007500505\u2502SIGMA ELEKTRIK - Asyn Electric\" \/>\n<meta property=\"og:description\" content=\"Transformador de corriente de n\u00facleo pasante, relaci\u00f3n 750\/5A, clase de precisi\u00f3n 0.5, ideal para aplicaciones de medici\u00f3n en sistemas de baja tensi\u00f3n.\" \/>\n<meta property=\"og:url\" content=\"https:\/\/asynelectric.com\/index.php\/product\/transformador-de-corriente-750-5a-clase-0-5-ss6007500505-sigma-elektrik\/\" \/>\n<meta property=\"og:site_name\" content=\"Asyn Electric\" \/>\n<meta property=\"article:publisher\" content=\"https:\/\/www.facebook.com\/ASYNELECTRIC\" \/>\n<meta property=\"article:modified_time\" content=\"2026-03-20T20:38:29+00:00\" \/>\n<meta property=\"og:image\" content=\"https:\/\/asynelectric.com\/wp-content\/uploads\/2025\/04\/59.png\" \/>\n\t<meta property=\"og:image:width\" content=\"2000\" \/>\n\t<meta property=\"og:image:height\" content=\"2000\" \/>\n\t<meta property=\"og:image:type\" content=\"image\/png\" \/>\n<meta name=\"twitter:card\" content=\"summary_large_image\" \/>\n<meta name=\"twitter:label1\" content=\"Tiempo de lectura\" \/>\n\t<meta name=\"twitter:data1\" content=\"1 minuto\" \/>\n<script type=\"application\/ld+json\" class=\"yoast-schema-graph\">{\"@context\":\"https:\\\/\\\/schema.org\",\"@graph\":[{\"@type\":\"WebPage\",\"@id\":\"https:\\\/\\\/asynelectric.com\\\/index.php\\\/product\\\/transformador-de-corriente-750-5a-clase-0-5-ss6007500505-sigma-elektrik\\\/\",\"url\":\"https:\\\/\\\/asynelectric.com\\\/index.php\\\/product\\\/transformador-de-corriente-750-5a-clase-0-5-ss6007500505-sigma-elektrik\\\/\",\"name\":\"TRANSFORMADOR DE CORRIENTE 750\\\/5A CLASE 0.5\u2502SS6007500505\u2502SIGMA ELEKTRIK - Asyn Electric\",\"isPartOf\":{\"@id\":\"https:\\\/\\\/asynelectric.com\\\/#website\"},\"primaryImageOfPage\":{\"@id\":\"https:\\\/\\\/asynelectric.com\\\/index.php\\\/product\\\/transformador-de-corriente-750-5a-clase-0-5-ss6007500505-sigma-elektrik\\\/#primaryimage\"},\"image\":{\"@id\":\"https:\\\/\\\/asynelectric.com\\\/index.php\\\/product\\\/transformador-de-corriente-750-5a-clase-0-5-ss6007500505-sigma-elektrik\\\/#primaryimage\"},\"thumbnailUrl\":\"https:\\\/\\\/asynelectric.com\\\/wp-content\\\/uploads\\\/2025\\\/04\\\/59.png\",\"datePublished\":\"2025-05-23T21:46:03+00:00\",\"dateModified\":\"2026-03-20T20:38:29+00:00\",\"breadcrumb\":{\"@id\":\"https:\\\/\\\/asynelectric.com\\\/index.php\\\/product\\\/transformador-de-corriente-750-5a-clase-0-5-ss6007500505-sigma-elektrik\\\/#breadcrumb\"},\"inLanguage\":\"es\",\"potentialAction\":[{\"@type\":\"ReadAction\",\"target\":[\"https:\\\/\\\/asynelectric.com\\\/index.php\\\/product\\\/transformador-de-corriente-750-5a-clase-0-5-ss6007500505-sigma-elektrik\\\/\"]}]},{\"@type\":\"ImageObject\",\"inLanguage\":\"es\",\"@id\":\"https:\\\/\\\/asynelectric.com\\\/index.php\\\/product\\\/transformador-de-corriente-750-5a-clase-0-5-ss6007500505-sigma-elektrik\\\/#primaryimage\",\"url\":\"https:\\\/\\\/asynelectric.com\\\/wp-content\\\/uploads\\\/2025\\\/04\\\/59.png\",\"contentUrl\":\"https:\\\/\\\/asynelectric.com\\\/wp-content\\\/uploads\\\/2025\\\/04\\\/59.png\",\"width\":2000,\"height\":2000},{\"@type\":\"BreadcrumbList\",\"@id\":\"https:\\\/\\\/asynelectric.com\\\/index.php\\\/product\\\/transformador-de-corriente-750-5a-clase-0-5-ss6007500505-sigma-elektrik\\\/#breadcrumb\",\"itemListElement\":[{\"@type\":\"ListItem\",\"position\":1,\"name\":\"Portada\",\"item\":\"https:\\\/\\\/asynelectric.com\\\/\"},{\"@type\":\"ListItem\",\"position\":2,\"name\":\"Productos\",\"item\":\"https:\\\/\\\/asynelectric.com\\\/index.php\\\/products\\\/\"},{\"@type\":\"ListItem\",\"position\":3,\"name\":\"TRANSFORMADOR DE CORRIENTE 750\\\/5A CLASE 0.5\u2502SS6007500505\u2502SIGMA ELEKTRIK\"}]},{\"@type\":\"WebSite\",\"@id\":\"https:\\\/\\\/asynelectric.com\\\/#website\",\"url\":\"https:\\\/\\\/asynelectric.com\\\/\",\"name\":\"Asyn Electric\",\"description\":\"Venta de productos electricos, automatizacion y domotica\",\"publisher\":{\"@id\":\"https:\\\/\\\/asynelectric.com\\\/#organization\"},\"potentialAction\":[{\"@type\":\"SearchAction\",\"target\":{\"@type\":\"EntryPoint\",\"urlTemplate\":\"https:\\\/\\\/asynelectric.com\\\/?s={search_term_string}\"},\"query-input\":{\"@type\":\"PropertyValueSpecification\",\"valueRequired\":true,\"valueName\":\"search_term_string\"}}],\"inLanguage\":\"es\"},{\"@type\":\"Organization\",\"@id\":\"https:\\\/\\\/asynelectric.com\\\/#organization\",\"name\":\"Asyn Electric\",\"url\":\"https:\\\/\\\/asynelectric.com\\\/\",\"logo\":{\"@type\":\"ImageObject\",\"inLanguage\":\"es\",\"@id\":\"https:\\\/\\\/asynelectric.com\\\/#\\\/schema\\\/logo\\\/image\\\/\",\"url\":\"https:\\\/\\\/asynelectric.com\\\/wp-content\\\/uploads\\\/2025\\\/05\\\/ABB-1.png\",\"contentUrl\":\"https:\\\/\\\/asynelectric.com\\\/wp-content\\\/uploads\\\/2025\\\/05\\\/ABB-1.png\",\"width\":2000,\"height\":2000,\"caption\":\"Asyn Electric\"},\"image\":{\"@id\":\"https:\\\/\\\/asynelectric.com\\\/#\\\/schema\\\/logo\\\/image\\\/\"},\"sameAs\":[\"https:\\\/\\\/www.facebook.com\\\/ASYNELECTRIC\",\"https:\\\/\\\/www.instagram.com\\\/asynelectric.pe\\\/\"]}]}<\/script>\n<!-- \/ Yoast SEO plugin. -->","yoast_head_json":{"title":"TRANSFORMADOR DE CORRIENTE 750\/5A CLASE 0.5\u2502SS6007500505\u2502SIGMA ELEKTRIK - Asyn Electric","robots":{"index":"noindex","follow":"follow"},"og_locale":"es_ES","og_type":"article","og_title":"TRANSFORMADOR DE CORRIENTE 750\/5A CLASE 0.5\u2502SS6007500505\u2502SIGMA ELEKTRIK - Asyn Electric","og_description":"Transformador de corriente de n\u00facleo pasante, relaci\u00f3n 750\/5A, clase de precisi\u00f3n 0.5, ideal para aplicaciones de medici\u00f3n en sistemas de baja tensi\u00f3n.","og_url":"https:\/\/asynelectric.com\/index.php\/product\/transformador-de-corriente-750-5a-clase-0-5-ss6007500505-sigma-elektrik\/","og_site_name":"Asyn Electric","article_publisher":"https:\/\/www.facebook.com\/ASYNELECTRIC","article_modified_time":"2026-03-20T20:38:29+00:00","og_image":[{"width":2000,"height":2000,"url":"https:\/\/asynelectric.com\/wp-content\/uploads\/2025\/04\/59.png","type":"image\/png"}],"twitter_card":"summary_large_image","twitter_misc":{"Tiempo de lectura":"1 minuto"},"schema":{"@context":"https:\/\/schema.org","@graph":[{"@type":"WebPage","@id":"https:\/\/asynelectric.com\/index.php\/product\/transformador-de-corriente-750-5a-clase-0-5-ss6007500505-sigma-elektrik\/","url":"https:\/\/asynelectric.com\/index.php\/product\/transformador-de-corriente-750-5a-clase-0-5-ss6007500505-sigma-elektrik\/","name":"TRANSFORMADOR DE CORRIENTE 750\/5A CLASE 0.5\u2502SS6007500505\u2502SIGMA ELEKTRIK - Asyn Electric","isPartOf":{"@id":"https:\/\/asynelectric.com\/#website"},"primaryImageOfPage":{"@id":"https:\/\/asynelectric.com\/index.php\/product\/transformador-de-corriente-750-5a-clase-0-5-ss6007500505-sigma-elektrik\/#primaryimage"},"image":{"@id":"https:\/\/asynelectric.com\/index.php\/product\/transformador-de-corriente-750-5a-clase-0-5-ss6007500505-sigma-elektrik\/#primaryimage"},"thumbnailUrl":"https:\/\/asynelectric.com\/wp-content\/uploads\/2025\/04\/59.png","datePublished":"2025-05-23T21:46:03+00:00","dateModified":"2026-03-20T20:38:29+00:00","breadcrumb":{"@id":"https:\/\/asynelectric.com\/index.php\/product\/transformador-de-corriente-750-5a-clase-0-5-ss6007500505-sigma-elektrik\/#breadcrumb"},"inLanguage":"es","potentialAction":[{"@type":"ReadAction","target":["https:\/\/asynelectric.com\/index.php\/product\/transformador-de-corriente-750-5a-clase-0-5-ss6007500505-sigma-elektrik\/"]}]},{"@type":"ImageObject","inLanguage":"es","@id":"https:\/\/asynelectric.com\/index.php\/product\/transformador-de-corriente-750-5a-clase-0-5-ss6007500505-sigma-elektrik\/#primaryimage","url":"https:\/\/asynelectric.com\/wp-content\/uploads\/2025\/04\/59.png","contentUrl":"https:\/\/asynelectric.com\/wp-content\/uploads\/2025\/04\/59.png","width":2000,"height":2000},{"@type":"BreadcrumbList","@id":"https:\/\/asynelectric.com\/index.php\/product\/transformador-de-corriente-750-5a-clase-0-5-ss6007500505-sigma-elektrik\/#breadcrumb","itemListElement":[{"@type":"ListItem","position":1,"name":"Portada","item":"https:\/\/asynelectric.com\/"},{"@type":"ListItem","position":2,"name":"Productos","item":"https:\/\/asynelectric.com\/index.php\/products\/"},{"@type":"ListItem","position":3,"name":"TRANSFORMADOR DE CORRIENTE 750\/5A CLASE 0.5\u2502SS6007500505\u2502SIGMA ELEKTRIK"}]},{"@type":"WebSite","@id":"https:\/\/asynelectric.com\/#website","url":"https:\/\/asynelectric.com\/","name":"Asyn Electric","description":"Venta de productos electricos, automatizacion y domotica","publisher":{"@id":"https:\/\/asynelectric.com\/#organization"},"potentialAction":[{"@type":"SearchAction","target":{"@type":"EntryPoint","urlTemplate":"https:\/\/asynelectric.com\/?s={search_term_string}"},"query-input":{"@type":"PropertyValueSpecification","valueRequired":true,"valueName":"search_term_string"}}],"inLanguage":"es"},{"@type":"Organization","@id":"https:\/\/asynelectric.com\/#organization","name":"Asyn Electric","url":"https:\/\/asynelectric.com\/","logo":{"@type":"ImageObject","inLanguage":"es","@id":"https:\/\/asynelectric.com\/#\/schema\/logo\/image\/","url":"https:\/\/asynelectric.com\/wp-content\/uploads\/2025\/05\/ABB-1.png","contentUrl":"https:\/\/asynelectric.com\/wp-content\/uploads\/2025\/05\/ABB-1.png","width":2000,"height":2000,"caption":"Asyn Electric"},"image":{"@id":"https:\/\/asynelectric.com\/#\/schema\/logo\/image\/"},"sameAs":["https:\/\/www.facebook.com\/ASYNELECTRIC","https:\/\/www.instagram.com\/asynelectric.pe\/"]}]}},"_links":{"self":[{"href":"https:\/\/asynelectric.com\/index.php\/wp-json\/wp\/v2\/product\/1903","targetHints":{"allow":["GET"]}}],"collection":[{"href":"https:\/\/asynelectric.com\/index.php\/wp-json\/wp\/v2\/product"}],"about":[{"href":"https:\/\/asynelectric.com\/index.php\/wp-json\/wp\/v2\/types\/product"}],"wp:featuredmedia":[{"embeddable":true,"href":"https:\/\/asynelectric.com\/index.php\/wp-json\/wp\/v2\/media\/1021"}],"wp:attachment":[{"href":"https:\/\/asynelectric.com\/index.php\/wp-json\/wp\/v2\/media?parent=1903"}],"wp:term":[{"taxonomy":"product_brand","embeddable":true,"href":"https:\/\/asynelectric.com\/index.php\/wp-json\/wp\/v2\/product_brand?post=1903"},{"taxonomy":"product_cat","embeddable":true,"href":"https:\/\/asynelectric.com\/index.php\/wp-json\/wp\/v2\/product_cat?post=1903"},{"taxonomy":"product_tag","embeddable":true,"href":"https:\/\/asynelectric.com\/index.php\/wp-json\/wp\/v2\/product_tag?post=1903"}],"curies":[{"name":"wp","href":"https:\/\/api.w.org\/{rel}","templated":true}]}}