{"id":1830,"date":"2025-05-12T10:54:56","date_gmt":"2025-05-12T15:54:56","guid":{"rendered":"https:\/\/asynelectric.com\/?post_type=product&#038;p=1830"},"modified":"2025-05-12T10:56:44","modified_gmt":"2025-05-12T15:56:44","slug":"contacto-auxiliar-lateral-1na1nc-para-int-snd-sdc-modelo-seyk-sigma-elektrik","status":"publish","type":"product","link":"https:\/\/asynelectric.com\/index.php\/product\/contacto-auxiliar-lateral-1na1nc-para-int-snd-sdc-modelo-seyk-sigma-elektrik\/","title":{"rendered":"CONTACTO AUXILIAR LATERAL 1NA+1NC (para int SND, SDC)\u2502SERIE SEYK\u2502SIGMA ELEKTRIK"},"content":{"rendered":"<p class=\"\" data-start=\"484\" data-end=\"857\">El <strong data-start=\"487\" data-end=\"495\">SEYK<\/strong> es un accesorio auxiliar de montaje lateral que ampl\u00eda las funciones de los interruptores termomagn\u00e9ticos de las series <strong data-start=\"616\" data-end=\"623\">SND<\/strong> y <strong data-start=\"626\" data-end=\"633\">SDC<\/strong> de <strong data-start=\"637\" data-end=\"655\">SIGMA ELEKTRIK<\/strong>. Est\u00e1 equipado con <strong data-start=\"675\" data-end=\"714\">1 contacto normalmente abierto (NA)<\/strong> y <strong data-start=\"717\" data-end=\"747\">1 normalmente cerrado (NC)<\/strong>, lo que permite agregar se\u00f1ales de control, monitoreo de estado o sistemas de enclavamiento a la instalaci\u00f3n.<\/p>\n<p class=\"\" data-start=\"859\" data-end=\"1058\">De f\u00e1cil instalaci\u00f3n y dise\u00f1o compacto, este m\u00f3dulo auxiliar asegura una integraci\u00f3n directa en aplicaciones de protecci\u00f3n y control el\u00e9ctrico, tanto en instalaciones residenciales como industriales.<\/p>\n","protected":false},"excerpt":{"rendered":"<p>Contacto auxiliar lateral con 1NA + 1NC, dise\u00f1ado para interruptores termomagn\u00e9ticos de las series SND y SDC de SIGMA ELEKTRIK.<\/p>\n","protected":false},"featured_media":1067,"template":"","meta":[],"product_brand":[50],"product_cat":[93],"product_tag":[],"class_list":{"0":"post-1830","1":"product","2":"type-product","3":"status-publish","4":"has-post-thumbnail","6":"product_brand-sigma","7":"product_cat-contactos-auxiliares","9":"first","10":"instock","11":"taxable","12":"shipping-taxable","13":"product-type-simple"},"yoast_head":"<!-- This site is optimized with the Yoast SEO plugin v27.5 - https:\/\/yoast.com\/product\/yoast-seo-wordpress\/ -->\n<title>CONTACTO AUXILIAR LATERAL 1NA+1NC (para int SND, SDC)\u2502SERIE SEYK\u2502SIGMA ELEKTRIK - Asyn Electric<\/title>\n<meta name=\"robots\" content=\"noindex, follow\" \/>\n<meta property=\"og:locale\" content=\"es_ES\" \/>\n<meta property=\"og:type\" content=\"article\" \/>\n<meta property=\"og:title\" content=\"CONTACTO AUXILIAR LATERAL 1NA+1NC (para int SND, SDC)\u2502SERIE SEYK\u2502SIGMA ELEKTRIK - Asyn Electric\" \/>\n<meta property=\"og:description\" content=\"Contacto auxiliar lateral con 1NA + 1NC, dise\u00f1ado para interruptores termomagn\u00e9ticos de las series SND y SDC de SIGMA ELEKTRIK.\" \/>\n<meta property=\"og:url\" content=\"https:\/\/asynelectric.com\/index.php\/product\/contacto-auxiliar-lateral-1na1nc-para-int-snd-sdc-modelo-seyk-sigma-elektrik\/\" \/>\n<meta property=\"og:site_name\" content=\"Asyn Electric\" \/>\n<meta property=\"article:publisher\" content=\"https:\/\/www.facebook.com\/ASYNELECTRIC\" \/>\n<meta property=\"article:modified_time\" content=\"2025-05-12T15:56:44+00:00\" \/>\n<meta property=\"og:image\" content=\"https:\/\/asynelectric.com\/wp-content\/uploads\/2025\/04\/105.png\" \/>\n\t<meta property=\"og:image:width\" content=\"2000\" \/>\n\t<meta property=\"og:image:height\" content=\"2000\" \/>\n\t<meta property=\"og:image:type\" content=\"image\/png\" \/>\n<meta name=\"twitter:card\" content=\"summary_large_image\" \/>\n<meta name=\"twitter:label1\" content=\"Tiempo de lectura\" \/>\n\t<meta name=\"twitter:data1\" content=\"1 minuto\" \/>\n<script type=\"application\/ld+json\" class=\"yoast-schema-graph\">{\"@context\":\"https:\\\/\\\/schema.org\",\"@graph\":[{\"@type\":\"WebPage\",\"@id\":\"https:\\\/\\\/asynelectric.com\\\/index.php\\\/product\\\/contacto-auxiliar-lateral-1na1nc-para-int-snd-sdc-modelo-seyk-sigma-elektrik\\\/\",\"url\":\"https:\\\/\\\/asynelectric.com\\\/index.php\\\/product\\\/contacto-auxiliar-lateral-1na1nc-para-int-snd-sdc-modelo-seyk-sigma-elektrik\\\/\",\"name\":\"CONTACTO AUXILIAR LATERAL 1NA+1NC (para int SND, SDC)\u2502SERIE SEYK\u2502SIGMA ELEKTRIK - Asyn Electric\",\"isPartOf\":{\"@id\":\"https:\\\/\\\/asynelectric.com\\\/#website\"},\"primaryImageOfPage\":{\"@id\":\"https:\\\/\\\/asynelectric.com\\\/index.php\\\/product\\\/contacto-auxiliar-lateral-1na1nc-para-int-snd-sdc-modelo-seyk-sigma-elektrik\\\/#primaryimage\"},\"image\":{\"@id\":\"https:\\\/\\\/asynelectric.com\\\/index.php\\\/product\\\/contacto-auxiliar-lateral-1na1nc-para-int-snd-sdc-modelo-seyk-sigma-elektrik\\\/#primaryimage\"},\"thumbnailUrl\":\"https:\\\/\\\/asynelectric.com\\\/wp-content\\\/uploads\\\/2025\\\/04\\\/105.png\",\"datePublished\":\"2025-05-12T15:54:56+00:00\",\"dateModified\":\"2025-05-12T15:56:44+00:00\",\"breadcrumb\":{\"@id\":\"https:\\\/\\\/asynelectric.com\\\/index.php\\\/product\\\/contacto-auxiliar-lateral-1na1nc-para-int-snd-sdc-modelo-seyk-sigma-elektrik\\\/#breadcrumb\"},\"inLanguage\":\"es\",\"potentialAction\":[{\"@type\":\"ReadAction\",\"target\":[\"https:\\\/\\\/asynelectric.com\\\/index.php\\\/product\\\/contacto-auxiliar-lateral-1na1nc-para-int-snd-sdc-modelo-seyk-sigma-elektrik\\\/\"]}]},{\"@type\":\"ImageObject\",\"inLanguage\":\"es\",\"@id\":\"https:\\\/\\\/asynelectric.com\\\/index.php\\\/product\\\/contacto-auxiliar-lateral-1na1nc-para-int-snd-sdc-modelo-seyk-sigma-elektrik\\\/#primaryimage\",\"url\":\"https:\\\/\\\/asynelectric.com\\\/wp-content\\\/uploads\\\/2025\\\/04\\\/105.png\",\"contentUrl\":\"https:\\\/\\\/asynelectric.com\\\/wp-content\\\/uploads\\\/2025\\\/04\\\/105.png\",\"width\":2000,\"height\":2000},{\"@type\":\"BreadcrumbList\",\"@id\":\"https:\\\/\\\/asynelectric.com\\\/index.php\\\/product\\\/contacto-auxiliar-lateral-1na1nc-para-int-snd-sdc-modelo-seyk-sigma-elektrik\\\/#breadcrumb\",\"itemListElement\":[{\"@type\":\"ListItem\",\"position\":1,\"name\":\"Portada\",\"item\":\"https:\\\/\\\/asynelectric.com\\\/\"},{\"@type\":\"ListItem\",\"position\":2,\"name\":\"Productos\",\"item\":\"https:\\\/\\\/asynelectric.com\\\/index.php\\\/products\\\/\"},{\"@type\":\"ListItem\",\"position\":3,\"name\":\"CONTACTO AUXILIAR LATERAL 1NA+1NC (para int SND, SDC)\u2502SERIE SEYK\u2502SIGMA ELEKTRIK\"}]},{\"@type\":\"WebSite\",\"@id\":\"https:\\\/\\\/asynelectric.com\\\/#website\",\"url\":\"https:\\\/\\\/asynelectric.com\\\/\",\"name\":\"Asyn Electric\",\"description\":\"Venta de productos electricos, automatizacion y domotica\",\"publisher\":{\"@id\":\"https:\\\/\\\/asynelectric.com\\\/#organization\"},\"potentialAction\":[{\"@type\":\"SearchAction\",\"target\":{\"@type\":\"EntryPoint\",\"urlTemplate\":\"https:\\\/\\\/asynelectric.com\\\/?s={search_term_string}\"},\"query-input\":{\"@type\":\"PropertyValueSpecification\",\"valueRequired\":true,\"valueName\":\"search_term_string\"}}],\"inLanguage\":\"es\"},{\"@type\":\"Organization\",\"@id\":\"https:\\\/\\\/asynelectric.com\\\/#organization\",\"name\":\"Asyn Electric\",\"url\":\"https:\\\/\\\/asynelectric.com\\\/\",\"logo\":{\"@type\":\"ImageObject\",\"inLanguage\":\"es\",\"@id\":\"https:\\\/\\\/asynelectric.com\\\/#\\\/schema\\\/logo\\\/image\\\/\",\"url\":\"https:\\\/\\\/asynelectric.com\\\/wp-content\\\/uploads\\\/2025\\\/05\\\/ABB-1.png\",\"contentUrl\":\"https:\\\/\\\/asynelectric.com\\\/wp-content\\\/uploads\\\/2025\\\/05\\\/ABB-1.png\",\"width\":2000,\"height\":2000,\"caption\":\"Asyn Electric\"},\"image\":{\"@id\":\"https:\\\/\\\/asynelectric.com\\\/#\\\/schema\\\/logo\\\/image\\\/\"},\"sameAs\":[\"https:\\\/\\\/www.facebook.com\\\/ASYNELECTRIC\",\"https:\\\/\\\/www.instagram.com\\\/asynelectric.pe\\\/\"]}]}<\/script>\n<!-- \/ Yoast SEO plugin. -->","yoast_head_json":{"title":"CONTACTO AUXILIAR LATERAL 1NA+1NC (para int SND, SDC)\u2502SERIE SEYK\u2502SIGMA ELEKTRIK - Asyn Electric","robots":{"index":"noindex","follow":"follow"},"og_locale":"es_ES","og_type":"article","og_title":"CONTACTO AUXILIAR LATERAL 1NA+1NC (para int SND, SDC)\u2502SERIE SEYK\u2502SIGMA ELEKTRIK - Asyn Electric","og_description":"Contacto auxiliar lateral con 1NA + 1NC, dise\u00f1ado para interruptores termomagn\u00e9ticos de las series SND y SDC de SIGMA ELEKTRIK.","og_url":"https:\/\/asynelectric.com\/index.php\/product\/contacto-auxiliar-lateral-1na1nc-para-int-snd-sdc-modelo-seyk-sigma-elektrik\/","og_site_name":"Asyn Electric","article_publisher":"https:\/\/www.facebook.com\/ASYNELECTRIC","article_modified_time":"2025-05-12T15:56:44+00:00","og_image":[{"width":2000,"height":2000,"url":"https:\/\/asynelectric.com\/wp-content\/uploads\/2025\/04\/105.png","type":"image\/png"}],"twitter_card":"summary_large_image","twitter_misc":{"Tiempo de lectura":"1 minuto"},"schema":{"@context":"https:\/\/schema.org","@graph":[{"@type":"WebPage","@id":"https:\/\/asynelectric.com\/index.php\/product\/contacto-auxiliar-lateral-1na1nc-para-int-snd-sdc-modelo-seyk-sigma-elektrik\/","url":"https:\/\/asynelectric.com\/index.php\/product\/contacto-auxiliar-lateral-1na1nc-para-int-snd-sdc-modelo-seyk-sigma-elektrik\/","name":"CONTACTO AUXILIAR LATERAL 1NA+1NC (para int SND, SDC)\u2502SERIE SEYK\u2502SIGMA ELEKTRIK - Asyn Electric","isPartOf":{"@id":"https:\/\/asynelectric.com\/#website"},"primaryImageOfPage":{"@id":"https:\/\/asynelectric.com\/index.php\/product\/contacto-auxiliar-lateral-1na1nc-para-int-snd-sdc-modelo-seyk-sigma-elektrik\/#primaryimage"},"image":{"@id":"https:\/\/asynelectric.com\/index.php\/product\/contacto-auxiliar-lateral-1na1nc-para-int-snd-sdc-modelo-seyk-sigma-elektrik\/#primaryimage"},"thumbnailUrl":"https:\/\/asynelectric.com\/wp-content\/uploads\/2025\/04\/105.png","datePublished":"2025-05-12T15:54:56+00:00","dateModified":"2025-05-12T15:56:44+00:00","breadcrumb":{"@id":"https:\/\/asynelectric.com\/index.php\/product\/contacto-auxiliar-lateral-1na1nc-para-int-snd-sdc-modelo-seyk-sigma-elektrik\/#breadcrumb"},"inLanguage":"es","potentialAction":[{"@type":"ReadAction","target":["https:\/\/asynelectric.com\/index.php\/product\/contacto-auxiliar-lateral-1na1nc-para-int-snd-sdc-modelo-seyk-sigma-elektrik\/"]}]},{"@type":"ImageObject","inLanguage":"es","@id":"https:\/\/asynelectric.com\/index.php\/product\/contacto-auxiliar-lateral-1na1nc-para-int-snd-sdc-modelo-seyk-sigma-elektrik\/#primaryimage","url":"https:\/\/asynelectric.com\/wp-content\/uploads\/2025\/04\/105.png","contentUrl":"https:\/\/asynelectric.com\/wp-content\/uploads\/2025\/04\/105.png","width":2000,"height":2000},{"@type":"BreadcrumbList","@id":"https:\/\/asynelectric.com\/index.php\/product\/contacto-auxiliar-lateral-1na1nc-para-int-snd-sdc-modelo-seyk-sigma-elektrik\/#breadcrumb","itemListElement":[{"@type":"ListItem","position":1,"name":"Portada","item":"https:\/\/asynelectric.com\/"},{"@type":"ListItem","position":2,"name":"Productos","item":"https:\/\/asynelectric.com\/index.php\/products\/"},{"@type":"ListItem","position":3,"name":"CONTACTO AUXILIAR LATERAL 1NA+1NC (para int SND, SDC)\u2502SERIE SEYK\u2502SIGMA ELEKTRIK"}]},{"@type":"WebSite","@id":"https:\/\/asynelectric.com\/#website","url":"https:\/\/asynelectric.com\/","name":"Asyn Electric","description":"Venta de productos electricos, automatizacion y domotica","publisher":{"@id":"https:\/\/asynelectric.com\/#organization"},"potentialAction":[{"@type":"SearchAction","target":{"@type":"EntryPoint","urlTemplate":"https:\/\/asynelectric.com\/?s={search_term_string}"},"query-input":{"@type":"PropertyValueSpecification","valueRequired":true,"valueName":"search_term_string"}}],"inLanguage":"es"},{"@type":"Organization","@id":"https:\/\/asynelectric.com\/#organization","name":"Asyn Electric","url":"https:\/\/asynelectric.com\/","logo":{"@type":"ImageObject","inLanguage":"es","@id":"https:\/\/asynelectric.com\/#\/schema\/logo\/image\/","url":"https:\/\/asynelectric.com\/wp-content\/uploads\/2025\/05\/ABB-1.png","contentUrl":"https:\/\/asynelectric.com\/wp-content\/uploads\/2025\/05\/ABB-1.png","width":2000,"height":2000,"caption":"Asyn Electric"},"image":{"@id":"https:\/\/asynelectric.com\/#\/schema\/logo\/image\/"},"sameAs":["https:\/\/www.facebook.com\/ASYNELECTRIC","https:\/\/www.instagram.com\/asynelectric.pe\/"]}]}},"_links":{"self":[{"href":"https:\/\/asynelectric.com\/index.php\/wp-json\/wp\/v2\/product\/1830","targetHints":{"allow":["GET"]}}],"collection":[{"href":"https:\/\/asynelectric.com\/index.php\/wp-json\/wp\/v2\/product"}],"about":[{"href":"https:\/\/asynelectric.com\/index.php\/wp-json\/wp\/v2\/types\/product"}],"wp:featuredmedia":[{"embeddable":true,"href":"https:\/\/asynelectric.com\/index.php\/wp-json\/wp\/v2\/media\/1067"}],"wp:attachment":[{"href":"https:\/\/asynelectric.com\/index.php\/wp-json\/wp\/v2\/media?parent=1830"}],"wp:term":[{"taxonomy":"product_brand","embeddable":true,"href":"https:\/\/asynelectric.com\/index.php\/wp-json\/wp\/v2\/product_brand?post=1830"},{"taxonomy":"product_cat","embeddable":true,"href":"https:\/\/asynelectric.com\/index.php\/wp-json\/wp\/v2\/product_cat?post=1830"},{"taxonomy":"product_tag","embeddable":true,"href":"https:\/\/asynelectric.com\/index.php\/wp-json\/wp\/v2\/product_tag?post=1830"}],"curies":[{"name":"wp","href":"https:\/\/api.w.org\/{rel}","templated":true}]}}