{"id":1818,"date":"2025-05-10T09:57:50","date_gmt":"2025-05-10T14:57:50","guid":{"rendered":"https:\/\/asynelectric.com\/?post_type=product&#038;p=1818"},"modified":"2025-05-10T09:57:50","modified_gmt":"2025-05-10T14:57:50","slug":"interruptor-termomagnetico-riel-c50-10ka-3p-serie-smd10000-sigma-elektrik","status":"publish","type":"product","link":"https:\/\/asynelectric.com\/index.php\/product\/interruptor-termomagnetico-riel-c50-10ka-3p-serie-smd10000-sigma-elektrik\/","title":{"rendered":"INTERRUPTOR TERMOMAGN\u00c9TICO RIEL C50 10kA 3P\u2502SERIE SMD10000\u2502SIGMA ELEKTRIK"},"content":{"rendered":"<p class=\"\" data-start=\"434\" data-end=\"818\">El <strong data-start=\"437\" data-end=\"456\">SMD10000 C50 3P<\/strong> de <strong data-start=\"460\" data-end=\"478\">SIGMA ELEKTRIK<\/strong> es un interruptor termomagn\u00e9tico dise\u00f1ado para circuitos trif\u00e1sicos con alta exigencia de carga. Gracias a su <strong data-start=\"589\" data-end=\"616\">curva de disparo tipo C<\/strong>, proporciona una protecci\u00f3n precisa contra sobrecargas y cortocircuitos, especialmente \u00fatil en tableros el\u00e9ctricos industriales, motores y l\u00edneas de distribuci\u00f3n con corrientes transitorias frecuentes.<\/p>\n<p class=\"\" data-start=\"820\" data-end=\"1004\">Su capacidad de interrupci\u00f3n de <strong data-start=\"852\" data-end=\"860\">10kA<\/strong>, su instalaci\u00f3n en <strong data-start=\"880\" data-end=\"892\">riel DIN<\/strong> y su robusta construcci\u00f3n aseguran una larga vida \u00fatil y una operaci\u00f3n confiable incluso en entornos exigentes.<\/p>\n","protected":false},"excerpt":{"rendered":"<p>Interruptor termomagn\u00e9tico trif\u00e1sico de 50A, curva C, para protecci\u00f3n eficiente en sistemas el\u00e9ctricos de mayor potencia.<\/p>\n","protected":false},"featured_media":980,"template":"","meta":[],"product_brand":[50],"product_cat":[97],"product_tag":[],"class_list":{"0":"post-1818","1":"product","2":"type-product","3":"status-publish","4":"has-post-thumbnail","6":"product_brand-sigma","7":"product_cat-interruptores-termomagneticos-riel","9":"first","10":"instock","11":"taxable","12":"shipping-taxable","13":"product-type-simple"},"yoast_head":"<!-- This site is optimized with the Yoast SEO plugin v27.5 - https:\/\/yoast.com\/product\/yoast-seo-wordpress\/ -->\n<title>INTERRUPTOR TERMOMAGN\u00c9TICO RIEL C50 10kA 3P\u2502SERIE SMD10000\u2502SIGMA ELEKTRIK - Asyn Electric<\/title>\n<meta name=\"robots\" content=\"noindex, follow\" \/>\n<meta property=\"og:locale\" content=\"es_ES\" \/>\n<meta property=\"og:type\" content=\"article\" \/>\n<meta property=\"og:title\" content=\"INTERRUPTOR TERMOMAGN\u00c9TICO RIEL C50 10kA 3P\u2502SERIE SMD10000\u2502SIGMA ELEKTRIK - Asyn Electric\" \/>\n<meta property=\"og:description\" content=\"Interruptor termomagn\u00e9tico trif\u00e1sico de 50A, curva C, para protecci\u00f3n eficiente en sistemas el\u00e9ctricos de mayor potencia.\" \/>\n<meta property=\"og:url\" content=\"https:\/\/asynelectric.com\/index.php\/product\/interruptor-termomagnetico-riel-c50-10ka-3p-serie-smd10000-sigma-elektrik\/\" \/>\n<meta property=\"og:site_name\" content=\"Asyn Electric\" \/>\n<meta property=\"article:publisher\" content=\"https:\/\/www.facebook.com\/ASYNELECTRIC\" \/>\n<meta property=\"og:image\" content=\"https:\/\/asynelectric.com\/wp-content\/uploads\/2025\/04\/18-1.png\" \/>\n\t<meta property=\"og:image:width\" content=\"2000\" \/>\n\t<meta property=\"og:image:height\" content=\"2000\" \/>\n\t<meta property=\"og:image:type\" content=\"image\/png\" \/>\n<meta name=\"twitter:card\" content=\"summary_large_image\" \/>\n<meta name=\"twitter:label1\" content=\"Tiempo de lectura\" \/>\n\t<meta name=\"twitter:data1\" content=\"1 minuto\" \/>\n<script type=\"application\/ld+json\" class=\"yoast-schema-graph\">{\"@context\":\"https:\\\/\\\/schema.org\",\"@graph\":[{\"@type\":\"WebPage\",\"@id\":\"https:\\\/\\\/asynelectric.com\\\/index.php\\\/product\\\/interruptor-termomagnetico-riel-c50-10ka-3p-serie-smd10000-sigma-elektrik\\\/\",\"url\":\"https:\\\/\\\/asynelectric.com\\\/index.php\\\/product\\\/interruptor-termomagnetico-riel-c50-10ka-3p-serie-smd10000-sigma-elektrik\\\/\",\"name\":\"INTERRUPTOR TERMOMAGN\u00c9TICO RIEL C50 10kA 3P\u2502SERIE SMD10000\u2502SIGMA ELEKTRIK - Asyn Electric\",\"isPartOf\":{\"@id\":\"https:\\\/\\\/asynelectric.com\\\/#website\"},\"primaryImageOfPage\":{\"@id\":\"https:\\\/\\\/asynelectric.com\\\/index.php\\\/product\\\/interruptor-termomagnetico-riel-c50-10ka-3p-serie-smd10000-sigma-elektrik\\\/#primaryimage\"},\"image\":{\"@id\":\"https:\\\/\\\/asynelectric.com\\\/index.php\\\/product\\\/interruptor-termomagnetico-riel-c50-10ka-3p-serie-smd10000-sigma-elektrik\\\/#primaryimage\"},\"thumbnailUrl\":\"https:\\\/\\\/asynelectric.com\\\/wp-content\\\/uploads\\\/2025\\\/04\\\/18-1.png\",\"datePublished\":\"2025-05-10T14:57:50+00:00\",\"breadcrumb\":{\"@id\":\"https:\\\/\\\/asynelectric.com\\\/index.php\\\/product\\\/interruptor-termomagnetico-riel-c50-10ka-3p-serie-smd10000-sigma-elektrik\\\/#breadcrumb\"},\"inLanguage\":\"es\",\"potentialAction\":[{\"@type\":\"ReadAction\",\"target\":[\"https:\\\/\\\/asynelectric.com\\\/index.php\\\/product\\\/interruptor-termomagnetico-riel-c50-10ka-3p-serie-smd10000-sigma-elektrik\\\/\"]}]},{\"@type\":\"ImageObject\",\"inLanguage\":\"es\",\"@id\":\"https:\\\/\\\/asynelectric.com\\\/index.php\\\/product\\\/interruptor-termomagnetico-riel-c50-10ka-3p-serie-smd10000-sigma-elektrik\\\/#primaryimage\",\"url\":\"https:\\\/\\\/asynelectric.com\\\/wp-content\\\/uploads\\\/2025\\\/04\\\/18-1.png\",\"contentUrl\":\"https:\\\/\\\/asynelectric.com\\\/wp-content\\\/uploads\\\/2025\\\/04\\\/18-1.png\",\"width\":2000,\"height\":2000},{\"@type\":\"BreadcrumbList\",\"@id\":\"https:\\\/\\\/asynelectric.com\\\/index.php\\\/product\\\/interruptor-termomagnetico-riel-c50-10ka-3p-serie-smd10000-sigma-elektrik\\\/#breadcrumb\",\"itemListElement\":[{\"@type\":\"ListItem\",\"position\":1,\"name\":\"Portada\",\"item\":\"https:\\\/\\\/asynelectric.com\\\/\"},{\"@type\":\"ListItem\",\"position\":2,\"name\":\"Productos\",\"item\":\"https:\\\/\\\/asynelectric.com\\\/index.php\\\/products\\\/\"},{\"@type\":\"ListItem\",\"position\":3,\"name\":\"INTERRUPTOR TERMOMAGN\u00c9TICO RIEL C50 10kA 3P\u2502SERIE SMD10000\u2502SIGMA ELEKTRIK\"}]},{\"@type\":\"WebSite\",\"@id\":\"https:\\\/\\\/asynelectric.com\\\/#website\",\"url\":\"https:\\\/\\\/asynelectric.com\\\/\",\"name\":\"Asyn Electric\",\"description\":\"Venta de productos electricos, automatizacion y domotica\",\"publisher\":{\"@id\":\"https:\\\/\\\/asynelectric.com\\\/#organization\"},\"potentialAction\":[{\"@type\":\"SearchAction\",\"target\":{\"@type\":\"EntryPoint\",\"urlTemplate\":\"https:\\\/\\\/asynelectric.com\\\/?s={search_term_string}\"},\"query-input\":{\"@type\":\"PropertyValueSpecification\",\"valueRequired\":true,\"valueName\":\"search_term_string\"}}],\"inLanguage\":\"es\"},{\"@type\":\"Organization\",\"@id\":\"https:\\\/\\\/asynelectric.com\\\/#organization\",\"name\":\"Asyn Electric\",\"url\":\"https:\\\/\\\/asynelectric.com\\\/\",\"logo\":{\"@type\":\"ImageObject\",\"inLanguage\":\"es\",\"@id\":\"https:\\\/\\\/asynelectric.com\\\/#\\\/schema\\\/logo\\\/image\\\/\",\"url\":\"https:\\\/\\\/asynelectric.com\\\/wp-content\\\/uploads\\\/2025\\\/05\\\/ABB-1.png\",\"contentUrl\":\"https:\\\/\\\/asynelectric.com\\\/wp-content\\\/uploads\\\/2025\\\/05\\\/ABB-1.png\",\"width\":2000,\"height\":2000,\"caption\":\"Asyn Electric\"},\"image\":{\"@id\":\"https:\\\/\\\/asynelectric.com\\\/#\\\/schema\\\/logo\\\/image\\\/\"},\"sameAs\":[\"https:\\\/\\\/www.facebook.com\\\/ASYNELECTRIC\",\"https:\\\/\\\/www.instagram.com\\\/asynelectric.pe\\\/\"]}]}<\/script>\n<!-- \/ Yoast SEO plugin. -->","yoast_head_json":{"title":"INTERRUPTOR TERMOMAGN\u00c9TICO RIEL C50 10kA 3P\u2502SERIE SMD10000\u2502SIGMA ELEKTRIK - Asyn Electric","robots":{"index":"noindex","follow":"follow"},"og_locale":"es_ES","og_type":"article","og_title":"INTERRUPTOR TERMOMAGN\u00c9TICO RIEL C50 10kA 3P\u2502SERIE SMD10000\u2502SIGMA ELEKTRIK - Asyn Electric","og_description":"Interruptor termomagn\u00e9tico trif\u00e1sico de 50A, curva C, para protecci\u00f3n eficiente en sistemas el\u00e9ctricos de mayor potencia.","og_url":"https:\/\/asynelectric.com\/index.php\/product\/interruptor-termomagnetico-riel-c50-10ka-3p-serie-smd10000-sigma-elektrik\/","og_site_name":"Asyn Electric","article_publisher":"https:\/\/www.facebook.com\/ASYNELECTRIC","og_image":[{"width":2000,"height":2000,"url":"https:\/\/asynelectric.com\/wp-content\/uploads\/2025\/04\/18-1.png","type":"image\/png"}],"twitter_card":"summary_large_image","twitter_misc":{"Tiempo de lectura":"1 minuto"},"schema":{"@context":"https:\/\/schema.org","@graph":[{"@type":"WebPage","@id":"https:\/\/asynelectric.com\/index.php\/product\/interruptor-termomagnetico-riel-c50-10ka-3p-serie-smd10000-sigma-elektrik\/","url":"https:\/\/asynelectric.com\/index.php\/product\/interruptor-termomagnetico-riel-c50-10ka-3p-serie-smd10000-sigma-elektrik\/","name":"INTERRUPTOR TERMOMAGN\u00c9TICO RIEL C50 10kA 3P\u2502SERIE SMD10000\u2502SIGMA ELEKTRIK - Asyn Electric","isPartOf":{"@id":"https:\/\/asynelectric.com\/#website"},"primaryImageOfPage":{"@id":"https:\/\/asynelectric.com\/index.php\/product\/interruptor-termomagnetico-riel-c50-10ka-3p-serie-smd10000-sigma-elektrik\/#primaryimage"},"image":{"@id":"https:\/\/asynelectric.com\/index.php\/product\/interruptor-termomagnetico-riel-c50-10ka-3p-serie-smd10000-sigma-elektrik\/#primaryimage"},"thumbnailUrl":"https:\/\/asynelectric.com\/wp-content\/uploads\/2025\/04\/18-1.png","datePublished":"2025-05-10T14:57:50+00:00","breadcrumb":{"@id":"https:\/\/asynelectric.com\/index.php\/product\/interruptor-termomagnetico-riel-c50-10ka-3p-serie-smd10000-sigma-elektrik\/#breadcrumb"},"inLanguage":"es","potentialAction":[{"@type":"ReadAction","target":["https:\/\/asynelectric.com\/index.php\/product\/interruptor-termomagnetico-riel-c50-10ka-3p-serie-smd10000-sigma-elektrik\/"]}]},{"@type":"ImageObject","inLanguage":"es","@id":"https:\/\/asynelectric.com\/index.php\/product\/interruptor-termomagnetico-riel-c50-10ka-3p-serie-smd10000-sigma-elektrik\/#primaryimage","url":"https:\/\/asynelectric.com\/wp-content\/uploads\/2025\/04\/18-1.png","contentUrl":"https:\/\/asynelectric.com\/wp-content\/uploads\/2025\/04\/18-1.png","width":2000,"height":2000},{"@type":"BreadcrumbList","@id":"https:\/\/asynelectric.com\/index.php\/product\/interruptor-termomagnetico-riel-c50-10ka-3p-serie-smd10000-sigma-elektrik\/#breadcrumb","itemListElement":[{"@type":"ListItem","position":1,"name":"Portada","item":"https:\/\/asynelectric.com\/"},{"@type":"ListItem","position":2,"name":"Productos","item":"https:\/\/asynelectric.com\/index.php\/products\/"},{"@type":"ListItem","position":3,"name":"INTERRUPTOR TERMOMAGN\u00c9TICO RIEL C50 10kA 3P\u2502SERIE SMD10000\u2502SIGMA ELEKTRIK"}]},{"@type":"WebSite","@id":"https:\/\/asynelectric.com\/#website","url":"https:\/\/asynelectric.com\/","name":"Asyn Electric","description":"Venta de productos electricos, automatizacion y domotica","publisher":{"@id":"https:\/\/asynelectric.com\/#organization"},"potentialAction":[{"@type":"SearchAction","target":{"@type":"EntryPoint","urlTemplate":"https:\/\/asynelectric.com\/?s={search_term_string}"},"query-input":{"@type":"PropertyValueSpecification","valueRequired":true,"valueName":"search_term_string"}}],"inLanguage":"es"},{"@type":"Organization","@id":"https:\/\/asynelectric.com\/#organization","name":"Asyn Electric","url":"https:\/\/asynelectric.com\/","logo":{"@type":"ImageObject","inLanguage":"es","@id":"https:\/\/asynelectric.com\/#\/schema\/logo\/image\/","url":"https:\/\/asynelectric.com\/wp-content\/uploads\/2025\/05\/ABB-1.png","contentUrl":"https:\/\/asynelectric.com\/wp-content\/uploads\/2025\/05\/ABB-1.png","width":2000,"height":2000,"caption":"Asyn Electric"},"image":{"@id":"https:\/\/asynelectric.com\/#\/schema\/logo\/image\/"},"sameAs":["https:\/\/www.facebook.com\/ASYNELECTRIC","https:\/\/www.instagram.com\/asynelectric.pe\/"]}]}},"_links":{"self":[{"href":"https:\/\/asynelectric.com\/index.php\/wp-json\/wp\/v2\/product\/1818","targetHints":{"allow":["GET"]}}],"collection":[{"href":"https:\/\/asynelectric.com\/index.php\/wp-json\/wp\/v2\/product"}],"about":[{"href":"https:\/\/asynelectric.com\/index.php\/wp-json\/wp\/v2\/types\/product"}],"wp:featuredmedia":[{"embeddable":true,"href":"https:\/\/asynelectric.com\/index.php\/wp-json\/wp\/v2\/media\/980"}],"wp:attachment":[{"href":"https:\/\/asynelectric.com\/index.php\/wp-json\/wp\/v2\/media?parent=1818"}],"wp:term":[{"taxonomy":"product_brand","embeddable":true,"href":"https:\/\/asynelectric.com\/index.php\/wp-json\/wp\/v2\/product_brand?post=1818"},{"taxonomy":"product_cat","embeddable":true,"href":"https:\/\/asynelectric.com\/index.php\/wp-json\/wp\/v2\/product_cat?post=1818"},{"taxonomy":"product_tag","embeddable":true,"href":"https:\/\/asynelectric.com\/index.php\/wp-json\/wp\/v2\/product_tag?post=1818"}],"curies":[{"name":"wp","href":"https:\/\/api.w.org\/{rel}","templated":true}]}}