{"id":1789,"date":"2025-05-09T10:40:07","date_gmt":"2025-05-09T15:40:07","guid":{"rendered":"https:\/\/asynelectric.com\/?post_type=product&#038;p=1789"},"modified":"2025-05-09T10:42:40","modified_gmt":"2025-05-09T15:42:40","slug":"interruptor-termomagnetico-riel-c16-6ka-1p-serie-snd6000-sigma-elektrik","status":"publish","type":"product","link":"https:\/\/asynelectric.com\/index.php\/product\/interruptor-termomagnetico-riel-c16-6ka-1p-serie-snd6000-sigma-elektrik\/","title":{"rendered":"INTERRUPTOR TERMOMAGN\u00c9TICO RIEL C16 6kA 1P\u2502SERIE SND6000\u2502SIGMA ELEKTRIK"},"content":{"rendered":"<p class=\"\" data-start=\"486\" data-end=\"682\">El <strong data-start=\"489\" data-end=\"504\">SND6000 C16<\/strong> de <strong data-start=\"508\" data-end=\"526\">SIGMA ELEKTRIK<\/strong> es un <strong data-start=\"533\" data-end=\"572\">interruptor termomagn\u00e9tico unipolar<\/strong> de alto rendimiento, ideal para la protecci\u00f3n de l\u00edneas el\u00e9ctricas frente a <strong data-start=\"649\" data-end=\"681\">sobrecargas y cortocircuitos<\/strong>.<\/p>\n<p class=\"\" data-start=\"684\" data-end=\"923\">Con una <strong data-start=\"692\" data-end=\"720\">corriente nominal de 16A<\/strong>, curva de disparo <strong data-start=\"739\" data-end=\"749\">tipo C<\/strong> y una <strong data-start=\"756\" data-end=\"788\">capacidad de ruptura de 6 kA<\/strong>, es adecuado para aplicaciones con cargas inductivas moderadas como iluminaci\u00f3n, tomacorrientes, electrodom\u00e9sticos o peque\u00f1os motores.<\/p>\n<p class=\"\" data-start=\"925\" data-end=\"1066\">Dise\u00f1ado para montaje en <strong data-start=\"950\" data-end=\"962\">riel DIN<\/strong>, es una soluci\u00f3n segura, compacta y confiable que cumple con los est\u00e1ndares internacionales de calidad.<\/p>\n","protected":false},"excerpt":{"rendered":"<p>Interruptor termomagn\u00e9tico unipolar de 16A, curva C y capacidad de ruptura de 6kA, dise\u00f1ado para protecci\u00f3n eficiente de circuitos el\u00e9ctricos en instalaciones residenciales, comerciales o industriales.<\/p>\n","protected":false},"featured_media":963,"template":"","meta":[],"product_brand":[50],"product_cat":[97],"product_tag":[],"class_list":{"0":"post-1789","1":"product","2":"type-product","3":"status-publish","4":"has-post-thumbnail","6":"product_brand-sigma","7":"product_cat-interruptores-termomagneticos-riel","9":"first","10":"instock","11":"taxable","12":"shipping-taxable","13":"product-type-simple"},"yoast_head":"<!-- This site is optimized with the Yoast SEO plugin v27.5 - https:\/\/yoast.com\/product\/yoast-seo-wordpress\/ -->\n<title>INTERRUPTOR TERMOMAGN\u00c9TICO RIEL C16 6kA 1P\u2502SERIE SND6000\u2502SIGMA ELEKTRIK - Asyn Electric<\/title>\n<meta name=\"robots\" content=\"noindex, follow\" \/>\n<meta property=\"og:locale\" content=\"es_ES\" \/>\n<meta property=\"og:type\" content=\"article\" \/>\n<meta property=\"og:title\" content=\"INTERRUPTOR TERMOMAGN\u00c9TICO RIEL C16 6kA 1P\u2502SERIE SND6000\u2502SIGMA ELEKTRIK - Asyn Electric\" \/>\n<meta property=\"og:description\" content=\"Interruptor termomagn\u00e9tico unipolar de 16A, curva C y capacidad de ruptura de 6kA, dise\u00f1ado para protecci\u00f3n eficiente de circuitos el\u00e9ctricos en instalaciones residenciales, comerciales o industriales.\" \/>\n<meta property=\"og:url\" content=\"https:\/\/asynelectric.com\/index.php\/product\/interruptor-termomagnetico-riel-c16-6ka-1p-serie-snd6000-sigma-elektrik\/\" \/>\n<meta property=\"og:site_name\" content=\"Asyn Electric\" \/>\n<meta property=\"article:publisher\" content=\"https:\/\/www.facebook.com\/ASYNELECTRIC\" \/>\n<meta property=\"article:modified_time\" content=\"2025-05-09T15:42:40+00:00\" \/>\n<meta property=\"og:image\" content=\"https:\/\/asynelectric.com\/wp-content\/uploads\/2025\/04\/1.png\" \/>\n\t<meta property=\"og:image:width\" content=\"2000\" \/>\n\t<meta property=\"og:image:height\" content=\"2000\" \/>\n\t<meta property=\"og:image:type\" content=\"image\/png\" \/>\n<meta name=\"twitter:card\" content=\"summary_large_image\" \/>\n<meta name=\"twitter:label1\" content=\"Tiempo de lectura\" \/>\n\t<meta name=\"twitter:data1\" content=\"1 minuto\" \/>\n<script type=\"application\/ld+json\" class=\"yoast-schema-graph\">{\"@context\":\"https:\\\/\\\/schema.org\",\"@graph\":[{\"@type\":\"WebPage\",\"@id\":\"https:\\\/\\\/asynelectric.com\\\/index.php\\\/product\\\/interruptor-termomagnetico-riel-c16-6ka-1p-serie-snd6000-sigma-elektrik\\\/\",\"url\":\"https:\\\/\\\/asynelectric.com\\\/index.php\\\/product\\\/interruptor-termomagnetico-riel-c16-6ka-1p-serie-snd6000-sigma-elektrik\\\/\",\"name\":\"INTERRUPTOR TERMOMAGN\u00c9TICO RIEL C16 6kA 1P\u2502SERIE SND6000\u2502SIGMA ELEKTRIK - Asyn Electric\",\"isPartOf\":{\"@id\":\"https:\\\/\\\/asynelectric.com\\\/#website\"},\"primaryImageOfPage\":{\"@id\":\"https:\\\/\\\/asynelectric.com\\\/index.php\\\/product\\\/interruptor-termomagnetico-riel-c16-6ka-1p-serie-snd6000-sigma-elektrik\\\/#primaryimage\"},\"image\":{\"@id\":\"https:\\\/\\\/asynelectric.com\\\/index.php\\\/product\\\/interruptor-termomagnetico-riel-c16-6ka-1p-serie-snd6000-sigma-elektrik\\\/#primaryimage\"},\"thumbnailUrl\":\"https:\\\/\\\/asynelectric.com\\\/wp-content\\\/uploads\\\/2025\\\/04\\\/1.png\",\"datePublished\":\"2025-05-09T15:40:07+00:00\",\"dateModified\":\"2025-05-09T15:42:40+00:00\",\"breadcrumb\":{\"@id\":\"https:\\\/\\\/asynelectric.com\\\/index.php\\\/product\\\/interruptor-termomagnetico-riel-c16-6ka-1p-serie-snd6000-sigma-elektrik\\\/#breadcrumb\"},\"inLanguage\":\"es\",\"potentialAction\":[{\"@type\":\"ReadAction\",\"target\":[\"https:\\\/\\\/asynelectric.com\\\/index.php\\\/product\\\/interruptor-termomagnetico-riel-c16-6ka-1p-serie-snd6000-sigma-elektrik\\\/\"]}]},{\"@type\":\"ImageObject\",\"inLanguage\":\"es\",\"@id\":\"https:\\\/\\\/asynelectric.com\\\/index.php\\\/product\\\/interruptor-termomagnetico-riel-c16-6ka-1p-serie-snd6000-sigma-elektrik\\\/#primaryimage\",\"url\":\"https:\\\/\\\/asynelectric.com\\\/wp-content\\\/uploads\\\/2025\\\/04\\\/1.png\",\"contentUrl\":\"https:\\\/\\\/asynelectric.com\\\/wp-content\\\/uploads\\\/2025\\\/04\\\/1.png\",\"width\":2000,\"height\":2000},{\"@type\":\"BreadcrumbList\",\"@id\":\"https:\\\/\\\/asynelectric.com\\\/index.php\\\/product\\\/interruptor-termomagnetico-riel-c16-6ka-1p-serie-snd6000-sigma-elektrik\\\/#breadcrumb\",\"itemListElement\":[{\"@type\":\"ListItem\",\"position\":1,\"name\":\"Portada\",\"item\":\"https:\\\/\\\/asynelectric.com\\\/\"},{\"@type\":\"ListItem\",\"position\":2,\"name\":\"Productos\",\"item\":\"https:\\\/\\\/asynelectric.com\\\/index.php\\\/products\\\/\"},{\"@type\":\"ListItem\",\"position\":3,\"name\":\"INTERRUPTOR TERMOMAGN\u00c9TICO RIEL C16 6kA 1P\u2502SERIE SND6000\u2502SIGMA ELEKTRIK\"}]},{\"@type\":\"WebSite\",\"@id\":\"https:\\\/\\\/asynelectric.com\\\/#website\",\"url\":\"https:\\\/\\\/asynelectric.com\\\/\",\"name\":\"Asyn Electric\",\"description\":\"Venta de productos electricos, automatizacion y domotica\",\"publisher\":{\"@id\":\"https:\\\/\\\/asynelectric.com\\\/#organization\"},\"potentialAction\":[{\"@type\":\"SearchAction\",\"target\":{\"@type\":\"EntryPoint\",\"urlTemplate\":\"https:\\\/\\\/asynelectric.com\\\/?s={search_term_string}\"},\"query-input\":{\"@type\":\"PropertyValueSpecification\",\"valueRequired\":true,\"valueName\":\"search_term_string\"}}],\"inLanguage\":\"es\"},{\"@type\":\"Organization\",\"@id\":\"https:\\\/\\\/asynelectric.com\\\/#organization\",\"name\":\"Asyn Electric\",\"url\":\"https:\\\/\\\/asynelectric.com\\\/\",\"logo\":{\"@type\":\"ImageObject\",\"inLanguage\":\"es\",\"@id\":\"https:\\\/\\\/asynelectric.com\\\/#\\\/schema\\\/logo\\\/image\\\/\",\"url\":\"https:\\\/\\\/asynelectric.com\\\/wp-content\\\/uploads\\\/2025\\\/05\\\/ABB-1.png\",\"contentUrl\":\"https:\\\/\\\/asynelectric.com\\\/wp-content\\\/uploads\\\/2025\\\/05\\\/ABB-1.png\",\"width\":2000,\"height\":2000,\"caption\":\"Asyn Electric\"},\"image\":{\"@id\":\"https:\\\/\\\/asynelectric.com\\\/#\\\/schema\\\/logo\\\/image\\\/\"},\"sameAs\":[\"https:\\\/\\\/www.facebook.com\\\/ASYNELECTRIC\",\"https:\\\/\\\/www.instagram.com\\\/asynelectric.pe\\\/\"]}]}<\/script>\n<!-- \/ Yoast SEO plugin. -->","yoast_head_json":{"title":"INTERRUPTOR TERMOMAGN\u00c9TICO RIEL C16 6kA 1P\u2502SERIE SND6000\u2502SIGMA ELEKTRIK - Asyn Electric","robots":{"index":"noindex","follow":"follow"},"og_locale":"es_ES","og_type":"article","og_title":"INTERRUPTOR TERMOMAGN\u00c9TICO RIEL C16 6kA 1P\u2502SERIE SND6000\u2502SIGMA ELEKTRIK - Asyn Electric","og_description":"Interruptor termomagn\u00e9tico unipolar de 16A, curva C y capacidad de ruptura de 6kA, dise\u00f1ado para protecci\u00f3n eficiente de circuitos el\u00e9ctricos en instalaciones residenciales, comerciales o industriales.","og_url":"https:\/\/asynelectric.com\/index.php\/product\/interruptor-termomagnetico-riel-c16-6ka-1p-serie-snd6000-sigma-elektrik\/","og_site_name":"Asyn Electric","article_publisher":"https:\/\/www.facebook.com\/ASYNELECTRIC","article_modified_time":"2025-05-09T15:42:40+00:00","og_image":[{"width":2000,"height":2000,"url":"https:\/\/asynelectric.com\/wp-content\/uploads\/2025\/04\/1.png","type":"image\/png"}],"twitter_card":"summary_large_image","twitter_misc":{"Tiempo de lectura":"1 minuto"},"schema":{"@context":"https:\/\/schema.org","@graph":[{"@type":"WebPage","@id":"https:\/\/asynelectric.com\/index.php\/product\/interruptor-termomagnetico-riel-c16-6ka-1p-serie-snd6000-sigma-elektrik\/","url":"https:\/\/asynelectric.com\/index.php\/product\/interruptor-termomagnetico-riel-c16-6ka-1p-serie-snd6000-sigma-elektrik\/","name":"INTERRUPTOR TERMOMAGN\u00c9TICO RIEL C16 6kA 1P\u2502SERIE SND6000\u2502SIGMA ELEKTRIK - Asyn Electric","isPartOf":{"@id":"https:\/\/asynelectric.com\/#website"},"primaryImageOfPage":{"@id":"https:\/\/asynelectric.com\/index.php\/product\/interruptor-termomagnetico-riel-c16-6ka-1p-serie-snd6000-sigma-elektrik\/#primaryimage"},"image":{"@id":"https:\/\/asynelectric.com\/index.php\/product\/interruptor-termomagnetico-riel-c16-6ka-1p-serie-snd6000-sigma-elektrik\/#primaryimage"},"thumbnailUrl":"https:\/\/asynelectric.com\/wp-content\/uploads\/2025\/04\/1.png","datePublished":"2025-05-09T15:40:07+00:00","dateModified":"2025-05-09T15:42:40+00:00","breadcrumb":{"@id":"https:\/\/asynelectric.com\/index.php\/product\/interruptor-termomagnetico-riel-c16-6ka-1p-serie-snd6000-sigma-elektrik\/#breadcrumb"},"inLanguage":"es","potentialAction":[{"@type":"ReadAction","target":["https:\/\/asynelectric.com\/index.php\/product\/interruptor-termomagnetico-riel-c16-6ka-1p-serie-snd6000-sigma-elektrik\/"]}]},{"@type":"ImageObject","inLanguage":"es","@id":"https:\/\/asynelectric.com\/index.php\/product\/interruptor-termomagnetico-riel-c16-6ka-1p-serie-snd6000-sigma-elektrik\/#primaryimage","url":"https:\/\/asynelectric.com\/wp-content\/uploads\/2025\/04\/1.png","contentUrl":"https:\/\/asynelectric.com\/wp-content\/uploads\/2025\/04\/1.png","width":2000,"height":2000},{"@type":"BreadcrumbList","@id":"https:\/\/asynelectric.com\/index.php\/product\/interruptor-termomagnetico-riel-c16-6ka-1p-serie-snd6000-sigma-elektrik\/#breadcrumb","itemListElement":[{"@type":"ListItem","position":1,"name":"Portada","item":"https:\/\/asynelectric.com\/"},{"@type":"ListItem","position":2,"name":"Productos","item":"https:\/\/asynelectric.com\/index.php\/products\/"},{"@type":"ListItem","position":3,"name":"INTERRUPTOR TERMOMAGN\u00c9TICO RIEL C16 6kA 1P\u2502SERIE SND6000\u2502SIGMA ELEKTRIK"}]},{"@type":"WebSite","@id":"https:\/\/asynelectric.com\/#website","url":"https:\/\/asynelectric.com\/","name":"Asyn Electric","description":"Venta de productos electricos, automatizacion y domotica","publisher":{"@id":"https:\/\/asynelectric.com\/#organization"},"potentialAction":[{"@type":"SearchAction","target":{"@type":"EntryPoint","urlTemplate":"https:\/\/asynelectric.com\/?s={search_term_string}"},"query-input":{"@type":"PropertyValueSpecification","valueRequired":true,"valueName":"search_term_string"}}],"inLanguage":"es"},{"@type":"Organization","@id":"https:\/\/asynelectric.com\/#organization","name":"Asyn Electric","url":"https:\/\/asynelectric.com\/","logo":{"@type":"ImageObject","inLanguage":"es","@id":"https:\/\/asynelectric.com\/#\/schema\/logo\/image\/","url":"https:\/\/asynelectric.com\/wp-content\/uploads\/2025\/05\/ABB-1.png","contentUrl":"https:\/\/asynelectric.com\/wp-content\/uploads\/2025\/05\/ABB-1.png","width":2000,"height":2000,"caption":"Asyn Electric"},"image":{"@id":"https:\/\/asynelectric.com\/#\/schema\/logo\/image\/"},"sameAs":["https:\/\/www.facebook.com\/ASYNELECTRIC","https:\/\/www.instagram.com\/asynelectric.pe\/"]}]}},"_links":{"self":[{"href":"https:\/\/asynelectric.com\/index.php\/wp-json\/wp\/v2\/product\/1789","targetHints":{"allow":["GET"]}}],"collection":[{"href":"https:\/\/asynelectric.com\/index.php\/wp-json\/wp\/v2\/product"}],"about":[{"href":"https:\/\/asynelectric.com\/index.php\/wp-json\/wp\/v2\/types\/product"}],"wp:featuredmedia":[{"embeddable":true,"href":"https:\/\/asynelectric.com\/index.php\/wp-json\/wp\/v2\/media\/963"}],"wp:attachment":[{"href":"https:\/\/asynelectric.com\/index.php\/wp-json\/wp\/v2\/media?parent=1789"}],"wp:term":[{"taxonomy":"product_brand","embeddable":true,"href":"https:\/\/asynelectric.com\/index.php\/wp-json\/wp\/v2\/product_brand?post=1789"},{"taxonomy":"product_cat","embeddable":true,"href":"https:\/\/asynelectric.com\/index.php\/wp-json\/wp\/v2\/product_cat?post=1789"},{"taxonomy":"product_tag","embeddable":true,"href":"https:\/\/asynelectric.com\/index.php\/wp-json\/wp\/v2\/product_tag?post=1789"}],"curies":[{"name":"wp","href":"https:\/\/api.w.org\/{rel}","templated":true}]}}