{"id":1777,"date":"2025-05-08T10:40:34","date_gmt":"2025-05-08T15:40:34","guid":{"rendered":"https:\/\/asynelectric.com\/?post_type=product&#038;p=1777"},"modified":"2025-05-08T10:45:15","modified_gmt":"2025-05-08T15:45:15","slug":"contactor-trifasico-25a-scg-25-sigma-elektrik","status":"publish","type":"product","link":"https:\/\/asynelectric.com\/index.php\/product\/contactor-trifasico-25a-scg-25-sigma-elektrik\/","title":{"rendered":"CONTACTOR TRIF\u00c1SICO 25A\u2502SCG-25\u2502SIGMA ELEKTRIK"},"content":{"rendered":"<p class=\"\" data-start=\"375\" data-end=\"449\"><span class=\"relative -mx-px my-[-0.2rem] rounded px-px py-[0.2rem] transition-colors duration-100 ease-in-out\">El <strong data-start=\"3\" data-end=\"13\">SCG-25<\/strong> de <strong data-start=\"17\" data-end=\"35\">SIGMA ELEKTRIK<\/strong> es un contactor electromec\u00e1nico dise\u00f1ado para aplicaciones industriales que requieren el control eficiente de motores el\u00e9ctricos y otras cargas inductivas. Con una capacidad de corriente de 25 A en categor\u00eda AC-3 y 40 A en AC-1, este dispositivo es adecuado para motores de hasta 11 kW a 400 V.<\/span><\/p>\n<p class=\"\" data-start=\"451\" data-end=\"527\"><span class=\"relative -mx-px my-[-0.2rem] rounded px-px py-[0.2rem] transition-colors duration-100 ease-in-out\">Equipado con contactos auxiliares 1NO+1NC y una bobina de 230 V AC, el SCG-25 ofrece una soluci\u00f3n confiable y vers\u00e1til para sistemas de automatizaci\u00f3n y control. Su dise\u00f1o compacto y montaje en riel DIN facilitan la instalaci\u00f3n en cuadros el\u00e9ctricos.<\/span><\/p>\n<p class=\"\" data-start=\"451\" data-end=\"527\">\n","protected":false},"excerpt":{"rendered":"<p>Contactor trif\u00e1sico de 3 polos con capacidad de 25 A en categor\u00eda AC-3 y 40 A en AC-1, equipado con contactos auxiliares 1NO+1NC. Ideal para el control de motores de hasta 11 kW a 400 V.<\/p>\n","protected":false},"featured_media":996,"template":"","meta":[],"product_brand":[50],"product_cat":[85],"product_tag":[],"class_list":{"0":"post-1777","1":"product","2":"type-product","3":"status-publish","4":"has-post-thumbnail","6":"product_brand-sigma","7":"product_cat-contactores","9":"first","10":"instock","11":"taxable","12":"shipping-taxable","13":"product-type-simple"},"yoast_head":"<!-- This site is optimized with the Yoast SEO plugin v27.5 - https:\/\/yoast.com\/product\/yoast-seo-wordpress\/ -->\n<title>CONTACTOR TRIF\u00c1SICO 25A\u2502SCG-25\u2502SIGMA ELEKTRIK - Asyn Electric<\/title>\n<meta name=\"robots\" content=\"noindex, follow\" \/>\n<meta property=\"og:locale\" content=\"es_ES\" \/>\n<meta property=\"og:type\" content=\"article\" \/>\n<meta property=\"og:title\" content=\"CONTACTOR TRIF\u00c1SICO 25A\u2502SCG-25\u2502SIGMA ELEKTRIK - Asyn Electric\" \/>\n<meta property=\"og:description\" content=\"Contactor trif\u00e1sico de 3 polos con capacidad de 25 A en categor\u00eda AC-3 y 40 A en AC-1, equipado con contactos auxiliares 1NO+1NC. Ideal para el control de motores de hasta 11 kW a 400 V.\" \/>\n<meta property=\"og:url\" content=\"https:\/\/asynelectric.com\/index.php\/product\/contactor-trifasico-25a-scg-25-sigma-elektrik\/\" \/>\n<meta property=\"og:site_name\" content=\"Asyn Electric\" \/>\n<meta property=\"article:publisher\" content=\"https:\/\/www.facebook.com\/ASYNELECTRIC\" \/>\n<meta property=\"article:modified_time\" content=\"2025-05-08T15:45:15+00:00\" \/>\n<meta property=\"og:image\" content=\"https:\/\/asynelectric.com\/wp-content\/uploads\/2025\/04\/34-1.png\" \/>\n\t<meta property=\"og:image:width\" content=\"2000\" \/>\n\t<meta property=\"og:image:height\" content=\"2000\" \/>\n\t<meta property=\"og:image:type\" content=\"image\/png\" \/>\n<meta name=\"twitter:card\" content=\"summary_large_image\" \/>\n<meta name=\"twitter:label1\" content=\"Tiempo de lectura\" \/>\n\t<meta name=\"twitter:data1\" content=\"1 minuto\" \/>\n<script type=\"application\/ld+json\" class=\"yoast-schema-graph\">{\"@context\":\"https:\\\/\\\/schema.org\",\"@graph\":[{\"@type\":\"WebPage\",\"@id\":\"https:\\\/\\\/asynelectric.com\\\/index.php\\\/product\\\/contactor-trifasico-25a-scg-25-sigma-elektrik\\\/\",\"url\":\"https:\\\/\\\/asynelectric.com\\\/index.php\\\/product\\\/contactor-trifasico-25a-scg-25-sigma-elektrik\\\/\",\"name\":\"CONTACTOR TRIF\u00c1SICO 25A\u2502SCG-25\u2502SIGMA ELEKTRIK - Asyn Electric\",\"isPartOf\":{\"@id\":\"https:\\\/\\\/asynelectric.com\\\/#website\"},\"primaryImageOfPage\":{\"@id\":\"https:\\\/\\\/asynelectric.com\\\/index.php\\\/product\\\/contactor-trifasico-25a-scg-25-sigma-elektrik\\\/#primaryimage\"},\"image\":{\"@id\":\"https:\\\/\\\/asynelectric.com\\\/index.php\\\/product\\\/contactor-trifasico-25a-scg-25-sigma-elektrik\\\/#primaryimage\"},\"thumbnailUrl\":\"https:\\\/\\\/asynelectric.com\\\/wp-content\\\/uploads\\\/2025\\\/04\\\/34-1.png\",\"datePublished\":\"2025-05-08T15:40:34+00:00\",\"dateModified\":\"2025-05-08T15:45:15+00:00\",\"breadcrumb\":{\"@id\":\"https:\\\/\\\/asynelectric.com\\\/index.php\\\/product\\\/contactor-trifasico-25a-scg-25-sigma-elektrik\\\/#breadcrumb\"},\"inLanguage\":\"es\",\"potentialAction\":[{\"@type\":\"ReadAction\",\"target\":[\"https:\\\/\\\/asynelectric.com\\\/index.php\\\/product\\\/contactor-trifasico-25a-scg-25-sigma-elektrik\\\/\"]}]},{\"@type\":\"ImageObject\",\"inLanguage\":\"es\",\"@id\":\"https:\\\/\\\/asynelectric.com\\\/index.php\\\/product\\\/contactor-trifasico-25a-scg-25-sigma-elektrik\\\/#primaryimage\",\"url\":\"https:\\\/\\\/asynelectric.com\\\/wp-content\\\/uploads\\\/2025\\\/04\\\/34-1.png\",\"contentUrl\":\"https:\\\/\\\/asynelectric.com\\\/wp-content\\\/uploads\\\/2025\\\/04\\\/34-1.png\",\"width\":2000,\"height\":2000},{\"@type\":\"BreadcrumbList\",\"@id\":\"https:\\\/\\\/asynelectric.com\\\/index.php\\\/product\\\/contactor-trifasico-25a-scg-25-sigma-elektrik\\\/#breadcrumb\",\"itemListElement\":[{\"@type\":\"ListItem\",\"position\":1,\"name\":\"Portada\",\"item\":\"https:\\\/\\\/asynelectric.com\\\/\"},{\"@type\":\"ListItem\",\"position\":2,\"name\":\"Productos\",\"item\":\"https:\\\/\\\/asynelectric.com\\\/index.php\\\/products\\\/\"},{\"@type\":\"ListItem\",\"position\":3,\"name\":\"CONTACTOR TRIF\u00c1SICO 25A\u2502SCG-25\u2502SIGMA ELEKTRIK\"}]},{\"@type\":\"WebSite\",\"@id\":\"https:\\\/\\\/asynelectric.com\\\/#website\",\"url\":\"https:\\\/\\\/asynelectric.com\\\/\",\"name\":\"Asyn Electric\",\"description\":\"Venta de productos electricos, automatizacion y domotica\",\"publisher\":{\"@id\":\"https:\\\/\\\/asynelectric.com\\\/#organization\"},\"potentialAction\":[{\"@type\":\"SearchAction\",\"target\":{\"@type\":\"EntryPoint\",\"urlTemplate\":\"https:\\\/\\\/asynelectric.com\\\/?s={search_term_string}\"},\"query-input\":{\"@type\":\"PropertyValueSpecification\",\"valueRequired\":true,\"valueName\":\"search_term_string\"}}],\"inLanguage\":\"es\"},{\"@type\":\"Organization\",\"@id\":\"https:\\\/\\\/asynelectric.com\\\/#organization\",\"name\":\"Asyn Electric\",\"url\":\"https:\\\/\\\/asynelectric.com\\\/\",\"logo\":{\"@type\":\"ImageObject\",\"inLanguage\":\"es\",\"@id\":\"https:\\\/\\\/asynelectric.com\\\/#\\\/schema\\\/logo\\\/image\\\/\",\"url\":\"https:\\\/\\\/asynelectric.com\\\/wp-content\\\/uploads\\\/2025\\\/05\\\/ABB-1.png\",\"contentUrl\":\"https:\\\/\\\/asynelectric.com\\\/wp-content\\\/uploads\\\/2025\\\/05\\\/ABB-1.png\",\"width\":2000,\"height\":2000,\"caption\":\"Asyn Electric\"},\"image\":{\"@id\":\"https:\\\/\\\/asynelectric.com\\\/#\\\/schema\\\/logo\\\/image\\\/\"},\"sameAs\":[\"https:\\\/\\\/www.facebook.com\\\/ASYNELECTRIC\",\"https:\\\/\\\/www.instagram.com\\\/asynelectric.pe\\\/\"]}]}<\/script>\n<!-- \/ Yoast SEO plugin. -->","yoast_head_json":{"title":"CONTACTOR TRIF\u00c1SICO 25A\u2502SCG-25\u2502SIGMA ELEKTRIK - Asyn Electric","robots":{"index":"noindex","follow":"follow"},"og_locale":"es_ES","og_type":"article","og_title":"CONTACTOR TRIF\u00c1SICO 25A\u2502SCG-25\u2502SIGMA ELEKTRIK - Asyn Electric","og_description":"Contactor trif\u00e1sico de 3 polos con capacidad de 25 A en categor\u00eda AC-3 y 40 A en AC-1, equipado con contactos auxiliares 1NO+1NC. Ideal para el control de motores de hasta 11 kW a 400 V.","og_url":"https:\/\/asynelectric.com\/index.php\/product\/contactor-trifasico-25a-scg-25-sigma-elektrik\/","og_site_name":"Asyn Electric","article_publisher":"https:\/\/www.facebook.com\/ASYNELECTRIC","article_modified_time":"2025-05-08T15:45:15+00:00","og_image":[{"width":2000,"height":2000,"url":"https:\/\/asynelectric.com\/wp-content\/uploads\/2025\/04\/34-1.png","type":"image\/png"}],"twitter_card":"summary_large_image","twitter_misc":{"Tiempo de lectura":"1 minuto"},"schema":{"@context":"https:\/\/schema.org","@graph":[{"@type":"WebPage","@id":"https:\/\/asynelectric.com\/index.php\/product\/contactor-trifasico-25a-scg-25-sigma-elektrik\/","url":"https:\/\/asynelectric.com\/index.php\/product\/contactor-trifasico-25a-scg-25-sigma-elektrik\/","name":"CONTACTOR TRIF\u00c1SICO 25A\u2502SCG-25\u2502SIGMA ELEKTRIK - Asyn Electric","isPartOf":{"@id":"https:\/\/asynelectric.com\/#website"},"primaryImageOfPage":{"@id":"https:\/\/asynelectric.com\/index.php\/product\/contactor-trifasico-25a-scg-25-sigma-elektrik\/#primaryimage"},"image":{"@id":"https:\/\/asynelectric.com\/index.php\/product\/contactor-trifasico-25a-scg-25-sigma-elektrik\/#primaryimage"},"thumbnailUrl":"https:\/\/asynelectric.com\/wp-content\/uploads\/2025\/04\/34-1.png","datePublished":"2025-05-08T15:40:34+00:00","dateModified":"2025-05-08T15:45:15+00:00","breadcrumb":{"@id":"https:\/\/asynelectric.com\/index.php\/product\/contactor-trifasico-25a-scg-25-sigma-elektrik\/#breadcrumb"},"inLanguage":"es","potentialAction":[{"@type":"ReadAction","target":["https:\/\/asynelectric.com\/index.php\/product\/contactor-trifasico-25a-scg-25-sigma-elektrik\/"]}]},{"@type":"ImageObject","inLanguage":"es","@id":"https:\/\/asynelectric.com\/index.php\/product\/contactor-trifasico-25a-scg-25-sigma-elektrik\/#primaryimage","url":"https:\/\/asynelectric.com\/wp-content\/uploads\/2025\/04\/34-1.png","contentUrl":"https:\/\/asynelectric.com\/wp-content\/uploads\/2025\/04\/34-1.png","width":2000,"height":2000},{"@type":"BreadcrumbList","@id":"https:\/\/asynelectric.com\/index.php\/product\/contactor-trifasico-25a-scg-25-sigma-elektrik\/#breadcrumb","itemListElement":[{"@type":"ListItem","position":1,"name":"Portada","item":"https:\/\/asynelectric.com\/"},{"@type":"ListItem","position":2,"name":"Productos","item":"https:\/\/asynelectric.com\/index.php\/products\/"},{"@type":"ListItem","position":3,"name":"CONTACTOR TRIF\u00c1SICO 25A\u2502SCG-25\u2502SIGMA ELEKTRIK"}]},{"@type":"WebSite","@id":"https:\/\/asynelectric.com\/#website","url":"https:\/\/asynelectric.com\/","name":"Asyn Electric","description":"Venta de productos electricos, automatizacion y domotica","publisher":{"@id":"https:\/\/asynelectric.com\/#organization"},"potentialAction":[{"@type":"SearchAction","target":{"@type":"EntryPoint","urlTemplate":"https:\/\/asynelectric.com\/?s={search_term_string}"},"query-input":{"@type":"PropertyValueSpecification","valueRequired":true,"valueName":"search_term_string"}}],"inLanguage":"es"},{"@type":"Organization","@id":"https:\/\/asynelectric.com\/#organization","name":"Asyn Electric","url":"https:\/\/asynelectric.com\/","logo":{"@type":"ImageObject","inLanguage":"es","@id":"https:\/\/asynelectric.com\/#\/schema\/logo\/image\/","url":"https:\/\/asynelectric.com\/wp-content\/uploads\/2025\/05\/ABB-1.png","contentUrl":"https:\/\/asynelectric.com\/wp-content\/uploads\/2025\/05\/ABB-1.png","width":2000,"height":2000,"caption":"Asyn Electric"},"image":{"@id":"https:\/\/asynelectric.com\/#\/schema\/logo\/image\/"},"sameAs":["https:\/\/www.facebook.com\/ASYNELECTRIC","https:\/\/www.instagram.com\/asynelectric.pe\/"]}]}},"_links":{"self":[{"href":"https:\/\/asynelectric.com\/index.php\/wp-json\/wp\/v2\/product\/1777","targetHints":{"allow":["GET"]}}],"collection":[{"href":"https:\/\/asynelectric.com\/index.php\/wp-json\/wp\/v2\/product"}],"about":[{"href":"https:\/\/asynelectric.com\/index.php\/wp-json\/wp\/v2\/types\/product"}],"wp:featuredmedia":[{"embeddable":true,"href":"https:\/\/asynelectric.com\/index.php\/wp-json\/wp\/v2\/media\/996"}],"wp:attachment":[{"href":"https:\/\/asynelectric.com\/index.php\/wp-json\/wp\/v2\/media?parent=1777"}],"wp:term":[{"taxonomy":"product_brand","embeddable":true,"href":"https:\/\/asynelectric.com\/index.php\/wp-json\/wp\/v2\/product_brand?post=1777"},{"taxonomy":"product_cat","embeddable":true,"href":"https:\/\/asynelectric.com\/index.php\/wp-json\/wp\/v2\/product_cat?post=1777"},{"taxonomy":"product_tag","embeddable":true,"href":"https:\/\/asynelectric.com\/index.php\/wp-json\/wp\/v2\/product_tag?post=1777"}],"curies":[{"name":"wp","href":"https:\/\/api.w.org\/{rel}","templated":true}]}}