{"id":1563,"date":"2025-05-04T14:01:17","date_gmt":"2025-05-04T19:01:17","guid":{"rendered":"https:\/\/asynelectric.com\/?post_type=product&#038;p=1563"},"modified":"2026-02-20T16:06:20","modified_gmt":"2026-02-20T21:06:20","slug":"contactor-modular-230v-ac-dc-2na-25a-223202304340-finder","status":"publish","type":"product","link":"https:\/\/asynelectric.com\/index.php\/product\/contactor-modular-230v-ac-dc-2na-25a-223202304340-finder\/","title":{"rendered":"CONTACTOR MODULAR 230V AC\/DC 2NA 25A\u250222.32.0.230.4340\u2502FINDER"},"content":{"rendered":"<p>Este contactor modular de la\u00a0<span class=\"T286Pc\" data-sfc-cp=\"\" data-complete=\"true\">Serie 22 de Finder<\/span>\u00a0gestiona cargas monof\u00e1sicas de hasta\u00a025A\u00a0mediante\u00a02 contactos NA\u00a0de doble ruptura. Sus contactos de\u00a0AgSnO2\u00a0est\u00e1n dise\u00f1ados para soportar picos de corriente en iluminaci\u00f3n LED y cargas reactivas, mientras que su bobina con tecnolog\u00eda\u00a0AC\/DC\u00a0y varistor integrado garantiza un funcionamiento silencioso y protegido. Incluye un\u00a0selector frontal de 3 posiciones (ON-AUTO-OFF)\u00a0para forzado manual o aislamiento de la carga, facilitando el mantenimiento directamente desde el riel DIN.<\/p>\n","protected":false},"excerpt":{"rendered":"<p>Contactor modular silencioso de 2 contactos NA (25A) para montaje en riel DIN, con alimentaci\u00f3n 230V AC\/DC, indicador LED y selector de funciones ON\/AUTO\/OFF.<\/p>\n","protected":false},"featured_media":2771,"template":"","meta":[],"product_brand":[53],"product_cat":[85],"product_tag":[],"class_list":{"0":"post-1563","1":"product","2":"type-product","3":"status-publish","4":"has-post-thumbnail","6":"product_brand-finder","7":"product_cat-contactores","9":"first","10":"instock","11":"taxable","12":"shipping-taxable","13":"product-type-simple"},"yoast_head":"<!-- This site is optimized with the Yoast SEO plugin v27.5 - https:\/\/yoast.com\/product\/yoast-seo-wordpress\/ -->\n<title>CONTACTOR MODULAR 230V AC\/DC 2NA 25A\u250222.32.0.230.4340\u2502FINDER - Asyn Electric<\/title>\n<meta name=\"robots\" content=\"noindex, follow\" \/>\n<meta property=\"og:locale\" content=\"es_ES\" \/>\n<meta property=\"og:type\" content=\"article\" \/>\n<meta property=\"og:title\" content=\"CONTACTOR MODULAR 230V AC\/DC 2NA 25A\u250222.32.0.230.4340\u2502FINDER - Asyn Electric\" \/>\n<meta property=\"og:description\" content=\"Contactor modular silencioso de 2 contactos NA (25A) para montaje en riel DIN, con alimentaci\u00f3n 230V AC\/DC, indicador LED y selector de funciones ON\/AUTO\/OFF.\" \/>\n<meta property=\"og:url\" content=\"https:\/\/asynelectric.com\/index.php\/product\/contactor-modular-230v-ac-dc-2na-25a-223202304340-finder\/\" \/>\n<meta property=\"og:site_name\" content=\"Asyn Electric\" \/>\n<meta property=\"article:publisher\" content=\"https:\/\/www.facebook.com\/ASYNELECTRIC\" \/>\n<meta property=\"article:modified_time\" content=\"2026-02-20T21:06:20+00:00\" \/>\n<meta property=\"og:image\" content=\"https:\/\/asynelectric.com\/wp-content\/uploads\/2026\/02\/1.png\" \/>\n\t<meta property=\"og:image:width\" content=\"2000\" \/>\n\t<meta property=\"og:image:height\" content=\"2000\" \/>\n\t<meta property=\"og:image:type\" content=\"image\/png\" \/>\n<meta name=\"twitter:card\" content=\"summary_large_image\" \/>\n<meta name=\"twitter:label1\" content=\"Tiempo de lectura\" \/>\n\t<meta name=\"twitter:data1\" content=\"1 minuto\" \/>\n<script type=\"application\/ld+json\" class=\"yoast-schema-graph\">{\"@context\":\"https:\\\/\\\/schema.org\",\"@graph\":[{\"@type\":\"WebPage\",\"@id\":\"https:\\\/\\\/asynelectric.com\\\/index.php\\\/product\\\/contactor-modular-230v-ac-dc-2na-25a-223202304340-finder\\\/\",\"url\":\"https:\\\/\\\/asynelectric.com\\\/index.php\\\/product\\\/contactor-modular-230v-ac-dc-2na-25a-223202304340-finder\\\/\",\"name\":\"CONTACTOR MODULAR 230V AC\\\/DC 2NA 25A\u250222.32.0.230.4340\u2502FINDER - Asyn Electric\",\"isPartOf\":{\"@id\":\"https:\\\/\\\/asynelectric.com\\\/#website\"},\"primaryImageOfPage\":{\"@id\":\"https:\\\/\\\/asynelectric.com\\\/index.php\\\/product\\\/contactor-modular-230v-ac-dc-2na-25a-223202304340-finder\\\/#primaryimage\"},\"image\":{\"@id\":\"https:\\\/\\\/asynelectric.com\\\/index.php\\\/product\\\/contactor-modular-230v-ac-dc-2na-25a-223202304340-finder\\\/#primaryimage\"},\"thumbnailUrl\":\"https:\\\/\\\/asynelectric.com\\\/wp-content\\\/uploads\\\/2026\\\/02\\\/1.png\",\"datePublished\":\"2025-05-04T19:01:17+00:00\",\"dateModified\":\"2026-02-20T21:06:20+00:00\",\"breadcrumb\":{\"@id\":\"https:\\\/\\\/asynelectric.com\\\/index.php\\\/product\\\/contactor-modular-230v-ac-dc-2na-25a-223202304340-finder\\\/#breadcrumb\"},\"inLanguage\":\"es\",\"potentialAction\":[{\"@type\":\"ReadAction\",\"target\":[\"https:\\\/\\\/asynelectric.com\\\/index.php\\\/product\\\/contactor-modular-230v-ac-dc-2na-25a-223202304340-finder\\\/\"]}]},{\"@type\":\"ImageObject\",\"inLanguage\":\"es\",\"@id\":\"https:\\\/\\\/asynelectric.com\\\/index.php\\\/product\\\/contactor-modular-230v-ac-dc-2na-25a-223202304340-finder\\\/#primaryimage\",\"url\":\"https:\\\/\\\/asynelectric.com\\\/wp-content\\\/uploads\\\/2026\\\/02\\\/1.png\",\"contentUrl\":\"https:\\\/\\\/asynelectric.com\\\/wp-content\\\/uploads\\\/2026\\\/02\\\/1.png\",\"width\":2000,\"height\":2000},{\"@type\":\"BreadcrumbList\",\"@id\":\"https:\\\/\\\/asynelectric.com\\\/index.php\\\/product\\\/contactor-modular-230v-ac-dc-2na-25a-223202304340-finder\\\/#breadcrumb\",\"itemListElement\":[{\"@type\":\"ListItem\",\"position\":1,\"name\":\"Portada\",\"item\":\"https:\\\/\\\/asynelectric.com\\\/\"},{\"@type\":\"ListItem\",\"position\":2,\"name\":\"Productos\",\"item\":\"https:\\\/\\\/asynelectric.com\\\/index.php\\\/products\\\/\"},{\"@type\":\"ListItem\",\"position\":3,\"name\":\"CONTACTOR MODULAR 230V AC\\\/DC 2NA 25A\u250222.32.0.230.4340\u2502FINDER\"}]},{\"@type\":\"WebSite\",\"@id\":\"https:\\\/\\\/asynelectric.com\\\/#website\",\"url\":\"https:\\\/\\\/asynelectric.com\\\/\",\"name\":\"Asyn Electric\",\"description\":\"Venta de productos electricos, automatizacion y domotica\",\"publisher\":{\"@id\":\"https:\\\/\\\/asynelectric.com\\\/#organization\"},\"potentialAction\":[{\"@type\":\"SearchAction\",\"target\":{\"@type\":\"EntryPoint\",\"urlTemplate\":\"https:\\\/\\\/asynelectric.com\\\/?s={search_term_string}\"},\"query-input\":{\"@type\":\"PropertyValueSpecification\",\"valueRequired\":true,\"valueName\":\"search_term_string\"}}],\"inLanguage\":\"es\"},{\"@type\":\"Organization\",\"@id\":\"https:\\\/\\\/asynelectric.com\\\/#organization\",\"name\":\"Asyn Electric\",\"url\":\"https:\\\/\\\/asynelectric.com\\\/\",\"logo\":{\"@type\":\"ImageObject\",\"inLanguage\":\"es\",\"@id\":\"https:\\\/\\\/asynelectric.com\\\/#\\\/schema\\\/logo\\\/image\\\/\",\"url\":\"https:\\\/\\\/asynelectric.com\\\/wp-content\\\/uploads\\\/2025\\\/05\\\/ABB-1.png\",\"contentUrl\":\"https:\\\/\\\/asynelectric.com\\\/wp-content\\\/uploads\\\/2025\\\/05\\\/ABB-1.png\",\"width\":2000,\"height\":2000,\"caption\":\"Asyn Electric\"},\"image\":{\"@id\":\"https:\\\/\\\/asynelectric.com\\\/#\\\/schema\\\/logo\\\/image\\\/\"},\"sameAs\":[\"https:\\\/\\\/www.facebook.com\\\/ASYNELECTRIC\",\"https:\\\/\\\/www.instagram.com\\\/asynelectric.pe\\\/\"]}]}<\/script>\n<!-- \/ Yoast SEO plugin. -->","yoast_head_json":{"title":"CONTACTOR MODULAR 230V AC\/DC 2NA 25A\u250222.32.0.230.4340\u2502FINDER - Asyn Electric","robots":{"index":"noindex","follow":"follow"},"og_locale":"es_ES","og_type":"article","og_title":"CONTACTOR MODULAR 230V AC\/DC 2NA 25A\u250222.32.0.230.4340\u2502FINDER - Asyn Electric","og_description":"Contactor modular silencioso de 2 contactos NA (25A) para montaje en riel DIN, con alimentaci\u00f3n 230V AC\/DC, indicador LED y selector de funciones ON\/AUTO\/OFF.","og_url":"https:\/\/asynelectric.com\/index.php\/product\/contactor-modular-230v-ac-dc-2na-25a-223202304340-finder\/","og_site_name":"Asyn Electric","article_publisher":"https:\/\/www.facebook.com\/ASYNELECTRIC","article_modified_time":"2026-02-20T21:06:20+00:00","og_image":[{"width":2000,"height":2000,"url":"https:\/\/asynelectric.com\/wp-content\/uploads\/2026\/02\/1.png","type":"image\/png"}],"twitter_card":"summary_large_image","twitter_misc":{"Tiempo de lectura":"1 minuto"},"schema":{"@context":"https:\/\/schema.org","@graph":[{"@type":"WebPage","@id":"https:\/\/asynelectric.com\/index.php\/product\/contactor-modular-230v-ac-dc-2na-25a-223202304340-finder\/","url":"https:\/\/asynelectric.com\/index.php\/product\/contactor-modular-230v-ac-dc-2na-25a-223202304340-finder\/","name":"CONTACTOR MODULAR 230V AC\/DC 2NA 25A\u250222.32.0.230.4340\u2502FINDER - Asyn Electric","isPartOf":{"@id":"https:\/\/asynelectric.com\/#website"},"primaryImageOfPage":{"@id":"https:\/\/asynelectric.com\/index.php\/product\/contactor-modular-230v-ac-dc-2na-25a-223202304340-finder\/#primaryimage"},"image":{"@id":"https:\/\/asynelectric.com\/index.php\/product\/contactor-modular-230v-ac-dc-2na-25a-223202304340-finder\/#primaryimage"},"thumbnailUrl":"https:\/\/asynelectric.com\/wp-content\/uploads\/2026\/02\/1.png","datePublished":"2025-05-04T19:01:17+00:00","dateModified":"2026-02-20T21:06:20+00:00","breadcrumb":{"@id":"https:\/\/asynelectric.com\/index.php\/product\/contactor-modular-230v-ac-dc-2na-25a-223202304340-finder\/#breadcrumb"},"inLanguage":"es","potentialAction":[{"@type":"ReadAction","target":["https:\/\/asynelectric.com\/index.php\/product\/contactor-modular-230v-ac-dc-2na-25a-223202304340-finder\/"]}]},{"@type":"ImageObject","inLanguage":"es","@id":"https:\/\/asynelectric.com\/index.php\/product\/contactor-modular-230v-ac-dc-2na-25a-223202304340-finder\/#primaryimage","url":"https:\/\/asynelectric.com\/wp-content\/uploads\/2026\/02\/1.png","contentUrl":"https:\/\/asynelectric.com\/wp-content\/uploads\/2026\/02\/1.png","width":2000,"height":2000},{"@type":"BreadcrumbList","@id":"https:\/\/asynelectric.com\/index.php\/product\/contactor-modular-230v-ac-dc-2na-25a-223202304340-finder\/#breadcrumb","itemListElement":[{"@type":"ListItem","position":1,"name":"Portada","item":"https:\/\/asynelectric.com\/"},{"@type":"ListItem","position":2,"name":"Productos","item":"https:\/\/asynelectric.com\/index.php\/products\/"},{"@type":"ListItem","position":3,"name":"CONTACTOR MODULAR 230V AC\/DC 2NA 25A\u250222.32.0.230.4340\u2502FINDER"}]},{"@type":"WebSite","@id":"https:\/\/asynelectric.com\/#website","url":"https:\/\/asynelectric.com\/","name":"Asyn Electric","description":"Venta de productos electricos, automatizacion y domotica","publisher":{"@id":"https:\/\/asynelectric.com\/#organization"},"potentialAction":[{"@type":"SearchAction","target":{"@type":"EntryPoint","urlTemplate":"https:\/\/asynelectric.com\/?s={search_term_string}"},"query-input":{"@type":"PropertyValueSpecification","valueRequired":true,"valueName":"search_term_string"}}],"inLanguage":"es"},{"@type":"Organization","@id":"https:\/\/asynelectric.com\/#organization","name":"Asyn Electric","url":"https:\/\/asynelectric.com\/","logo":{"@type":"ImageObject","inLanguage":"es","@id":"https:\/\/asynelectric.com\/#\/schema\/logo\/image\/","url":"https:\/\/asynelectric.com\/wp-content\/uploads\/2025\/05\/ABB-1.png","contentUrl":"https:\/\/asynelectric.com\/wp-content\/uploads\/2025\/05\/ABB-1.png","width":2000,"height":2000,"caption":"Asyn Electric"},"image":{"@id":"https:\/\/asynelectric.com\/#\/schema\/logo\/image\/"},"sameAs":["https:\/\/www.facebook.com\/ASYNELECTRIC","https:\/\/www.instagram.com\/asynelectric.pe\/"]}]}},"_links":{"self":[{"href":"https:\/\/asynelectric.com\/index.php\/wp-json\/wp\/v2\/product\/1563","targetHints":{"allow":["GET"]}}],"collection":[{"href":"https:\/\/asynelectric.com\/index.php\/wp-json\/wp\/v2\/product"}],"about":[{"href":"https:\/\/asynelectric.com\/index.php\/wp-json\/wp\/v2\/types\/product"}],"wp:featuredmedia":[{"embeddable":true,"href":"https:\/\/asynelectric.com\/index.php\/wp-json\/wp\/v2\/media\/2771"}],"wp:attachment":[{"href":"https:\/\/asynelectric.com\/index.php\/wp-json\/wp\/v2\/media?parent=1563"}],"wp:term":[{"taxonomy":"product_brand","embeddable":true,"href":"https:\/\/asynelectric.com\/index.php\/wp-json\/wp\/v2\/product_brand?post=1563"},{"taxonomy":"product_cat","embeddable":true,"href":"https:\/\/asynelectric.com\/index.php\/wp-json\/wp\/v2\/product_cat?post=1563"},{"taxonomy":"product_tag","embeddable":true,"href":"https:\/\/asynelectric.com\/index.php\/wp-json\/wp\/v2\/product_tag?post=1563"}],"curies":[{"name":"wp","href":"https:\/\/api.w.org\/{rel}","templated":true}]}}