{"id":1561,"date":"2025-05-04T11:52:37","date_gmt":"2025-05-04T16:52:37","guid":{"rendered":"https:\/\/asynelectric.com\/?post_type=product&#038;p=1561"},"modified":"2026-03-10T13:10:39","modified_gmt":"2026-03-10T18:10:39","slug":"mini-contactor-industrial-230v-ac-4na-9a-6k0482304309-finder","status":"publish","type":"product","link":"https:\/\/asynelectric.com\/index.php\/product\/mini-contactor-industrial-230v-ac-4na-9a-6k0482304309-finder\/","title":{"rendered":"MINI CONTACTOR INDUSTRIAL 230V AC 4NA 9A \u25026K.04.8.230.4309\u2502FINDER"},"content":{"rendered":"<p>Este\u00a0minicontactor industrial\u00a0de la serie\u00a0<span class=\"T286Pc\" data-sfc-cp=\"\" data-complete=\"true\">6K de Finder<\/span>\u00a0es una soluci\u00f3n robusta y compacta dise\u00f1ada para la conmutaci\u00f3n de altas cargas en entornos profesionales. Equipado con\u00a04 contactos normalmente abiertos (NA) de 9A, este dispositivo permite el control eficiente de sistemas trif\u00e1sicos y motores industriales pesados en un formato modular para carril DIN. Sus contactos de\u00a0\u00f3xido de esta\u00f1o y plata (AgSnO2)\u00a0garantizan una alta resistencia a los picos de corriente y una larga vida \u00fatil, mientras que su bobina de\u00a0230V AC\u00a0asegura una operaci\u00f3n confiable. Incluye un indicador visual mec\u00e1nico en el frontal y cumple con la normativa\u00a0IEC\/EN 61095, optimizando el espacio en el tablero sin comprometer la capacidad de maniobra industrial.<\/p>\n","protected":false},"excerpt":{"rendered":"<p>Mini contactor de 4 polos (4 NA) con bobina de 230V AC, capacidad de conmutaci\u00f3n de hasta 4 kW y corriente nominal de 9 A.<\/p>\n","protected":false},"featured_media":2774,"template":"","meta":[],"product_brand":[53],"product_cat":[85],"product_tag":[],"class_list":{"0":"post-1561","1":"product","2":"type-product","3":"status-publish","4":"has-post-thumbnail","6":"product_brand-finder","7":"product_cat-contactores","9":"first","10":"instock","11":"taxable","12":"shipping-taxable","13":"product-type-simple"},"yoast_head":"<!-- This site is optimized with the Yoast SEO plugin v27.5 - https:\/\/yoast.com\/product\/yoast-seo-wordpress\/ -->\n<title>MINI CONTACTOR INDUSTRIAL 230V AC 4NA 9A \u25026K.04.8.230.4309\u2502FINDER - Asyn Electric<\/title>\n<meta name=\"robots\" content=\"noindex, follow\" \/>\n<meta property=\"og:locale\" content=\"es_ES\" \/>\n<meta property=\"og:type\" content=\"article\" \/>\n<meta property=\"og:title\" content=\"MINI CONTACTOR INDUSTRIAL 230V AC 4NA 9A \u25026K.04.8.230.4309\u2502FINDER - Asyn Electric\" \/>\n<meta property=\"og:description\" content=\"Mini contactor de 4 polos (4 NA) con bobina de 230V AC, capacidad de conmutaci\u00f3n de hasta 4 kW y corriente nominal de 9 A.\" \/>\n<meta property=\"og:url\" content=\"https:\/\/asynelectric.com\/index.php\/product\/mini-contactor-industrial-230v-ac-4na-9a-6k0482304309-finder\/\" \/>\n<meta property=\"og:site_name\" content=\"Asyn Electric\" \/>\n<meta property=\"article:publisher\" content=\"https:\/\/www.facebook.com\/ASYNELECTRIC\" \/>\n<meta property=\"article:modified_time\" content=\"2026-03-10T18:10:39+00:00\" \/>\n<meta property=\"og:image\" content=\"https:\/\/asynelectric.com\/wp-content\/uploads\/2026\/02\/4.png\" \/>\n\t<meta property=\"og:image:width\" content=\"2000\" \/>\n\t<meta property=\"og:image:height\" content=\"2000\" \/>\n\t<meta property=\"og:image:type\" content=\"image\/png\" \/>\n<meta name=\"twitter:card\" content=\"summary_large_image\" \/>\n<meta name=\"twitter:label1\" content=\"Tiempo de lectura\" \/>\n\t<meta name=\"twitter:data1\" content=\"1 minuto\" \/>\n<script type=\"application\/ld+json\" class=\"yoast-schema-graph\">{\"@context\":\"https:\\\/\\\/schema.org\",\"@graph\":[{\"@type\":\"WebPage\",\"@id\":\"https:\\\/\\\/asynelectric.com\\\/index.php\\\/product\\\/mini-contactor-industrial-230v-ac-4na-9a-6k0482304309-finder\\\/\",\"url\":\"https:\\\/\\\/asynelectric.com\\\/index.php\\\/product\\\/mini-contactor-industrial-230v-ac-4na-9a-6k0482304309-finder\\\/\",\"name\":\"MINI CONTACTOR INDUSTRIAL 230V AC 4NA 9A \u25026K.04.8.230.4309\u2502FINDER - Asyn Electric\",\"isPartOf\":{\"@id\":\"https:\\\/\\\/asynelectric.com\\\/#website\"},\"primaryImageOfPage\":{\"@id\":\"https:\\\/\\\/asynelectric.com\\\/index.php\\\/product\\\/mini-contactor-industrial-230v-ac-4na-9a-6k0482304309-finder\\\/#primaryimage\"},\"image\":{\"@id\":\"https:\\\/\\\/asynelectric.com\\\/index.php\\\/product\\\/mini-contactor-industrial-230v-ac-4na-9a-6k0482304309-finder\\\/#primaryimage\"},\"thumbnailUrl\":\"https:\\\/\\\/asynelectric.com\\\/wp-content\\\/uploads\\\/2026\\\/02\\\/4.png\",\"datePublished\":\"2025-05-04T16:52:37+00:00\",\"dateModified\":\"2026-03-10T18:10:39+00:00\",\"breadcrumb\":{\"@id\":\"https:\\\/\\\/asynelectric.com\\\/index.php\\\/product\\\/mini-contactor-industrial-230v-ac-4na-9a-6k0482304309-finder\\\/#breadcrumb\"},\"inLanguage\":\"es\",\"potentialAction\":[{\"@type\":\"ReadAction\",\"target\":[\"https:\\\/\\\/asynelectric.com\\\/index.php\\\/product\\\/mini-contactor-industrial-230v-ac-4na-9a-6k0482304309-finder\\\/\"]}]},{\"@type\":\"ImageObject\",\"inLanguage\":\"es\",\"@id\":\"https:\\\/\\\/asynelectric.com\\\/index.php\\\/product\\\/mini-contactor-industrial-230v-ac-4na-9a-6k0482304309-finder\\\/#primaryimage\",\"url\":\"https:\\\/\\\/asynelectric.com\\\/wp-content\\\/uploads\\\/2026\\\/02\\\/4.png\",\"contentUrl\":\"https:\\\/\\\/asynelectric.com\\\/wp-content\\\/uploads\\\/2026\\\/02\\\/4.png\",\"width\":2000,\"height\":2000},{\"@type\":\"BreadcrumbList\",\"@id\":\"https:\\\/\\\/asynelectric.com\\\/index.php\\\/product\\\/mini-contactor-industrial-230v-ac-4na-9a-6k0482304309-finder\\\/#breadcrumb\",\"itemListElement\":[{\"@type\":\"ListItem\",\"position\":1,\"name\":\"Portada\",\"item\":\"https:\\\/\\\/asynelectric.com\\\/\"},{\"@type\":\"ListItem\",\"position\":2,\"name\":\"Productos\",\"item\":\"https:\\\/\\\/asynelectric.com\\\/index.php\\\/products\\\/\"},{\"@type\":\"ListItem\",\"position\":3,\"name\":\"MINI CONTACTOR INDUSTRIAL 230V AC 4NA 9A \u25026K.04.8.230.4309\u2502FINDER\"}]},{\"@type\":\"WebSite\",\"@id\":\"https:\\\/\\\/asynelectric.com\\\/#website\",\"url\":\"https:\\\/\\\/asynelectric.com\\\/\",\"name\":\"Asyn Electric\",\"description\":\"Venta de productos electricos, automatizacion y domotica\",\"publisher\":{\"@id\":\"https:\\\/\\\/asynelectric.com\\\/#organization\"},\"potentialAction\":[{\"@type\":\"SearchAction\",\"target\":{\"@type\":\"EntryPoint\",\"urlTemplate\":\"https:\\\/\\\/asynelectric.com\\\/?s={search_term_string}\"},\"query-input\":{\"@type\":\"PropertyValueSpecification\",\"valueRequired\":true,\"valueName\":\"search_term_string\"}}],\"inLanguage\":\"es\"},{\"@type\":\"Organization\",\"@id\":\"https:\\\/\\\/asynelectric.com\\\/#organization\",\"name\":\"Asyn Electric\",\"url\":\"https:\\\/\\\/asynelectric.com\\\/\",\"logo\":{\"@type\":\"ImageObject\",\"inLanguage\":\"es\",\"@id\":\"https:\\\/\\\/asynelectric.com\\\/#\\\/schema\\\/logo\\\/image\\\/\",\"url\":\"https:\\\/\\\/asynelectric.com\\\/wp-content\\\/uploads\\\/2025\\\/05\\\/ABB-1.png\",\"contentUrl\":\"https:\\\/\\\/asynelectric.com\\\/wp-content\\\/uploads\\\/2025\\\/05\\\/ABB-1.png\",\"width\":2000,\"height\":2000,\"caption\":\"Asyn Electric\"},\"image\":{\"@id\":\"https:\\\/\\\/asynelectric.com\\\/#\\\/schema\\\/logo\\\/image\\\/\"},\"sameAs\":[\"https:\\\/\\\/www.facebook.com\\\/ASYNELECTRIC\",\"https:\\\/\\\/www.instagram.com\\\/asynelectric.pe\\\/\"]}]}<\/script>\n<!-- \/ Yoast SEO plugin. -->","yoast_head_json":{"title":"MINI CONTACTOR INDUSTRIAL 230V AC 4NA 9A \u25026K.04.8.230.4309\u2502FINDER - Asyn Electric","robots":{"index":"noindex","follow":"follow"},"og_locale":"es_ES","og_type":"article","og_title":"MINI CONTACTOR INDUSTRIAL 230V AC 4NA 9A \u25026K.04.8.230.4309\u2502FINDER - Asyn Electric","og_description":"Mini contactor de 4 polos (4 NA) con bobina de 230V AC, capacidad de conmutaci\u00f3n de hasta 4 kW y corriente nominal de 9 A.","og_url":"https:\/\/asynelectric.com\/index.php\/product\/mini-contactor-industrial-230v-ac-4na-9a-6k0482304309-finder\/","og_site_name":"Asyn Electric","article_publisher":"https:\/\/www.facebook.com\/ASYNELECTRIC","article_modified_time":"2026-03-10T18:10:39+00:00","og_image":[{"width":2000,"height":2000,"url":"https:\/\/asynelectric.com\/wp-content\/uploads\/2026\/02\/4.png","type":"image\/png"}],"twitter_card":"summary_large_image","twitter_misc":{"Tiempo de lectura":"1 minuto"},"schema":{"@context":"https:\/\/schema.org","@graph":[{"@type":"WebPage","@id":"https:\/\/asynelectric.com\/index.php\/product\/mini-contactor-industrial-230v-ac-4na-9a-6k0482304309-finder\/","url":"https:\/\/asynelectric.com\/index.php\/product\/mini-contactor-industrial-230v-ac-4na-9a-6k0482304309-finder\/","name":"MINI CONTACTOR INDUSTRIAL 230V AC 4NA 9A \u25026K.04.8.230.4309\u2502FINDER - Asyn Electric","isPartOf":{"@id":"https:\/\/asynelectric.com\/#website"},"primaryImageOfPage":{"@id":"https:\/\/asynelectric.com\/index.php\/product\/mini-contactor-industrial-230v-ac-4na-9a-6k0482304309-finder\/#primaryimage"},"image":{"@id":"https:\/\/asynelectric.com\/index.php\/product\/mini-contactor-industrial-230v-ac-4na-9a-6k0482304309-finder\/#primaryimage"},"thumbnailUrl":"https:\/\/asynelectric.com\/wp-content\/uploads\/2026\/02\/4.png","datePublished":"2025-05-04T16:52:37+00:00","dateModified":"2026-03-10T18:10:39+00:00","breadcrumb":{"@id":"https:\/\/asynelectric.com\/index.php\/product\/mini-contactor-industrial-230v-ac-4na-9a-6k0482304309-finder\/#breadcrumb"},"inLanguage":"es","potentialAction":[{"@type":"ReadAction","target":["https:\/\/asynelectric.com\/index.php\/product\/mini-contactor-industrial-230v-ac-4na-9a-6k0482304309-finder\/"]}]},{"@type":"ImageObject","inLanguage":"es","@id":"https:\/\/asynelectric.com\/index.php\/product\/mini-contactor-industrial-230v-ac-4na-9a-6k0482304309-finder\/#primaryimage","url":"https:\/\/asynelectric.com\/wp-content\/uploads\/2026\/02\/4.png","contentUrl":"https:\/\/asynelectric.com\/wp-content\/uploads\/2026\/02\/4.png","width":2000,"height":2000},{"@type":"BreadcrumbList","@id":"https:\/\/asynelectric.com\/index.php\/product\/mini-contactor-industrial-230v-ac-4na-9a-6k0482304309-finder\/#breadcrumb","itemListElement":[{"@type":"ListItem","position":1,"name":"Portada","item":"https:\/\/asynelectric.com\/"},{"@type":"ListItem","position":2,"name":"Productos","item":"https:\/\/asynelectric.com\/index.php\/products\/"},{"@type":"ListItem","position":3,"name":"MINI CONTACTOR INDUSTRIAL 230V AC 4NA 9A \u25026K.04.8.230.4309\u2502FINDER"}]},{"@type":"WebSite","@id":"https:\/\/asynelectric.com\/#website","url":"https:\/\/asynelectric.com\/","name":"Asyn Electric","description":"Venta de productos electricos, automatizacion y domotica","publisher":{"@id":"https:\/\/asynelectric.com\/#organization"},"potentialAction":[{"@type":"SearchAction","target":{"@type":"EntryPoint","urlTemplate":"https:\/\/asynelectric.com\/?s={search_term_string}"},"query-input":{"@type":"PropertyValueSpecification","valueRequired":true,"valueName":"search_term_string"}}],"inLanguage":"es"},{"@type":"Organization","@id":"https:\/\/asynelectric.com\/#organization","name":"Asyn Electric","url":"https:\/\/asynelectric.com\/","logo":{"@type":"ImageObject","inLanguage":"es","@id":"https:\/\/asynelectric.com\/#\/schema\/logo\/image\/","url":"https:\/\/asynelectric.com\/wp-content\/uploads\/2025\/05\/ABB-1.png","contentUrl":"https:\/\/asynelectric.com\/wp-content\/uploads\/2025\/05\/ABB-1.png","width":2000,"height":2000,"caption":"Asyn Electric"},"image":{"@id":"https:\/\/asynelectric.com\/#\/schema\/logo\/image\/"},"sameAs":["https:\/\/www.facebook.com\/ASYNELECTRIC","https:\/\/www.instagram.com\/asynelectric.pe\/"]}]}},"_links":{"self":[{"href":"https:\/\/asynelectric.com\/index.php\/wp-json\/wp\/v2\/product\/1561","targetHints":{"allow":["GET"]}}],"collection":[{"href":"https:\/\/asynelectric.com\/index.php\/wp-json\/wp\/v2\/product"}],"about":[{"href":"https:\/\/asynelectric.com\/index.php\/wp-json\/wp\/v2\/types\/product"}],"wp:featuredmedia":[{"embeddable":true,"href":"https:\/\/asynelectric.com\/index.php\/wp-json\/wp\/v2\/media\/2774"}],"wp:attachment":[{"href":"https:\/\/asynelectric.com\/index.php\/wp-json\/wp\/v2\/media?parent=1561"}],"wp:term":[{"taxonomy":"product_brand","embeddable":true,"href":"https:\/\/asynelectric.com\/index.php\/wp-json\/wp\/v2\/product_brand?post=1561"},{"taxonomy":"product_cat","embeddable":true,"href":"https:\/\/asynelectric.com\/index.php\/wp-json\/wp\/v2\/product_cat?post=1561"},{"taxonomy":"product_tag","embeddable":true,"href":"https:\/\/asynelectric.com\/index.php\/wp-json\/wp\/v2\/product_tag?post=1561"}],"curies":[{"name":"wp","href":"https:\/\/api.w.org\/{rel}","templated":true}]}}