{"id":1539,"date":"2025-05-03T19:18:03","date_gmt":"2025-05-04T00:18:03","guid":{"rendered":"https:\/\/asynelectric.com\/?post_type=product&#038;p=1539"},"modified":"2026-02-20T16:38:52","modified_gmt":"2026-02-20T21:38:52","slug":"contador-de-energia-multifuncion-trifasico-230-400v-80a-7m-38-8-400-0212-finder","status":"publish","type":"product","link":"https:\/\/asynelectric.com\/index.php\/product\/contador-de-energia-multifuncion-trifasico-230-400v-80a-7m-38-8-400-0212-finder\/","title":{"rendered":"CONTADOR DE ENERG\u00cdA MULTIFUNCI\u00d3N TRIF\u00c1SICO 230\/400V 80A\u25027M.38.8.400.0212\u2502FINDER"},"content":{"rendered":"<p>Este medidor trif\u00e1sico multifunci\u00f3n de la\u00a0Serie 7M\u00a0de Finder ofrece una gesti\u00f3n avanzada del consumo el\u00e9ctrico con una capacidad de medici\u00f3n directa de hasta\u00a080A. Gracias a su certificaci\u00f3n\u00a0MID Clase B, garantiza una precisi\u00f3n oficial para la facturaci\u00f3n de energ\u00eda activa y reactiva en sistemas industriales o estaciones de carga de veh\u00edculos el\u00e9ctricos. Su dise\u00f1o compacto de 3 m\u00f3dulos integra comunicaci\u00f3n\u00a0Modbus RS485\u00a0y una salida de pulsos S0, permitiendo el monitoreo remoto en tiempo real de par\u00e1metros como voltaje, corriente, factor de potencia y distorsi\u00f3n arm\u00f3nica (THD). Es una soluci\u00f3n bidireccional y robusta que facilita la supervisi\u00f3n detallada de redes de 3 o 4 hilos mediante una pantalla LCD retroiluminada y un puerto infrarrojo de configuraci\u00f3n.<\/p>\n","protected":false},"excerpt":{"rendered":"<div class=\"Y3BBE\" data-sfc-cp=\"\" data-hveid=\"CAEIAxAA\" data-complete=\"true\" data-processed=\"true\">Contador de energ\u00eda trif\u00e1sico\u00a0MID\u00a0de\u00a080A, con comunicaci\u00f3n\u00a0Modbus RS485 integrada, pantalla LCD retroiluminada y medici\u00f3n bidireccional para riel DIN.<\/div>\n","protected":false},"featured_media":2799,"template":"","meta":[],"product_brand":[53],"product_cat":[81],"product_tag":[],"class_list":{"0":"post-1539","1":"product","2":"type-product","3":"status-publish","4":"has-post-thumbnail","6":"product_brand-finder","7":"product_cat-medidores","9":"first","10":"instock","11":"taxable","12":"shipping-taxable","13":"product-type-simple"},"yoast_head":"<!-- This site is optimized with the Yoast SEO plugin v27.5 - https:\/\/yoast.com\/product\/yoast-seo-wordpress\/ -->\n<title>CONTADOR DE ENERG\u00cdA MULTIFUNCI\u00d3N TRIF\u00c1SICO 230\/400V 80A\u25027M.38.8.400.0212\u2502FINDER - Asyn Electric<\/title>\n<meta name=\"robots\" content=\"noindex, follow\" \/>\n<meta property=\"og:locale\" content=\"es_ES\" \/>\n<meta property=\"og:type\" content=\"article\" \/>\n<meta property=\"og:title\" content=\"CONTADOR DE ENERG\u00cdA MULTIFUNCI\u00d3N TRIF\u00c1SICO 230\/400V 80A\u25027M.38.8.400.0212\u2502FINDER - Asyn Electric\" \/>\n<meta property=\"og:description\" content=\"Contador de energ\u00eda trif\u00e1sico\u00a0MID\u00a0de\u00a080A, con comunicaci\u00f3n\u00a0Modbus RS485 integrada, pantalla LCD retroiluminada y medici\u00f3n bidireccional para riel DIN.\" \/>\n<meta property=\"og:url\" content=\"https:\/\/asynelectric.com\/index.php\/product\/contador-de-energia-multifuncion-trifasico-230-400v-80a-7m-38-8-400-0212-finder\/\" \/>\n<meta property=\"og:site_name\" content=\"Asyn Electric\" \/>\n<meta property=\"article:publisher\" content=\"https:\/\/www.facebook.com\/ASYNELECTRIC\" \/>\n<meta property=\"article:modified_time\" content=\"2026-02-20T21:38:52+00:00\" \/>\n<meta property=\"og:image\" content=\"https:\/\/asynelectric.com\/wp-content\/uploads\/2026\/02\/79-1024x1024.png\" \/>\n\t<meta property=\"og:image:width\" content=\"1024\" \/>\n\t<meta property=\"og:image:height\" content=\"1024\" \/>\n\t<meta property=\"og:image:type\" content=\"image\/png\" \/>\n<meta name=\"twitter:card\" content=\"summary_large_image\" \/>\n<meta name=\"twitter:label1\" content=\"Tiempo de lectura\" \/>\n\t<meta name=\"twitter:data1\" content=\"1 minuto\" \/>\n<script type=\"application\/ld+json\" class=\"yoast-schema-graph\">{\"@context\":\"https:\\\/\\\/schema.org\",\"@graph\":[{\"@type\":\"WebPage\",\"@id\":\"https:\\\/\\\/asynelectric.com\\\/index.php\\\/product\\\/contador-de-energia-multifuncion-trifasico-230-400v-80a-7m-38-8-400-0212-finder\\\/\",\"url\":\"https:\\\/\\\/asynelectric.com\\\/index.php\\\/product\\\/contador-de-energia-multifuncion-trifasico-230-400v-80a-7m-38-8-400-0212-finder\\\/\",\"name\":\"CONTADOR DE ENERG\u00cdA MULTIFUNCI\u00d3N TRIF\u00c1SICO 230\\\/400V 80A\u25027M.38.8.400.0212\u2502FINDER - Asyn Electric\",\"isPartOf\":{\"@id\":\"https:\\\/\\\/asynelectric.com\\\/#website\"},\"primaryImageOfPage\":{\"@id\":\"https:\\\/\\\/asynelectric.com\\\/index.php\\\/product\\\/contador-de-energia-multifuncion-trifasico-230-400v-80a-7m-38-8-400-0212-finder\\\/#primaryimage\"},\"image\":{\"@id\":\"https:\\\/\\\/asynelectric.com\\\/index.php\\\/product\\\/contador-de-energia-multifuncion-trifasico-230-400v-80a-7m-38-8-400-0212-finder\\\/#primaryimage\"},\"thumbnailUrl\":\"https:\\\/\\\/asynelectric.com\\\/wp-content\\\/uploads\\\/2026\\\/02\\\/79.png\",\"datePublished\":\"2025-05-04T00:18:03+00:00\",\"dateModified\":\"2026-02-20T21:38:52+00:00\",\"breadcrumb\":{\"@id\":\"https:\\\/\\\/asynelectric.com\\\/index.php\\\/product\\\/contador-de-energia-multifuncion-trifasico-230-400v-80a-7m-38-8-400-0212-finder\\\/#breadcrumb\"},\"inLanguage\":\"es\",\"potentialAction\":[{\"@type\":\"ReadAction\",\"target\":[\"https:\\\/\\\/asynelectric.com\\\/index.php\\\/product\\\/contador-de-energia-multifuncion-trifasico-230-400v-80a-7m-38-8-400-0212-finder\\\/\"]}]},{\"@type\":\"ImageObject\",\"inLanguage\":\"es\",\"@id\":\"https:\\\/\\\/asynelectric.com\\\/index.php\\\/product\\\/contador-de-energia-multifuncion-trifasico-230-400v-80a-7m-38-8-400-0212-finder\\\/#primaryimage\",\"url\":\"https:\\\/\\\/asynelectric.com\\\/wp-content\\\/uploads\\\/2026\\\/02\\\/79.png\",\"contentUrl\":\"https:\\\/\\\/asynelectric.com\\\/wp-content\\\/uploads\\\/2026\\\/02\\\/79.png\",\"width\":2000,\"height\":2000},{\"@type\":\"BreadcrumbList\",\"@id\":\"https:\\\/\\\/asynelectric.com\\\/index.php\\\/product\\\/contador-de-energia-multifuncion-trifasico-230-400v-80a-7m-38-8-400-0212-finder\\\/#breadcrumb\",\"itemListElement\":[{\"@type\":\"ListItem\",\"position\":1,\"name\":\"Portada\",\"item\":\"https:\\\/\\\/asynelectric.com\\\/\"},{\"@type\":\"ListItem\",\"position\":2,\"name\":\"Productos\",\"item\":\"https:\\\/\\\/asynelectric.com\\\/index.php\\\/products\\\/\"},{\"@type\":\"ListItem\",\"position\":3,\"name\":\"CONTADOR DE ENERG\u00cdA MULTIFUNCI\u00d3N TRIF\u00c1SICO 230\\\/400V 80A\u25027M.38.8.400.0212\u2502FINDER\"}]},{\"@type\":\"WebSite\",\"@id\":\"https:\\\/\\\/asynelectric.com\\\/#website\",\"url\":\"https:\\\/\\\/asynelectric.com\\\/\",\"name\":\"Asyn Electric\",\"description\":\"Venta de productos electricos, automatizacion y domotica\",\"publisher\":{\"@id\":\"https:\\\/\\\/asynelectric.com\\\/#organization\"},\"potentialAction\":[{\"@type\":\"SearchAction\",\"target\":{\"@type\":\"EntryPoint\",\"urlTemplate\":\"https:\\\/\\\/asynelectric.com\\\/?s={search_term_string}\"},\"query-input\":{\"@type\":\"PropertyValueSpecification\",\"valueRequired\":true,\"valueName\":\"search_term_string\"}}],\"inLanguage\":\"es\"},{\"@type\":\"Organization\",\"@id\":\"https:\\\/\\\/asynelectric.com\\\/#organization\",\"name\":\"Asyn Electric\",\"url\":\"https:\\\/\\\/asynelectric.com\\\/\",\"logo\":{\"@type\":\"ImageObject\",\"inLanguage\":\"es\",\"@id\":\"https:\\\/\\\/asynelectric.com\\\/#\\\/schema\\\/logo\\\/image\\\/\",\"url\":\"https:\\\/\\\/asynelectric.com\\\/wp-content\\\/uploads\\\/2025\\\/05\\\/ABB-1.png\",\"contentUrl\":\"https:\\\/\\\/asynelectric.com\\\/wp-content\\\/uploads\\\/2025\\\/05\\\/ABB-1.png\",\"width\":2000,\"height\":2000,\"caption\":\"Asyn Electric\"},\"image\":{\"@id\":\"https:\\\/\\\/asynelectric.com\\\/#\\\/schema\\\/logo\\\/image\\\/\"},\"sameAs\":[\"https:\\\/\\\/www.facebook.com\\\/ASYNELECTRIC\",\"https:\\\/\\\/www.instagram.com\\\/asynelectric.pe\\\/\"]}]}<\/script>\n<!-- \/ Yoast SEO plugin. -->","yoast_head_json":{"title":"CONTADOR DE ENERG\u00cdA MULTIFUNCI\u00d3N TRIF\u00c1SICO 230\/400V 80A\u25027M.38.8.400.0212\u2502FINDER - Asyn Electric","robots":{"index":"noindex","follow":"follow"},"og_locale":"es_ES","og_type":"article","og_title":"CONTADOR DE ENERG\u00cdA MULTIFUNCI\u00d3N TRIF\u00c1SICO 230\/400V 80A\u25027M.38.8.400.0212\u2502FINDER - Asyn Electric","og_description":"Contador de energ\u00eda trif\u00e1sico\u00a0MID\u00a0de\u00a080A, con comunicaci\u00f3n\u00a0Modbus RS485 integrada, pantalla LCD retroiluminada y medici\u00f3n bidireccional para riel DIN.","og_url":"https:\/\/asynelectric.com\/index.php\/product\/contador-de-energia-multifuncion-trifasico-230-400v-80a-7m-38-8-400-0212-finder\/","og_site_name":"Asyn Electric","article_publisher":"https:\/\/www.facebook.com\/ASYNELECTRIC","article_modified_time":"2026-02-20T21:38:52+00:00","og_image":[{"width":1024,"height":1024,"url":"https:\/\/asynelectric.com\/wp-content\/uploads\/2026\/02\/79-1024x1024.png","type":"image\/png"}],"twitter_card":"summary_large_image","twitter_misc":{"Tiempo de lectura":"1 minuto"},"schema":{"@context":"https:\/\/schema.org","@graph":[{"@type":"WebPage","@id":"https:\/\/asynelectric.com\/index.php\/product\/contador-de-energia-multifuncion-trifasico-230-400v-80a-7m-38-8-400-0212-finder\/","url":"https:\/\/asynelectric.com\/index.php\/product\/contador-de-energia-multifuncion-trifasico-230-400v-80a-7m-38-8-400-0212-finder\/","name":"CONTADOR DE ENERG\u00cdA MULTIFUNCI\u00d3N TRIF\u00c1SICO 230\/400V 80A\u25027M.38.8.400.0212\u2502FINDER - Asyn Electric","isPartOf":{"@id":"https:\/\/asynelectric.com\/#website"},"primaryImageOfPage":{"@id":"https:\/\/asynelectric.com\/index.php\/product\/contador-de-energia-multifuncion-trifasico-230-400v-80a-7m-38-8-400-0212-finder\/#primaryimage"},"image":{"@id":"https:\/\/asynelectric.com\/index.php\/product\/contador-de-energia-multifuncion-trifasico-230-400v-80a-7m-38-8-400-0212-finder\/#primaryimage"},"thumbnailUrl":"https:\/\/asynelectric.com\/wp-content\/uploads\/2026\/02\/79.png","datePublished":"2025-05-04T00:18:03+00:00","dateModified":"2026-02-20T21:38:52+00:00","breadcrumb":{"@id":"https:\/\/asynelectric.com\/index.php\/product\/contador-de-energia-multifuncion-trifasico-230-400v-80a-7m-38-8-400-0212-finder\/#breadcrumb"},"inLanguage":"es","potentialAction":[{"@type":"ReadAction","target":["https:\/\/asynelectric.com\/index.php\/product\/contador-de-energia-multifuncion-trifasico-230-400v-80a-7m-38-8-400-0212-finder\/"]}]},{"@type":"ImageObject","inLanguage":"es","@id":"https:\/\/asynelectric.com\/index.php\/product\/contador-de-energia-multifuncion-trifasico-230-400v-80a-7m-38-8-400-0212-finder\/#primaryimage","url":"https:\/\/asynelectric.com\/wp-content\/uploads\/2026\/02\/79.png","contentUrl":"https:\/\/asynelectric.com\/wp-content\/uploads\/2026\/02\/79.png","width":2000,"height":2000},{"@type":"BreadcrumbList","@id":"https:\/\/asynelectric.com\/index.php\/product\/contador-de-energia-multifuncion-trifasico-230-400v-80a-7m-38-8-400-0212-finder\/#breadcrumb","itemListElement":[{"@type":"ListItem","position":1,"name":"Portada","item":"https:\/\/asynelectric.com\/"},{"@type":"ListItem","position":2,"name":"Productos","item":"https:\/\/asynelectric.com\/index.php\/products\/"},{"@type":"ListItem","position":3,"name":"CONTADOR DE ENERG\u00cdA MULTIFUNCI\u00d3N TRIF\u00c1SICO 230\/400V 80A\u25027M.38.8.400.0212\u2502FINDER"}]},{"@type":"WebSite","@id":"https:\/\/asynelectric.com\/#website","url":"https:\/\/asynelectric.com\/","name":"Asyn Electric","description":"Venta de productos electricos, automatizacion y domotica","publisher":{"@id":"https:\/\/asynelectric.com\/#organization"},"potentialAction":[{"@type":"SearchAction","target":{"@type":"EntryPoint","urlTemplate":"https:\/\/asynelectric.com\/?s={search_term_string}"},"query-input":{"@type":"PropertyValueSpecification","valueRequired":true,"valueName":"search_term_string"}}],"inLanguage":"es"},{"@type":"Organization","@id":"https:\/\/asynelectric.com\/#organization","name":"Asyn Electric","url":"https:\/\/asynelectric.com\/","logo":{"@type":"ImageObject","inLanguage":"es","@id":"https:\/\/asynelectric.com\/#\/schema\/logo\/image\/","url":"https:\/\/asynelectric.com\/wp-content\/uploads\/2025\/05\/ABB-1.png","contentUrl":"https:\/\/asynelectric.com\/wp-content\/uploads\/2025\/05\/ABB-1.png","width":2000,"height":2000,"caption":"Asyn Electric"},"image":{"@id":"https:\/\/asynelectric.com\/#\/schema\/logo\/image\/"},"sameAs":["https:\/\/www.facebook.com\/ASYNELECTRIC","https:\/\/www.instagram.com\/asynelectric.pe\/"]}]}},"_links":{"self":[{"href":"https:\/\/asynelectric.com\/index.php\/wp-json\/wp\/v2\/product\/1539","targetHints":{"allow":["GET"]}}],"collection":[{"href":"https:\/\/asynelectric.com\/index.php\/wp-json\/wp\/v2\/product"}],"about":[{"href":"https:\/\/asynelectric.com\/index.php\/wp-json\/wp\/v2\/types\/product"}],"wp:featuredmedia":[{"embeddable":true,"href":"https:\/\/asynelectric.com\/index.php\/wp-json\/wp\/v2\/media\/2799"}],"wp:attachment":[{"href":"https:\/\/asynelectric.com\/index.php\/wp-json\/wp\/v2\/media?parent=1539"}],"wp:term":[{"taxonomy":"product_brand","embeddable":true,"href":"https:\/\/asynelectric.com\/index.php\/wp-json\/wp\/v2\/product_brand?post=1539"},{"taxonomy":"product_cat","embeddable":true,"href":"https:\/\/asynelectric.com\/index.php\/wp-json\/wp\/v2\/product_cat?post=1539"},{"taxonomy":"product_tag","embeddable":true,"href":"https:\/\/asynelectric.com\/index.php\/wp-json\/wp\/v2\/product_tag?post=1539"}],"curies":[{"name":"wp","href":"https:\/\/api.w.org\/{rel}","templated":true}]}}