{"id":1535,"date":"2025-05-03T18:45:47","date_gmt":"2025-05-03T23:45:47","guid":{"rendered":"https:\/\/asynelectric.com\/?post_type=product&#038;p=1535"},"modified":"2026-02-20T16:11:32","modified_gmt":"2026-02-20T21:11:32","slug":"lampara-led-de-encendido-directo-600lm-6w-110-240v-acdc-7l4302300100-finder","status":"publish","type":"product","link":"https:\/\/asynelectric.com\/index.php\/product\/lampara-led-de-encendido-directo-600lm-6w-110-240v-acdc-7l4302300100-finder\/","title":{"rendered":"L\u00c1MPARA LED DE ENCENDIDO DIRECTO 600LM 6W 110-240V AC\/DC\u25027L.43.0.230.0100\u2502FINDER"},"content":{"rendered":"<p>Esta luminaria LED de la\u00a0Serie 7L\u00a0de\u00a0<span class=\"T286Pc\" data-sfc-cp=\"\" data-complete=\"true\">Finder<\/span>\u00a0est\u00e1 dise\u00f1ada para iluminar de forma eficiente el interior de cuadros el\u00e9ctricos y maquinaria industrial. Ofrece un flujo luminoso de\u00a0600 l\u00famenes\u00a0con una luz blanca fr\u00eda de\u00a05000K\u00a0y un \u00e1ngulo de apertura de\u00a0120\u00b0, garantizando una visibilidad \u00f3ptima en espacios reducidos. Su versatilidad el\u00e9ctrica le permite operar en un rango de\u00a0110 a 240V AC\/DC, mientras que su sistema de montaje \u00ab2 en 1\u00bb permite una fijaci\u00f3n r\u00e1pida mediante su base\u00a0magn\u00e9tica\u00a0integrada o a trav\u00e9s de soportes met\u00e1licos atornillados. Este modelo espec\u00edfico cuenta con\u00a0encendido directo\u00a0(sin interruptor f\u00edsico), lo que lo hace ideal para controlarse mediante sensores de puerta o movimiento externos. Adem\u00e1s, incluye terminales de conexi\u00f3n r\u00e1pida tipo\u00a0Push-in\u00a0que facilitan el cableado individual o la conexi\u00f3n en cascada para m\u00faltiples unidades.<\/p>\n","protected":false},"excerpt":{"rendered":"<p>L\u00e1mpara LED industrial de\u00a0600 lm \/ 6W\u00a0para armarios el\u00e9ctricos, con alimentaci\u00f3n\u00a0110-240V AC\/DC,\u00a0encendido directo\u00a0y fijaci\u00f3n\u00a0magn\u00e9tica.<\/p>\n","protected":false},"featured_media":2794,"template":"","meta":[],"product_brand":[53],"product_cat":[82],"product_tag":[],"class_list":{"0":"post-1535","1":"product","2":"type-product","3":"status-publish","4":"has-post-thumbnail","6":"product_brand-finder","7":"product_cat-luminarias","9":"first","10":"instock","11":"taxable","12":"shipping-taxable","13":"product-type-simple"},"yoast_head":"<!-- This site is optimized with the Yoast SEO plugin v27.5 - https:\/\/yoast.com\/product\/yoast-seo-wordpress\/ -->\n<title>L\u00c1MPARA LED DE ENCENDIDO DIRECTO 600LM 6W 110-240V AC\/DC\u25027L.43.0.230.0100\u2502FINDER - Asyn Electric<\/title>\n<meta name=\"robots\" content=\"noindex, follow\" \/>\n<meta property=\"og:locale\" content=\"es_ES\" \/>\n<meta property=\"og:type\" content=\"article\" \/>\n<meta property=\"og:title\" content=\"L\u00c1MPARA LED DE ENCENDIDO DIRECTO 600LM 6W 110-240V AC\/DC\u25027L.43.0.230.0100\u2502FINDER - Asyn Electric\" \/>\n<meta property=\"og:description\" content=\"L\u00e1mpara LED industrial de\u00a0600 lm \/ 6W\u00a0para armarios el\u00e9ctricos, con alimentaci\u00f3n\u00a0110-240V AC\/DC,\u00a0encendido directo\u00a0y fijaci\u00f3n\u00a0magn\u00e9tica.\" \/>\n<meta property=\"og:url\" content=\"https:\/\/asynelectric.com\/index.php\/product\/lampara-led-de-encendido-directo-600lm-6w-110-240v-acdc-7l4302300100-finder\/\" \/>\n<meta property=\"og:site_name\" content=\"Asyn Electric\" \/>\n<meta property=\"article:publisher\" content=\"https:\/\/www.facebook.com\/ASYNELECTRIC\" \/>\n<meta property=\"article:modified_time\" content=\"2026-02-20T21:11:32+00:00\" \/>\n<meta property=\"og:image\" content=\"https:\/\/asynelectric.com\/wp-content\/uploads\/2026\/02\/74.png\" \/>\n\t<meta property=\"og:image:width\" content=\"2000\" \/>\n\t<meta property=\"og:image:height\" content=\"2000\" \/>\n\t<meta property=\"og:image:type\" content=\"image\/png\" \/>\n<meta name=\"twitter:card\" content=\"summary_large_image\" \/>\n<meta name=\"twitter:label1\" content=\"Tiempo de lectura\" \/>\n\t<meta name=\"twitter:data1\" content=\"1 minuto\" \/>\n<script type=\"application\/ld+json\" class=\"yoast-schema-graph\">{\"@context\":\"https:\\\/\\\/schema.org\",\"@graph\":[{\"@type\":\"WebPage\",\"@id\":\"https:\\\/\\\/asynelectric.com\\\/index.php\\\/product\\\/lampara-led-de-encendido-directo-600lm-6w-110-240v-acdc-7l4302300100-finder\\\/\",\"url\":\"https:\\\/\\\/asynelectric.com\\\/index.php\\\/product\\\/lampara-led-de-encendido-directo-600lm-6w-110-240v-acdc-7l4302300100-finder\\\/\",\"name\":\"L\u00c1MPARA LED DE ENCENDIDO DIRECTO 600LM 6W 110-240V AC\\\/DC\u25027L.43.0.230.0100\u2502FINDER - Asyn Electric\",\"isPartOf\":{\"@id\":\"https:\\\/\\\/asynelectric.com\\\/#website\"},\"primaryImageOfPage\":{\"@id\":\"https:\\\/\\\/asynelectric.com\\\/index.php\\\/product\\\/lampara-led-de-encendido-directo-600lm-6w-110-240v-acdc-7l4302300100-finder\\\/#primaryimage\"},\"image\":{\"@id\":\"https:\\\/\\\/asynelectric.com\\\/index.php\\\/product\\\/lampara-led-de-encendido-directo-600lm-6w-110-240v-acdc-7l4302300100-finder\\\/#primaryimage\"},\"thumbnailUrl\":\"https:\\\/\\\/asynelectric.com\\\/wp-content\\\/uploads\\\/2026\\\/02\\\/74.png\",\"datePublished\":\"2025-05-03T23:45:47+00:00\",\"dateModified\":\"2026-02-20T21:11:32+00:00\",\"breadcrumb\":{\"@id\":\"https:\\\/\\\/asynelectric.com\\\/index.php\\\/product\\\/lampara-led-de-encendido-directo-600lm-6w-110-240v-acdc-7l4302300100-finder\\\/#breadcrumb\"},\"inLanguage\":\"es\",\"potentialAction\":[{\"@type\":\"ReadAction\",\"target\":[\"https:\\\/\\\/asynelectric.com\\\/index.php\\\/product\\\/lampara-led-de-encendido-directo-600lm-6w-110-240v-acdc-7l4302300100-finder\\\/\"]}]},{\"@type\":\"ImageObject\",\"inLanguage\":\"es\",\"@id\":\"https:\\\/\\\/asynelectric.com\\\/index.php\\\/product\\\/lampara-led-de-encendido-directo-600lm-6w-110-240v-acdc-7l4302300100-finder\\\/#primaryimage\",\"url\":\"https:\\\/\\\/asynelectric.com\\\/wp-content\\\/uploads\\\/2026\\\/02\\\/74.png\",\"contentUrl\":\"https:\\\/\\\/asynelectric.com\\\/wp-content\\\/uploads\\\/2026\\\/02\\\/74.png\",\"width\":2000,\"height\":2000},{\"@type\":\"BreadcrumbList\",\"@id\":\"https:\\\/\\\/asynelectric.com\\\/index.php\\\/product\\\/lampara-led-de-encendido-directo-600lm-6w-110-240v-acdc-7l4302300100-finder\\\/#breadcrumb\",\"itemListElement\":[{\"@type\":\"ListItem\",\"position\":1,\"name\":\"Portada\",\"item\":\"https:\\\/\\\/asynelectric.com\\\/\"},{\"@type\":\"ListItem\",\"position\":2,\"name\":\"Productos\",\"item\":\"https:\\\/\\\/asynelectric.com\\\/index.php\\\/products\\\/\"},{\"@type\":\"ListItem\",\"position\":3,\"name\":\"L\u00c1MPARA LED DE ENCENDIDO DIRECTO 600LM 6W 110-240V AC\\\/DC\u25027L.43.0.230.0100\u2502FINDER\"}]},{\"@type\":\"WebSite\",\"@id\":\"https:\\\/\\\/asynelectric.com\\\/#website\",\"url\":\"https:\\\/\\\/asynelectric.com\\\/\",\"name\":\"Asyn Electric\",\"description\":\"Venta de productos electricos, automatizacion y domotica\",\"publisher\":{\"@id\":\"https:\\\/\\\/asynelectric.com\\\/#organization\"},\"potentialAction\":[{\"@type\":\"SearchAction\",\"target\":{\"@type\":\"EntryPoint\",\"urlTemplate\":\"https:\\\/\\\/asynelectric.com\\\/?s={search_term_string}\"},\"query-input\":{\"@type\":\"PropertyValueSpecification\",\"valueRequired\":true,\"valueName\":\"search_term_string\"}}],\"inLanguage\":\"es\"},{\"@type\":\"Organization\",\"@id\":\"https:\\\/\\\/asynelectric.com\\\/#organization\",\"name\":\"Asyn Electric\",\"url\":\"https:\\\/\\\/asynelectric.com\\\/\",\"logo\":{\"@type\":\"ImageObject\",\"inLanguage\":\"es\",\"@id\":\"https:\\\/\\\/asynelectric.com\\\/#\\\/schema\\\/logo\\\/image\\\/\",\"url\":\"https:\\\/\\\/asynelectric.com\\\/wp-content\\\/uploads\\\/2025\\\/05\\\/ABB-1.png\",\"contentUrl\":\"https:\\\/\\\/asynelectric.com\\\/wp-content\\\/uploads\\\/2025\\\/05\\\/ABB-1.png\",\"width\":2000,\"height\":2000,\"caption\":\"Asyn Electric\"},\"image\":{\"@id\":\"https:\\\/\\\/asynelectric.com\\\/#\\\/schema\\\/logo\\\/image\\\/\"},\"sameAs\":[\"https:\\\/\\\/www.facebook.com\\\/ASYNELECTRIC\",\"https:\\\/\\\/www.instagram.com\\\/asynelectric.pe\\\/\"]}]}<\/script>\n<!-- \/ Yoast SEO plugin. -->","yoast_head_json":{"title":"L\u00c1MPARA LED DE ENCENDIDO DIRECTO 600LM 6W 110-240V AC\/DC\u25027L.43.0.230.0100\u2502FINDER - Asyn Electric","robots":{"index":"noindex","follow":"follow"},"og_locale":"es_ES","og_type":"article","og_title":"L\u00c1MPARA LED DE ENCENDIDO DIRECTO 600LM 6W 110-240V AC\/DC\u25027L.43.0.230.0100\u2502FINDER - Asyn Electric","og_description":"L\u00e1mpara LED industrial de\u00a0600 lm \/ 6W\u00a0para armarios el\u00e9ctricos, con alimentaci\u00f3n\u00a0110-240V AC\/DC,\u00a0encendido directo\u00a0y fijaci\u00f3n\u00a0magn\u00e9tica.","og_url":"https:\/\/asynelectric.com\/index.php\/product\/lampara-led-de-encendido-directo-600lm-6w-110-240v-acdc-7l4302300100-finder\/","og_site_name":"Asyn Electric","article_publisher":"https:\/\/www.facebook.com\/ASYNELECTRIC","article_modified_time":"2026-02-20T21:11:32+00:00","og_image":[{"width":2000,"height":2000,"url":"https:\/\/asynelectric.com\/wp-content\/uploads\/2026\/02\/74.png","type":"image\/png"}],"twitter_card":"summary_large_image","twitter_misc":{"Tiempo de lectura":"1 minuto"},"schema":{"@context":"https:\/\/schema.org","@graph":[{"@type":"WebPage","@id":"https:\/\/asynelectric.com\/index.php\/product\/lampara-led-de-encendido-directo-600lm-6w-110-240v-acdc-7l4302300100-finder\/","url":"https:\/\/asynelectric.com\/index.php\/product\/lampara-led-de-encendido-directo-600lm-6w-110-240v-acdc-7l4302300100-finder\/","name":"L\u00c1MPARA LED DE ENCENDIDO DIRECTO 600LM 6W 110-240V AC\/DC\u25027L.43.0.230.0100\u2502FINDER - Asyn Electric","isPartOf":{"@id":"https:\/\/asynelectric.com\/#website"},"primaryImageOfPage":{"@id":"https:\/\/asynelectric.com\/index.php\/product\/lampara-led-de-encendido-directo-600lm-6w-110-240v-acdc-7l4302300100-finder\/#primaryimage"},"image":{"@id":"https:\/\/asynelectric.com\/index.php\/product\/lampara-led-de-encendido-directo-600lm-6w-110-240v-acdc-7l4302300100-finder\/#primaryimage"},"thumbnailUrl":"https:\/\/asynelectric.com\/wp-content\/uploads\/2026\/02\/74.png","datePublished":"2025-05-03T23:45:47+00:00","dateModified":"2026-02-20T21:11:32+00:00","breadcrumb":{"@id":"https:\/\/asynelectric.com\/index.php\/product\/lampara-led-de-encendido-directo-600lm-6w-110-240v-acdc-7l4302300100-finder\/#breadcrumb"},"inLanguage":"es","potentialAction":[{"@type":"ReadAction","target":["https:\/\/asynelectric.com\/index.php\/product\/lampara-led-de-encendido-directo-600lm-6w-110-240v-acdc-7l4302300100-finder\/"]}]},{"@type":"ImageObject","inLanguage":"es","@id":"https:\/\/asynelectric.com\/index.php\/product\/lampara-led-de-encendido-directo-600lm-6w-110-240v-acdc-7l4302300100-finder\/#primaryimage","url":"https:\/\/asynelectric.com\/wp-content\/uploads\/2026\/02\/74.png","contentUrl":"https:\/\/asynelectric.com\/wp-content\/uploads\/2026\/02\/74.png","width":2000,"height":2000},{"@type":"BreadcrumbList","@id":"https:\/\/asynelectric.com\/index.php\/product\/lampara-led-de-encendido-directo-600lm-6w-110-240v-acdc-7l4302300100-finder\/#breadcrumb","itemListElement":[{"@type":"ListItem","position":1,"name":"Portada","item":"https:\/\/asynelectric.com\/"},{"@type":"ListItem","position":2,"name":"Productos","item":"https:\/\/asynelectric.com\/index.php\/products\/"},{"@type":"ListItem","position":3,"name":"L\u00c1MPARA LED DE ENCENDIDO DIRECTO 600LM 6W 110-240V AC\/DC\u25027L.43.0.230.0100\u2502FINDER"}]},{"@type":"WebSite","@id":"https:\/\/asynelectric.com\/#website","url":"https:\/\/asynelectric.com\/","name":"Asyn Electric","description":"Venta de productos electricos, automatizacion y domotica","publisher":{"@id":"https:\/\/asynelectric.com\/#organization"},"potentialAction":[{"@type":"SearchAction","target":{"@type":"EntryPoint","urlTemplate":"https:\/\/asynelectric.com\/?s={search_term_string}"},"query-input":{"@type":"PropertyValueSpecification","valueRequired":true,"valueName":"search_term_string"}}],"inLanguage":"es"},{"@type":"Organization","@id":"https:\/\/asynelectric.com\/#organization","name":"Asyn Electric","url":"https:\/\/asynelectric.com\/","logo":{"@type":"ImageObject","inLanguage":"es","@id":"https:\/\/asynelectric.com\/#\/schema\/logo\/image\/","url":"https:\/\/asynelectric.com\/wp-content\/uploads\/2025\/05\/ABB-1.png","contentUrl":"https:\/\/asynelectric.com\/wp-content\/uploads\/2025\/05\/ABB-1.png","width":2000,"height":2000,"caption":"Asyn Electric"},"image":{"@id":"https:\/\/asynelectric.com\/#\/schema\/logo\/image\/"},"sameAs":["https:\/\/www.facebook.com\/ASYNELECTRIC","https:\/\/www.instagram.com\/asynelectric.pe\/"]}]}},"_links":{"self":[{"href":"https:\/\/asynelectric.com\/index.php\/wp-json\/wp\/v2\/product\/1535","targetHints":{"allow":["GET"]}}],"collection":[{"href":"https:\/\/asynelectric.com\/index.php\/wp-json\/wp\/v2\/product"}],"about":[{"href":"https:\/\/asynelectric.com\/index.php\/wp-json\/wp\/v2\/types\/product"}],"wp:featuredmedia":[{"embeddable":true,"href":"https:\/\/asynelectric.com\/index.php\/wp-json\/wp\/v2\/media\/2794"}],"wp:attachment":[{"href":"https:\/\/asynelectric.com\/index.php\/wp-json\/wp\/v2\/media?parent=1535"}],"wp:term":[{"taxonomy":"product_brand","embeddable":true,"href":"https:\/\/asynelectric.com\/index.php\/wp-json\/wp\/v2\/product_brand?post=1535"},{"taxonomy":"product_cat","embeddable":true,"href":"https:\/\/asynelectric.com\/index.php\/wp-json\/wp\/v2\/product_cat?post=1535"},{"taxonomy":"product_tag","embeddable":true,"href":"https:\/\/asynelectric.com\/index.php\/wp-json\/wp\/v2\/product_tag?post=1535"}],"curies":[{"name":"wp","href":"https:\/\/api.w.org\/{rel}","templated":true}]}}