{"id":1127,"date":"2025-04-12T12:09:33","date_gmt":"2025-04-12T17:09:33","guid":{"rendered":"https:\/\/asynelectric.com\/?post_type=product&#038;p=1127"},"modified":"2025-10-29T12:40:03","modified_gmt":"2025-10-29T17:40:03","slug":"camara-de-seguridad-inteligente-lightcam-ismart","status":"publish","type":"product","link":"https:\/\/asynelectric.com\/index.php\/product\/camara-de-seguridad-inteligente-lightcam-ismart\/","title":{"rendered":"C\u00c1MARA DE SEGURIDAD INTELIGENTE\u2502LIGHTCAM\u2502ISMART"},"content":{"rendered":"<p data-start=\"168\" data-end=\"417\"><strong data-start=\"168\" data-end=\"180\">LIGHTCAM<\/strong> es una c\u00e1mara de seguridad para exteriores que combina <strong data-start=\"236\" data-end=\"281\">iluminaci\u00f3n potente y vigilancia avanzada<\/strong> en un solo dispositivo. Su dise\u00f1o inteligente ofrece <strong data-start=\"335\" data-end=\"416\">protecci\u00f3n completa, grabaci\u00f3n de alta calidad y f\u00e1cil control desde el m\u00f3vil<\/strong>.<\/p>\n<p data-start=\"419\" data-end=\"660\">Equipada con <strong data-start=\"432\" data-end=\"467\">resoluci\u00f3n HD y visi\u00f3n nocturna<\/strong>, captura im\u00e1genes claras tanto de d\u00eda como de noche. Incorpora una <strong data-start=\"535\" data-end=\"568\">alarma con detecci\u00f3n corporal<\/strong>, que se activa autom\u00e1ticamente ante movimientos sospechosos, disuadiendo posibles intrusos.<\/p>\n<p data-start=\"662\" data-end=\"925\">Su <strong data-start=\"665\" data-end=\"686\">luz LED integrada<\/strong> act\u00faa como un <strong data-start=\"701\" data-end=\"719\">foco ajustable<\/strong>, ideal para iluminar zonas espec\u00edficas y reforzar la seguridad del entorno. Todo puede gestionarse f\u00e1cilmente mediante su <strong data-start=\"842\" data-end=\"869\">aplicaci\u00f3n m\u00f3vil Ismart<\/strong>, o de forma compatible con <strong data-start=\"897\" data-end=\"924\">Smart Life y Tuya Smart<\/strong>.<\/p>\n<p data-start=\"927\" data-end=\"1119\">LIGHTCAM cuenta con <strong data-start=\"947\" data-end=\"981\">almacenamiento de hasta 128 GB<\/strong>, <strong data-start=\"983\" data-end=\"1035\">bater\u00eda recargable de larga duraci\u00f3n (2\u20134 meses)<\/strong> y <strong data-start=\"1038\" data-end=\"1066\">conectividad inal\u00e1mbrica<\/strong>, lo que permite una instalaci\u00f3n r\u00e1pida y sin cables.<\/p>\n<p data-start=\"1121\" data-end=\"1260\">En conjunto, LIGHTCAM ofrece una soluci\u00f3n moderna, pr\u00e1ctica y confiable para <strong data-start=\"1198\" data-end=\"1259\">mantener tu hogar protegido y bien iluminado las 24 horas<\/strong>.<\/p>\n","protected":false},"excerpt":{"rendered":"<p>C\u00e1mara inteligente, con l\u00e1mpara incorporada, alarma y detecci\u00f3n corporal, Ismart.<\/p>\n","protected":false},"featured_media":847,"template":"","meta":[],"product_brand":[52],"product_cat":[101],"product_tag":[],"class_list":{"0":"post-1127","1":"product","2":"type-product","3":"status-publish","4":"has-post-thumbnail","6":"product_brand-ismart","7":"product_cat-camaras","9":"first","10":"instock","11":"taxable","12":"shipping-taxable","13":"product-type-simple"},"yoast_head":"<!-- This site is optimized with the Yoast SEO plugin v27.5 - https:\/\/yoast.com\/product\/yoast-seo-wordpress\/ -->\n<title>C\u00c1MARA DE SEGURIDAD INTELIGENTE\u2502LIGHTCAM\u2502ISMART - Asyn Electric<\/title>\n<meta name=\"robots\" content=\"noindex, follow\" \/>\n<meta property=\"og:locale\" content=\"es_ES\" \/>\n<meta property=\"og:type\" content=\"article\" \/>\n<meta property=\"og:title\" content=\"C\u00c1MARA DE SEGURIDAD INTELIGENTE\u2502LIGHTCAM\u2502ISMART - Asyn Electric\" \/>\n<meta property=\"og:description\" content=\"C\u00e1mara inteligente, con l\u00e1mpara incorporada, alarma y detecci\u00f3n corporal, Ismart.\" \/>\n<meta property=\"og:url\" content=\"https:\/\/asynelectric.com\/index.php\/product\/camara-de-seguridad-inteligente-lightcam-ismart\/\" \/>\n<meta property=\"og:site_name\" content=\"Asyn Electric\" \/>\n<meta property=\"article:publisher\" content=\"https:\/\/www.facebook.com\/ASYNELECTRIC\" \/>\n<meta property=\"article:modified_time\" content=\"2025-10-29T17:40:03+00:00\" \/>\n<meta property=\"og:image\" content=\"https:\/\/asynelectric.com\/wp-content\/uploads\/2025\/04\/CAMARA-DE-SEGURIDAD-INTELIGENTE-LIGHTCAM1.png\" \/>\n\t<meta property=\"og:image:width\" content=\"2000\" \/>\n\t<meta property=\"og:image:height\" content=\"2000\" \/>\n\t<meta property=\"og:image:type\" content=\"image\/png\" \/>\n<meta name=\"twitter:card\" content=\"summary_large_image\" \/>\n<meta name=\"twitter:label1\" content=\"Tiempo de lectura\" \/>\n\t<meta name=\"twitter:data1\" content=\"1 minuto\" \/>\n<script type=\"application\/ld+json\" class=\"yoast-schema-graph\">{\"@context\":\"https:\\\/\\\/schema.org\",\"@graph\":[{\"@type\":\"WebPage\",\"@id\":\"https:\\\/\\\/asynelectric.com\\\/index.php\\\/product\\\/camara-de-seguridad-inteligente-lightcam-ismart\\\/\",\"url\":\"https:\\\/\\\/asynelectric.com\\\/index.php\\\/product\\\/camara-de-seguridad-inteligente-lightcam-ismart\\\/\",\"name\":\"C\u00c1MARA DE SEGURIDAD INTELIGENTE\u2502LIGHTCAM\u2502ISMART - Asyn Electric\",\"isPartOf\":{\"@id\":\"https:\\\/\\\/asynelectric.com\\\/#website\"},\"primaryImageOfPage\":{\"@id\":\"https:\\\/\\\/asynelectric.com\\\/index.php\\\/product\\\/camara-de-seguridad-inteligente-lightcam-ismart\\\/#primaryimage\"},\"image\":{\"@id\":\"https:\\\/\\\/asynelectric.com\\\/index.php\\\/product\\\/camara-de-seguridad-inteligente-lightcam-ismart\\\/#primaryimage\"},\"thumbnailUrl\":\"https:\\\/\\\/asynelectric.com\\\/wp-content\\\/uploads\\\/2025\\\/04\\\/CAMARA-DE-SEGURIDAD-INTELIGENTE-LIGHTCAM1.png\",\"datePublished\":\"2025-04-12T17:09:33+00:00\",\"dateModified\":\"2025-10-29T17:40:03+00:00\",\"breadcrumb\":{\"@id\":\"https:\\\/\\\/asynelectric.com\\\/index.php\\\/product\\\/camara-de-seguridad-inteligente-lightcam-ismart\\\/#breadcrumb\"},\"inLanguage\":\"es\",\"potentialAction\":[{\"@type\":\"ReadAction\",\"target\":[\"https:\\\/\\\/asynelectric.com\\\/index.php\\\/product\\\/camara-de-seguridad-inteligente-lightcam-ismart\\\/\"]}]},{\"@type\":\"ImageObject\",\"inLanguage\":\"es\",\"@id\":\"https:\\\/\\\/asynelectric.com\\\/index.php\\\/product\\\/camara-de-seguridad-inteligente-lightcam-ismart\\\/#primaryimage\",\"url\":\"https:\\\/\\\/asynelectric.com\\\/wp-content\\\/uploads\\\/2025\\\/04\\\/CAMARA-DE-SEGURIDAD-INTELIGENTE-LIGHTCAM1.png\",\"contentUrl\":\"https:\\\/\\\/asynelectric.com\\\/wp-content\\\/uploads\\\/2025\\\/04\\\/CAMARA-DE-SEGURIDAD-INTELIGENTE-LIGHTCAM1.png\",\"width\":2000,\"height\":2000},{\"@type\":\"BreadcrumbList\",\"@id\":\"https:\\\/\\\/asynelectric.com\\\/index.php\\\/product\\\/camara-de-seguridad-inteligente-lightcam-ismart\\\/#breadcrumb\",\"itemListElement\":[{\"@type\":\"ListItem\",\"position\":1,\"name\":\"Portada\",\"item\":\"https:\\\/\\\/asynelectric.com\\\/\"},{\"@type\":\"ListItem\",\"position\":2,\"name\":\"Productos\",\"item\":\"https:\\\/\\\/asynelectric.com\\\/index.php\\\/products\\\/\"},{\"@type\":\"ListItem\",\"position\":3,\"name\":\"C\u00c1MARA DE SEGURIDAD INTELIGENTE\u2502LIGHTCAM\u2502ISMART\"}]},{\"@type\":\"WebSite\",\"@id\":\"https:\\\/\\\/asynelectric.com\\\/#website\",\"url\":\"https:\\\/\\\/asynelectric.com\\\/\",\"name\":\"Asyn Electric\",\"description\":\"Venta de productos electricos, automatizacion y domotica\",\"publisher\":{\"@id\":\"https:\\\/\\\/asynelectric.com\\\/#organization\"},\"potentialAction\":[{\"@type\":\"SearchAction\",\"target\":{\"@type\":\"EntryPoint\",\"urlTemplate\":\"https:\\\/\\\/asynelectric.com\\\/?s={search_term_string}\"},\"query-input\":{\"@type\":\"PropertyValueSpecification\",\"valueRequired\":true,\"valueName\":\"search_term_string\"}}],\"inLanguage\":\"es\"},{\"@type\":\"Organization\",\"@id\":\"https:\\\/\\\/asynelectric.com\\\/#organization\",\"name\":\"Asyn Electric\",\"url\":\"https:\\\/\\\/asynelectric.com\\\/\",\"logo\":{\"@type\":\"ImageObject\",\"inLanguage\":\"es\",\"@id\":\"https:\\\/\\\/asynelectric.com\\\/#\\\/schema\\\/logo\\\/image\\\/\",\"url\":\"https:\\\/\\\/asynelectric.com\\\/wp-content\\\/uploads\\\/2025\\\/05\\\/ABB-1.png\",\"contentUrl\":\"https:\\\/\\\/asynelectric.com\\\/wp-content\\\/uploads\\\/2025\\\/05\\\/ABB-1.png\",\"width\":2000,\"height\":2000,\"caption\":\"Asyn Electric\"},\"image\":{\"@id\":\"https:\\\/\\\/asynelectric.com\\\/#\\\/schema\\\/logo\\\/image\\\/\"},\"sameAs\":[\"https:\\\/\\\/www.facebook.com\\\/ASYNELECTRIC\",\"https:\\\/\\\/www.instagram.com\\\/asynelectric.pe\\\/\"]}]}<\/script>\n<!-- \/ Yoast SEO plugin. -->","yoast_head_json":{"title":"C\u00c1MARA DE SEGURIDAD INTELIGENTE\u2502LIGHTCAM\u2502ISMART - Asyn Electric","robots":{"index":"noindex","follow":"follow"},"og_locale":"es_ES","og_type":"article","og_title":"C\u00c1MARA DE SEGURIDAD INTELIGENTE\u2502LIGHTCAM\u2502ISMART - Asyn Electric","og_description":"C\u00e1mara inteligente, con l\u00e1mpara incorporada, alarma y detecci\u00f3n corporal, Ismart.","og_url":"https:\/\/asynelectric.com\/index.php\/product\/camara-de-seguridad-inteligente-lightcam-ismart\/","og_site_name":"Asyn Electric","article_publisher":"https:\/\/www.facebook.com\/ASYNELECTRIC","article_modified_time":"2025-10-29T17:40:03+00:00","og_image":[{"width":2000,"height":2000,"url":"https:\/\/asynelectric.com\/wp-content\/uploads\/2025\/04\/CAMARA-DE-SEGURIDAD-INTELIGENTE-LIGHTCAM1.png","type":"image\/png"}],"twitter_card":"summary_large_image","twitter_misc":{"Tiempo de lectura":"1 minuto"},"schema":{"@context":"https:\/\/schema.org","@graph":[{"@type":"WebPage","@id":"https:\/\/asynelectric.com\/index.php\/product\/camara-de-seguridad-inteligente-lightcam-ismart\/","url":"https:\/\/asynelectric.com\/index.php\/product\/camara-de-seguridad-inteligente-lightcam-ismart\/","name":"C\u00c1MARA DE SEGURIDAD INTELIGENTE\u2502LIGHTCAM\u2502ISMART - Asyn Electric","isPartOf":{"@id":"https:\/\/asynelectric.com\/#website"},"primaryImageOfPage":{"@id":"https:\/\/asynelectric.com\/index.php\/product\/camara-de-seguridad-inteligente-lightcam-ismart\/#primaryimage"},"image":{"@id":"https:\/\/asynelectric.com\/index.php\/product\/camara-de-seguridad-inteligente-lightcam-ismart\/#primaryimage"},"thumbnailUrl":"https:\/\/asynelectric.com\/wp-content\/uploads\/2025\/04\/CAMARA-DE-SEGURIDAD-INTELIGENTE-LIGHTCAM1.png","datePublished":"2025-04-12T17:09:33+00:00","dateModified":"2025-10-29T17:40:03+00:00","breadcrumb":{"@id":"https:\/\/asynelectric.com\/index.php\/product\/camara-de-seguridad-inteligente-lightcam-ismart\/#breadcrumb"},"inLanguage":"es","potentialAction":[{"@type":"ReadAction","target":["https:\/\/asynelectric.com\/index.php\/product\/camara-de-seguridad-inteligente-lightcam-ismart\/"]}]},{"@type":"ImageObject","inLanguage":"es","@id":"https:\/\/asynelectric.com\/index.php\/product\/camara-de-seguridad-inteligente-lightcam-ismart\/#primaryimage","url":"https:\/\/asynelectric.com\/wp-content\/uploads\/2025\/04\/CAMARA-DE-SEGURIDAD-INTELIGENTE-LIGHTCAM1.png","contentUrl":"https:\/\/asynelectric.com\/wp-content\/uploads\/2025\/04\/CAMARA-DE-SEGURIDAD-INTELIGENTE-LIGHTCAM1.png","width":2000,"height":2000},{"@type":"BreadcrumbList","@id":"https:\/\/asynelectric.com\/index.php\/product\/camara-de-seguridad-inteligente-lightcam-ismart\/#breadcrumb","itemListElement":[{"@type":"ListItem","position":1,"name":"Portada","item":"https:\/\/asynelectric.com\/"},{"@type":"ListItem","position":2,"name":"Productos","item":"https:\/\/asynelectric.com\/index.php\/products\/"},{"@type":"ListItem","position":3,"name":"C\u00c1MARA DE SEGURIDAD INTELIGENTE\u2502LIGHTCAM\u2502ISMART"}]},{"@type":"WebSite","@id":"https:\/\/asynelectric.com\/#website","url":"https:\/\/asynelectric.com\/","name":"Asyn Electric","description":"Venta de productos electricos, automatizacion y domotica","publisher":{"@id":"https:\/\/asynelectric.com\/#organization"},"potentialAction":[{"@type":"SearchAction","target":{"@type":"EntryPoint","urlTemplate":"https:\/\/asynelectric.com\/?s={search_term_string}"},"query-input":{"@type":"PropertyValueSpecification","valueRequired":true,"valueName":"search_term_string"}}],"inLanguage":"es"},{"@type":"Organization","@id":"https:\/\/asynelectric.com\/#organization","name":"Asyn Electric","url":"https:\/\/asynelectric.com\/","logo":{"@type":"ImageObject","inLanguage":"es","@id":"https:\/\/asynelectric.com\/#\/schema\/logo\/image\/","url":"https:\/\/asynelectric.com\/wp-content\/uploads\/2025\/05\/ABB-1.png","contentUrl":"https:\/\/asynelectric.com\/wp-content\/uploads\/2025\/05\/ABB-1.png","width":2000,"height":2000,"caption":"Asyn Electric"},"image":{"@id":"https:\/\/asynelectric.com\/#\/schema\/logo\/image\/"},"sameAs":["https:\/\/www.facebook.com\/ASYNELECTRIC","https:\/\/www.instagram.com\/asynelectric.pe\/"]}]}},"_links":{"self":[{"href":"https:\/\/asynelectric.com\/index.php\/wp-json\/wp\/v2\/product\/1127","targetHints":{"allow":["GET"]}}],"collection":[{"href":"https:\/\/asynelectric.com\/index.php\/wp-json\/wp\/v2\/product"}],"about":[{"href":"https:\/\/asynelectric.com\/index.php\/wp-json\/wp\/v2\/types\/product"}],"wp:featuredmedia":[{"embeddable":true,"href":"https:\/\/asynelectric.com\/index.php\/wp-json\/wp\/v2\/media\/847"}],"wp:attachment":[{"href":"https:\/\/asynelectric.com\/index.php\/wp-json\/wp\/v2\/media?parent=1127"}],"wp:term":[{"taxonomy":"product_brand","embeddable":true,"href":"https:\/\/asynelectric.com\/index.php\/wp-json\/wp\/v2\/product_brand?post=1127"},{"taxonomy":"product_cat","embeddable":true,"href":"https:\/\/asynelectric.com\/index.php\/wp-json\/wp\/v2\/product_cat?post=1127"},{"taxonomy":"product_tag","embeddable":true,"href":"https:\/\/asynelectric.com\/index.php\/wp-json\/wp\/v2\/product_tag?post=1127"}],"curies":[{"name":"wp","href":"https:\/\/api.w.org\/{rel}","templated":true}]}}