{"id":1115,"date":"2025-04-12T11:28:32","date_gmt":"2025-04-12T16:28:32","guid":{"rendered":"https:\/\/asynelectric.com\/?post_type=product&#038;p=1115"},"modified":"2025-10-29T14:51:57","modified_gmt":"2025-10-29T19:51:57","slug":"cerradura-inteligente-mediana-black-il31-ismart","status":"publish","type":"product","link":"https:\/\/asynelectric.com\/index.php\/product\/cerradura-inteligente-mediana-black-il31-ismart\/","title":{"rendered":"CERRADURA INTELIGENTE MEDIANA BLACK\u2502IL31\u2502ISMART"},"content":{"rendered":"<p data-start=\"107\" data-end=\"392\">La <strong data-start=\"110\" data-end=\"141\">cerradura inteligente IL 31<\/strong> ofrece una soluci\u00f3n moderna y segura para el control de acceso en hogares y negocios. Combina conectividad <strong data-start=\"249\" data-end=\"269\">Bluetooth y WiFi<\/strong>, permitiendo el control remoto desde una aplicaci\u00f3n m\u00f3vil para abrir, cerrar o monitorear la puerta desde cualquier lugar.<\/p>\n<p data-start=\"394\" data-end=\"556\">Cuenta con <strong data-start=\"405\" data-end=\"434\">cinco m\u00e9todos de apertura<\/strong>: huella digital, clave, tarjeta RF, aplicaci\u00f3n m\u00f3vil y llave mec\u00e1nica, brindando comodidad y seguridad en todo momento.<\/p>\n<p data-start=\"558\" data-end=\"714\">Su dise\u00f1o de bajo consumo permite una <strong data-start=\"596\" data-end=\"624\">autonom\u00eda de 7 a 8 meses<\/strong> con 4 pilas AA, e incluye una <strong data-start=\"655\" data-end=\"684\">entrada USB de emergencia<\/strong> para alimentaci\u00f3n temporal.<\/p>\n<p data-start=\"716\" data-end=\"990\">La cerradura incorpora <strong data-start=\"739\" data-end=\"769\">tres seguros de protecci\u00f3n<\/strong> y una <strong data-start=\"776\" data-end=\"803\">alarma antimanipulaci\u00f3n<\/strong>, garantizando m\u00e1xima seguridad. Adem\u00e1s, permite administrar hasta <strong data-start=\"870\" data-end=\"895\">200 huellas digitales<\/strong>, <strong data-start=\"897\" data-end=\"912\">150 c\u00f3digos<\/strong> y <strong data-start=\"915\" data-end=\"934\">200 tarjetas RF<\/strong>, con opciones de c\u00f3digos temporales o de un solo uso.<\/p>\n<p data-start=\"992\" data-end=\"1140\">Gracias a las <strong data-start=\"1006\" data-end=\"1039\">notificaciones en tiempo real<\/strong>, el usuario puede supervisar qui\u00e9n accede a su propiedad, ofreciendo control total y tranquilidad.<\/p>\n<p data-start=\"1142\" data-end=\"1286\">En conjunto, la cerradura inteligente IL 31 combina <strong data-start=\"1194\" data-end=\"1235\">seguridad, conectividad y practicidad<\/strong>, ideal para modernizar cualquier tipo de puerta.<\/p>\n","protected":false},"excerpt":{"rendered":"<p>Cerradura inteligente con 5 m\u00e9todos de apertura, bluetooth, Ismart.<\/p>\n","protected":false},"featured_media":856,"template":"","meta":[],"product_brand":[52],"product_cat":[102],"product_tag":[],"class_list":{"0":"post-1115","1":"product","2":"type-product","3":"status-publish","4":"has-post-thumbnail","6":"product_brand-ismart","7":"product_cat-cerraduras","9":"first","10":"instock","11":"taxable","12":"shipping-taxable","13":"product-type-simple"},"yoast_head":"<!-- This site is optimized with the Yoast SEO plugin v27.5 - https:\/\/yoast.com\/product\/yoast-seo-wordpress\/ -->\n<title>CERRADURA INTELIGENTE MEDIANA BLACK\u2502IL31\u2502ISMART - Asyn Electric<\/title>\n<meta name=\"robots\" content=\"noindex, follow\" \/>\n<meta property=\"og:locale\" content=\"es_ES\" \/>\n<meta property=\"og:type\" content=\"article\" \/>\n<meta property=\"og:title\" content=\"CERRADURA INTELIGENTE MEDIANA BLACK\u2502IL31\u2502ISMART - Asyn Electric\" \/>\n<meta property=\"og:description\" content=\"Cerradura inteligente con 5 m\u00e9todos de apertura, bluetooth, Ismart.\" \/>\n<meta property=\"og:url\" content=\"https:\/\/asynelectric.com\/index.php\/product\/cerradura-inteligente-mediana-black-il31-ismart\/\" \/>\n<meta property=\"og:site_name\" content=\"Asyn Electric\" \/>\n<meta property=\"article:publisher\" content=\"https:\/\/www.facebook.com\/ASYNELECTRIC\" \/>\n<meta property=\"article:modified_time\" content=\"2025-10-29T19:51:57+00:00\" \/>\n<meta property=\"og:image\" content=\"https:\/\/asynelectric.com\/wp-content\/uploads\/2025\/04\/Cerradura-bluetooth-mediana-IL31-\u2013-Negro1.png\" \/>\n\t<meta property=\"og:image:width\" content=\"2000\" \/>\n\t<meta property=\"og:image:height\" content=\"2000\" \/>\n\t<meta property=\"og:image:type\" content=\"image\/png\" \/>\n<meta name=\"twitter:card\" content=\"summary_large_image\" \/>\n<meta name=\"twitter:label1\" content=\"Tiempo de lectura\" \/>\n\t<meta name=\"twitter:data1\" content=\"1 minuto\" \/>\n<script type=\"application\/ld+json\" class=\"yoast-schema-graph\">{\"@context\":\"https:\\\/\\\/schema.org\",\"@graph\":[{\"@type\":\"WebPage\",\"@id\":\"https:\\\/\\\/asynelectric.com\\\/index.php\\\/product\\\/cerradura-inteligente-mediana-black-il31-ismart\\\/\",\"url\":\"https:\\\/\\\/asynelectric.com\\\/index.php\\\/product\\\/cerradura-inteligente-mediana-black-il31-ismart\\\/\",\"name\":\"CERRADURA INTELIGENTE MEDIANA BLACK\u2502IL31\u2502ISMART - Asyn Electric\",\"isPartOf\":{\"@id\":\"https:\\\/\\\/asynelectric.com\\\/#website\"},\"primaryImageOfPage\":{\"@id\":\"https:\\\/\\\/asynelectric.com\\\/index.php\\\/product\\\/cerradura-inteligente-mediana-black-il31-ismart\\\/#primaryimage\"},\"image\":{\"@id\":\"https:\\\/\\\/asynelectric.com\\\/index.php\\\/product\\\/cerradura-inteligente-mediana-black-il31-ismart\\\/#primaryimage\"},\"thumbnailUrl\":\"https:\\\/\\\/asynelectric.com\\\/wp-content\\\/uploads\\\/2025\\\/04\\\/Cerradura-bluetooth-mediana-IL31-\u2013-Negro1.png\",\"datePublished\":\"2025-04-12T16:28:32+00:00\",\"dateModified\":\"2025-10-29T19:51:57+00:00\",\"breadcrumb\":{\"@id\":\"https:\\\/\\\/asynelectric.com\\\/index.php\\\/product\\\/cerradura-inteligente-mediana-black-il31-ismart\\\/#breadcrumb\"},\"inLanguage\":\"es\",\"potentialAction\":[{\"@type\":\"ReadAction\",\"target\":[\"https:\\\/\\\/asynelectric.com\\\/index.php\\\/product\\\/cerradura-inteligente-mediana-black-il31-ismart\\\/\"]}]},{\"@type\":\"ImageObject\",\"inLanguage\":\"es\",\"@id\":\"https:\\\/\\\/asynelectric.com\\\/index.php\\\/product\\\/cerradura-inteligente-mediana-black-il31-ismart\\\/#primaryimage\",\"url\":\"https:\\\/\\\/asynelectric.com\\\/wp-content\\\/uploads\\\/2025\\\/04\\\/Cerradura-bluetooth-mediana-IL31-\u2013-Negro1.png\",\"contentUrl\":\"https:\\\/\\\/asynelectric.com\\\/wp-content\\\/uploads\\\/2025\\\/04\\\/Cerradura-bluetooth-mediana-IL31-\u2013-Negro1.png\",\"width\":2000,\"height\":2000},{\"@type\":\"BreadcrumbList\",\"@id\":\"https:\\\/\\\/asynelectric.com\\\/index.php\\\/product\\\/cerradura-inteligente-mediana-black-il31-ismart\\\/#breadcrumb\",\"itemListElement\":[{\"@type\":\"ListItem\",\"position\":1,\"name\":\"Portada\",\"item\":\"https:\\\/\\\/asynelectric.com\\\/\"},{\"@type\":\"ListItem\",\"position\":2,\"name\":\"Productos\",\"item\":\"https:\\\/\\\/asynelectric.com\\\/index.php\\\/products\\\/\"},{\"@type\":\"ListItem\",\"position\":3,\"name\":\"CERRADURA INTELIGENTE MEDIANA BLACK\u2502IL31\u2502ISMART\"}]},{\"@type\":\"WebSite\",\"@id\":\"https:\\\/\\\/asynelectric.com\\\/#website\",\"url\":\"https:\\\/\\\/asynelectric.com\\\/\",\"name\":\"Asyn Electric\",\"description\":\"Venta de productos electricos, automatizacion y domotica\",\"publisher\":{\"@id\":\"https:\\\/\\\/asynelectric.com\\\/#organization\"},\"potentialAction\":[{\"@type\":\"SearchAction\",\"target\":{\"@type\":\"EntryPoint\",\"urlTemplate\":\"https:\\\/\\\/asynelectric.com\\\/?s={search_term_string}\"},\"query-input\":{\"@type\":\"PropertyValueSpecification\",\"valueRequired\":true,\"valueName\":\"search_term_string\"}}],\"inLanguage\":\"es\"},{\"@type\":\"Organization\",\"@id\":\"https:\\\/\\\/asynelectric.com\\\/#organization\",\"name\":\"Asyn Electric\",\"url\":\"https:\\\/\\\/asynelectric.com\\\/\",\"logo\":{\"@type\":\"ImageObject\",\"inLanguage\":\"es\",\"@id\":\"https:\\\/\\\/asynelectric.com\\\/#\\\/schema\\\/logo\\\/image\\\/\",\"url\":\"https:\\\/\\\/asynelectric.com\\\/wp-content\\\/uploads\\\/2025\\\/05\\\/ABB-1.png\",\"contentUrl\":\"https:\\\/\\\/asynelectric.com\\\/wp-content\\\/uploads\\\/2025\\\/05\\\/ABB-1.png\",\"width\":2000,\"height\":2000,\"caption\":\"Asyn Electric\"},\"image\":{\"@id\":\"https:\\\/\\\/asynelectric.com\\\/#\\\/schema\\\/logo\\\/image\\\/\"},\"sameAs\":[\"https:\\\/\\\/www.facebook.com\\\/ASYNELECTRIC\",\"https:\\\/\\\/www.instagram.com\\\/asynelectric.pe\\\/\"]}]}<\/script>\n<!-- \/ Yoast SEO plugin. -->","yoast_head_json":{"title":"CERRADURA INTELIGENTE MEDIANA BLACK\u2502IL31\u2502ISMART - Asyn Electric","robots":{"index":"noindex","follow":"follow"},"og_locale":"es_ES","og_type":"article","og_title":"CERRADURA INTELIGENTE MEDIANA BLACK\u2502IL31\u2502ISMART - Asyn Electric","og_description":"Cerradura inteligente con 5 m\u00e9todos de apertura, bluetooth, Ismart.","og_url":"https:\/\/asynelectric.com\/index.php\/product\/cerradura-inteligente-mediana-black-il31-ismart\/","og_site_name":"Asyn Electric","article_publisher":"https:\/\/www.facebook.com\/ASYNELECTRIC","article_modified_time":"2025-10-29T19:51:57+00:00","og_image":[{"width":2000,"height":2000,"url":"https:\/\/asynelectric.com\/wp-content\/uploads\/2025\/04\/Cerradura-bluetooth-mediana-IL31-\u2013-Negro1.png","type":"image\/png"}],"twitter_card":"summary_large_image","twitter_misc":{"Tiempo de lectura":"1 minuto"},"schema":{"@context":"https:\/\/schema.org","@graph":[{"@type":"WebPage","@id":"https:\/\/asynelectric.com\/index.php\/product\/cerradura-inteligente-mediana-black-il31-ismart\/","url":"https:\/\/asynelectric.com\/index.php\/product\/cerradura-inteligente-mediana-black-il31-ismart\/","name":"CERRADURA INTELIGENTE MEDIANA BLACK\u2502IL31\u2502ISMART - Asyn Electric","isPartOf":{"@id":"https:\/\/asynelectric.com\/#website"},"primaryImageOfPage":{"@id":"https:\/\/asynelectric.com\/index.php\/product\/cerradura-inteligente-mediana-black-il31-ismart\/#primaryimage"},"image":{"@id":"https:\/\/asynelectric.com\/index.php\/product\/cerradura-inteligente-mediana-black-il31-ismart\/#primaryimage"},"thumbnailUrl":"https:\/\/asynelectric.com\/wp-content\/uploads\/2025\/04\/Cerradura-bluetooth-mediana-IL31-\u2013-Negro1.png","datePublished":"2025-04-12T16:28:32+00:00","dateModified":"2025-10-29T19:51:57+00:00","breadcrumb":{"@id":"https:\/\/asynelectric.com\/index.php\/product\/cerradura-inteligente-mediana-black-il31-ismart\/#breadcrumb"},"inLanguage":"es","potentialAction":[{"@type":"ReadAction","target":["https:\/\/asynelectric.com\/index.php\/product\/cerradura-inteligente-mediana-black-il31-ismart\/"]}]},{"@type":"ImageObject","inLanguage":"es","@id":"https:\/\/asynelectric.com\/index.php\/product\/cerradura-inteligente-mediana-black-il31-ismart\/#primaryimage","url":"https:\/\/asynelectric.com\/wp-content\/uploads\/2025\/04\/Cerradura-bluetooth-mediana-IL31-\u2013-Negro1.png","contentUrl":"https:\/\/asynelectric.com\/wp-content\/uploads\/2025\/04\/Cerradura-bluetooth-mediana-IL31-\u2013-Negro1.png","width":2000,"height":2000},{"@type":"BreadcrumbList","@id":"https:\/\/asynelectric.com\/index.php\/product\/cerradura-inteligente-mediana-black-il31-ismart\/#breadcrumb","itemListElement":[{"@type":"ListItem","position":1,"name":"Portada","item":"https:\/\/asynelectric.com\/"},{"@type":"ListItem","position":2,"name":"Productos","item":"https:\/\/asynelectric.com\/index.php\/products\/"},{"@type":"ListItem","position":3,"name":"CERRADURA INTELIGENTE MEDIANA BLACK\u2502IL31\u2502ISMART"}]},{"@type":"WebSite","@id":"https:\/\/asynelectric.com\/#website","url":"https:\/\/asynelectric.com\/","name":"Asyn Electric","description":"Venta de productos electricos, automatizacion y domotica","publisher":{"@id":"https:\/\/asynelectric.com\/#organization"},"potentialAction":[{"@type":"SearchAction","target":{"@type":"EntryPoint","urlTemplate":"https:\/\/asynelectric.com\/?s={search_term_string}"},"query-input":{"@type":"PropertyValueSpecification","valueRequired":true,"valueName":"search_term_string"}}],"inLanguage":"es"},{"@type":"Organization","@id":"https:\/\/asynelectric.com\/#organization","name":"Asyn Electric","url":"https:\/\/asynelectric.com\/","logo":{"@type":"ImageObject","inLanguage":"es","@id":"https:\/\/asynelectric.com\/#\/schema\/logo\/image\/","url":"https:\/\/asynelectric.com\/wp-content\/uploads\/2025\/05\/ABB-1.png","contentUrl":"https:\/\/asynelectric.com\/wp-content\/uploads\/2025\/05\/ABB-1.png","width":2000,"height":2000,"caption":"Asyn Electric"},"image":{"@id":"https:\/\/asynelectric.com\/#\/schema\/logo\/image\/"},"sameAs":["https:\/\/www.facebook.com\/ASYNELECTRIC","https:\/\/www.instagram.com\/asynelectric.pe\/"]}]}},"_links":{"self":[{"href":"https:\/\/asynelectric.com\/index.php\/wp-json\/wp\/v2\/product\/1115","targetHints":{"allow":["GET"]}}],"collection":[{"href":"https:\/\/asynelectric.com\/index.php\/wp-json\/wp\/v2\/product"}],"about":[{"href":"https:\/\/asynelectric.com\/index.php\/wp-json\/wp\/v2\/types\/product"}],"wp:featuredmedia":[{"embeddable":true,"href":"https:\/\/asynelectric.com\/index.php\/wp-json\/wp\/v2\/media\/856"}],"wp:attachment":[{"href":"https:\/\/asynelectric.com\/index.php\/wp-json\/wp\/v2\/media?parent=1115"}],"wp:term":[{"taxonomy":"product_brand","embeddable":true,"href":"https:\/\/asynelectric.com\/index.php\/wp-json\/wp\/v2\/product_brand?post=1115"},{"taxonomy":"product_cat","embeddable":true,"href":"https:\/\/asynelectric.com\/index.php\/wp-json\/wp\/v2\/product_cat?post=1115"},{"taxonomy":"product_tag","embeddable":true,"href":"https:\/\/asynelectric.com\/index.php\/wp-json\/wp\/v2\/product_tag?post=1115"}],"curies":[{"name":"wp","href":"https:\/\/api.w.org\/{rel}","templated":true}]}}