{"id":1086,"date":"2025-04-12T10:22:03","date_gmt":"2025-04-12T15:22:03","guid":{"rendered":"https:\/\/asynelectric.com\/?post_type=product&#038;p=1086"},"modified":"2025-10-30T10:27:13","modified_gmt":"2025-10-30T15:27:13","slug":"luz-inteligente-redonda-de-pared-sh-wlr-ismart","status":"publish","type":"product","link":"https:\/\/asynelectric.com\/index.php\/product\/luz-inteligente-redonda-de-pared-sh-wlr-ismart\/","title":{"rendered":"LUZ INTELIGENTE REDONDA DE PARED\u2502SH-WLR\u2502ISMART"},"content":{"rendered":"<p>La luz redonda inteligente ofrece iluminaci\u00f3n fr\u00eda y c\u00e1lida con funciones ajustables como brillo, temperatura de color, temporizador y programaci\u00f3n horaria. Puede controlarse mediante las apps iSmart, Smart Life o Tuya Smart, y tambi\u00e9n por comandos de voz a trav\u00e9s de Alexa o Google Assistant (requiere <em data-start=\"366\" data-end=\"375\">gateway<\/em>). Es ideal para integrar con otros dispositivos del hogar y crear ambientes automatizados. Adem\u00e1s, para zonas con poca cobertura Wi-Fi, las luces cuadradas de pared funcionan v\u00eda Bluetooth como una alternativa pr\u00e1ctica y eficiente.<\/p>\n","protected":false},"excerpt":{"rendered":"<p>Luz de pared, luz fr\u00eda y c\u00e1lida, programable, control a distancia, encendido y apagado remoto, Ismart.<\/p>\n","protected":false},"featured_media":904,"template":"","meta":[],"product_brand":[52],"product_cat":[106],"product_tag":[],"class_list":{"0":"post-1086","1":"product","2":"type-product","3":"status-publish","4":"has-post-thumbnail","6":"product_brand-ismart","7":"product_cat-luminarias-domotica","9":"first","10":"instock","11":"taxable","12":"shipping-taxable","13":"product-type-simple"},"yoast_head":"<!-- This site is optimized with the Yoast SEO plugin v27.5 - https:\/\/yoast.com\/product\/yoast-seo-wordpress\/ -->\n<title>LUZ INTELIGENTE REDONDA DE PARED\u2502SH-WLR\u2502ISMART - Asyn Electric<\/title>\n<meta name=\"robots\" content=\"noindex, follow\" \/>\n<meta property=\"og:locale\" content=\"es_ES\" \/>\n<meta property=\"og:type\" content=\"article\" \/>\n<meta property=\"og:title\" content=\"LUZ INTELIGENTE REDONDA DE PARED\u2502SH-WLR\u2502ISMART - Asyn Electric\" \/>\n<meta property=\"og:description\" content=\"Luz de pared, luz fr\u00eda y c\u00e1lida, programable, control a distancia, encendido y apagado remoto, Ismart.\" \/>\n<meta property=\"og:url\" content=\"https:\/\/asynelectric.com\/index.php\/product\/luz-inteligente-redonda-de-pared-sh-wlr-ismart\/\" \/>\n<meta property=\"og:site_name\" content=\"Asyn Electric\" \/>\n<meta property=\"article:publisher\" content=\"https:\/\/www.facebook.com\/ASYNELECTRIC\" \/>\n<meta property=\"article:modified_time\" content=\"2025-10-30T15:27:13+00:00\" \/>\n<meta property=\"og:image\" content=\"https:\/\/asynelectric.com\/wp-content\/uploads\/2025\/04\/Luz-inteligente-redonda-de-pared1.png\" \/>\n\t<meta property=\"og:image:width\" content=\"2000\" \/>\n\t<meta property=\"og:image:height\" content=\"2000\" \/>\n\t<meta property=\"og:image:type\" content=\"image\/png\" \/>\n<meta name=\"twitter:card\" content=\"summary_large_image\" \/>\n<meta name=\"twitter:label1\" content=\"Tiempo de lectura\" \/>\n\t<meta name=\"twitter:data1\" content=\"1 minuto\" \/>\n<script type=\"application\/ld+json\" class=\"yoast-schema-graph\">{\"@context\":\"https:\\\/\\\/schema.org\",\"@graph\":[{\"@type\":\"WebPage\",\"@id\":\"https:\\\/\\\/asynelectric.com\\\/index.php\\\/product\\\/luz-inteligente-redonda-de-pared-sh-wlr-ismart\\\/\",\"url\":\"https:\\\/\\\/asynelectric.com\\\/index.php\\\/product\\\/luz-inteligente-redonda-de-pared-sh-wlr-ismart\\\/\",\"name\":\"LUZ INTELIGENTE REDONDA DE PARED\u2502SH-WLR\u2502ISMART - Asyn Electric\",\"isPartOf\":{\"@id\":\"https:\\\/\\\/asynelectric.com\\\/#website\"},\"primaryImageOfPage\":{\"@id\":\"https:\\\/\\\/asynelectric.com\\\/index.php\\\/product\\\/luz-inteligente-redonda-de-pared-sh-wlr-ismart\\\/#primaryimage\"},\"image\":{\"@id\":\"https:\\\/\\\/asynelectric.com\\\/index.php\\\/product\\\/luz-inteligente-redonda-de-pared-sh-wlr-ismart\\\/#primaryimage\"},\"thumbnailUrl\":\"https:\\\/\\\/asynelectric.com\\\/wp-content\\\/uploads\\\/2025\\\/04\\\/Luz-inteligente-redonda-de-pared1.png\",\"datePublished\":\"2025-04-12T15:22:03+00:00\",\"dateModified\":\"2025-10-30T15:27:13+00:00\",\"breadcrumb\":{\"@id\":\"https:\\\/\\\/asynelectric.com\\\/index.php\\\/product\\\/luz-inteligente-redonda-de-pared-sh-wlr-ismart\\\/#breadcrumb\"},\"inLanguage\":\"es\",\"potentialAction\":[{\"@type\":\"ReadAction\",\"target\":[\"https:\\\/\\\/asynelectric.com\\\/index.php\\\/product\\\/luz-inteligente-redonda-de-pared-sh-wlr-ismart\\\/\"]}]},{\"@type\":\"ImageObject\",\"inLanguage\":\"es\",\"@id\":\"https:\\\/\\\/asynelectric.com\\\/index.php\\\/product\\\/luz-inteligente-redonda-de-pared-sh-wlr-ismart\\\/#primaryimage\",\"url\":\"https:\\\/\\\/asynelectric.com\\\/wp-content\\\/uploads\\\/2025\\\/04\\\/Luz-inteligente-redonda-de-pared1.png\",\"contentUrl\":\"https:\\\/\\\/asynelectric.com\\\/wp-content\\\/uploads\\\/2025\\\/04\\\/Luz-inteligente-redonda-de-pared1.png\",\"width\":2000,\"height\":2000},{\"@type\":\"BreadcrumbList\",\"@id\":\"https:\\\/\\\/asynelectric.com\\\/index.php\\\/product\\\/luz-inteligente-redonda-de-pared-sh-wlr-ismart\\\/#breadcrumb\",\"itemListElement\":[{\"@type\":\"ListItem\",\"position\":1,\"name\":\"Portada\",\"item\":\"https:\\\/\\\/asynelectric.com\\\/\"},{\"@type\":\"ListItem\",\"position\":2,\"name\":\"Productos\",\"item\":\"https:\\\/\\\/asynelectric.com\\\/index.php\\\/products\\\/\"},{\"@type\":\"ListItem\",\"position\":3,\"name\":\"LUZ INTELIGENTE REDONDA DE PARED\u2502SH-WLR\u2502ISMART\"}]},{\"@type\":\"WebSite\",\"@id\":\"https:\\\/\\\/asynelectric.com\\\/#website\",\"url\":\"https:\\\/\\\/asynelectric.com\\\/\",\"name\":\"Asyn Electric\",\"description\":\"Venta de productos electricos, automatizacion y domotica\",\"publisher\":{\"@id\":\"https:\\\/\\\/asynelectric.com\\\/#organization\"},\"potentialAction\":[{\"@type\":\"SearchAction\",\"target\":{\"@type\":\"EntryPoint\",\"urlTemplate\":\"https:\\\/\\\/asynelectric.com\\\/?s={search_term_string}\"},\"query-input\":{\"@type\":\"PropertyValueSpecification\",\"valueRequired\":true,\"valueName\":\"search_term_string\"}}],\"inLanguage\":\"es\"},{\"@type\":\"Organization\",\"@id\":\"https:\\\/\\\/asynelectric.com\\\/#organization\",\"name\":\"Asyn Electric\",\"url\":\"https:\\\/\\\/asynelectric.com\\\/\",\"logo\":{\"@type\":\"ImageObject\",\"inLanguage\":\"es\",\"@id\":\"https:\\\/\\\/asynelectric.com\\\/#\\\/schema\\\/logo\\\/image\\\/\",\"url\":\"https:\\\/\\\/asynelectric.com\\\/wp-content\\\/uploads\\\/2025\\\/05\\\/ABB-1.png\",\"contentUrl\":\"https:\\\/\\\/asynelectric.com\\\/wp-content\\\/uploads\\\/2025\\\/05\\\/ABB-1.png\",\"width\":2000,\"height\":2000,\"caption\":\"Asyn Electric\"},\"image\":{\"@id\":\"https:\\\/\\\/asynelectric.com\\\/#\\\/schema\\\/logo\\\/image\\\/\"},\"sameAs\":[\"https:\\\/\\\/www.facebook.com\\\/ASYNELECTRIC\",\"https:\\\/\\\/www.instagram.com\\\/asynelectric.pe\\\/\"]}]}<\/script>\n<!-- \/ Yoast SEO plugin. -->","yoast_head_json":{"title":"LUZ INTELIGENTE REDONDA DE PARED\u2502SH-WLR\u2502ISMART - Asyn Electric","robots":{"index":"noindex","follow":"follow"},"og_locale":"es_ES","og_type":"article","og_title":"LUZ INTELIGENTE REDONDA DE PARED\u2502SH-WLR\u2502ISMART - Asyn Electric","og_description":"Luz de pared, luz fr\u00eda y c\u00e1lida, programable, control a distancia, encendido y apagado remoto, Ismart.","og_url":"https:\/\/asynelectric.com\/index.php\/product\/luz-inteligente-redonda-de-pared-sh-wlr-ismart\/","og_site_name":"Asyn Electric","article_publisher":"https:\/\/www.facebook.com\/ASYNELECTRIC","article_modified_time":"2025-10-30T15:27:13+00:00","og_image":[{"width":2000,"height":2000,"url":"https:\/\/asynelectric.com\/wp-content\/uploads\/2025\/04\/Luz-inteligente-redonda-de-pared1.png","type":"image\/png"}],"twitter_card":"summary_large_image","twitter_misc":{"Tiempo de lectura":"1 minuto"},"schema":{"@context":"https:\/\/schema.org","@graph":[{"@type":"WebPage","@id":"https:\/\/asynelectric.com\/index.php\/product\/luz-inteligente-redonda-de-pared-sh-wlr-ismart\/","url":"https:\/\/asynelectric.com\/index.php\/product\/luz-inteligente-redonda-de-pared-sh-wlr-ismart\/","name":"LUZ INTELIGENTE REDONDA DE PARED\u2502SH-WLR\u2502ISMART - Asyn Electric","isPartOf":{"@id":"https:\/\/asynelectric.com\/#website"},"primaryImageOfPage":{"@id":"https:\/\/asynelectric.com\/index.php\/product\/luz-inteligente-redonda-de-pared-sh-wlr-ismart\/#primaryimage"},"image":{"@id":"https:\/\/asynelectric.com\/index.php\/product\/luz-inteligente-redonda-de-pared-sh-wlr-ismart\/#primaryimage"},"thumbnailUrl":"https:\/\/asynelectric.com\/wp-content\/uploads\/2025\/04\/Luz-inteligente-redonda-de-pared1.png","datePublished":"2025-04-12T15:22:03+00:00","dateModified":"2025-10-30T15:27:13+00:00","breadcrumb":{"@id":"https:\/\/asynelectric.com\/index.php\/product\/luz-inteligente-redonda-de-pared-sh-wlr-ismart\/#breadcrumb"},"inLanguage":"es","potentialAction":[{"@type":"ReadAction","target":["https:\/\/asynelectric.com\/index.php\/product\/luz-inteligente-redonda-de-pared-sh-wlr-ismart\/"]}]},{"@type":"ImageObject","inLanguage":"es","@id":"https:\/\/asynelectric.com\/index.php\/product\/luz-inteligente-redonda-de-pared-sh-wlr-ismart\/#primaryimage","url":"https:\/\/asynelectric.com\/wp-content\/uploads\/2025\/04\/Luz-inteligente-redonda-de-pared1.png","contentUrl":"https:\/\/asynelectric.com\/wp-content\/uploads\/2025\/04\/Luz-inteligente-redonda-de-pared1.png","width":2000,"height":2000},{"@type":"BreadcrumbList","@id":"https:\/\/asynelectric.com\/index.php\/product\/luz-inteligente-redonda-de-pared-sh-wlr-ismart\/#breadcrumb","itemListElement":[{"@type":"ListItem","position":1,"name":"Portada","item":"https:\/\/asynelectric.com\/"},{"@type":"ListItem","position":2,"name":"Productos","item":"https:\/\/asynelectric.com\/index.php\/products\/"},{"@type":"ListItem","position":3,"name":"LUZ INTELIGENTE REDONDA DE PARED\u2502SH-WLR\u2502ISMART"}]},{"@type":"WebSite","@id":"https:\/\/asynelectric.com\/#website","url":"https:\/\/asynelectric.com\/","name":"Asyn Electric","description":"Venta de productos electricos, automatizacion y domotica","publisher":{"@id":"https:\/\/asynelectric.com\/#organization"},"potentialAction":[{"@type":"SearchAction","target":{"@type":"EntryPoint","urlTemplate":"https:\/\/asynelectric.com\/?s={search_term_string}"},"query-input":{"@type":"PropertyValueSpecification","valueRequired":true,"valueName":"search_term_string"}}],"inLanguage":"es"},{"@type":"Organization","@id":"https:\/\/asynelectric.com\/#organization","name":"Asyn Electric","url":"https:\/\/asynelectric.com\/","logo":{"@type":"ImageObject","inLanguage":"es","@id":"https:\/\/asynelectric.com\/#\/schema\/logo\/image\/","url":"https:\/\/asynelectric.com\/wp-content\/uploads\/2025\/05\/ABB-1.png","contentUrl":"https:\/\/asynelectric.com\/wp-content\/uploads\/2025\/05\/ABB-1.png","width":2000,"height":2000,"caption":"Asyn Electric"},"image":{"@id":"https:\/\/asynelectric.com\/#\/schema\/logo\/image\/"},"sameAs":["https:\/\/www.facebook.com\/ASYNELECTRIC","https:\/\/www.instagram.com\/asynelectric.pe\/"]}]}},"_links":{"self":[{"href":"https:\/\/asynelectric.com\/index.php\/wp-json\/wp\/v2\/product\/1086","targetHints":{"allow":["GET"]}}],"collection":[{"href":"https:\/\/asynelectric.com\/index.php\/wp-json\/wp\/v2\/product"}],"about":[{"href":"https:\/\/asynelectric.com\/index.php\/wp-json\/wp\/v2\/types\/product"}],"wp:featuredmedia":[{"embeddable":true,"href":"https:\/\/asynelectric.com\/index.php\/wp-json\/wp\/v2\/media\/904"}],"wp:attachment":[{"href":"https:\/\/asynelectric.com\/index.php\/wp-json\/wp\/v2\/media?parent=1086"}],"wp:term":[{"taxonomy":"product_brand","embeddable":true,"href":"https:\/\/asynelectric.com\/index.php\/wp-json\/wp\/v2\/product_brand?post=1086"},{"taxonomy":"product_cat","embeddable":true,"href":"https:\/\/asynelectric.com\/index.php\/wp-json\/wp\/v2\/product_cat?post=1086"},{"taxonomy":"product_tag","embeddable":true,"href":"https:\/\/asynelectric.com\/index.php\/wp-json\/wp\/v2\/product_tag?post=1086"}],"curies":[{"name":"wp","href":"https:\/\/api.w.org\/{rel}","templated":true}]}}