{"id":1082,"date":"2025-04-12T10:02:26","date_gmt":"2025-04-12T15:02:26","guid":{"rendered":"https:\/\/asynelectric.com\/?post_type=product&#038;p=1082"},"modified":"2025-04-12T10:10:46","modified_gmt":"2025-04-12T15:10:46","slug":"echo-dot-5a-generacion-altavoz-inteligente-alexa","status":"publish","type":"product","link":"https:\/\/asynelectric.com\/index.php\/product\/echo-dot-5a-generacion-altavoz-inteligente-alexa\/","title":{"rendered":"Echo Dot (5\u00aa generaci\u00f3n) | Altavoz Inteligente Alexa"},"content":{"rendered":"<p class=\"\" data-start=\"187\" data-end=\"448\">El Echo Dot (5\u00aa generaci\u00f3n) es el altavoz inteligente perfecto para llevar m\u00fasica, control de dispositivos y asistentes virtuales a cada rinc\u00f3n de tu hogar.<\/p>\n<p class=\"\" data-start=\"450\" data-end=\"836\">Con su nueva tecnolog\u00eda de audio, ofrece voces m\u00e1s claras y graves m\u00e1s profundos, logrando un sonido m\u00e1s n\u00edtido y envolvente. Solo usando tu voz, puedes pedirle a Alexa que reproduzca canciones, configure alarmas, controle luces y enchufes inteligentes, consulte el clima y mucho m\u00e1s. Adem\u00e1s, incorpora un sensor de temperatura que permite automatizar acciones inteligentes en tu hogar.<\/p>\n<h4 data-start=\"843\" data-end=\"879\"><strong data-start=\"847\" data-end=\"879\">CARACTERISTICAS PRINCIPALES:<\/strong><\/h4>\n<ul data-start=\"880\" data-end=\"1634\">\n<li class=\"\" data-start=\"880\" data-end=\"978\">\n<p class=\"\" data-start=\"882\" data-end=\"978\"><strong data-start=\"882\" data-end=\"902\">Sonido mejorado:<\/strong> Graves m\u00e1s potentes y voces n\u00edtidas para una experiencia auditiva superior.<\/p>\n<\/li>\n<li class=\"\" data-start=\"979\" data-end=\"1130\">\n<p class=\"\" data-start=\"981\" data-end=\"1130\"><strong data-start=\"981\" data-end=\"1011\">Control por voz con Alexa:<\/strong> Pide m\u00fasica, respuestas, noticias, configuraciones de alarmas y controla dispositivos de hogar inteligente f\u00e1cilmente.<\/p>\n<\/li>\n<li class=\"\" data-start=\"1131\" data-end=\"1302\">\n<p class=\"\" data-start=\"1133\" data-end=\"1302\"><strong data-start=\"1133\" data-end=\"1169\">Sensor de temperatura integrado:<\/strong> Automatiza acciones cuando la habitaci\u00f3n alcanza cierta temperatura (ideal para controlar aires acondicionados, ventiladores, etc.).<\/p>\n<\/li>\n<li class=\"\" data-start=\"1303\" data-end=\"1426\">\n<p class=\"\" data-start=\"1305\" data-end=\"1426\"><strong data-start=\"1305\" data-end=\"1332\">Conectividad Bluetooth:<\/strong> Reproduce m\u00fasica directamente desde tu smartphone, tablet o cualquier dispositivo compatible.<\/p>\n<\/li>\n<li class=\"\" data-start=\"1427\" data-end=\"1528\">\n<p class=\"\" data-start=\"1429\" data-end=\"1528\"><strong data-start=\"1429\" data-end=\"1460\">Dise\u00f1o compacto y elegante:<\/strong> Perfecto para cualquier habitaci\u00f3n, combina estilo y funcionalidad.<\/p>\n<\/li>\n<li class=\"\" data-start=\"1529\" data-end=\"1634\">\n<p class=\"\" data-start=\"1531\" data-end=\"1634\"><strong data-start=\"1531\" data-end=\"1554\">Privacidad primero:<\/strong> Incluye bot\u00f3n de apagado de micr\u00f3fono y m\u00faltiples capas de protecci\u00f3n de datos.<\/p>\n<\/li>\n<\/ul>\n<h4 data-start=\"1641\" data-end=\"1675\"><strong data-start=\"1645\" data-end=\"1675\">ESPECIFICACIONES TECNICAS:<\/strong><\/h4>\n<ul data-start=\"1676\" data-end=\"2161\">\n<li class=\"\" data-start=\"1676\" data-end=\"1718\">\n<p class=\"\" data-start=\"1678\" data-end=\"1718\"><strong data-start=\"1678\" data-end=\"1694\">Dimensiones:<\/strong> 100 mm x 100 mm x 89 mm.<\/p>\n<\/li>\n<li class=\"\" data-start=\"1719\" data-end=\"1741\">\n<p class=\"\" data-start=\"1721\" data-end=\"1741\"><strong data-start=\"1721\" data-end=\"1730\">Peso:<\/strong> 304 gramos.<\/p>\n<\/li>\n<li class=\"\" data-start=\"1742\" data-end=\"1793\">\n<p class=\"\" data-start=\"1744\" data-end=\"1793\"><strong data-start=\"1744\" data-end=\"1761\">Conectividad:<\/strong> Wi-Fi de doble banda, Bluetooth.<\/p>\n<\/li>\n<li class=\"\" data-start=\"1794\" data-end=\"1845\">\n<p class=\"\" data-start=\"1796\" data-end=\"1845\"><strong data-start=\"1796\" data-end=\"1813\">Alimentaci\u00f3n:<\/strong> Adaptador de corriente incluido.<\/p>\n<\/li>\n<li class=\"\" data-start=\"1846\" data-end=\"1912\">\n<p class=\"\" data-start=\"1848\" data-end=\"1912\"><strong data-start=\"1848\" data-end=\"1872\">Colores disponibles:<\/strong> Blanco Glaciar.<\/p>\n<\/li>\n<li class=\"\" data-start=\"1913\" data-end=\"2043\">\n<p class=\"\" data-start=\"1915\" data-end=\"2043\"><strong data-start=\"1915\" data-end=\"1934\">Compatibilidad:<\/strong> Funciona con dispositivos de hogar inteligente compatibles (bombillas, enchufes, c\u00e1maras, termostatos, etc.)<\/p>\n<\/li>\n<li class=\"\" data-start=\"2044\" data-end=\"2085\">\n<p class=\"\" data-start=\"2046\" data-end=\"2085\"><strong data-start=\"2046\" data-end=\"2059\">Sensores:<\/strong> Temperatura, aceler\u00f3metro.<\/p>\n<\/li>\n<li class=\"\" data-start=\"2086\" data-end=\"2161\">\n<p class=\"\" data-start=\"2088\" data-end=\"2161\"><strong data-start=\"2088\" data-end=\"2110\">Controles f\u00edsicos:<\/strong> Botones de volumen, acci\u00f3n y apagado del micr\u00f3fono.<\/p>\n<\/li>\n<\/ul>\n<p>&nbsp;<\/p>\n","protected":false},"excerpt":{"rendered":"<p>Disfruta de un sonido mejorado, graves m\u00e1s potentes y la ayuda de Alexa en un dise\u00f1o compacto y elegante. El Echo Dot de 5\u00aa generaci\u00f3n lleva la experiencia de hogar inteligente al siguiente nivel.<\/p>\n","protected":false},"featured_media":829,"template":"","meta":[],"product_brand":[54],"product_cat":[15],"product_tag":[],"class_list":{"0":"post-1082","1":"product","2":"type-product","3":"status-publish","4":"has-post-thumbnail","6":"product_brand-alexa","7":"product_cat-uncategorized","9":"first","10":"instock","11":"taxable","12":"shipping-taxable","13":"product-type-simple"},"yoast_head":"<!-- This site is optimized with the Yoast SEO plugin v27.5 - https:\/\/yoast.com\/product\/yoast-seo-wordpress\/ -->\n<title>Echo Dot (5\u00aa generaci\u00f3n) | Altavoz Inteligente Alexa - Asyn Electric<\/title>\n<meta name=\"robots\" content=\"noindex, follow\" \/>\n<meta property=\"og:locale\" content=\"es_ES\" \/>\n<meta property=\"og:type\" content=\"article\" \/>\n<meta property=\"og:title\" content=\"Echo Dot (5\u00aa generaci\u00f3n) | Altavoz Inteligente Alexa - Asyn Electric\" \/>\n<meta property=\"og:description\" content=\"Disfruta de un sonido mejorado, graves m\u00e1s potentes y la ayuda de Alexa en un dise\u00f1o compacto y elegante. El Echo Dot de 5\u00aa generaci\u00f3n lleva la experiencia de hogar inteligente al siguiente nivel.\" \/>\n<meta property=\"og:url\" content=\"https:\/\/asynelectric.com\/index.php\/product\/echo-dot-5a-generacion-altavoz-inteligente-alexa\/\" \/>\n<meta property=\"og:site_name\" content=\"Asyn Electric\" \/>\n<meta property=\"article:publisher\" content=\"https:\/\/www.facebook.com\/ASYNELECTRIC\" \/>\n<meta property=\"article:modified_time\" content=\"2025-04-12T15:10:46+00:00\" \/>\n<meta property=\"og:image\" content=\"https:\/\/asynelectric.com\/wp-content\/uploads\/2025\/04\/ALEXA1.png\" \/>\n\t<meta property=\"og:image:width\" content=\"2000\" \/>\n\t<meta property=\"og:image:height\" content=\"2000\" \/>\n\t<meta property=\"og:image:type\" content=\"image\/png\" \/>\n<meta name=\"twitter:card\" content=\"summary_large_image\" \/>\n<meta name=\"twitter:label1\" content=\"Tiempo de lectura\" \/>\n\t<meta name=\"twitter:data1\" content=\"1 minuto\" \/>\n<script type=\"application\/ld+json\" class=\"yoast-schema-graph\">{\"@context\":\"https:\\\/\\\/schema.org\",\"@graph\":[{\"@type\":\"WebPage\",\"@id\":\"https:\\\/\\\/asynelectric.com\\\/index.php\\\/product\\\/echo-dot-5a-generacion-altavoz-inteligente-alexa\\\/\",\"url\":\"https:\\\/\\\/asynelectric.com\\\/index.php\\\/product\\\/echo-dot-5a-generacion-altavoz-inteligente-alexa\\\/\",\"name\":\"Echo Dot (5\u00aa generaci\u00f3n) | Altavoz Inteligente Alexa - Asyn Electric\",\"isPartOf\":{\"@id\":\"https:\\\/\\\/asynelectric.com\\\/#website\"},\"primaryImageOfPage\":{\"@id\":\"https:\\\/\\\/asynelectric.com\\\/index.php\\\/product\\\/echo-dot-5a-generacion-altavoz-inteligente-alexa\\\/#primaryimage\"},\"image\":{\"@id\":\"https:\\\/\\\/asynelectric.com\\\/index.php\\\/product\\\/echo-dot-5a-generacion-altavoz-inteligente-alexa\\\/#primaryimage\"},\"thumbnailUrl\":\"https:\\\/\\\/asynelectric.com\\\/wp-content\\\/uploads\\\/2025\\\/04\\\/ALEXA1.png\",\"datePublished\":\"2025-04-12T15:02:26+00:00\",\"dateModified\":\"2025-04-12T15:10:46+00:00\",\"breadcrumb\":{\"@id\":\"https:\\\/\\\/asynelectric.com\\\/index.php\\\/product\\\/echo-dot-5a-generacion-altavoz-inteligente-alexa\\\/#breadcrumb\"},\"inLanguage\":\"es\",\"potentialAction\":[{\"@type\":\"ReadAction\",\"target\":[\"https:\\\/\\\/asynelectric.com\\\/index.php\\\/product\\\/echo-dot-5a-generacion-altavoz-inteligente-alexa\\\/\"]}]},{\"@type\":\"ImageObject\",\"inLanguage\":\"es\",\"@id\":\"https:\\\/\\\/asynelectric.com\\\/index.php\\\/product\\\/echo-dot-5a-generacion-altavoz-inteligente-alexa\\\/#primaryimage\",\"url\":\"https:\\\/\\\/asynelectric.com\\\/wp-content\\\/uploads\\\/2025\\\/04\\\/ALEXA1.png\",\"contentUrl\":\"https:\\\/\\\/asynelectric.com\\\/wp-content\\\/uploads\\\/2025\\\/04\\\/ALEXA1.png\",\"width\":2000,\"height\":2000},{\"@type\":\"BreadcrumbList\",\"@id\":\"https:\\\/\\\/asynelectric.com\\\/index.php\\\/product\\\/echo-dot-5a-generacion-altavoz-inteligente-alexa\\\/#breadcrumb\",\"itemListElement\":[{\"@type\":\"ListItem\",\"position\":1,\"name\":\"Portada\",\"item\":\"https:\\\/\\\/asynelectric.com\\\/\"},{\"@type\":\"ListItem\",\"position\":2,\"name\":\"Productos\",\"item\":\"https:\\\/\\\/asynelectric.com\\\/index.php\\\/products\\\/\"},{\"@type\":\"ListItem\",\"position\":3,\"name\":\"Echo Dot (5\u00aa generaci\u00f3n) | Altavoz Inteligente Alexa\"}]},{\"@type\":\"WebSite\",\"@id\":\"https:\\\/\\\/asynelectric.com\\\/#website\",\"url\":\"https:\\\/\\\/asynelectric.com\\\/\",\"name\":\"Asyn Electric\",\"description\":\"Venta de productos electricos, automatizacion y domotica\",\"publisher\":{\"@id\":\"https:\\\/\\\/asynelectric.com\\\/#organization\"},\"potentialAction\":[{\"@type\":\"SearchAction\",\"target\":{\"@type\":\"EntryPoint\",\"urlTemplate\":\"https:\\\/\\\/asynelectric.com\\\/?s={search_term_string}\"},\"query-input\":{\"@type\":\"PropertyValueSpecification\",\"valueRequired\":true,\"valueName\":\"search_term_string\"}}],\"inLanguage\":\"es\"},{\"@type\":\"Organization\",\"@id\":\"https:\\\/\\\/asynelectric.com\\\/#organization\",\"name\":\"Asyn Electric\",\"url\":\"https:\\\/\\\/asynelectric.com\\\/\",\"logo\":{\"@type\":\"ImageObject\",\"inLanguage\":\"es\",\"@id\":\"https:\\\/\\\/asynelectric.com\\\/#\\\/schema\\\/logo\\\/image\\\/\",\"url\":\"https:\\\/\\\/asynelectric.com\\\/wp-content\\\/uploads\\\/2025\\\/05\\\/ABB-1.png\",\"contentUrl\":\"https:\\\/\\\/asynelectric.com\\\/wp-content\\\/uploads\\\/2025\\\/05\\\/ABB-1.png\",\"width\":2000,\"height\":2000,\"caption\":\"Asyn Electric\"},\"image\":{\"@id\":\"https:\\\/\\\/asynelectric.com\\\/#\\\/schema\\\/logo\\\/image\\\/\"},\"sameAs\":[\"https:\\\/\\\/www.facebook.com\\\/ASYNELECTRIC\",\"https:\\\/\\\/www.instagram.com\\\/asynelectric.pe\\\/\"]}]}<\/script>\n<!-- \/ Yoast SEO plugin. -->","yoast_head_json":{"title":"Echo Dot (5\u00aa generaci\u00f3n) | Altavoz Inteligente Alexa - Asyn Electric","robots":{"index":"noindex","follow":"follow"},"og_locale":"es_ES","og_type":"article","og_title":"Echo Dot (5\u00aa generaci\u00f3n) | Altavoz Inteligente Alexa - Asyn Electric","og_description":"Disfruta de un sonido mejorado, graves m\u00e1s potentes y la ayuda de Alexa en un dise\u00f1o compacto y elegante. El Echo Dot de 5\u00aa generaci\u00f3n lleva la experiencia de hogar inteligente al siguiente nivel.","og_url":"https:\/\/asynelectric.com\/index.php\/product\/echo-dot-5a-generacion-altavoz-inteligente-alexa\/","og_site_name":"Asyn Electric","article_publisher":"https:\/\/www.facebook.com\/ASYNELECTRIC","article_modified_time":"2025-04-12T15:10:46+00:00","og_image":[{"width":2000,"height":2000,"url":"https:\/\/asynelectric.com\/wp-content\/uploads\/2025\/04\/ALEXA1.png","type":"image\/png"}],"twitter_card":"summary_large_image","twitter_misc":{"Tiempo de lectura":"1 minuto"},"schema":{"@context":"https:\/\/schema.org","@graph":[{"@type":"WebPage","@id":"https:\/\/asynelectric.com\/index.php\/product\/echo-dot-5a-generacion-altavoz-inteligente-alexa\/","url":"https:\/\/asynelectric.com\/index.php\/product\/echo-dot-5a-generacion-altavoz-inteligente-alexa\/","name":"Echo Dot (5\u00aa generaci\u00f3n) | Altavoz Inteligente Alexa - Asyn Electric","isPartOf":{"@id":"https:\/\/asynelectric.com\/#website"},"primaryImageOfPage":{"@id":"https:\/\/asynelectric.com\/index.php\/product\/echo-dot-5a-generacion-altavoz-inteligente-alexa\/#primaryimage"},"image":{"@id":"https:\/\/asynelectric.com\/index.php\/product\/echo-dot-5a-generacion-altavoz-inteligente-alexa\/#primaryimage"},"thumbnailUrl":"https:\/\/asynelectric.com\/wp-content\/uploads\/2025\/04\/ALEXA1.png","datePublished":"2025-04-12T15:02:26+00:00","dateModified":"2025-04-12T15:10:46+00:00","breadcrumb":{"@id":"https:\/\/asynelectric.com\/index.php\/product\/echo-dot-5a-generacion-altavoz-inteligente-alexa\/#breadcrumb"},"inLanguage":"es","potentialAction":[{"@type":"ReadAction","target":["https:\/\/asynelectric.com\/index.php\/product\/echo-dot-5a-generacion-altavoz-inteligente-alexa\/"]}]},{"@type":"ImageObject","inLanguage":"es","@id":"https:\/\/asynelectric.com\/index.php\/product\/echo-dot-5a-generacion-altavoz-inteligente-alexa\/#primaryimage","url":"https:\/\/asynelectric.com\/wp-content\/uploads\/2025\/04\/ALEXA1.png","contentUrl":"https:\/\/asynelectric.com\/wp-content\/uploads\/2025\/04\/ALEXA1.png","width":2000,"height":2000},{"@type":"BreadcrumbList","@id":"https:\/\/asynelectric.com\/index.php\/product\/echo-dot-5a-generacion-altavoz-inteligente-alexa\/#breadcrumb","itemListElement":[{"@type":"ListItem","position":1,"name":"Portada","item":"https:\/\/asynelectric.com\/"},{"@type":"ListItem","position":2,"name":"Productos","item":"https:\/\/asynelectric.com\/index.php\/products\/"},{"@type":"ListItem","position":3,"name":"Echo Dot (5\u00aa generaci\u00f3n) | Altavoz Inteligente Alexa"}]},{"@type":"WebSite","@id":"https:\/\/asynelectric.com\/#website","url":"https:\/\/asynelectric.com\/","name":"Asyn Electric","description":"Venta de productos electricos, automatizacion y domotica","publisher":{"@id":"https:\/\/asynelectric.com\/#organization"},"potentialAction":[{"@type":"SearchAction","target":{"@type":"EntryPoint","urlTemplate":"https:\/\/asynelectric.com\/?s={search_term_string}"},"query-input":{"@type":"PropertyValueSpecification","valueRequired":true,"valueName":"search_term_string"}}],"inLanguage":"es"},{"@type":"Organization","@id":"https:\/\/asynelectric.com\/#organization","name":"Asyn Electric","url":"https:\/\/asynelectric.com\/","logo":{"@type":"ImageObject","inLanguage":"es","@id":"https:\/\/asynelectric.com\/#\/schema\/logo\/image\/","url":"https:\/\/asynelectric.com\/wp-content\/uploads\/2025\/05\/ABB-1.png","contentUrl":"https:\/\/asynelectric.com\/wp-content\/uploads\/2025\/05\/ABB-1.png","width":2000,"height":2000,"caption":"Asyn Electric"},"image":{"@id":"https:\/\/asynelectric.com\/#\/schema\/logo\/image\/"},"sameAs":["https:\/\/www.facebook.com\/ASYNELECTRIC","https:\/\/www.instagram.com\/asynelectric.pe\/"]}]}},"_links":{"self":[{"href":"https:\/\/asynelectric.com\/index.php\/wp-json\/wp\/v2\/product\/1082","targetHints":{"allow":["GET"]}}],"collection":[{"href":"https:\/\/asynelectric.com\/index.php\/wp-json\/wp\/v2\/product"}],"about":[{"href":"https:\/\/asynelectric.com\/index.php\/wp-json\/wp\/v2\/types\/product"}],"wp:featuredmedia":[{"embeddable":true,"href":"https:\/\/asynelectric.com\/index.php\/wp-json\/wp\/v2\/media\/829"}],"wp:attachment":[{"href":"https:\/\/asynelectric.com\/index.php\/wp-json\/wp\/v2\/media?parent=1082"}],"wp:term":[{"taxonomy":"product_brand","embeddable":true,"href":"https:\/\/asynelectric.com\/index.php\/wp-json\/wp\/v2\/product_brand?post=1082"},{"taxonomy":"product_cat","embeddable":true,"href":"https:\/\/asynelectric.com\/index.php\/wp-json\/wp\/v2\/product_cat?post=1082"},{"taxonomy":"product_tag","embeddable":true,"href":"https:\/\/asynelectric.com\/index.php\/wp-json\/wp\/v2\/product_tag?post=1082"}],"curies":[{"name":"wp","href":"https:\/\/api.w.org\/{rel}","templated":true}]}}